{"id":184539,"date":"2025-02-10T16:55:23","date_gmt":"2025-02-10T16:55:23","guid":{"rendered":"https:\/\/ucm.one\/?post_type=product&#038;p=184539"},"modified":"2025-10-31T16:45:08","modified_gmt":"2025-10-31T16:45:08","slug":"django-der-bastard","status":"publish","type":"product","link":"https:\/\/ucm.one\/de\/produkt\/django-der-bastard\/","title":{"rendered":"Django der Bastard"},"content":{"rendered":"<div class=\"wpb_text_column wpb_content_element \">\n<div class=\"wpb_wrapper\">\n<div class=\"\">\n<div class=\"wpb_text_column wpb_content_element \">\n<div class=\"wpb_wrapper\">\n<div class=\"wpb_text_column wpb_content_element \">\n<div class=\"wpb_wrapper\">\n<div class=\"wpb_text_column wpb_content_element \">\n<div class=\"wpb_wrapper\">\n<div class=\"wpb_text_column wpb_content_element \">\n<div class=\"wpb_wrapper\">\n<p><span style=\"font-weight: 400\">Kopfgeldj\u00e4ger Johnny (Gianni Garko) liefert vier gesuchte Verbrecher aus, die alle tot sind. Als er sich die Steckbriefe im B\u00fcro des Sheri\u00acffs ansieht, erkennt er seinen Halbbruder Clint (Claudio Camaso) auf einem davon wieder. Johnny konnte nie vergessen, wie Clint aus Eifersucht ihren gemeinsamen Vater t\u00f6tete und wie er die Schuld an dieser Missetat John in die Stiefel schob. Anstelle seines Halbbruders wurde Johnny damals zu Unrecht zu zehn Jahren im Gef\u00e4ngnis verurteilt. Nun ist Clint also 6.000 Dollar wert, denn mittlerweile ist er ein Outlaw, der mit seiner Bande blutige \u00dcberf\u00e4lle ver\u00fcbt. John hat keine Bedenken, ihn zu verfolgen, denn es war sein eigener Bruder, dem er ein Leben als gesellschaftlich Ausgesto\u00dfener zu verdanken hat &#8230;<\/span><\/p>\n<\/div>\n<\/div>\n<\/div>\n<\/div>\n<\/div>\n<\/div>\n<\/div>\n<\/div>\n<\/div>\n<\/div>\n<\/div>\n<div><div class=\"gap\" style=\"line-height: 20px; height: 20px;\"><\/div><\/div>\n<h5>Weitere Informationen<\/h5>\n<div>\n<div>\n<table style=\"height: 46px;width: 100%;border-collapse: collapse;border-color: #ffffff;background-color: #ffffff;border-style: hidden\">\n<tbody>\n<tr style=\"height: 23px\">\n<td style=\"width: 4.701195219123506%;height: 23px;border-style: hidden\">Label:<\/td>\n<td style=\"width: 95.29880478087651%;height: 23px;border-style: hidden\"><a title=\"M-Square Pictures\" href=\"https:\/\/ucm.one\/de\/film-labels\/m-square-pictures\/#m-square-classics\">M-Square Classics<\/a><\/td>\n<\/tr>\n<\/tbody>\n<\/table>\n<\/div>\n<div><\/div>\n<\/div>\n<div>\n<div><div class=\"gap\" style=\"line-height: 10px; height: 10px;\"><\/div><\/div>\n<div>\u00a9 2024 <strong>M-Square Classics<\/strong> \/ <span style=\"font-family: 'arial black', sans-serif\"><strong>UCM.ONE<\/strong><\/span><\/div>\n<div><div class=\"gap\" style=\"line-height: 20px; height: 20px;\"><\/div><\/div>\n<div>\n<div><\/div>\n<div>\n<div><div class=\"gap\" style=\"line-height: 10px; height: 10px;\"><\/div><\/div>\n<div><span style=\"color: #003a80\"><strong>\u27a0 <a style=\"color: #003a80\" href=\"https:\/\/ucm.one\/de\/produkt-kategorie\/art-de\/filme-de\/\">zum Shop<\/a><\/strong><\/span><\/div>\n<div><div class=\"gap\" style=\"line-height: 20px; height: 20px;\"><\/div><\/div>\n<\/div>\n<\/div>\n<\/div>\n","protected":false},"excerpt":{"rendered":"<p>Regie: <a title=\"Brendan Petrizzo\" href=\"https:\/\/ucm.one\/de\/?s=%22Sidney+Lean%22&amp;post_type=product\"><strong>Sidney Lean<\/strong><\/a><\/p>\n<p>Label: <a title=\"M-Square Pictures\" href=\"https:\/\/ucm.one\/de\/produkt-kategorie\/label-film-de\/m-square-classics-de\"><strong>M-Square Pictures<\/strong><\/a><\/p>\n<p>Art:\u00a0<strong><a href=\"https:\/\/ucm.one\/de\/produkt-kategorie\/art-de\/filme-de\/\">Film<\/a> (Spielfilm)<\/strong><\/p>\n<p>Genre: <b><a title=\"\" href=\"https:\/\/ucm.one\/de\/produkt-kategorie\/genre-film-de\/western-de\/\">Western<\/a><\/b><\/p>\n<p>Jahr: <strong>2025<\/strong><\/p>\n<p>FSK: <strong>16<\/strong><\/p>\n<p>Formate: <strong>Diverse<\/strong><\/p>\n","protected":false},"featured_media":252644,"comment_status":"open","ping_status":"closed","template":"","meta":{"_acf_changed":false},"product_brand":[],"product_cat":[9708,10323,10331,10332,10353],"product_tag":[10905,10908,10909,17534,18529,18530],"class_list":{"0":"post-184539","1":"product","2":"type-product","3":"status-publish","4":"has-post-thumbnail","6":"product_cat-filme-de","7":"product_cat-m-square-pictures-de","8":"product_cat-dvd-de","9":"product_cat-blu-ray-de","10":"product_cat-western-de","11":"product_tag-django","12":"product_tag-western","13":"product_tag-italowestern","14":"product_tag-gianni-garko","15":"product_tag-spaghettiwestern","16":"product_tag-bastard","17":"product_shipping_class-dvd-2","18":"pa_format-dvd","19":"pa_format-blu-ray-de","20":"description-off","22":"first","23":"instock","24":"taxable","25":"shipping-taxable","26":"purchasable","27":"product-type-variable"},"acf":[],"yoast_head":"<!-- This site is optimized with the Yoast SEO plugin v27.2 - https:\/\/yoast.com\/product\/yoast-seo-wordpress\/ -->\n<title>Django der Bastard<\/title>\n<meta name=\"description\" content=\"Shop | Django der Bastard | 2024 | M-Square Classics | Blu-ray, DVD | FSK 16\" \/>\n<meta name=\"robots\" content=\"index, follow, max-snippet:-1, max-image-preview:large, max-video-preview:-1\" \/>\n<link rel=\"canonical\" href=\"https:\/\/ucm.one\/de\/produkt\/django-der-bastard\/\" \/>\n<meta property=\"og:locale\" content=\"de_DE\" \/>\n<meta property=\"og:type\" content=\"article\" \/>\n<meta property=\"og:title\" content=\"Django der Bastard\" \/>\n<meta property=\"og:description\" content=\"Shop | Django der Bastard\u00a0 | 2024 | M-Square Classics | Blu-ray, DVD | FSK 16\" \/>\n<meta property=\"og:url\" content=\"https:\/\/ucm.one\/de\/produkt\/django-der-bastard\/\" \/>\n<meta property=\"og:site_name\" content=\"UCM.ONE\" \/>\n<meta property=\"article:modified_time\" content=\"2025-10-31T16:45:08+00:00\" \/>\n<meta property=\"og:image\" content=\"https:\/\/ucm.one\/wp-content\/uploads\/2025\/02\/CDjango-der-Bastard-DVD-FSK16-2D.jpg\" \/>\n\t<meta property=\"og:image:width\" content=\"698\" \/>\n\t<meta property=\"og:image:height\" content=\"1000\" \/>\n\t<meta property=\"og:image:type\" content=\"image\/jpeg\" \/>\n<meta name=\"twitter:card\" content=\"summary_large_image\" \/>\n<meta name=\"twitter:title\" content=\"Django der Bastard\" \/>\n<meta name=\"twitter:description\" content=\"Shop | Django der Bastard | 2024 | M-Square Classics | Blu-ray, DVD | FSK 16\" \/>\n<meta name=\"twitter:image\" content=\"https:\/\/ucm.one\/wp-content\/uploads\/2025\/02\/CDjango-der-Bastard-DVD-FSK16-2D.jpg\" \/>\n<meta name=\"twitter:label1\" content=\"Gesch\u00e4tzte Lesezeit\" \/>\n\t<meta name=\"twitter:data1\" content=\"2\u00a0Minuten\" \/>\n<!-- \/ Yoast SEO plugin. -->","yoast_head_json":{"title":"Django der Bastard","description":"Shop | Django der Bastard | 2024 | M-Square Classics | Blu-ray, DVD | FSK 16","robots":{"index":"index","follow":"follow","max-snippet":"max-snippet:-1","max-image-preview":"max-image-preview:large","max-video-preview":"max-video-preview:-1"},"canonical":"https:\/\/ucm.one\/de\/produkt\/django-der-bastard\/","og_locale":"de_DE","og_type":"article","og_title":"Django der Bastard","og_description":"Shop | Django der Bastard\u00a0 | 2024 | M-Square Classics | Blu-ray, DVD | FSK 16","og_url":"https:\/\/ucm.one\/de\/produkt\/django-der-bastard\/","og_site_name":"UCM.ONE","article_modified_time":"2025-10-31T16:45:08+00:00","og_image":[{"width":698,"height":1000,"url":"https:\/\/ucm.one\/wp-content\/uploads\/2025\/02\/CDjango-der-Bastard-DVD-FSK16-2D.jpg","type":"image\/jpeg"}],"twitter_card":"summary_large_image","twitter_title":"Django der Bastard","twitter_description":"Shop | Django der Bastard | 2024 | M-Square Classics | Blu-ray, DVD | FSK 16","twitter_image":"https:\/\/ucm.one\/wp-content\/uploads\/2025\/02\/CDjango-der-Bastard-DVD-FSK16-2D.jpg","twitter_misc":{"Gesch\u00e4tzte Lesezeit":"2\u00a0Minuten"},"schema":{"@context":"https:\/\/schema.org","@graph":[{"@type":"WebPage","@id":"https:\/\/ucm.one\/de\/produkt\/django-der-bastard\/","url":"https:\/\/ucm.one\/de\/produkt\/django-der-bastard\/","name":"Django der Bastard","isPartOf":{"@id":"https:\/\/ucm.one\/de\/#website"},"primaryImageOfPage":{"@id":"https:\/\/ucm.one\/de\/produkt\/django-der-bastard\/#primaryimage"},"image":{"@id":"https:\/\/ucm.one\/de\/produkt\/django-der-bastard\/#primaryimage"},"thumbnailUrl":"https:\/\/ucm.one\/wp-content\/uploads\/2025\/02\/CDjango-der-Bastard-DVD-FSK16-2D.jpg","datePublished":"2025-02-10T16:55:23+00:00","dateModified":"2025-10-31T16:45:08+00:00","description":"Shop | Django der Bastard | 2024 | M-Square Classics | Blu-ray, DVD | FSK 16","breadcrumb":{"@id":"https:\/\/ucm.one\/de\/produkt\/django-der-bastard\/#breadcrumb"},"inLanguage":"de","potentialAction":[{"@type":"ReadAction","target":["https:\/\/ucm.one\/de\/produkt\/django-der-bastard\/"]}]},{"@type":"ImageObject","inLanguage":"de","@id":"https:\/\/ucm.one\/de\/produkt\/django-der-bastard\/#primaryimage","url":"https:\/\/ucm.one\/wp-content\/uploads\/2025\/02\/CDjango-der-Bastard-DVD-FSK16-2D.jpg","contentUrl":"https:\/\/ucm.one\/wp-content\/uploads\/2025\/02\/CDjango-der-Bastard-DVD-FSK16-2D.jpg","width":698,"height":1000},{"@type":"BreadcrumbList","@id":"https:\/\/ucm.one\/de\/produkt\/django-der-bastard\/#breadcrumb","itemListElement":[{"@type":"ListItem","position":1,"name":"Home","item":"https:\/\/ucm.one\/de\/"},{"@type":"ListItem","position":2,"name":"Shop","item":"https:\/\/ucm.one\/de\/shop\/"},{"@type":"ListItem","position":3,"name":"Django der Bastard"}]},{"@type":"WebSite","@id":"https:\/\/ucm.one\/de\/#website","url":"https:\/\/ucm.one\/de\/","name":"UCM.ONE","description":"","publisher":{"@id":"https:\/\/ucm.one\/de\/#organization"},"potentialAction":[{"@type":"SearchAction","target":{"@type":"EntryPoint","urlTemplate":"https:\/\/ucm.one\/de\/?s={search_term_string}"},"query-input":{"@type":"PropertyValueSpecification","valueRequired":true,"valueName":"search_term_string"}}],"inLanguage":"de"},{"@type":"Organization","@id":"https:\/\/ucm.one\/de\/#organization","name":"UCM.ONE","url":"https:\/\/ucm.one\/de\/","logo":{"@type":"ImageObject","inLanguage":"de","@id":"https:\/\/ucm.one\/de\/#\/schema\/logo\/image\/","url":"https:\/\/ucm.one\/wp-content\/uploads\/2019\/10\/UCM.ONE-Logo-RGB.svg","contentUrl":"https:\/\/ucm.one\/wp-content\/uploads\/2019\/10\/UCM.ONE-Logo-RGB.svg","width":1,"height":1,"caption":"UCM.ONE"},"image":{"@id":"https:\/\/ucm.one\/de\/#\/schema\/logo\/image\/"}}]}},"_links":{"self":[{"href":"https:\/\/ucm.one\/de\/wp-json\/wp\/v2\/product\/184539","targetHints":{"allow":["GET"]}}],"collection":[{"href":"https:\/\/ucm.one\/de\/wp-json\/wp\/v2\/product"}],"about":[{"href":"https:\/\/ucm.one\/de\/wp-json\/wp\/v2\/types\/product"}],"replies":[{"embeddable":true,"href":"https:\/\/ucm.one\/de\/wp-json\/wp\/v2\/comments?post=184539"}],"wp:featuredmedia":[{"embeddable":true,"href":"https:\/\/ucm.one\/de\/wp-json\/wp\/v2\/media\/252644"}],"wp:attachment":[{"href":"https:\/\/ucm.one\/de\/wp-json\/wp\/v2\/media?parent=184539"}],"wp:term":[{"taxonomy":"product_brand","embeddable":true,"href":"https:\/\/ucm.one\/de\/wp-json\/wp\/v2\/product_brand?post=184539"},{"taxonomy":"product_cat","embeddable":true,"href":"https:\/\/ucm.one\/de\/wp-json\/wp\/v2\/product_cat?post=184539"},{"taxonomy":"product_tag","embeddable":true,"href":"https:\/\/ucm.one\/de\/wp-json\/wp\/v2\/product_tag?post=184539"}],"curies":[{"name":"wp","href":"https:\/\/api.w.org\/{rel}","templated":true}]}}