{"id":172077,"date":"2025-01-30T16:42:28","date_gmt":"2025-01-30T16:42:28","guid":{"rendered":"https:\/\/ucm.one\/?post_type=product&#038;p=172077"},"modified":"2026-03-21T11:42:12","modified_gmt":"2026-03-21T11:42:12","slug":"rock-n-roll-ringo-kinoplakat","status":"publish","type":"product","link":"https:\/\/ucm.one\/de\/produkt\/rock-n-roll-ringo-kinoplakat\/","title":{"rendered":"Rock &#8217;n&#8216; Roll Ringo (Kinoplakat)"},"content":{"rendered":"<div class=\"wpb_text_column wpb_content_element \">\n<div class=\"wpb_wrapper\">\n<div class=\"\">\n<div class=\"wpb_text_column wpb_content_element \">\n<div class=\"wpb_wrapper\">\n<div class=\"wpb_text_column wpb_content_element \">\n<div class=\"wpb_wrapper\">\n<div class=\"wpb_text_column wpb_content_element \">\n<div class=\"wpb_wrapper\">\n<p><strong>Ringo Fleisch<\/strong>\u00a0(33) ist ein Ger\u00fcstbauer aus Herne. Als er eines Tages angetrunken aufs Ger\u00fcst steigt, verletzt er bei einem Unfall einen Kollegen und verliert seinen Job. Frustriert heuert er als Monteur auf einer Kirmes an, die in Crange gastiert. Die bunten Lichter, der Tumult des Kirmeslebens, die schr\u00e4gen Typen hypnotisieren ihn und bieten ihm ein neues Zuhause. Er geht mit auf Tour. Seine geh\u00f6rlose Tochter Mia (12) l\u00e4sst er bei seiner Mutter zur\u00fcck. Zum ersten Mal verl\u00e4sst Ringo Crange, ohne zu wissen, wann er wiederkommen wird. Hier trifft Ringo auf den Boxbudenchef Fr\u00e4nkie. Der ist gleich von Ringos Statur begeistert, er \u00fcberredet ihn, in seiner Bude als Preisboxer einzusteigen. Ringo ist skeptisch, aber l\u00e4sst sich \u00fcberreden. Fr\u00e4nkie wird sein Mentor, der mit schnellem Geld, einem adrenalingeladenen Leben und einem Starstatus auf der Kirmes lockt. Und ihm seinen Kampfnamen verpasst: \u201e<strong>Rock \u2019n\u2018 Roll Ringo<\/strong>\u201e.<\/p>\n<\/div>\n<\/div>\n<\/div>\n<\/div>\n<\/div>\n<\/div>\n<\/div>\n<\/div>\n<\/div>\n<div><div class=\"gap\" style=\"line-height: 20px; height: 20px;\"><\/div><\/div>\n<h5>Weitere Informationen<\/h5>\n<div>\n<div>\n<table style=\"height: 46px;width: 100%;border-collapse: collapse;border-color: #ffffff;background-color: #ffffff;border-style: hidden\">\n<tbody>\n<tr style=\"height: 23px;border-style: hidden;border-color: #ffffff;background-color: #ffffff\">\n<td style=\"width: 4.701195219123506%;height: 23px;border-style: hidden\">Film:<\/td>\n<td style=\"width: 95.29880478087651%;height: 23px;border-style: hidden\"><a title=\"Heikos Welt (2021) von Dominik Galizia | Darling Berlin\" href=\"https:\/\/ucm.one\/de\/rock-n-roll-ringo\/\">Rock &#8217;n&#8216; Roll Ringo<\/a><\/td>\n<\/tr>\n<tr style=\"height: 23px\">\n<td style=\"width: 4.701195219123506%;height: 23px;border-style: hidden\">Label:<\/td>\n<td style=\"width: 95.29880478087651%;height: 23px;border-style: hidden\"><a title=\"Darling Berlin\" href=\"https:\/\/ucm.one\/de\/film-labels\/artkeim\/\">Artkeim\u00b2<\/a><\/td>\n<\/tr>\n<\/tbody>\n<\/table>\n<\/div>\n<div><\/div>\n<\/div>\n<div>\n<div><div class=\"gap\" style=\"line-height: 10px; height: 10px;\"><\/div><\/div>\n<div>\u2117 2024 Mutter &amp; Vater Film GmbH, ASP Alexander Schoeller Productions GmbH, \u00a9 2022 <strong>Artkeim\u00b2<\/strong><span style=\"font-family: arial, helvetica, sans-serif\">\u00a0<\/span>\/ <span style=\"font-family: 'arial black', sans-serif\"><strong>UCM.ONE<\/strong><\/span><\/div>\n<div><div class=\"gap\" style=\"line-height: 20px; height: 20px;\"><\/div><\/div>\n<\/div>\n<div>\n<div><\/div>\n<div>\n<div><div class=\"gap\" style=\"line-height: 10px; height: 10px;\"><\/div><\/div>\n<div><span style=\"color: #003a80\"><strong>\u27a0 <a style=\"color: #003a80\" href=\"https:\/\/ucm.one\/de\/produkt-kategorie\/art-de\/filme-de\/\">zum Shop<\/a><\/strong><\/span><\/div>\n<div><div class=\"gap\" style=\"line-height: 20px; height: 20px;\"><\/div><\/div>\n<\/div>\n<\/div>\n","protected":false},"excerpt":{"rendered":"<p>Titel: <strong><a href=\"https:\/\/ucm.one\/de\/rock-n-roll-ringo\/\">Rock &#8217;n&#8216; Roll Ringo<\/a><\/strong><\/p>\n<p>Label: <a title=\"Darling Berlin\" href=\"https:\/\/ucm.one\/de\/film-labels\/artkeim\/\"><strong>Artkeim\u00b2<\/strong><\/a><\/p>\n<p>Art:\u00a0<strong><a href=\"https:\/\/ucm.one\/de\/produkt-kategorie\/art-de\/filme-de\/\">Film<\/a> (<a href=\"https:\/\/ucm.one\/de\/produkt-kategorie\/merchandise-de\/\">Merchandise<\/a>)<\/strong><\/p>\n<p>Genre: <strong><a href=\"https:\/\/ucm.one\/de\/produkt-kategorie\/genre-film-de\/komoedie-de\/\">Kom\u00f6die<\/a><\/strong><\/p>\n<p>Jahr: <strong>2024<\/strong><\/p>\n<p>Format: <strong>Plakat<\/strong><\/p>\n","protected":false},"featured_media":105743,"comment_status":"open","ping_status":"closed","template":"","meta":{"_acf_changed":false},"product_brand":[],"product_cat":[9708,10012,10338,10356,10400,12526],"product_tag":[12561,12532,12562,12533,12534,12610,12535,18472,12536,18473,12537,18474,12538,12539,12540,12530,12531],"class_list":{"0":"post-172077","1":"product","2":"type-product","3":"status-publish","4":"has-post-thumbnail","6":"product_cat-filme-de","7":"product_cat-label-film-de","8":"product_cat-artkeim-de","9":"product_cat-komoedie-de","10":"product_cat-merchandise-de","11":"product_cat-plakat-de","12":"product_tag-plakat","13":"product_tag-nordachse","14":"product_tag-poster","15":"product_tag-kultatze-heiko","16":"product_tag-dominik-galizias","17":"product_tag-plakate","18":"product_tag-currywurst","19":"product_tag-ringo","20":"product_tag-darts","21":"product_tag-rock","22":"product_tag-nordberliner","23":"product_tag-rock-n-roll-ringo","24":"product_tag-bier","25":"product_tag-bierdeckel","26":"product_tag-heiko","27":"product_tag-heikos-welt","28":"product_tag-wedding","29":"product_shipping_class-poster-en","30":"description-off","32":"first","33":"instock","34":"taxable","35":"shipping-taxable","36":"purchasable","37":"product-type-variable"},"acf":[],"yoast_head":"<!-- This site is optimized with the Yoast SEO plugin v27.5 - https:\/\/yoast.com\/product\/yoast-seo-wordpress\/ -->\n<title>Rock &#039;n&#039; Roll Ringo (Kinoplakat)<\/title>\n<meta name=\"description\" content=\"Shop | Rock &#039;n&#039; Roll Ringo (Kinoplakat) | 2024 | Artkeim\u00b2 | Plakat\" \/>\n<meta name=\"robots\" content=\"index, follow, max-snippet:-1, max-image-preview:large, max-video-preview:-1\" \/>\n<link rel=\"canonical\" href=\"https:\/\/ucm.one\/de\/produkt\/rock-n-roll-ringo-kinoplakat\/\" \/>\n<meta property=\"og:locale\" content=\"de_DE\" \/>\n<meta property=\"og:type\" content=\"article\" \/>\n<meta property=\"og:title\" content=\"Rock &#039;n&#039; Roll Ringo\" \/>\n<meta property=\"og:description\" content=\"Shop | Rock &#039;n&#039; Roll Ringo (Kinoplakat) | 2024 | Artkeim\u00b2 | Plakat\" \/>\n<meta property=\"og:url\" content=\"https:\/\/ucm.one\/de\/produkt\/rock-n-roll-ringo-kinoplakat\/\" \/>\n<meta property=\"og:site_name\" content=\"UCM.ONE\" \/>\n<meta property=\"article:modified_time\" content=\"2026-03-21T11:42:12+00:00\" \/>\n<meta property=\"og:image\" content=\"https:\/\/ucm.one\/wp-content\/uploads\/2024\/08\/P-Rock-n-Roll-Ringo.jpg\" \/>\n\t<meta property=\"og:image:width\" content=\"699\" \/>\n\t<meta property=\"og:image:height\" content=\"1000\" \/>\n\t<meta property=\"og:image:type\" content=\"image\/jpeg\" \/>\n<meta name=\"twitter:card\" content=\"summary_large_image\" \/>\n<meta name=\"twitter:title\" content=\"Rock &#039;n&#039; Roll Ringo\" \/>\n<meta name=\"twitter:description\" content=\"Shop | Rock &#039;n&#039; Roll Ringo (Kinoplakat) | 2024 | Artkeim | Plakat\" \/>\n<meta name=\"twitter:image\" content=\"https:\/\/ucm.one\/wp-content\/uploads\/2024\/08\/P-Rock-n-Roll-Ringo.jpg\" \/>\n<meta name=\"twitter:label1\" content=\"Gesch\u00e4tzte Lesezeit\" \/>\n\t<meta name=\"twitter:data1\" content=\"2\u00a0Minuten\" \/>\n<!-- \/ Yoast SEO plugin. -->","yoast_head_json":{"title":"Rock 'n' Roll Ringo (Kinoplakat)","description":"Shop | Rock 'n' Roll Ringo (Kinoplakat) | 2024 | Artkeim\u00b2 | Plakat","robots":{"index":"index","follow":"follow","max-snippet":"max-snippet:-1","max-image-preview":"max-image-preview:large","max-video-preview":"max-video-preview:-1"},"canonical":"https:\/\/ucm.one\/de\/produkt\/rock-n-roll-ringo-kinoplakat\/","og_locale":"de_DE","og_type":"article","og_title":"Rock 'n' Roll Ringo","og_description":"Shop | Rock 'n' Roll Ringo (Kinoplakat) | 2024 | Artkeim\u00b2 | Plakat","og_url":"https:\/\/ucm.one\/de\/produkt\/rock-n-roll-ringo-kinoplakat\/","og_site_name":"UCM.ONE","article_modified_time":"2026-03-21T11:42:12+00:00","og_image":[{"width":699,"height":1000,"url":"https:\/\/ucm.one\/wp-content\/uploads\/2024\/08\/P-Rock-n-Roll-Ringo.jpg","type":"image\/jpeg"}],"twitter_card":"summary_large_image","twitter_title":"Rock 'n' Roll Ringo","twitter_description":"Shop | Rock 'n' Roll Ringo (Kinoplakat) | 2024 | Artkeim | Plakat","twitter_image":"https:\/\/ucm.one\/wp-content\/uploads\/2024\/08\/P-Rock-n-Roll-Ringo.jpg","twitter_misc":{"Gesch\u00e4tzte Lesezeit":"2\u00a0Minuten"},"schema":{"@context":"https:\/\/schema.org","@graph":[{"@type":"WebPage","@id":"https:\/\/ucm.one\/de\/produkt\/rock-n-roll-ringo-kinoplakat\/","url":"https:\/\/ucm.one\/de\/produkt\/rock-n-roll-ringo-kinoplakat\/","name":"Rock 'n' Roll Ringo (Kinoplakat)","isPartOf":{"@id":"https:\/\/ucm.one\/de\/#website"},"primaryImageOfPage":{"@id":"https:\/\/ucm.one\/de\/produkt\/rock-n-roll-ringo-kinoplakat\/#primaryimage"},"image":{"@id":"https:\/\/ucm.one\/de\/produkt\/rock-n-roll-ringo-kinoplakat\/#primaryimage"},"thumbnailUrl":"https:\/\/ucm.one\/wp-content\/uploads\/2024\/08\/P-Rock-n-Roll-Ringo.jpg","datePublished":"2025-01-30T16:42:28+00:00","dateModified":"2026-03-21T11:42:12+00:00","description":"Shop | Rock 'n' Roll Ringo (Kinoplakat) | 2024 | Artkeim\u00b2 | Plakat","breadcrumb":{"@id":"https:\/\/ucm.one\/de\/produkt\/rock-n-roll-ringo-kinoplakat\/#breadcrumb"},"inLanguage":"de","potentialAction":[{"@type":"ReadAction","target":["https:\/\/ucm.one\/de\/produkt\/rock-n-roll-ringo-kinoplakat\/"]}]},{"@type":"ImageObject","inLanguage":"de","@id":"https:\/\/ucm.one\/de\/produkt\/rock-n-roll-ringo-kinoplakat\/#primaryimage","url":"https:\/\/ucm.one\/wp-content\/uploads\/2024\/08\/P-Rock-n-Roll-Ringo.jpg","contentUrl":"https:\/\/ucm.one\/wp-content\/uploads\/2024\/08\/P-Rock-n-Roll-Ringo.jpg","width":699,"height":1000},{"@type":"BreadcrumbList","@id":"https:\/\/ucm.one\/de\/produkt\/rock-n-roll-ringo-kinoplakat\/#breadcrumb","itemListElement":[{"@type":"ListItem","position":1,"name":"Home","item":"https:\/\/ucm.one\/de\/"},{"@type":"ListItem","position":2,"name":"Shop","item":"https:\/\/ucm.one\/de\/shop\/"},{"@type":"ListItem","position":3,"name":"Rock &#8216;n&#8217; Roll Ringo (Kinoplakat)"}]},{"@type":"WebSite","@id":"https:\/\/ucm.one\/de\/#website","url":"https:\/\/ucm.one\/de\/","name":"UCM.ONE","description":"","publisher":{"@id":"https:\/\/ucm.one\/de\/#organization"},"potentialAction":[{"@type":"SearchAction","target":{"@type":"EntryPoint","urlTemplate":"https:\/\/ucm.one\/de\/?s={search_term_string}"},"query-input":{"@type":"PropertyValueSpecification","valueRequired":true,"valueName":"search_term_string"}}],"inLanguage":"de"},{"@type":"Organization","@id":"https:\/\/ucm.one\/de\/#organization","name":"UCM.ONE","url":"https:\/\/ucm.one\/de\/","logo":{"@type":"ImageObject","inLanguage":"de","@id":"https:\/\/ucm.one\/de\/#\/schema\/logo\/image\/","url":"https:\/\/ucm.one\/wp-content\/uploads\/2019\/10\/UCM.ONE-Logo-RGB.svg","contentUrl":"https:\/\/ucm.one\/wp-content\/uploads\/2019\/10\/UCM.ONE-Logo-RGB.svg","width":1,"height":1,"caption":"UCM.ONE"},"image":{"@id":"https:\/\/ucm.one\/de\/#\/schema\/logo\/image\/"}}]}},"_links":{"self":[{"href":"https:\/\/ucm.one\/de\/wp-json\/wp\/v2\/product\/172077","targetHints":{"allow":["GET"]}}],"collection":[{"href":"https:\/\/ucm.one\/de\/wp-json\/wp\/v2\/product"}],"about":[{"href":"https:\/\/ucm.one\/de\/wp-json\/wp\/v2\/types\/product"}],"replies":[{"embeddable":true,"href":"https:\/\/ucm.one\/de\/wp-json\/wp\/v2\/comments?post=172077"}],"wp:featuredmedia":[{"embeddable":true,"href":"https:\/\/ucm.one\/de\/wp-json\/wp\/v2\/media\/105743"}],"wp:attachment":[{"href":"https:\/\/ucm.one\/de\/wp-json\/wp\/v2\/media?parent=172077"}],"wp:term":[{"taxonomy":"product_brand","embeddable":true,"href":"https:\/\/ucm.one\/de\/wp-json\/wp\/v2\/product_brand?post=172077"},{"taxonomy":"product_cat","embeddable":true,"href":"https:\/\/ucm.one\/de\/wp-json\/wp\/v2\/product_cat?post=172077"},{"taxonomy":"product_tag","embeddable":true,"href":"https:\/\/ucm.one\/de\/wp-json\/wp\/v2\/product_tag?post=172077"}],"curies":[{"name":"wp","href":"https:\/\/api.w.org\/{rel}","templated":true}]}}