{"id":170974,"date":"2025-01-29T15:46:09","date_gmt":"2025-01-29T15:46:09","guid":{"rendered":"https:\/\/ucm.one\/?post_type=product&#038;p=170974"},"modified":"2025-10-31T16:45:18","modified_gmt":"2025-10-31T16:45:18","slug":"ueberleben-in-brandenburg","status":"publish","type":"product","link":"https:\/\/ucm.one\/de\/produkt\/ueberleben-in-brandenburg\/","title":{"rendered":"\u00dcberleben in Brandenburg"},"content":{"rendered":"<div class=\"wpb_text_column wpb_content_element \">\n<div class=\"wpb_wrapper\">\n<div class=\"\">\n<div class=\"wpb_text_column wpb_content_element \">\n<div class=\"wpb_wrapper\">\n<div class=\"wpb_text_column wpb_content_element \">\n<div class=\"wpb_wrapper\">\n<div class=\"wpb_text_column wpb_content_element \">\n<div class=\"wpb_wrapper\">\n<p><span style=\"font-weight: 400\">L\u00e1szl\u00f3 Kov\u00e1cs, Autorenfilmer, wird die Finanzierung f\u00fcr sein Filmprojekt abgesagt: Zu alt, wei\u00df und obendrein Herzprobleme! Fazit: Nicht mehr vermittelbar. Wollte der Ungar vom Balaton nicht mal ganz hoch hinaus? Was nun? Weiter seiner erfolgreichen Frau auf der Tasche liegen? L\u00e1szl\u00f3 schlittert in eine waschechte Lebenskrise und findet erstmal Trost in der faszinierenden Anziehungskraft einer &#8222;Wahnsinnsfrau&#8220; aus dem Nachbardorf. Als sich aber ein Rechtspopulist im 120 Seelendorf zum einzigen B\u00fcrgermeisterkandidaten aufstellen l\u00e4sst, besinnt sich L\u00e1szl\u00f3. Um \u201eden rechten Deppen zu verhindern\u201c l\u00e4sst er sich als liberaler Gegenkandidat aufstellen.\u00a0<\/span><\/p>\n<p><span style=\"font-weight: 400\">Bleibt nur die Frage ob L\u00e1szl\u00f3s Ehe und er selbst den Dorf-Wahlkampf \u00fcberleben?<\/span><\/p>\n<p><span style=\"font-weight: 400\">\u201e\u00dcberleben in Brandenburg\u201c ist eine Kom\u00f6die \u00fcber Altersdiskriminierung und die Post-Midlife-Crisis mit brandaktuellem Bezug zur politischen Situation.<\/span><\/p>\n<\/div>\n<\/div>\n<\/div>\n<\/div>\n<\/div>\n<\/div>\n<\/div>\n<\/div>\n<\/div>\n<div><div class=\"gap\" style=\"line-height: 20px; height: 20px;\"><\/div><\/div>\n<h5>Weitere Informationen<\/h5>\n<div>\n<div>\n<table style=\"height: 46px;width: 100%;border-collapse: collapse;border-color: #ffffff;background-color: #ffffff;border-style: hidden\">\n<tbody>\n<tr style=\"height: 23px;border-style: hidden;border-color: #ffffff;background-color: #ffffff\">\n<td style=\"width: 4.701195219123506%;height: 23px;border-style: hidden\">Film:<\/td>\n<td style=\"width: 95.29880478087651%;height: 23px;border-style: hidden\"><a title=\"Ich Ich Ich (2021) von Zora Rux | Darling Berlin\" href=\"https:\/\/ucm.one\/de\/ueberleben-in-brandenburg\/\" target=\"_blank\" rel=\"noopener\">\u00dcberleben in Brandenburg<\/a><\/td>\n<\/tr>\n<tr style=\"height: 23px\">\n<td style=\"width: 4.701195219123506%;height: 23px;border-style: hidden\">Label:<\/td>\n<td style=\"width: 95.29880478087651%;height: 23px;border-style: hidden\"><a title=\"Darling Berlin\" href=\"https:\/\/ucm.one\/de\/film-labels\/darling-berlin\/\">Darling Berlin<\/a><\/td>\n<\/tr>\n<\/tbody>\n<\/table>\n<\/div>\n<div><\/div>\n<\/div>\n<div>\n<div><div class=\"gap\" style=\"line-height: 10px; height: 10px;\"><\/div><\/div>\n<div><span style=\"font-family: 'arial black', sans-serif\"><span style=\"font-family: arial, helvetica, sans-serif\">\u00a9 2023 <strong>Vincent Productions, NEXT Film,<\/strong> \u00a9 2024 <strong>Darling Berlin \/ <span style=\"font-family: 'arial black', sans-serif\">UCM.ONE<\/span><\/strong><\/span><\/span><\/div>\n<div><div class=\"gap\" style=\"line-height: 20px; height: 20px;\"><\/div><\/div>\n<\/div>\n<div>\n<div><\/div>\n<div>\n<div><div class=\"gap\" style=\"line-height: 10px; height: 10px;\"><\/div><\/div>\n<div><span style=\"color: #003a80\"><strong>\u27a0 <a style=\"color: #003a80\" href=\"https:\/\/ucm.one\/de\/produkt-kategorie\/art-de\/filme-de\/\">zum Shop<\/a><\/strong><\/span><\/div>\n<div><div class=\"gap\" style=\"line-height: 20px; height: 20px;\"><\/div><\/div>\n<\/div>\n<\/div>\n","protected":false},"excerpt":{"rendered":"<p>Regie:<a title=\"\" href=\"https:\/\/ucm.one\/de\/?s=%22zoltan+paul%22&amp;post_type=product\"><strong> Zoltan Paul<\/strong><\/a><\/p>\n<p>Label:\u00a0<a title=\"\" href=\"https:\/\/ucm.one\/de\/produkt-kategorie\/label-film-de\/darling-berlin-de\/\"><strong>Darling Berlin<\/strong><\/a><\/p>\n<p>Art:\u00a0<strong><a href=\"https:\/\/ucm.one\/de\/produkt-kategorie\/art-de\/filme-de\/\">Film<\/a> (Spielfilm)<\/strong><\/p>\n<p>Genres: <b><a href=\"https:\/\/ucm.one\/de\/produkt-kategorie\/genre-film-de\/komoedie-de\/\">Kom\u00f6die<\/a>, <a title=\"\" href=\"https:\/\/ucm.one\/de\/produkt-kategorie\/genre-film-de\/drama-de\/\">Drama<\/a><\/b><\/p>\n<p>Jahr: <strong>2025<\/strong><\/p>\n<p>FSK: <strong>12<\/strong><\/p>\n<p>Format: <strong>DVD<\/strong><\/p>\n","protected":false},"featured_media":172104,"comment_status":"open","ping_status":"closed","template":"","meta":{"_acf_changed":false},"product_brand":[],"product_cat":[10331,10334,10339,10356,13156,9708],"product_tag":[18464,18465,18466,18467,18468,18469,12464,12775,16727],"class_list":{"0":"post-170974","1":"product","2":"type-product","3":"status-publish","4":"has-post-thumbnail","6":"product_cat-dvd-de","7":"product_cat-drama-de","8":"product_cat-darling-berlin-de","9":"product_cat-komoedie-de","10":"product_cat-arthouse-de","11":"product_cat-filme-de","12":"product_tag-ueberleben-in-brandenburg","13":"product_tag-brandenburg","14":"product_tag-ben-von-grafenstein","15":"product_tag-europawahlen","16":"product_tag-sandra-maischberger","17":"product_tag-tine-hegewisch","18":"product_tag-darling-berlin","19":"product_tag-zoltan-paul","20":"product_tag-kinostart","21":"product_shipping_class-dvd-2","22":"pa_format-dvd","23":"description-off","25":"first","26":"instock","27":"taxable","28":"shipping-taxable","29":"purchasable","30":"product-type-variable","31":"has-default-attributes"},"acf":[],"yoast_head":"<!-- This site is optimized with the Yoast SEO plugin v27.5 - https:\/\/yoast.com\/product\/yoast-seo-wordpress\/ -->\n<title>\u00dcberleben in Brandenburg<\/title>\n<meta name=\"description\" content=\"Shop | \u00dcberleben in Brandenburg | 2024 | Darling Berlin | DVD | FSK 12\" \/>\n<meta name=\"robots\" content=\"index, follow, max-snippet:-1, max-image-preview:large, max-video-preview:-1\" \/>\n<link rel=\"canonical\" href=\"https:\/\/ucm.one\/de\/produkt\/ueberleben-in-brandenburg\/\" \/>\n<meta property=\"og:locale\" content=\"de_DE\" \/>\n<meta property=\"og:type\" content=\"article\" \/>\n<meta property=\"og:title\" content=\"\u00dcberleben in Brandenburg\" \/>\n<meta property=\"og:description\" content=\"Shop | \u00dcberleben in Brandenburg | 2024 | Darling Berlin | DVD | FSK 12\" \/>\n<meta property=\"og:url\" content=\"https:\/\/ucm.one\/de\/produkt\/ueberleben-in-brandenburg\/\" \/>\n<meta property=\"og:site_name\" content=\"UCM.ONE\" \/>\n<meta property=\"article:modified_time\" content=\"2025-10-31T16:45:18+00:00\" \/>\n<meta property=\"og:image\" content=\"https:\/\/ucm.one\/wp-content\/uploads\/2024\/03\/Ueberleben-in-Brandenburg-quadratisch.jpeg\" \/>\n\t<meta property=\"og:image:width\" content=\"1080\" \/>\n\t<meta property=\"og:image:height\" content=\"1080\" \/>\n\t<meta property=\"og:image:type\" content=\"image\/jpeg\" \/>\n<meta name=\"twitter:card\" content=\"summary_large_image\" \/>\n<meta name=\"twitter:title\" content=\"\u00dcberleben in Brandenburg\" \/>\n<meta name=\"twitter:description\" content=\"Shop | \u00dcberleben in Brandenburg | 2024 | Darling Berlin | DVD | FSK 12\" \/>\n<meta name=\"twitter:image\" content=\"https:\/\/ucm.one\/wp-content\/uploads\/2024\/03\/Ueberleben-in-Brandenburg-quadratisch.jpeg\" \/>\n<meta name=\"twitter:label1\" content=\"Gesch\u00e4tzte Lesezeit\" \/>\n\t<meta name=\"twitter:data1\" content=\"2\u00a0Minuten\" \/>\n<!-- \/ Yoast SEO plugin. -->","yoast_head_json":{"title":"\u00dcberleben in Brandenburg","description":"Shop | \u00dcberleben in Brandenburg | 2024 | Darling Berlin | DVD | FSK 12","robots":{"index":"index","follow":"follow","max-snippet":"max-snippet:-1","max-image-preview":"max-image-preview:large","max-video-preview":"max-video-preview:-1"},"canonical":"https:\/\/ucm.one\/de\/produkt\/ueberleben-in-brandenburg\/","og_locale":"de_DE","og_type":"article","og_title":"\u00dcberleben in Brandenburg","og_description":"Shop | \u00dcberleben in Brandenburg | 2024 | Darling Berlin | DVD | FSK 12","og_url":"https:\/\/ucm.one\/de\/produkt\/ueberleben-in-brandenburg\/","og_site_name":"UCM.ONE","article_modified_time":"2025-10-31T16:45:18+00:00","og_image":[{"width":1080,"height":1080,"url":"https:\/\/ucm.one\/wp-content\/uploads\/2024\/03\/Ueberleben-in-Brandenburg-quadratisch.jpeg","type":"image\/jpeg"}],"twitter_card":"summary_large_image","twitter_title":"\u00dcberleben in Brandenburg","twitter_description":"Shop | \u00dcberleben in Brandenburg | 2024 | Darling Berlin | DVD | FSK 12","twitter_image":"https:\/\/ucm.one\/wp-content\/uploads\/2024\/03\/Ueberleben-in-Brandenburg-quadratisch.jpeg","twitter_misc":{"Gesch\u00e4tzte Lesezeit":"2\u00a0Minuten"},"schema":{"@context":"https:\/\/schema.org","@graph":[{"@type":"WebPage","@id":"https:\/\/ucm.one\/de\/produkt\/ueberleben-in-brandenburg\/","url":"https:\/\/ucm.one\/de\/produkt\/ueberleben-in-brandenburg\/","name":"\u00dcberleben in Brandenburg","isPartOf":{"@id":"https:\/\/ucm.one\/de\/#website"},"primaryImageOfPage":{"@id":"https:\/\/ucm.one\/de\/produkt\/ueberleben-in-brandenburg\/#primaryimage"},"image":{"@id":"https:\/\/ucm.one\/de\/produkt\/ueberleben-in-brandenburg\/#primaryimage"},"thumbnailUrl":"https:\/\/ucm.one\/wp-content\/uploads\/2025\/01\/C-ueberleben-in-Brabndenburg.jpg","datePublished":"2025-01-29T15:46:09+00:00","dateModified":"2025-10-31T16:45:18+00:00","description":"Shop | \u00dcberleben in Brandenburg | 2024 | Darling Berlin | DVD | FSK 12","breadcrumb":{"@id":"https:\/\/ucm.one\/de\/produkt\/ueberleben-in-brandenburg\/#breadcrumb"},"inLanguage":"de","potentialAction":[{"@type":"ReadAction","target":["https:\/\/ucm.one\/de\/produkt\/ueberleben-in-brandenburg\/"]}]},{"@type":"ImageObject","inLanguage":"de","@id":"https:\/\/ucm.one\/de\/produkt\/ueberleben-in-brandenburg\/#primaryimage","url":"https:\/\/ucm.one\/wp-content\/uploads\/2025\/01\/C-ueberleben-in-Brabndenburg.jpg","contentUrl":"https:\/\/ucm.one\/wp-content\/uploads\/2025\/01\/C-ueberleben-in-Brabndenburg.jpg","width":699,"height":1000},{"@type":"BreadcrumbList","@id":"https:\/\/ucm.one\/de\/produkt\/ueberleben-in-brandenburg\/#breadcrumb","itemListElement":[{"@type":"ListItem","position":1,"name":"Home","item":"https:\/\/ucm.one\/de\/"},{"@type":"ListItem","position":2,"name":"Shop","item":"https:\/\/ucm.one\/de\/shop\/"},{"@type":"ListItem","position":3,"name":"\u00dcberleben in Brandenburg"}]},{"@type":"WebSite","@id":"https:\/\/ucm.one\/de\/#website","url":"https:\/\/ucm.one\/de\/","name":"UCM.ONE","description":"","publisher":{"@id":"https:\/\/ucm.one\/de\/#organization"},"potentialAction":[{"@type":"SearchAction","target":{"@type":"EntryPoint","urlTemplate":"https:\/\/ucm.one\/de\/?s={search_term_string}"},"query-input":{"@type":"PropertyValueSpecification","valueRequired":true,"valueName":"search_term_string"}}],"inLanguage":"de"},{"@type":"Organization","@id":"https:\/\/ucm.one\/de\/#organization","name":"UCM.ONE","url":"https:\/\/ucm.one\/de\/","logo":{"@type":"ImageObject","inLanguage":"de","@id":"https:\/\/ucm.one\/de\/#\/schema\/logo\/image\/","url":"https:\/\/ucm.one\/wp-content\/uploads\/2019\/10\/UCM.ONE-Logo-RGB.svg","contentUrl":"https:\/\/ucm.one\/wp-content\/uploads\/2019\/10\/UCM.ONE-Logo-RGB.svg","width":1,"height":1,"caption":"UCM.ONE"},"image":{"@id":"https:\/\/ucm.one\/de\/#\/schema\/logo\/image\/"}}]}},"_links":{"self":[{"href":"https:\/\/ucm.one\/de\/wp-json\/wp\/v2\/product\/170974","targetHints":{"allow":["GET"]}}],"collection":[{"href":"https:\/\/ucm.one\/de\/wp-json\/wp\/v2\/product"}],"about":[{"href":"https:\/\/ucm.one\/de\/wp-json\/wp\/v2\/types\/product"}],"replies":[{"embeddable":true,"href":"https:\/\/ucm.one\/de\/wp-json\/wp\/v2\/comments?post=170974"}],"wp:featuredmedia":[{"embeddable":true,"href":"https:\/\/ucm.one\/de\/wp-json\/wp\/v2\/media\/172104"}],"wp:attachment":[{"href":"https:\/\/ucm.one\/de\/wp-json\/wp\/v2\/media?parent=170974"}],"wp:term":[{"taxonomy":"product_brand","embeddable":true,"href":"https:\/\/ucm.one\/de\/wp-json\/wp\/v2\/product_brand?post=170974"},{"taxonomy":"product_cat","embeddable":true,"href":"https:\/\/ucm.one\/de\/wp-json\/wp\/v2\/product_cat?post=170974"},{"taxonomy":"product_tag","embeddable":true,"href":"https:\/\/ucm.one\/de\/wp-json\/wp\/v2\/product_tag?post=170974"}],"curies":[{"name":"wp","href":"https:\/\/api.w.org\/{rel}","templated":true}]}}