{"id":125908,"date":"2024-12-10T15:15:03","date_gmt":"2024-12-10T15:15:03","guid":{"rendered":"https:\/\/ucm.one\/?post_type=product&#038;p=125908"},"modified":"2024-12-15T15:24:40","modified_gmt":"2024-12-15T15:24:40","slug":"robot-apocalypse-mensch-gegen-maschine","status":"publish","type":"product","link":"https:\/\/ucm.one\/de\/produkt\/robot-apocalypse-mensch-gegen-maschine\/","title":{"rendered":"Robot Apocalypse \u2013 Mensch gegen Maschine"},"content":{"rendered":"<div class=\"wpb_text_column wpb_content_element \">\n<div class=\"wpb_wrapper\">\n<div class=\"\">\n<div class=\"wpb_text_column wpb_content_element \">\n<div class=\"wpb_wrapper\">\n<div class=\"wpb_text_column wpb_content_element \">\n<div class=\"wpb_wrapper\">\n<div class=\"wpb_text_column wpb_content_element \">\n<div class=\"wpb_wrapper\">\n<p>Ein Test eines gigantischen NFX-Rettungsroboters geht gr\u00fcndlich schief, als Medusa, die ihn steuernde, k\u00fcnstliche Intelligenz, durch einen Eingabefehler ihren Code umschreibt und die Kontrolle \u00fcber alle Computersysteme der Welt zu \u00fcbernehmen droht. Die Menschheit wird nun als \u201egef\u00e4hrliche\u201c Bedrohung klassifiziert und von Medusa mittels des Verteidigungs-und Drohnensystems des Pentagons unerbittlich gejagt. Wichtigste erste Zielobjekte sind Medusas Programmierer Dr. Lopez und Dr. Marietta, denn sie sind die einzigen Menschen, die Medusa noch aufhalten k\u00f6nnten. Die letzten \u00dcberlenden des Medusa-Forschungsprojekts, Derek (<strong>Tito Ortiz<\/strong>) und Zee( <strong>Jessica Chancellor<\/strong>) sehen nun nur noch eine L\u00f6sung, sie m\u00fcssen Tara (Katalina Viteri), Dr. Lopez Tochter, finden, die als FBI-gesuchte Hackerin irgendwo im Verborgenen lebt und mit ihren au\u00dfergew\u00f6hnlichen Skills die Einzige zu sein scheint, die die Robot-Apokalypse noch verhindern kann\u2026<\/p>\n<\/div>\n<\/div>\n<\/div>\n<\/div>\n<\/div>\n<\/div>\n<\/div>\n<\/div>\n<\/div>\n<div><div class=\"gap\" style=\"line-height: 20px; height: 20px;\"><\/div><\/div>\n<h5>Weitere Informationen<\/h5>\n<div>\n<div>\n<table style=\"height: 46px; width: 100%; border-collapse: collapse; border-color: #ffffff; background-color: #ffffff; border-style: hidden;\">\n<tbody>\n<tr style=\"height: 23px;\">\n<td style=\"width: 4.701195219123506%; height: 23px; border-style: hidden;\">Label:<\/td>\n<td style=\"width: 95.29880478087651%; height: 23px; border-style: hidden;\"><a title=\"B-Spree Pictures\" href=\"https:\/\/ucm.one\/de\/produkt-kategorie\/label-film-de\/u1-films-berlin-de\/\">U1 Films Berlin<\/a><\/td>\n<\/tr>\n<\/tbody>\n<\/table>\n<\/div>\n<div><\/div>\n<\/div>\n<div>\n<div><div class=\"gap\" style=\"line-height: 10px; height: 10px;\"><\/div><\/div>\n<div>\u2117 2021 <strong>Absurd Hero Productions &amp; The Asylum<\/strong>, \u00a9 2024 <strong>U1 Films Berlin<\/strong> \/ <span style=\"font-family: 'arial black', sans-serif;\"><strong>UCM.ONE<\/strong><\/span><\/div>\n<div><div class=\"gap\" style=\"line-height: 20px; height: 20px;\"><\/div><\/div>\n<div>\n<div><\/div>\n<div>\n<div><div class=\"gap\" style=\"line-height: 10px; height: 10px;\"><\/div><\/div>\n<div><span style=\"color: #003a80;\"><strong>\u27a0 <a style=\"color: #003a80;\" href=\"https:\/\/ucm.one\/de\/produkt-kategorie\/art-de\/filme-de\/\">zum Shop<\/a><\/strong><\/span><\/div>\n<div><div class=\"gap\" style=\"line-height: 20px; height: 20px;\"><\/div><\/div>\n<\/div>\n<\/div>\n<\/div>\n","protected":false},"excerpt":{"rendered":"<p>Regie: <a href=\"https:\/\/ucm.one\/de\/?s=%22Joe+Roche%22&amp;post_type=product\"><strong>Joe Roche<\/strong><\/a><\/p>\n<p>Label: <a title=\"B-Spree Pictures\" href=\"https:\/\/ucm.one\/de\/produkt-kategorie\/label-film-de\/u1-films-berlin-de\/\"><strong>U1 Films Berlin<\/strong><\/a><\/p>\n<p>Art:\u00a0<strong><a href=\"https:\/\/ucm.one\/de\/produkt-kategorie\/art-de\/filme-de\/\">Film<\/a> (Spielfilm)<\/strong><\/p>\n<p>Genres: <b><a href=\"https:\/\/ucm.one\/de\/produkt-kategorie\/genre-film-de\/action-de\/\">Action<\/a>, <a href=\"https:\/\/ucm.one\/de\/produkt-kategorie\/genre-film-de\/science-fiction-de\/\">Science Fiction<\/a><\/b><\/p>\n<p>Jahr: <strong>2024<\/strong><\/p>\n<p>FSK: <strong>12<\/strong><\/p>\n<p>Formate: <strong>Diverse<\/strong><\/p>\n","protected":false},"featured_media":125909,"comment_status":"open","ping_status":"closed","template":"","meta":{"_acf_changed":false},"product_brand":[],"product_cat":[10332,10340,10354,10358,9708,10331],"product_tag":[18382,18383,18384,18385,18386,18387,11026,18388,11027,18389,11301,18390,11313,18391,16742],"class_list":{"0":"post-125908","1":"product","2":"type-product","3":"status-publish","4":"has-post-thumbnail","6":"product_cat-blu-ray-de","7":"product_cat-u1-films-berlin-de","8":"product_cat-science-fiction-de","9":"product_cat-action-de","10":"product_cat-filme-de","11":"product_cat-dvd-de","12":"product_tag-robot-apocalypse","13":"product_tag-mensch-gegen-maschine","14":"product_tag-katalina-viteri","15":"product_tag-tito-ortiz","16":"product_tag-deangelo-davis","17":"product_tag-jeff-marchelletta","18":"product_tag-u1-films-berlin","19":"product_tag-barry-piacente","20":"product_tag-science-fiction","21":"product_tag-joe-roche","22":"product_tag-the-asylum","23":"product_tag-david-michael-latt","24":"product_tag-action","25":"product_tag-absurd-hero-productions","26":"product_tag-jessica-chancellor","27":"pa_format-dvd","28":"pa_format-blu-ray-de","29":"description-off","31":"first","32":"instock","33":"taxable","34":"shipping-taxable","35":"purchasable","36":"product-type-variable"},"acf":[],"yoast_head":"<!-- This site is optimized with the Yoast SEO plugin v27.2 - https:\/\/yoast.com\/product\/yoast-seo-wordpress\/ -->\n<title>Robot Apocalypse \u2013 Mensch gegen Maschine<\/title>\n<meta name=\"description\" content=\"Shop | Robot Apocalypse \u2013 Mensch gegen Maschine | 2024 | U1 Films Berlin | Blu-Ray, DVD | FSK 12\" \/>\n<meta name=\"robots\" content=\"index, follow, max-snippet:-1, max-image-preview:large, max-video-preview:-1\" \/>\n<link rel=\"canonical\" href=\"https:\/\/ucm.one\/de\/produkt\/robot-apocalypse-mensch-gegen-maschine\/\" \/>\n<meta property=\"og:locale\" content=\"de_DE\" \/>\n<meta property=\"og:type\" content=\"article\" \/>\n<meta property=\"og:title\" content=\"Robot Apocalypse \u2013 Mensch gegen Maschine\" \/>\n<meta property=\"og:description\" content=\"Shop | Robot Apocalypse \u2013 Mensch gegen Maschine | 2024 | U1 Films Berlin | Blu-Ray, DVD | FSK 12\" \/>\n<meta property=\"og:url\" content=\"https:\/\/ucm.one\/de\/produkt\/robot-apocalypse-mensch-gegen-maschine\/\" \/>\n<meta property=\"og:site_name\" content=\"UCM.ONE\" \/>\n<meta property=\"article:modified_time\" content=\"2024-12-15T15:24:40+00:00\" \/>\n<meta property=\"og:image\" content=\"https:\/\/ucm.one\/wp-content\/uploads\/2024\/12\/YT-Robot-Apocalypse.jpg\" \/>\n\t<meta property=\"og:image:width\" content=\"699\" \/>\n\t<meta property=\"og:image:height\" content=\"698\" \/>\n\t<meta property=\"og:image:type\" content=\"image\/jpeg\" \/>\n<meta name=\"twitter:card\" content=\"summary_large_image\" \/>\n<meta name=\"twitter:title\" content=\"Robot Apocalypse \u2013 Mensch gegen Maschine\" \/>\n<meta name=\"twitter:description\" content=\"Shop | Robot Apocalypse \u2013 Mensch gegen Maschine | 2024 | U1 Films Berlin | Blu-Ray, DVD | FSK 12\" \/>\n<meta name=\"twitter:image\" content=\"https:\/\/ucm.one\/wp-content\/uploads\/2024\/12\/YT-Robot-Apocalypse.jpg\" \/>\n<meta name=\"twitter:label1\" content=\"Gesch\u00e4tzte Lesezeit\" \/>\n\t<meta name=\"twitter:data1\" content=\"2\u00a0Minuten\" \/>\n<!-- \/ Yoast SEO plugin. -->","yoast_head_json":{"title":"Robot Apocalypse \u2013 Mensch gegen Maschine","description":"Shop | Robot Apocalypse \u2013 Mensch gegen Maschine | 2024 | U1 Films Berlin | Blu-Ray, DVD | FSK 12","robots":{"index":"index","follow":"follow","max-snippet":"max-snippet:-1","max-image-preview":"max-image-preview:large","max-video-preview":"max-video-preview:-1"},"canonical":"https:\/\/ucm.one\/de\/produkt\/robot-apocalypse-mensch-gegen-maschine\/","og_locale":"de_DE","og_type":"article","og_title":"Robot Apocalypse \u2013 Mensch gegen Maschine","og_description":"Shop | Robot Apocalypse \u2013 Mensch gegen Maschine | 2024 | U1 Films Berlin | Blu-Ray, DVD | FSK 12","og_url":"https:\/\/ucm.one\/de\/produkt\/robot-apocalypse-mensch-gegen-maschine\/","og_site_name":"UCM.ONE","article_modified_time":"2024-12-15T15:24:40+00:00","og_image":[{"width":699,"height":698,"url":"https:\/\/ucm.one\/wp-content\/uploads\/2024\/12\/YT-Robot-Apocalypse.jpg","type":"image\/jpeg"}],"twitter_card":"summary_large_image","twitter_title":"Robot Apocalypse \u2013 Mensch gegen Maschine","twitter_description":"Shop | Robot Apocalypse \u2013 Mensch gegen Maschine | 2024 | U1 Films Berlin | Blu-Ray, DVD | FSK 12","twitter_image":"https:\/\/ucm.one\/wp-content\/uploads\/2024\/12\/YT-Robot-Apocalypse.jpg","twitter_misc":{"Gesch\u00e4tzte Lesezeit":"2\u00a0Minuten"},"schema":{"@context":"https:\/\/schema.org","@graph":[{"@type":"WebPage","@id":"https:\/\/ucm.one\/de\/produkt\/robot-apocalypse-mensch-gegen-maschine\/","url":"https:\/\/ucm.one\/de\/produkt\/robot-apocalypse-mensch-gegen-maschine\/","name":"Robot Apocalypse \u2013 Mensch gegen Maschine","isPartOf":{"@id":"https:\/\/ucm.one\/de\/#website"},"primaryImageOfPage":{"@id":"https:\/\/ucm.one\/de\/produkt\/robot-apocalypse-mensch-gegen-maschine\/#primaryimage"},"image":{"@id":"https:\/\/ucm.one\/de\/produkt\/robot-apocalypse-mensch-gegen-maschine\/#primaryimage"},"thumbnailUrl":"https:\/\/ucm.one\/wp-content\/uploads\/2024\/12\/C-Robot-Apocalypse-DVD-2D-FSK12.jpg","datePublished":"2024-12-10T15:15:03+00:00","dateModified":"2024-12-15T15:24:40+00:00","description":"Shop | Robot Apocalypse \u2013 Mensch gegen Maschine | 2024 | U1 Films Berlin | Blu-Ray, DVD | FSK 12","breadcrumb":{"@id":"https:\/\/ucm.one\/de\/produkt\/robot-apocalypse-mensch-gegen-maschine\/#breadcrumb"},"inLanguage":"de","potentialAction":[{"@type":"ReadAction","target":["https:\/\/ucm.one\/de\/produkt\/robot-apocalypse-mensch-gegen-maschine\/"]}]},{"@type":"ImageObject","inLanguage":"de","@id":"https:\/\/ucm.one\/de\/produkt\/robot-apocalypse-mensch-gegen-maschine\/#primaryimage","url":"https:\/\/ucm.one\/wp-content\/uploads\/2024\/12\/C-Robot-Apocalypse-DVD-2D-FSK12.jpg","contentUrl":"https:\/\/ucm.one\/wp-content\/uploads\/2024\/12\/C-Robot-Apocalypse-DVD-2D-FSK12.jpg","width":699,"height":1000},{"@type":"BreadcrumbList","@id":"https:\/\/ucm.one\/de\/produkt\/robot-apocalypse-mensch-gegen-maschine\/#breadcrumb","itemListElement":[{"@type":"ListItem","position":1,"name":"Home","item":"https:\/\/ucm.one\/de\/"},{"@type":"ListItem","position":2,"name":"Shop","item":"https:\/\/ucm.one\/de\/shop\/"},{"@type":"ListItem","position":3,"name":"Robot Apocalypse \u2013 Mensch gegen Maschine"}]},{"@type":"WebSite","@id":"https:\/\/ucm.one\/de\/#website","url":"https:\/\/ucm.one\/de\/","name":"UCM.ONE","description":"","publisher":{"@id":"https:\/\/ucm.one\/de\/#organization"},"potentialAction":[{"@type":"SearchAction","target":{"@type":"EntryPoint","urlTemplate":"https:\/\/ucm.one\/de\/?s={search_term_string}"},"query-input":{"@type":"PropertyValueSpecification","valueRequired":true,"valueName":"search_term_string"}}],"inLanguage":"de"},{"@type":"Organization","@id":"https:\/\/ucm.one\/de\/#organization","name":"UCM.ONE","url":"https:\/\/ucm.one\/de\/","logo":{"@type":"ImageObject","inLanguage":"de","@id":"https:\/\/ucm.one\/de\/#\/schema\/logo\/image\/","url":"https:\/\/ucm.one\/wp-content\/uploads\/2019\/10\/UCM.ONE-Logo-RGB.svg","contentUrl":"https:\/\/ucm.one\/wp-content\/uploads\/2019\/10\/UCM.ONE-Logo-RGB.svg","width":1,"height":1,"caption":"UCM.ONE"},"image":{"@id":"https:\/\/ucm.one\/de\/#\/schema\/logo\/image\/"}}]}},"_links":{"self":[{"href":"https:\/\/ucm.one\/de\/wp-json\/wp\/v2\/product\/125908","targetHints":{"allow":["GET"]}}],"collection":[{"href":"https:\/\/ucm.one\/de\/wp-json\/wp\/v2\/product"}],"about":[{"href":"https:\/\/ucm.one\/de\/wp-json\/wp\/v2\/types\/product"}],"replies":[{"embeddable":true,"href":"https:\/\/ucm.one\/de\/wp-json\/wp\/v2\/comments?post=125908"}],"wp:featuredmedia":[{"embeddable":true,"href":"https:\/\/ucm.one\/de\/wp-json\/wp\/v2\/media\/125909"}],"wp:attachment":[{"href":"https:\/\/ucm.one\/de\/wp-json\/wp\/v2\/media?parent=125908"}],"wp:term":[{"taxonomy":"product_brand","embeddable":true,"href":"https:\/\/ucm.one\/de\/wp-json\/wp\/v2\/product_brand?post=125908"},{"taxonomy":"product_cat","embeddable":true,"href":"https:\/\/ucm.one\/de\/wp-json\/wp\/v2\/product_cat?post=125908"},{"taxonomy":"product_tag","embeddable":true,"href":"https:\/\/ucm.one\/de\/wp-json\/wp\/v2\/product_tag?post=125908"}],"curies":[{"name":"wp","href":"https:\/\/api.w.org\/{rel}","templated":true}]}}