{"id":125889,"date":"2024-12-11T10:37:07","date_gmt":"2024-12-11T10:37:07","guid":{"rendered":"https:\/\/ucm.one\/?post_type=product&#038;p=125889"},"modified":"2026-02-17T21:37:08","modified_gmt":"2026-02-17T21:37:08","slug":"das-ultimative-geschenk-gesamtedition-teil-1-3","status":"publish","type":"product","link":"https:\/\/ucm.one\/de\/produkt\/das-ultimative-geschenk-gesamtedition-teil-1-3\/","title":{"rendered":"Das ultimative Geschenk (Gesamtedition Teil 1-3)"},"content":{"rendered":"<div class=\"wpb_text_column wpb_content_element \">\n<div class=\"wpb_wrapper\">\n<div class=\"\">\n<div class=\"wpb_text_column wpb_content_element \">\n<div class=\"wpb_wrapper\">\n<div class=\"wpb_text_column wpb_content_element \">\n<div class=\"wpb_wrapper\">\n<p class=\"p1\">Die &#8222;<strong>Das ultimative Geschenk-Trilogie<\/strong>&#8220; basiert auf den beliebten Romanen von <strong>Jim Stovall<\/strong> und erz\u00e4hlt in drei fesselnden Filmen von den Herausforderungen und Lektionen, die das Leben bereith\u00e4lt. Diese emotionalen Geschichten verkn\u00fcpfen die Suche nach Sinn, Familie und Werten mit den Pr\u00fcfungen des Lebens und ber\u00fchren das Herz.<\/p>\n<p class=\"p3\"><b>Das ultimative Geschenk (2007) <\/b>[Regie: <strong>Michael O. Sajbel<\/strong>]<\/p>\n<p class=\"p1\">Nach dem Tod seines Gro\u00dfvaters steht Jason (<strong>Drew Fuller<\/strong>) vor einer unerwarteten Herausforderung: Bevor er sein Erbe antreten kann, muss er zw\u00f6lf Aufgaben erf\u00fcllen. Widerwillig beginnt er die Reise, doch die Pr\u00fcfungen, die ihm gestellt werden, verwandeln sein Leben. Was als Pflicht beginnt, wird zu einem Abenteuer voller Liebe, Einsicht und pers\u00f6nlichem Wachstum.<\/p>\n<p class=\"p3\"><b>Das ultimative Leben (2013)<\/b> [Regie: <strong>Michael Landon Jr.<\/strong>]<\/p>\n<p class=\"p1\">Jason (<strong>Logan Bartholomew<\/strong>) ist ein anderer Mensch geworden, nachdem er die zw\u00f6lf Lektionen seines Gro\u00dfvaters gemeistert hat. In <i>Das ultimative Leben<\/i> zeigt er, dass Entschlossenheit und die einfachen Prinzipien, die er gelernt hat, jedem helfen k\u00f6nnen, ein erf\u00fclltes und bedeutsames Leben zu f\u00fchren. Ein inspirierendes Sequel, das die Themen Werte und Verantwortung weiter vertieft.<\/p>\n<p class=\"p3\"><b>Das ultimative Verm\u00e4chtnis (2015)<\/b> [Regie: <strong>Joanne Hock<\/strong>]<\/p>\n<p class=\"p1\">Joey (M<strong>yko Olivier<\/strong>) steht vor einer neuen Herausforderung: Nach dem Tod seiner Gro\u00dfmutter (<strong>Raquel Welch<\/strong>) soll er ein Jahr auf ihrem Anwesen leben, arbeiten und die Pr\u00fcfungen bestehen, die sie ihm hinterlassen hat. Mit der Unterst\u00fctzung seines Freundes Jason (Logan Bartholomew) begibt sich Joey auf eine Reise voller neuer Erkenntnisse \u00fcber Familie, Verantwortung und das, was wirklich z\u00e4hlt.<\/p>\n<\/div>\n<p>Gro\u00dfartige Spielfilm- Trilogie mit hervorragenden Darstellern. Die besten Dinge im Leben kann man nicht kaufen.<\/p>\n<\/div>\n<\/div>\n<\/div>\n<\/div>\n<\/div>\n<\/div>\n<div><div class=\"gap\" style=\"line-height: 20px; height: 20px;\"><\/div><\/div>\n<h5>Weitere Informationen<\/h5>\n<div>\n<div>\n<table style=\"height: 46px; width: 100%; border-collapse: collapse; border-color: #ffffff; background-color: #ffffff; border-style: hidden;\">\n<tbody>\n<tr style=\"height: 23px;\">\n<td style=\"width: 4.701195219123506%; height: 23px; border-style: hidden;\">Label:<\/td>\n<td style=\"width: 95.29880478087651%; height: 23px; border-style: hidden;\"><a title=\"B-Spree Pictures\" href=\"https:\/\/ucm.one\/de\/film-labels\/b-spree-pictures\">B-Spree Pictures<\/a><\/td>\n<\/tr>\n<\/tbody>\n<\/table>\n<\/div>\n<div><\/div>\n<\/div>\n<div>\n<div><div class=\"gap\" style=\"line-height: 10px; height: 10px;\"><\/div><\/div>\n<div>\u2117 2007 &#8211; 2015 <strong>The Ultimate Gift LLC<\/strong>, \u00a9 2024 <strong>B-Spree Pictures<\/strong>\u00a0\/ <span style=\"font-family: 'arial black', sans-serif;\"><strong>UCM.ONE<\/strong><\/span><\/div>\n<div><div class=\"gap\" style=\"line-height: 20px; height: 20px;\"><\/div><\/div>\n<div>\n<div><\/div>\n<div>\n<div><div class=\"gap\" style=\"line-height: 10px; height: 10px;\"><\/div><\/div>\n<div><span style=\"color: #003a80;\"><strong>\u27a0 <a style=\"color: #003a80;\" href=\"https:\/\/ucm.one\/de\/produkt-kategorie\/art-de\/filme-de\/\">zum Shop<\/a><\/strong><\/span><\/div>\n<div><div class=\"gap\" style=\"line-height: 20px; height: 20px;\"><\/div><\/div>\n<\/div>\n<\/div>\n<\/div>\n","protected":false},"excerpt":{"rendered":"<p>Regie: <a title=\"Dean Semler\" href=\"https:\/\/ucm.one\/de\/?s=%22Michael+O.+Sajbel%22&amp;post_type=product\"><strong>Michael O. Sajbel<\/strong><\/a><strong>, <a title=\"Dean Semler\" href=\"https:\/\/ucm.one\/de\/?s=%22Michael+Landon+Jr.%22&amp;post_type=product\">Michael Landon Jr.<\/a>, <a title=\"Dean Semler\" href=\"https:\/\/ucm.one\/de\/?s=%22Joanne+Hock%22&amp;post_type=product\">Joanne Hock<\/a><\/strong><\/p>\n<p>Label: <a title=\"B-Spree Pictures\" href=\"https:\/\/ucm.one\/de\/produkt-kategorie\/label-film-de\/b-spree-pictures-de\"><strong>B-Spree Pictures<\/strong><\/a><\/p>\n<p>Art:\u00a0<strong><a href=\"https:\/\/ucm.one\/de\/produkt-kategorie\/art-de\/filme-de\/\">Film<\/a> (Spielfilm)<\/strong><\/p>\n<p>Genres: <a href=\"https:\/\/ucm.one\/de\/produkt-kategorie\/genre-film-de\/familie-de\/\"><b>Familie<\/b><\/a>, <a href=\"https:\/\/ucm.one\/de\/produkt-kategorie\/genre-film-de\/drama-de\/\"><b>Drama<\/b><\/a><\/p>\n<p>Jahr:<strong>\u00a02024<\/strong><\/p>\n<p>FSK: <strong>6<\/strong><\/p>\n<p>Format: <strong>2x DVD<\/strong><\/p>\n","protected":false},"featured_media":125892,"comment_status":"open","ping_status":"closed","template":"","meta":{"_acf_changed":false},"product_brand":[],"product_cat":[9708,10324,10331,10334,10341,10360,10361],"product_tag":[18366,18377,18367,18378,18368,18379,18369,18380,18370,18371,18372,18373,18363,18374,18364,18375,18365,18376],"class_list":{"0":"post-125889","1":"product","2":"type-product","3":"status-publish","4":"has-post-thumbnail","6":"product_cat-filme-de","7":"product_cat-m-square-classics-de","8":"product_cat-dvd-de","9":"product_cat-drama-de","10":"product_cat-b-spree-pictures-de","11":"product_cat-familie-de","12":"product_cat-liebe-beziehung","13":"product_tag-michael-o-sajbel","14":"product_tag-peter-fonda","15":"product_tag-michael-landon-jr","16":"product_tag-logan-bartholomew","17":"product_tag-joanne-hock","18":"product_tag-raquel-welch","19":"product_tag-drew-fuller","20":"product_tag-myko-olivier","21":"product_tag-bill-cobbs","22":"product_tag-abigail-breslin","23":"product_tag-brian-dennehy","24":"product_tag-james-garner","25":"product_tag-das-ultimative-geschenk","26":"product_tag-drew-waters","27":"product_tag-das-ultimative-vermaechtnis","28":"product_tag-david-mann","29":"product_tag-das-ultimative-leben","30":"product_tag-ali-hillis","31":"pa_format-2x-dvd-de","32":"description-off","34":"first","35":"instock","36":"sale","37":"taxable","38":"shipping-taxable","39":"purchasable","40":"product-type-variable"},"acf":[],"yoast_head":"<!-- This site is optimized with the Yoast SEO plugin v27.2 - https:\/\/yoast.com\/product\/yoast-seo-wordpress\/ -->\n<title>Das ultimative Geschenk (Gesamtedition Teil 1 - 3)<\/title>\n<meta name=\"description\" content=\"Shop | Das ultimative Geschenk (Gesamtedition Teil 1 - 3) | 2024 | B-Spree Picture | 2x DVD | FSK 6\" \/>\n<meta name=\"robots\" content=\"index, follow, max-snippet:-1, max-image-preview:large, max-video-preview:-1\" \/>\n<link rel=\"canonical\" href=\"https:\/\/ucm.one\/de\/produkt\/das-ultimative-geschenk-gesamtedition-teil-1-3\/\" \/>\n<meta property=\"og:locale\" content=\"de_DE\" \/>\n<meta property=\"og:type\" content=\"article\" \/>\n<meta property=\"og:title\" content=\"Das ultimative Geschenk (Gesamtedition Teil 1 - 3)\" \/>\n<meta property=\"og:description\" content=\"Shop | Das ultimative Geschenk (Gesamtedition Teil 1 - 3) | 2024 | B-Spree Picture | 2x DVD | FSK 6\" \/>\n<meta property=\"og:url\" content=\"https:\/\/ucm.one\/de\/produkt\/das-ultimative-geschenk-gesamtedition-teil-1-3\/\" \/>\n<meta property=\"og:site_name\" content=\"UCM.ONE\" \/>\n<meta property=\"article:modified_time\" content=\"2026-02-17T21:37:08+00:00\" \/>\n<meta property=\"og:image\" content=\"https:\/\/ucm.one\/wp-content\/uploads\/2024\/12\/YT-Das-ultimative-Geschenl.jpg\" \/>\n\t<meta property=\"og:image:width\" content=\"1427\" \/>\n\t<meta property=\"og:image:height\" content=\"1477\" \/>\n\t<meta property=\"og:image:type\" content=\"image\/jpeg\" \/>\n<meta name=\"twitter:card\" content=\"summary_large_image\" \/>\n<meta name=\"twitter:title\" content=\"Das ultimative Geschenk (Gesamtedition Teil 1 - 3)\" \/>\n<meta name=\"twitter:description\" content=\"Shop | Das ultimative Geschenk (Gesamtedition Teil 1 - 3) | 2024 | B-Spree Picture | 2x DVD | FSK 6\" \/>\n<meta name=\"twitter:image\" content=\"https:\/\/ucm.one\/wp-content\/uploads\/2024\/12\/YT-Das-ultimative-Geschenl.jpg\" \/>\n<meta name=\"twitter:label1\" content=\"Gesch\u00e4tzte Lesezeit\" \/>\n\t<meta name=\"twitter:data1\" content=\"2\u00a0Minuten\" \/>\n<!-- \/ Yoast SEO plugin. -->","yoast_head_json":{"title":"Das ultimative Geschenk (Gesamtedition Teil 1 - 3)","description":"Shop | Das ultimative Geschenk (Gesamtedition Teil 1 - 3) | 2024 | B-Spree Picture | 2x DVD | FSK 6","robots":{"index":"index","follow":"follow","max-snippet":"max-snippet:-1","max-image-preview":"max-image-preview:large","max-video-preview":"max-video-preview:-1"},"canonical":"https:\/\/ucm.one\/de\/produkt\/das-ultimative-geschenk-gesamtedition-teil-1-3\/","og_locale":"de_DE","og_type":"article","og_title":"Das ultimative Geschenk (Gesamtedition Teil 1 - 3)","og_description":"Shop | Das ultimative Geschenk (Gesamtedition Teil 1 - 3) | 2024 | B-Spree Picture | 2x DVD | FSK 6","og_url":"https:\/\/ucm.one\/de\/produkt\/das-ultimative-geschenk-gesamtedition-teil-1-3\/","og_site_name":"UCM.ONE","article_modified_time":"2026-02-17T21:37:08+00:00","og_image":[{"width":1427,"height":1477,"url":"https:\/\/ucm.one\/wp-content\/uploads\/2024\/12\/YT-Das-ultimative-Geschenl.jpg","type":"image\/jpeg"}],"twitter_card":"summary_large_image","twitter_title":"Das ultimative Geschenk (Gesamtedition Teil 1 - 3)","twitter_description":"Shop | Das ultimative Geschenk (Gesamtedition Teil 1 - 3) | 2024 | B-Spree Picture | 2x DVD | FSK 6","twitter_image":"https:\/\/ucm.one\/wp-content\/uploads\/2024\/12\/YT-Das-ultimative-Geschenl.jpg","twitter_misc":{"Gesch\u00e4tzte Lesezeit":"2\u00a0Minuten"},"schema":{"@context":"https:\/\/schema.org","@graph":[{"@type":"WebPage","@id":"https:\/\/ucm.one\/de\/produkt\/das-ultimative-geschenk-gesamtedition-teil-1-3\/","url":"https:\/\/ucm.one\/de\/produkt\/das-ultimative-geschenk-gesamtedition-teil-1-3\/","name":"Das ultimative Geschenk (Gesamtedition Teil 1 - 3)","isPartOf":{"@id":"https:\/\/ucm.one\/de\/#website"},"primaryImageOfPage":{"@id":"https:\/\/ucm.one\/de\/produkt\/das-ultimative-geschenk-gesamtedition-teil-1-3\/#primaryimage"},"image":{"@id":"https:\/\/ucm.one\/de\/produkt\/das-ultimative-geschenk-gesamtedition-teil-1-3\/#primaryimage"},"thumbnailUrl":"https:\/\/ucm.one\/wp-content\/uploads\/2024\/12\/C-Das-ultimative-Geschenk-DVD-2D-FSK6.jpg","datePublished":"2024-12-11T10:37:07+00:00","dateModified":"2026-02-17T21:37:08+00:00","description":"Shop | Das ultimative Geschenk (Gesamtedition Teil 1 - 3) | 2024 | B-Spree Picture | 2x DVD | FSK 6","breadcrumb":{"@id":"https:\/\/ucm.one\/de\/produkt\/das-ultimative-geschenk-gesamtedition-teil-1-3\/#breadcrumb"},"inLanguage":"de","potentialAction":[{"@type":"ReadAction","target":["https:\/\/ucm.one\/de\/produkt\/das-ultimative-geschenk-gesamtedition-teil-1-3\/"]}]},{"@type":"ImageObject","inLanguage":"de","@id":"https:\/\/ucm.one\/de\/produkt\/das-ultimative-geschenk-gesamtedition-teil-1-3\/#primaryimage","url":"https:\/\/ucm.one\/wp-content\/uploads\/2024\/12\/C-Das-ultimative-Geschenk-DVD-2D-FSK6.jpg","contentUrl":"https:\/\/ucm.one\/wp-content\/uploads\/2024\/12\/C-Das-ultimative-Geschenk-DVD-2D-FSK6.jpg","width":699,"height":1000},{"@type":"BreadcrumbList","@id":"https:\/\/ucm.one\/de\/produkt\/das-ultimative-geschenk-gesamtedition-teil-1-3\/#breadcrumb","itemListElement":[{"@type":"ListItem","position":1,"name":"Home","item":"https:\/\/ucm.one\/de\/"},{"@type":"ListItem","position":2,"name":"Shop","item":"https:\/\/ucm.one\/de\/shop\/"},{"@type":"ListItem","position":3,"name":"Das ultimative Geschenk (Gesamtedition Teil 1-3)"}]},{"@type":"WebSite","@id":"https:\/\/ucm.one\/de\/#website","url":"https:\/\/ucm.one\/de\/","name":"UCM.ONE","description":"","publisher":{"@id":"https:\/\/ucm.one\/de\/#organization"},"potentialAction":[{"@type":"SearchAction","target":{"@type":"EntryPoint","urlTemplate":"https:\/\/ucm.one\/de\/?s={search_term_string}"},"query-input":{"@type":"PropertyValueSpecification","valueRequired":true,"valueName":"search_term_string"}}],"inLanguage":"de"},{"@type":"Organization","@id":"https:\/\/ucm.one\/de\/#organization","name":"UCM.ONE","url":"https:\/\/ucm.one\/de\/","logo":{"@type":"ImageObject","inLanguage":"de","@id":"https:\/\/ucm.one\/de\/#\/schema\/logo\/image\/","url":"https:\/\/ucm.one\/wp-content\/uploads\/2019\/10\/UCM.ONE-Logo-RGB.svg","contentUrl":"https:\/\/ucm.one\/wp-content\/uploads\/2019\/10\/UCM.ONE-Logo-RGB.svg","width":1,"height":1,"caption":"UCM.ONE"},"image":{"@id":"https:\/\/ucm.one\/de\/#\/schema\/logo\/image\/"}}]}},"_links":{"self":[{"href":"https:\/\/ucm.one\/de\/wp-json\/wp\/v2\/product\/125889","targetHints":{"allow":["GET"]}}],"collection":[{"href":"https:\/\/ucm.one\/de\/wp-json\/wp\/v2\/product"}],"about":[{"href":"https:\/\/ucm.one\/de\/wp-json\/wp\/v2\/types\/product"}],"replies":[{"embeddable":true,"href":"https:\/\/ucm.one\/de\/wp-json\/wp\/v2\/comments?post=125889"}],"wp:featuredmedia":[{"embeddable":true,"href":"https:\/\/ucm.one\/de\/wp-json\/wp\/v2\/media\/125892"}],"wp:attachment":[{"href":"https:\/\/ucm.one\/de\/wp-json\/wp\/v2\/media?parent=125889"}],"wp:term":[{"taxonomy":"product_brand","embeddable":true,"href":"https:\/\/ucm.one\/de\/wp-json\/wp\/v2\/product_brand?post=125889"},{"taxonomy":"product_cat","embeddable":true,"href":"https:\/\/ucm.one\/de\/wp-json\/wp\/v2\/product_cat?post=125889"},{"taxonomy":"product_tag","embeddable":true,"href":"https:\/\/ucm.one\/de\/wp-json\/wp\/v2\/product_tag?post=125889"}],"curies":[{"name":"wp","href":"https:\/\/api.w.org\/{rel}","templated":true}]}}