{"id":124892,"date":"2024-12-12T01:15:57","date_gmt":"2024-12-12T01:15:57","guid":{"rendered":"https:\/\/ucm.one\/?post_type=product&#038;p=124892"},"modified":"2025-10-31T16:45:30","modified_gmt":"2025-10-31T16:45:30","slug":"vamp","status":"publish","type":"product","link":"https:\/\/ucm.one\/de\/produkt\/vamp\/","title":{"rendered":"Vamp"},"content":{"rendered":"<div class=\"wpb_text_column wpb_content_element \">\n<div class=\"wpb_wrapper\">\n<div class=\"\">\n<div class=\"wpb_text_column wpb_content_element \">\n<div class=\"wpb_wrapper\">\n<div class=\"wpb_text_column wpb_content_element \">\n<div class=\"wpb_wrapper\">\n<div class=\"wpb_text_column wpb_content_element \">\n<div class=\"wpb_wrapper\">\n<div class=\"wpb_text_column wpb_content_element \">\n<div class=\"wpb_wrapper\">\n<p>Die drei Studenten Keith, AJ und Duncan geraten auf der Suche nach einer Stripperin f\u00fcr ihre Studentenfete in den d\u00fcster-dubiosen Nachtclub &#8222;After Dark&#8220;. In diesem Club ist die geheimnisvolle Katrina (<strong>Grace Jones<\/strong>) die unbestrittene K\u00f6nigin. Sie ist ein leibhaftiger Vampir, die Schrecklichste aller Untoten, vom Tod der Menschen lebend, st\u00e4ndig bereit zuzubei\u00dfen. Sofort ist sie hinter den drei Studenten her und sie befinden sich pl\u00f6tzlich in akuter Lebensgefahr. Zwischen Killerfahrst\u00fchlen und unheimlichen Abwasserkan\u00e4len, m\u00e4nnermordenden kleinen M\u00e4dchen hindurch, fl\u00fcchten sie in wilder Panik durch die verzerrte, unwirkliche Welt der Vamps &#8230;<\/p>\n<\/div>\n<\/div>\n<\/div>\n<\/div>\n<\/div>\n<\/div>\n<\/div>\n<\/div>\n<\/div>\n<\/div>\n<\/div>\n<div><div class=\"gap\" style=\"line-height: 20px; height: 20px;\"><\/div><\/div>\n<h5>Weitere Informationen<\/h5>\n<div>\n<div>\n<table style=\"height: 46px;width: 100%;border-collapse: collapse;border-color: #ffffff;background-color: #ffffff;border-style: hidden\">\n<tbody>\n<tr style=\"height: 23px\">\n<td style=\"width: 4.701195219123506%;height: 23px;border-style: hidden\">Label:<\/td>\n<td style=\"width: 95.29880478087651%;height: 23px;border-style: hidden\"><a title=\"M-Square Pictures\" href=\"https:\/\/ucm.one\/de\/film-labels\/m-square-pictures\/#m-square-classics\">M-Square Classics<\/a><\/td>\n<\/tr>\n<\/tbody>\n<\/table>\n<\/div>\n<div><\/div>\n<\/div>\n<div>\n<div><div class=\"gap\" style=\"line-height: 10px; height: 10px;\"><\/div><\/div>\n<div>\u2117 1986 <strong>New World Pictures<\/strong>, \u00a9 2024 <strong>M-Square Classics<\/strong> \/ <span style=\"font-family: 'arial black', sans-serif\"><strong>UCM.ONE<\/strong><\/span><\/div>\n<div><div class=\"gap\" style=\"line-height: 20px; height: 20px;\"><\/div><\/div>\n<div>\n<div><\/div>\n<div>\n<div><div class=\"gap\" style=\"line-height: 10px; height: 10px;\"><\/div><\/div>\n<div><span style=\"color: #003a80\"><strong>\u27a0 <a style=\"color: #003a80\" href=\"https:\/\/ucm.one\/de\/produkt-kategorie\/art-de\/filme-de\/\">zum Shop<\/a><\/strong><\/span><\/div>\n<div><div class=\"gap\" style=\"line-height: 20px; height: 20px;\"><\/div><\/div>\n<\/div>\n<\/div>\n<\/div>\n","protected":false},"excerpt":{"rendered":"<p>Regie: <a title=\"Brendan Petrizzo\" href=\"https:\/\/ucm.one\/de\/?s=%22Richard+Wenk%22&amp;post_type=product\"><strong>Richard Wenk<\/strong><\/a><\/p>\n<p>Label: <a title=\"M-Square Pictures\" href=\"https:\/\/ucm.one\/de\/produkt-kategorie\/label-film-de\/m-square-classics-de\"><strong>M-Square Pictures<\/strong><\/a><\/p>\n<p>Art:\u00a0<strong><a href=\"https:\/\/ucm.one\/de\/produkt-kategorie\/art-de\/filme-de\/\">Film<\/a> (Spielfilm)<\/strong><\/p>\n<p>Genre: <b><a title=\"\" href=\"https:\/\/ucm.one\/de\/produkt-kategorie\/genre-film-de\/fantasy-de\/\">Fantasy<\/a><\/b>, <b><a href=\"https:\/\/ucm.one\/de\/produkt-kategorie\/genre-film-de\/horror-de\/\">Horror<\/a><\/b><\/p>\n<p>Jahr: <strong>2025<\/strong><\/p>\n<p>FSK: <strong>18<\/strong><\/p>\n<p>Formate: <strong>Diverse<\/strong><\/p>\n","protected":false},"featured_media":124893,"comment_status":"open","ping_status":"closed","template":"","meta":{"_acf_changed":false},"product_brand":[],"product_cat":[10327,10328,10331,10332,10356,9708,10323],"product_tag":[18358,18359,18360,18361,18362,11968,18355,18356,18357],"class_list":{"0":"post-124892","1":"product","2":"type-product","3":"status-publish","4":"has-post-thumbnail","6":"product_cat-horror-de","7":"product_cat-fantasy-de","8":"product_cat-dvd-de","9":"product_cat-blu-ray-de","10":"product_cat-komoedie-de","11":"product_cat-filme-de","12":"product_cat-m-square-pictures-de","13":"product_tag-robert-rusler","14":"product_tag-dedee-pfeiffer","15":"product_tag-gedde-watanabe","16":"product_tag-grace-jones","17":"product_tag-richard-wenk","18":"product_tag-vampire","19":"product_tag-vamp","20":"product_tag-chris-makepeace","21":"product_tag-sandy-baron","22":"pa_format-dvd","23":"pa_format-blu-ray-de","24":"description-off","26":"first","27":"instock","28":"taxable","29":"shipping-taxable","30":"purchasable","31":"product-type-variable"},"acf":[],"yoast_head":"<!-- This site is optimized with the Yoast SEO plugin v27.2 - https:\/\/yoast.com\/product\/yoast-seo-wordpress\/ -->\n<title>Vamp<\/title>\n<meta name=\"description\" content=\"Shop | Vamp\u00a0 | 2024 | M-Square Classics | Blu-Ray, DVD | FSK 18\" \/>\n<meta name=\"robots\" content=\"index, follow, max-snippet:-1, max-image-preview:large, max-video-preview:-1\" \/>\n<link rel=\"canonical\" href=\"https:\/\/ucm.one\/de\/produkt\/vamp\/\" \/>\n<meta property=\"og:locale\" content=\"de_DE\" \/>\n<meta property=\"og:type\" content=\"article\" \/>\n<meta property=\"og:title\" content=\"Vamp\" \/>\n<meta property=\"og:description\" content=\"Shop | Vamp\u00a0 | 2024 | M-Square Classics | Blu-ray, DVD | FSK 18\" \/>\n<meta property=\"og:url\" content=\"https:\/\/ucm.one\/de\/produkt\/vamp\/\" \/>\n<meta property=\"og:site_name\" content=\"UCM.ONE\" \/>\n<meta property=\"article:modified_time\" content=\"2025-10-31T16:45:30+00:00\" \/>\n<meta property=\"og:image\" content=\"https:\/\/ucm.one\/wp-content\/uploads\/2024\/12\/C-Vamp-DVD-2D-FSK18.jpg\" \/>\n\t<meta property=\"og:image:width\" content=\"699\" \/>\n\t<meta property=\"og:image:height\" content=\"1000\" \/>\n\t<meta property=\"og:image:type\" content=\"image\/jpeg\" \/>\n<meta name=\"twitter:card\" content=\"summary_large_image\" \/>\n<meta name=\"twitter:title\" content=\"Vamp\" \/>\n<meta name=\"twitter:description\" content=\"Shop | Vamp\u00a0 | 2024 | M-Square Classics | Blu-ray, DVD | FSK 18\" \/>\n<meta name=\"twitter:image\" content=\"https:\/\/ucm.one\/wp-content\/uploads\/2024\/12\/C-Vamp-DVD-2D-FSK18.jpg\" \/>\n<meta name=\"twitter:label1\" content=\"Gesch\u00e4tzte Lesezeit\" \/>\n\t<meta name=\"twitter:data1\" content=\"1\u00a0Minute\" \/>\n<!-- \/ Yoast SEO plugin. -->","yoast_head_json":{"title":"Vamp","description":"Shop | Vamp\u00a0 | 2024 | M-Square Classics | Blu-Ray, DVD | FSK 18","robots":{"index":"index","follow":"follow","max-snippet":"max-snippet:-1","max-image-preview":"max-image-preview:large","max-video-preview":"max-video-preview:-1"},"canonical":"https:\/\/ucm.one\/de\/produkt\/vamp\/","og_locale":"de_DE","og_type":"article","og_title":"Vamp","og_description":"Shop | Vamp\u00a0 | 2024 | M-Square Classics | Blu-ray, DVD | FSK 18","og_url":"https:\/\/ucm.one\/de\/produkt\/vamp\/","og_site_name":"UCM.ONE","article_modified_time":"2025-10-31T16:45:30+00:00","og_image":[{"width":699,"height":1000,"url":"https:\/\/ucm.one\/wp-content\/uploads\/2024\/12\/C-Vamp-DVD-2D-FSK18.jpg","type":"image\/jpeg"}],"twitter_card":"summary_large_image","twitter_title":"Vamp","twitter_description":"Shop | Vamp\u00a0 | 2024 | M-Square Classics | Blu-ray, DVD | FSK 18","twitter_image":"https:\/\/ucm.one\/wp-content\/uploads\/2024\/12\/C-Vamp-DVD-2D-FSK18.jpg","twitter_misc":{"Gesch\u00e4tzte Lesezeit":"1\u00a0Minute"},"schema":{"@context":"https:\/\/schema.org","@graph":[{"@type":"WebPage","@id":"https:\/\/ucm.one\/de\/produkt\/vamp\/","url":"https:\/\/ucm.one\/de\/produkt\/vamp\/","name":"Vamp","isPartOf":{"@id":"https:\/\/ucm.one\/de\/#website"},"primaryImageOfPage":{"@id":"https:\/\/ucm.one\/de\/produkt\/vamp\/#primaryimage"},"image":{"@id":"https:\/\/ucm.one\/de\/produkt\/vamp\/#primaryimage"},"thumbnailUrl":"https:\/\/ucm.one\/wp-content\/uploads\/2024\/12\/C-Vamp-DVD-2D-FSK18.jpg","datePublished":"2024-12-12T01:15:57+00:00","dateModified":"2025-10-31T16:45:30+00:00","description":"Shop | Vamp\u00a0 | 2024 | M-Square Classics | Blu-Ray, DVD | FSK 18","breadcrumb":{"@id":"https:\/\/ucm.one\/de\/produkt\/vamp\/#breadcrumb"},"inLanguage":"de","potentialAction":[{"@type":"ReadAction","target":["https:\/\/ucm.one\/de\/produkt\/vamp\/"]}]},{"@type":"ImageObject","inLanguage":"de","@id":"https:\/\/ucm.one\/de\/produkt\/vamp\/#primaryimage","url":"https:\/\/ucm.one\/wp-content\/uploads\/2024\/12\/C-Vamp-DVD-2D-FSK18.jpg","contentUrl":"https:\/\/ucm.one\/wp-content\/uploads\/2024\/12\/C-Vamp-DVD-2D-FSK18.jpg","width":699,"height":1000},{"@type":"BreadcrumbList","@id":"https:\/\/ucm.one\/de\/produkt\/vamp\/#breadcrumb","itemListElement":[{"@type":"ListItem","position":1,"name":"Home","item":"https:\/\/ucm.one\/de\/"},{"@type":"ListItem","position":2,"name":"Shop","item":"https:\/\/ucm.one\/de\/shop\/"},{"@type":"ListItem","position":3,"name":"Vamp"}]},{"@type":"WebSite","@id":"https:\/\/ucm.one\/de\/#website","url":"https:\/\/ucm.one\/de\/","name":"UCM.ONE","description":"","publisher":{"@id":"https:\/\/ucm.one\/de\/#organization"},"potentialAction":[{"@type":"SearchAction","target":{"@type":"EntryPoint","urlTemplate":"https:\/\/ucm.one\/de\/?s={search_term_string}"},"query-input":{"@type":"PropertyValueSpecification","valueRequired":true,"valueName":"search_term_string"}}],"inLanguage":"de"},{"@type":"Organization","@id":"https:\/\/ucm.one\/de\/#organization","name":"UCM.ONE","url":"https:\/\/ucm.one\/de\/","logo":{"@type":"ImageObject","inLanguage":"de","@id":"https:\/\/ucm.one\/de\/#\/schema\/logo\/image\/","url":"https:\/\/ucm.one\/wp-content\/uploads\/2019\/10\/UCM.ONE-Logo-RGB.svg","contentUrl":"https:\/\/ucm.one\/wp-content\/uploads\/2019\/10\/UCM.ONE-Logo-RGB.svg","width":1,"height":1,"caption":"UCM.ONE"},"image":{"@id":"https:\/\/ucm.one\/de\/#\/schema\/logo\/image\/"}}]}},"_links":{"self":[{"href":"https:\/\/ucm.one\/de\/wp-json\/wp\/v2\/product\/124892","targetHints":{"allow":["GET"]}}],"collection":[{"href":"https:\/\/ucm.one\/de\/wp-json\/wp\/v2\/product"}],"about":[{"href":"https:\/\/ucm.one\/de\/wp-json\/wp\/v2\/types\/product"}],"replies":[{"embeddable":true,"href":"https:\/\/ucm.one\/de\/wp-json\/wp\/v2\/comments?post=124892"}],"wp:featuredmedia":[{"embeddable":true,"href":"https:\/\/ucm.one\/de\/wp-json\/wp\/v2\/media\/124893"}],"wp:attachment":[{"href":"https:\/\/ucm.one\/de\/wp-json\/wp\/v2\/media?parent=124892"}],"wp:term":[{"taxonomy":"product_brand","embeddable":true,"href":"https:\/\/ucm.one\/de\/wp-json\/wp\/v2\/product_brand?post=124892"},{"taxonomy":"product_cat","embeddable":true,"href":"https:\/\/ucm.one\/de\/wp-json\/wp\/v2\/product_cat?post=124892"},{"taxonomy":"product_tag","embeddable":true,"href":"https:\/\/ucm.one\/de\/wp-json\/wp\/v2\/product_tag?post=124892"}],"curies":[{"name":"wp","href":"https:\/\/api.w.org\/{rel}","templated":true}]}}