{"id":118167,"date":"2024-12-07T23:41:32","date_gmt":"2024-12-07T23:41:32","guid":{"rendered":"https:\/\/ucm.one\/?post_type=product&#038;p=118167"},"modified":"2025-02-25T16:49:56","modified_gmt":"2025-02-25T16:49:56","slug":"voidfallen-the-rituals-of-resilience","status":"publish","type":"product","link":"https:\/\/ucm.one\/de\/produkt\/voidfallen-the-rituals-of-resilience\/","title":{"rendered":"Voidfallen &#8211; The Rituals of Resilience"},"content":{"rendered":"<div class=\"wpb_text_column wpb_content_element \">\n<div class=\"wpb_wrapper\">\n<div class=\"\">\n<p class=\"p1\">Urspr\u00fcnglich als Zwei-Mann-Projekt von den Gitarristen <strong>Tommi Kangaskortet<\/strong> und <strong>Henri Vuorenmaa<\/strong> im Jahr 2019 gegr\u00fcndet, hat sich <strong>Voidfallen<\/strong> schnell zu einer vollst\u00e4ndigen Band entwickelt, die ihre kraftvollen Kompositionen auf der B\u00fchne zum Leben erweckt. Mit ihrem Deb\u00fctalbum \u201c<strong>The Atlas of Spiritual Apocalypse<\/strong>\u201d (2021) haben sie sich als feste Gr\u00f6\u00dfe in der Melodic-Death-Metal-Szene etabliert. Nun steht \u201c<strong>The Rituals of Resilience<\/strong>\u201d bereit, um das n\u00e4chste Kapitel aufzuschlagen. Ein Album, das mit brutaler Intensit\u00e4t und einer noch weiterentwickelten Klanglandschaft die Messlatte h\u00f6her legt.<\/p>\n<p class=\"p1\"><strong>Voidfallen<\/strong> verbindet technische Raffinesse mit emotionaler Tiefe und liefert Metal, der Kopf und Herz gleicherma\u00dfen anspricht. Bereiten Sie sich auf ein unvergessliches Klangerlebnis vor!<\/p>\n<\/div>\n<\/div>\n<\/div>\n<div><div class=\"gap\" style=\"line-height: 20px; height: 20px;\"><\/div><\/div>\n<h5>Weitere Informationen<\/h5>\n<div>\n<div>\n<table style=\"height: 46px; width: 100%; border-collapse: collapse; border-color: #ffffff; background-color: #ffffff; border-style: hidden;\">\n<tbody>\n<tr style=\"height: 23px; border-style: hidden; border-color: #ffffff; background-color: #ffffff;\">\n<td style=\"width: 58.953125px; height: 23px; border-style: hidden;\">Band:<\/td>\n<td style=\"width: 1204.0625px; height: 23px; border-style: hidden;\"><a title=\"Dawn of Solace | Noble Demon\" href=\"https:\/\/ucm.one\/de\/voidfallen\">Voidfallen<\/a><\/td>\n<\/tr>\n<tr style=\"height: 23px;\">\n<td style=\"width: 58.953125px; height: 23px; border-style: hidden;\">Label:<\/td>\n<td style=\"width: 1204.0625px; height: 23px; border-style: hidden;\"><a title=\"Noble Demon\" href=\"https:\/\/ucm.one\/de\/musik-labels\/noble-demon\/\">Noble Demon<\/a><\/td>\n<\/tr>\n<\/tbody>\n<\/table>\n<\/div>\n<div><\/div>\n<div><div class=\"gap\" style=\"line-height: 10px; height: 10px;\"><\/div><\/div>\n<div>\u2117 &amp; \u00a9 2025 <strong>Noble Demon<\/strong> \/ <span style=\"font-family: 'arial black', sans-serif;\"><strong>UCM.ONE<\/strong><\/span><\/div>\n<div><div class=\"gap\" style=\"line-height: 20px; height: 20px;\"><\/div><\/div>\n<\/div>\n<div>\n<div><\/div>\n<div><div class=\"gap\" style=\"line-height: 10px; height: 10px;\"><\/div><\/div>\n<div><span style=\"color: #003a80;\"><strong>\u27a0 <a style=\"color: #003a80;\" title=\"\" href=\"https:\/\/ucm.one\/de\/produkt-kategorie\/art-de\/musik-de\/\">zum Shop<\/a><\/strong><\/span><\/div>\n<div><div class=\"gap\" style=\"line-height: 20px; height: 20px;\"><\/div><\/div>\n<\/div>\n","protected":false},"excerpt":{"rendered":"<p>Band: <a href=\"https:\/\/ucm.one\/de\/?s=%22Voidfallen%22&amp;post_type=product\"><strong>Voidfallen<\/strong><\/a><\/p>\n<p>Label:\u00a0<a href=\"https:\/\/ucm.one\/de\/produkt-kategorie\/label-musik-de\/noble-demon-de\/\"><strong>Noble Demon<\/strong><\/a><\/p>\n<p>Art: <strong><a href=\"https:\/\/ucm.one\/de\/produkt-kategorie\/art-de\/musik-de\/\">Musik<\/a> (Album)<\/strong><\/p>\n<p>Genre: <strong><a href=\"https:\/\/ucm.one\/de\/produkt-kategorie\/genre-musik-de\/metal-de\/\">Metal<\/a>, <a href=\"https:\/\/ucm.one\/de\/produkt-kategorie\/genre-musik-de\/metal-de\/melancholic-metal-de\/\">Melancholic Metal<\/a><\/strong><\/p>\n<p>Jahr: <strong>2025<\/strong><\/p>\n<p>Format: <strong>CD<\/strong><\/p>\n","protected":false},"featured_media":109934,"comment_status":"open","ping_status":"closed","template":"","meta":{"_acf_changed":false},"product_brand":[],"product_cat":[9823,9755,9756,9781,9813,9713,9822,9753],"product_tag":[9824,9760,18341,9763,18342,9787,9814],"class_list":{"0":"post-118167","1":"product","2":"type-product","3":"status-publish","4":"has-post-thumbnail","6":"product_cat-doom-metal-de","7":"product_cat-label-musik-de","8":"product_cat-noble-demon-de","9":"product_cat-death-metal-de","10":"product_cat-cd-de","11":"product_cat-musik-de","12":"product_cat-melancholic-metal-de","13":"product_cat-metal-de","14":"product_tag-melancholic-metal","15":"product_tag-cd","16":"product_tag-voidfallen","17":"product_tag-noble-demon","18":"product_tag-the-rituals-of-resilience","19":"product_tag-death-metal","20":"product_tag-dawn-of-solace","21":"pa_format-cd-digipak","22":"description-off","24":"first","25":"instock","26":"taxable","27":"shipping-taxable","28":"purchasable","29":"product-type-variable"},"acf":[],"yoast_head":"<!-- This site is optimized with the Yoast SEO plugin v27.2 - https:\/\/yoast.com\/product\/yoast-seo-wordpress\/ -->\n<title>Voidfallen - The Rituals of Resilience<\/title>\n<meta name=\"description\" content=\"Shop | Voidfallen - The Rituals of Resilience | 2025 | Noble Demon | CD\" \/>\n<meta name=\"robots\" content=\"index, follow, max-snippet:-1, max-image-preview:large, max-video-preview:-1\" \/>\n<link rel=\"canonical\" href=\"https:\/\/ucm.one\/de\/produkt\/voidfallen-the-rituals-of-resilience\/\" \/>\n<meta property=\"og:locale\" content=\"de_DE\" \/>\n<meta property=\"og:type\" content=\"article\" \/>\n<meta property=\"og:title\" content=\"Voidfallen - The Rituals of Resilience\" \/>\n<meta property=\"og:description\" content=\"Shop | Voidfallen - The Rituals of Resilience | 2025 | Noble Demon | CD\" \/>\n<meta property=\"og:url\" content=\"https:\/\/ucm.one\/de\/produkt\/voidfallen-the-rituals-of-resilience\/\" \/>\n<meta property=\"og:site_name\" content=\"UCM.ONE\" \/>\n<meta property=\"article:modified_time\" content=\"2025-02-25T16:49:56+00:00\" \/>\n<meta property=\"og:image\" content=\"https:\/\/ucm.one\/wp-content\/uploads\/2024\/11\/C-Voidfallen-Rituals-of-Resilience.jpg\" \/>\n\t<meta property=\"og:image:width\" content=\"1000\" \/>\n\t<meta property=\"og:image:height\" content=\"1000\" \/>\n\t<meta property=\"og:image:type\" content=\"image\/jpeg\" \/>\n<meta name=\"twitter:card\" content=\"summary_large_image\" \/>\n<meta name=\"twitter:title\" content=\"Voidfallen - The Rituals of Resilience\" \/>\n<meta name=\"twitter:description\" content=\"Shop | Voidfallen - The Rituals of Resilience | 2025 | Noble Demon | CD\" \/>\n<meta name=\"twitter:image\" content=\"https:\/\/ucm.one\/wp-content\/uploads\/2024\/11\/C-Voidfallen-Rituals-of-Resilience.jpg\" \/>\n<meta name=\"twitter:label1\" content=\"Gesch\u00e4tzte Lesezeit\" \/>\n\t<meta name=\"twitter:data1\" content=\"1\u00a0Minute\" \/>\n<!-- \/ Yoast SEO plugin. -->","yoast_head_json":{"title":"Voidfallen - The Rituals of Resilience","description":"Shop | Voidfallen - The Rituals of Resilience | 2025 | Noble Demon | CD","robots":{"index":"index","follow":"follow","max-snippet":"max-snippet:-1","max-image-preview":"max-image-preview:large","max-video-preview":"max-video-preview:-1"},"canonical":"https:\/\/ucm.one\/de\/produkt\/voidfallen-the-rituals-of-resilience\/","og_locale":"de_DE","og_type":"article","og_title":"Voidfallen - The Rituals of Resilience","og_description":"Shop | Voidfallen - The Rituals of Resilience | 2025 | Noble Demon | CD","og_url":"https:\/\/ucm.one\/de\/produkt\/voidfallen-the-rituals-of-resilience\/","og_site_name":"UCM.ONE","article_modified_time":"2025-02-25T16:49:56+00:00","og_image":[{"width":1000,"height":1000,"url":"https:\/\/ucm.one\/wp-content\/uploads\/2024\/11\/C-Voidfallen-Rituals-of-Resilience.jpg","type":"image\/jpeg"}],"twitter_card":"summary_large_image","twitter_title":"Voidfallen - The Rituals of Resilience","twitter_description":"Shop | Voidfallen - The Rituals of Resilience | 2025 | Noble Demon | CD","twitter_image":"https:\/\/ucm.one\/wp-content\/uploads\/2024\/11\/C-Voidfallen-Rituals-of-Resilience.jpg","twitter_misc":{"Gesch\u00e4tzte Lesezeit":"1\u00a0Minute"},"schema":{"@context":"https:\/\/schema.org","@graph":[{"@type":"WebPage","@id":"https:\/\/ucm.one\/de\/produkt\/voidfallen-the-rituals-of-resilience\/","url":"https:\/\/ucm.one\/de\/produkt\/voidfallen-the-rituals-of-resilience\/","name":"Voidfallen - The Rituals of Resilience","isPartOf":{"@id":"https:\/\/ucm.one\/de\/#website"},"primaryImageOfPage":{"@id":"https:\/\/ucm.one\/de\/produkt\/voidfallen-the-rituals-of-resilience\/#primaryimage"},"image":{"@id":"https:\/\/ucm.one\/de\/produkt\/voidfallen-the-rituals-of-resilience\/#primaryimage"},"thumbnailUrl":"https:\/\/ucm.one\/wp-content\/uploads\/2024\/11\/C-Voidfallen-Rituals-of-Resilience.jpg","datePublished":"2024-12-07T23:41:32+00:00","dateModified":"2025-02-25T16:49:56+00:00","description":"Shop | Voidfallen - The Rituals of Resilience | 2025 | Noble Demon | CD","breadcrumb":{"@id":"https:\/\/ucm.one\/de\/produkt\/voidfallen-the-rituals-of-resilience\/#breadcrumb"},"inLanguage":"de","potentialAction":[{"@type":"ReadAction","target":["https:\/\/ucm.one\/de\/produkt\/voidfallen-the-rituals-of-resilience\/"]}]},{"@type":"ImageObject","inLanguage":"de","@id":"https:\/\/ucm.one\/de\/produkt\/voidfallen-the-rituals-of-resilience\/#primaryimage","url":"https:\/\/ucm.one\/wp-content\/uploads\/2024\/11\/C-Voidfallen-Rituals-of-Resilience.jpg","contentUrl":"https:\/\/ucm.one\/wp-content\/uploads\/2024\/11\/C-Voidfallen-Rituals-of-Resilience.jpg","width":1000,"height":1000},{"@type":"BreadcrumbList","@id":"https:\/\/ucm.one\/de\/produkt\/voidfallen-the-rituals-of-resilience\/#breadcrumb","itemListElement":[{"@type":"ListItem","position":1,"name":"Home","item":"https:\/\/ucm.one\/de\/"},{"@type":"ListItem","position":2,"name":"Shop","item":"https:\/\/ucm.one\/de\/shop\/"},{"@type":"ListItem","position":3,"name":"Voidfallen &#8211; The Rituals of Resilience"}]},{"@type":"WebSite","@id":"https:\/\/ucm.one\/de\/#website","url":"https:\/\/ucm.one\/de\/","name":"UCM.ONE","description":"","publisher":{"@id":"https:\/\/ucm.one\/de\/#organization"},"potentialAction":[{"@type":"SearchAction","target":{"@type":"EntryPoint","urlTemplate":"https:\/\/ucm.one\/de\/?s={search_term_string}"},"query-input":{"@type":"PropertyValueSpecification","valueRequired":true,"valueName":"search_term_string"}}],"inLanguage":"de"},{"@type":"Organization","@id":"https:\/\/ucm.one\/de\/#organization","name":"UCM.ONE","url":"https:\/\/ucm.one\/de\/","logo":{"@type":"ImageObject","inLanguage":"de","@id":"https:\/\/ucm.one\/de\/#\/schema\/logo\/image\/","url":"https:\/\/ucm.one\/wp-content\/uploads\/2019\/10\/UCM.ONE-Logo-RGB.svg","contentUrl":"https:\/\/ucm.one\/wp-content\/uploads\/2019\/10\/UCM.ONE-Logo-RGB.svg","width":1,"height":1,"caption":"UCM.ONE"},"image":{"@id":"https:\/\/ucm.one\/de\/#\/schema\/logo\/image\/"}}]}},"_links":{"self":[{"href":"https:\/\/ucm.one\/de\/wp-json\/wp\/v2\/product\/118167","targetHints":{"allow":["GET"]}}],"collection":[{"href":"https:\/\/ucm.one\/de\/wp-json\/wp\/v2\/product"}],"about":[{"href":"https:\/\/ucm.one\/de\/wp-json\/wp\/v2\/types\/product"}],"replies":[{"embeddable":true,"href":"https:\/\/ucm.one\/de\/wp-json\/wp\/v2\/comments?post=118167"}],"wp:featuredmedia":[{"embeddable":true,"href":"https:\/\/ucm.one\/de\/wp-json\/wp\/v2\/media\/109934"}],"wp:attachment":[{"href":"https:\/\/ucm.one\/de\/wp-json\/wp\/v2\/media?parent=118167"}],"wp:term":[{"taxonomy":"product_brand","embeddable":true,"href":"https:\/\/ucm.one\/de\/wp-json\/wp\/v2\/product_brand?post=118167"},{"taxonomy":"product_cat","embeddable":true,"href":"https:\/\/ucm.one\/de\/wp-json\/wp\/v2\/product_cat?post=118167"},{"taxonomy":"product_tag","embeddable":true,"href":"https:\/\/ucm.one\/de\/wp-json\/wp\/v2\/product_tag?post=118167"}],"curies":[{"name":"wp","href":"https:\/\/api.w.org\/{rel}","templated":true}]}}