{"id":106789,"date":"2024-10-31T19:44:56","date_gmt":"2024-10-31T19:44:56","guid":{"rendered":"https:\/\/ucm.one\/?post_type=product&#038;p=106789"},"modified":"2025-09-14T16:08:57","modified_gmt":"2025-09-14T16:08:57","slug":"king-satan-the-devils-evangelion-t-shirt","status":"publish","type":"product","link":"https:\/\/ucm.one\/de\/produkt\/king-satan-the-devils-evangelion-t-shirt\/","title":{"rendered":"King Satan &#8211; The Devil&#8217;s Evangelion (T-Shirt)"},"content":{"rendered":"<div class=\"wpb-content-wrapper\"><div class=\"vc_row wpb_row vc_row-fluid\">\n<div class=\"wpb_column vc_column_container vc_col-sm-12\">\n<div class=\"vc_column-inner\">\n<div class=\"wpb_wrapper\">\n<div class=\"wpb_text_column wpb_content_element \">\n<div class=\"wpb_wrapper\">\n<div class=\"wpb_text_column wpb_content_element \">\n<div class=\"wpb_wrapper\">\n<div class=\"vc_row wpb_row vc_row-fluid\">\n<div class=\"wpb_column vc_column_container vc_col-sm-12\">\n<div class=\"vc_column-inner\">\n<div class=\"wpb_wrapper\">\n<div class=\"wpb_text_column wpb_content_element \">\n<div class=\"wpb_wrapper\">\n<p>&#8222;<strong>The Devil&#8217;s Gospel and the Law of Chaos<\/strong>&#8220; ist eine Zusammenstellung aller ver\u00f6ffentlichten Texte, die der Bandleader, S\u00e4nger und Multiinstrumentalist <strong>Seth Aleister de King Satan<\/strong> zwischen 2015 und 2024 f\u00fcr die finnische Industrial-Metal-Band <strong>King Satan<\/strong> geschrieben hat. Dieses Opus wird von ausgew\u00e4hlten Texten und damit zusammenh\u00e4ngenden Interviewausz\u00fcgen aus seiner l\u00e4ngsten Band <strong>Saturnian Mist<\/strong> (est. 2006) begleitet, um einen ganzheitlichen Blick auf die unorthodoxe und tricksterhafte Vision des K\u00fcnstlers von Satanismus, Okkultismus, Mystik und spiritueller Anarchie zu bieten, die durch eine karnevaleske Mischung aus Rocktexten, esoterischen Poesie und prosaischem Pathos offenbart wird. Enth\u00e4lt die vollst\u00e4ndigen Texte der folgenden <strong>King Satan<\/strong> Alben: &#8222;<strong>The Devil&#8217;s Gospel<\/strong>&#8220; (2024), &#8222;<strong>Occult Spiritual Anarchy<\/strong>&#8220; (2022), &#8222;<strong>I Want You to Worship Satan<\/strong>&#8220; (2019) und &#8222;<strong>King Fucking Satan<\/strong>&#8220; (2017), zusammen mit ausgew\u00e4hlten Texten von Saturnian Mist und verschiedenen Interviewausz\u00fcgen.<\/p>\n<p>Der Autor des Textes, <strong>Seth Aleister de King Satan<\/strong> (alias <strong>King Aleister Satan<\/strong>, alias <strong>Fra. Zetekh<\/strong>), ist ein vielseitiger finnischer K\u00fcnstler, Musiker, Produzent und Musikvideoregisseur, der vor allem durch seine Arbeit mit den Metal-Bands <strong>King Satan<\/strong> (2015\u2013) und<strong> Saturnian Mist<\/strong> (2006\u20132024) bekannt wurde. Als ausgesprochener Okkultist, Symbolist und sozialer Provokateur hat er sein k\u00fcnstlerisches Werk mit esoterischen, philosophischen, mythologischen und psychologischen Themen im Zusammenhang mit dem F\u00fcllhorn von Aspekten des Teufels Archetyps und der Spiritualit\u00e4t des Chaos verkn\u00fcpft.<\/p>\n<\/div>\n<\/div>\n<\/div>\n<\/div>\n<\/div>\n<\/div>\n<\/div>\n<\/div>\n<\/div>\n<\/div>\n<\/div>\n<\/div>\n<\/div>\n<\/div>\n<div class=\"vc_row wpb_row vc_row-fluid\">\n<div class=\"wpb_column vc_column_container vc_col-sm-3\/5\">\n<div class=\"vc_column-inner\">\n<div class=\"wpb_wrapper\">\n<div class=\"wpb_text_column wpb_content_element \">\n<div class=\"wpb_wrapper\">\n<div class=\"wpb_text_column wpb_content_element \">\n<div class=\"wpb_wrapper\">\n<div><div class=\"gap\" style=\"line-height: 20px; height: 20px;\"><\/div><\/div>\n<h5>Weitere Informationen<\/h5>\n<\/div>\n<div>\n<div>\n<table style=\"height: 45px; width: 100%; border-collapse: collapse; border-color: #ffffff; background-color: #ffffff; border-style: hidden;\">\n<tbody>\n<tr>\n<td style=\"width: 4.701195%; border-style: hidden;\">Band:<\/td>\n<td style=\"width: 95.298805%; border-style: hidden;\"><a href=\"https:\/\/ucm.one\/de\/king-satan\/\">King Satan<\/a><\/td>\n<\/tr>\n<tr style=\"height: 23px;\">\n<td style=\"width: 4.701195%; height: 23px;\">Label:<\/td>\n<td style=\"width: 95.298805%; height: 23px;\"><a title=\"Noble Demon\" href=\"https:\/\/ucm.one\/de\/musik-labels\/noble-demon\/\">Noble Demon<\/a><\/td>\n<\/tr>\n<\/tbody>\n<\/table>\n<\/div>\n<div><\/div>\n<div><div class=\"gap\" style=\"line-height: 10px; height: 10px;\"><\/div><\/div>\n<div>\u2117 &amp; \u00a9 2024 <strong>Noble Demon<\/strong> \/ <span style=\"font-family: 'arial black', sans-serif;\"><strong>UCM.ONE<\/strong><\/span><\/div>\n<div><div class=\"gap\" style=\"line-height: 20px; height: 20px;\"><\/div><\/div>\n<div>\n<div><\/div>\n<div><div class=\"gap\" style=\"line-height: 10px; height: 10px;\"><\/div><\/div>\n<div><span style=\"color: #003a80;\"><strong>\u27a0 <a style=\"color: #003a80;\" title=\"\" href=\"https:\/\/ucm.one\/de\/produkt-kategorie\/art-de\/musik-de\/\">zum Shop<\/a><\/strong><\/span><\/div>\n<div><div class=\"gap\" style=\"line-height: 20px; height: 20px;\"><\/div><\/div>\n<\/div>\n<\/div>\n<\/div>\n<\/div>\n<\/div>\n<\/div>\n<\/div>\n<\/div>\n<\/div>\n<\/div>","protected":false},"excerpt":{"rendered":"<p>Band: <a href=\"https:\/\/ucm.one\/de\/?s=%22King+Satan%22&amp;post_type=product\"><strong>King Satan<\/strong><\/a><\/p>\n<p>Label: <a href=\"https:\/\/ucm.one\/de\/produkt-kategorie\/label-musik-de\/noble-demon-de\/\"><strong>Noble Demon<\/strong><\/a><\/p>\n<p>Art: <strong><a href=\"https:\/\/ucm.one\/de\/produkt-kategorie\/art-de\/musik-de\/\">Musik<\/a> (<a href=\"https:\/\/ucm.one\/de\/produkt-kategorie\/merchandise-de\/\">Merchandise<\/a>)<\/strong><\/p>\n<p>Genres: <strong><a href=\"https:\/\/ucm.one\/de\/produkt-kategorie\/genre-musik-de\/metal-de\/rock-n-roll\">Black Metal,<\/a> <a href=\"https:\/\/ucm.one\/de\/produkt-kategorie\/genre-musik-de\/rock-de\/rock-n-roll\/\">Rock \u2019n\u2018 Roll<\/a><\/strong><\/p>\n<p>Jahr: <strong>2024<\/strong><\/p>\n<p>Formate: <strong>Diverse<\/strong><\/p>\n","protected":false},"featured_media":106790,"comment_status":"open","ping_status":"closed","template":"","meta":{"_acf_changed":false},"product_brand":[],"product_cat":[10400,10401,10405,9753,9756,18107,9713,9781],"product_tag":[10958,9763,18110,9764,18112,9765,18115],"class_list":{"0":"post-106789","1":"product","2":"type-product","3":"status-publish","4":"has-post-thumbnail","6":"product_cat-merchandise-de","7":"product_cat-t-shirt-de","8":"product_cat-symphonic-metal-de","9":"product_cat-metal-de","10":"product_cat-noble-demon-de","11":"product_cat-rock-n-roll","12":"product_cat-musik-de","13":"product_cat-death-metal-de","14":"product_tag-t-shirt","15":"product_tag-noble-demon","16":"product_tag-king-satan","17":"product_tag-metal","18":"product_tag-the-devils-evangelion","19":"product_tag-heavy-metal","20":"product_tag-seth-aleister-de-king-satan","21":"description-off","23":"first","24":"instock","25":"taxable","26":"shipping-taxable","27":"purchasable","28":"product-type-variable"},"acf":[],"yoast_head":"<!-- This site is optimized with the Yoast SEO plugin v27.2 - https:\/\/yoast.com\/product\/yoast-seo-wordpress\/ -->\n<title>King Satan - The Devil&#039;s Evangelion (T-shirt)<\/title>\n<meta name=\"description\" content=\"The Devil\u2019s Evangelion and the Law of Chaos | 2024 | Noble Demon | Buch\" \/>\n<meta name=\"robots\" content=\"index, follow, max-snippet:-1, max-image-preview:large, max-video-preview:-1\" \/>\n<link rel=\"canonical\" href=\"https:\/\/ucm.one\/de\/produkt\/king-satan-the-devils-evangelion-t-shirt\/\" \/>\n<meta property=\"og:locale\" content=\"de_DE\" \/>\n<meta property=\"og:type\" content=\"article\" \/>\n<meta property=\"og:title\" content=\"King Satan - The Devil&#039;s Evangelion (T-shirt)\" \/>\n<meta property=\"og:description\" content=\"King Satan - The Devil&#039;s Evangelion | 2024 | Noble Demon | (T-shirt)\" \/>\n<meta property=\"og:url\" content=\"https:\/\/ucm.one\/de\/produkt\/king-satan-the-devils-evangelion-t-shirt\/\" \/>\n<meta property=\"og:site_name\" content=\"UCM.ONE\" \/>\n<meta property=\"article:modified_time\" content=\"2025-09-14T16:08:57+00:00\" \/>\n<meta property=\"og:image\" content=\"https:\/\/ucm.one\/wp-content\/uploads\/2024\/09\/M-T-Shirt-King-Satan-The-Devils-Evangelion.jpg\" \/>\n\t<meta property=\"og:image:width\" content=\"1500\" \/>\n\t<meta property=\"og:image:height\" content=\"1500\" \/>\n\t<meta property=\"og:image:type\" content=\"image\/jpeg\" \/>\n<meta name=\"twitter:card\" content=\"summary_large_image\" \/>\n<meta name=\"twitter:title\" content=\"King Satan - The Devil&#039;s Evangelion (T-shirt)\" \/>\n<meta name=\"twitter:description\" content=\"King Satan - The Devil&#039;s Evangelion | 2024 | Noble Demon | (T-shirt)\" \/>\n<meta name=\"twitter:image\" content=\"https:\/\/ucm.one\/wp-content\/uploads\/2024\/09\/M-T-Shirt-King-Satan-The-Devils-Evangelion.jpg\" \/>\n<meta name=\"twitter:label1\" content=\"Gesch\u00e4tzte Lesezeit\" \/>\n\t<meta name=\"twitter:data1\" content=\"2\u00a0Minuten\" \/>\n<!-- \/ Yoast SEO plugin. -->","yoast_head_json":{"title":"King Satan - The Devil's Evangelion (T-shirt)","description":"The Devil\u2019s Evangelion and the Law of Chaos | 2024 | Noble Demon | Buch","robots":{"index":"index","follow":"follow","max-snippet":"max-snippet:-1","max-image-preview":"max-image-preview:large","max-video-preview":"max-video-preview:-1"},"canonical":"https:\/\/ucm.one\/de\/produkt\/king-satan-the-devils-evangelion-t-shirt\/","og_locale":"de_DE","og_type":"article","og_title":"King Satan - The Devil's Evangelion (T-shirt)","og_description":"King Satan - The Devil's Evangelion | 2024 | Noble Demon | (T-shirt)","og_url":"https:\/\/ucm.one\/de\/produkt\/king-satan-the-devils-evangelion-t-shirt\/","og_site_name":"UCM.ONE","article_modified_time":"2025-09-14T16:08:57+00:00","og_image":[{"width":1500,"height":1500,"url":"https:\/\/ucm.one\/wp-content\/uploads\/2024\/09\/M-T-Shirt-King-Satan-The-Devils-Evangelion.jpg","type":"image\/jpeg"}],"twitter_card":"summary_large_image","twitter_title":"King Satan - The Devil's Evangelion (T-shirt)","twitter_description":"King Satan - The Devil's Evangelion | 2024 | Noble Demon | (T-shirt)","twitter_image":"https:\/\/ucm.one\/wp-content\/uploads\/2024\/09\/M-T-Shirt-King-Satan-The-Devils-Evangelion.jpg","twitter_misc":{"Gesch\u00e4tzte Lesezeit":"2\u00a0Minuten"},"schema":{"@context":"https:\/\/schema.org","@graph":[{"@type":"WebPage","@id":"https:\/\/ucm.one\/de\/produkt\/king-satan-the-devils-evangelion-t-shirt\/","url":"https:\/\/ucm.one\/de\/produkt\/king-satan-the-devils-evangelion-t-shirt\/","name":"King Satan - The Devil's Evangelion (T-shirt)","isPartOf":{"@id":"https:\/\/ucm.one\/de\/#website"},"primaryImageOfPage":{"@id":"https:\/\/ucm.one\/de\/produkt\/king-satan-the-devils-evangelion-t-shirt\/#primaryimage"},"image":{"@id":"https:\/\/ucm.one\/de\/produkt\/king-satan-the-devils-evangelion-t-shirt\/#primaryimage"},"thumbnailUrl":"https:\/\/ucm.one\/wp-content\/uploads\/2024\/09\/M-T-Shirt-King-Satan-The-Devils-Evangelion.jpg","datePublished":"2024-10-31T19:44:56+00:00","dateModified":"2025-09-14T16:08:57+00:00","description":"The Devil\u2019s Evangelion and the Law of Chaos | 2024 | Noble Demon | Buch","breadcrumb":{"@id":"https:\/\/ucm.one\/de\/produkt\/king-satan-the-devils-evangelion-t-shirt\/#breadcrumb"},"inLanguage":"de","potentialAction":[{"@type":"ReadAction","target":["https:\/\/ucm.one\/de\/produkt\/king-satan-the-devils-evangelion-t-shirt\/"]}]},{"@type":"ImageObject","inLanguage":"de","@id":"https:\/\/ucm.one\/de\/produkt\/king-satan-the-devils-evangelion-t-shirt\/#primaryimage","url":"https:\/\/ucm.one\/wp-content\/uploads\/2024\/09\/M-T-Shirt-King-Satan-The-Devils-Evangelion.jpg","contentUrl":"https:\/\/ucm.one\/wp-content\/uploads\/2024\/09\/M-T-Shirt-King-Satan-The-Devils-Evangelion.jpg","width":1500,"height":1500},{"@type":"BreadcrumbList","@id":"https:\/\/ucm.one\/de\/produkt\/king-satan-the-devils-evangelion-t-shirt\/#breadcrumb","itemListElement":[{"@type":"ListItem","position":1,"name":"Home","item":"https:\/\/ucm.one\/de\/"},{"@type":"ListItem","position":2,"name":"Shop","item":"https:\/\/ucm.one\/de\/shop\/"},{"@type":"ListItem","position":3,"name":"King Satan &#8211; The Devil&#8217;s Evangelion (T-Shirt)"}]},{"@type":"WebSite","@id":"https:\/\/ucm.one\/de\/#website","url":"https:\/\/ucm.one\/de\/","name":"UCM.ONE","description":"","publisher":{"@id":"https:\/\/ucm.one\/de\/#organization"},"potentialAction":[{"@type":"SearchAction","target":{"@type":"EntryPoint","urlTemplate":"https:\/\/ucm.one\/de\/?s={search_term_string}"},"query-input":{"@type":"PropertyValueSpecification","valueRequired":true,"valueName":"search_term_string"}}],"inLanguage":"de"},{"@type":"Organization","@id":"https:\/\/ucm.one\/de\/#organization","name":"UCM.ONE","url":"https:\/\/ucm.one\/de\/","logo":{"@type":"ImageObject","inLanguage":"de","@id":"https:\/\/ucm.one\/de\/#\/schema\/logo\/image\/","url":"https:\/\/ucm.one\/wp-content\/uploads\/2019\/10\/UCM.ONE-Logo-RGB.svg","contentUrl":"https:\/\/ucm.one\/wp-content\/uploads\/2019\/10\/UCM.ONE-Logo-RGB.svg","width":1,"height":1,"caption":"UCM.ONE"},"image":{"@id":"https:\/\/ucm.one\/de\/#\/schema\/logo\/image\/"}}]}},"_links":{"self":[{"href":"https:\/\/ucm.one\/de\/wp-json\/wp\/v2\/product\/106789","targetHints":{"allow":["GET"]}}],"collection":[{"href":"https:\/\/ucm.one\/de\/wp-json\/wp\/v2\/product"}],"about":[{"href":"https:\/\/ucm.one\/de\/wp-json\/wp\/v2\/types\/product"}],"replies":[{"embeddable":true,"href":"https:\/\/ucm.one\/de\/wp-json\/wp\/v2\/comments?post=106789"}],"wp:featuredmedia":[{"embeddable":true,"href":"https:\/\/ucm.one\/de\/wp-json\/wp\/v2\/media\/106790"}],"wp:attachment":[{"href":"https:\/\/ucm.one\/de\/wp-json\/wp\/v2\/media?parent=106789"}],"wp:term":[{"taxonomy":"product_brand","embeddable":true,"href":"https:\/\/ucm.one\/de\/wp-json\/wp\/v2\/product_brand?post=106789"},{"taxonomy":"product_cat","embeddable":true,"href":"https:\/\/ucm.one\/de\/wp-json\/wp\/v2\/product_cat?post=106789"},{"taxonomy":"product_tag","embeddable":true,"href":"https:\/\/ucm.one\/de\/wp-json\/wp\/v2\/product_tag?post=106789"}],"curies":[{"name":"wp","href":"https:\/\/api.w.org\/{rel}","templated":true}]}}