{"id":106759,"date":"2024-10-31T17:56:50","date_gmt":"2024-10-31T17:56:50","guid":{"rendered":"https:\/\/ucm.one\/?post_type=product&#038;p=106759"},"modified":"2025-09-14T16:07:57","modified_gmt":"2025-09-14T16:07:57","slug":"king-satan-the-devils-evangelion","status":"publish","type":"product","link":"https:\/\/ucm.one\/de\/produkt\/king-satan-the-devils-evangelion\/","title":{"rendered":"King Satan &#8211; The Devil&#8217;s Evangelion"},"content":{"rendered":"<div class=\"wpb-content-wrapper\"><div class=\"vc_row wpb_row vc_row-fluid\">\n<div class=\"wpb_column vc_column_container vc_col-sm-12\">\n<div class=\"vc_column-inner\">\n<div class=\"wpb_wrapper\">\n<div class=\"wpb_text_column wpb_content_element \">\n<div class=\"wpb_wrapper\">\n<p><strong>King Satan<\/strong> pr\u00e4sentiert ein genre\u00fcbergreifendes Extrem-Metal-Spektakel, das Elektro-Industrial, symphonischen Black Metal und Death Metal-Elemente mit der rohen Energie von Rock &#8217;n&#8216; Roll verschmilzt und eine einzigartige Mischung aus schamlosem Schock-Rock und chaotischem Avantgarde-Theater darstellt.<\/p>\n<p>Die Ende 2015 gegr\u00fcndete, genre\u00fcbergreifende Gruppe ist das Produkt des r\u00e4tselhaften K\u00fcnstlers <strong>Mr. King Aleister Satan<\/strong>, der sich im Laufe der Jahre von seinen Elektro-Aggrotech-Urspr\u00fcngen zu einer vollwertigen Industrial-Metal-Band entwickelt hat. Die Vision des Extreme Metals bringt eine anarchistische Mischung aus karnevalesker Kunstfertigkeit, absurd-d\u00fcsterer Kom\u00f6die, okkulten Intrigen und tiefgr\u00fcndigen philosophischen \u00dcberlegungen hervor, serviert in einer berauschenden Mischung aus rockigen Tanzbeats, nachdenklich stimmenden Texten, hypnotisierenden Melodien und s\u00fcchtig machenden Hooks, die die Band selbst als &#8222;Death Metal Disco&#8220; bezeichnet. Eine Verschmelzung, die sowohl f\u00fcr Tanzfl\u00e4chen als auch f\u00fcr Moshpits geeignet ist. Mit all diesen Elementen widersetzt sich die Band den Konventionen und umarmt die Kontroverse auf eine Art und Weise, die auf dem Papier nicht wirklich viel Sinn machen sollte &#8211; und doch hat es der Band immer wieder geholfen, mehr und mehr Begeisterung zu erzeugen, wo immer sie auftaucht.<\/p>\n<p>Aber <strong>King Satan<\/strong>\u00a0ist mehr als nur eine musikalische Einheit. Bekannt f\u00fcr ihr ansteckendes Charisma und ihre fesselnden Auftritte, ist es ein Live-Erlebnis, das die B\u00fchnen elektrisiert und das Publikum in seinen Bann zieht. Mit ihrem Ruf, der durch drei Alben und Singles, die in Finnland und Deutschland die Charts st\u00fcrmten, gefestigt wurde, waren sie auf renommierten Festivals wie dem Tuska Festival, dem Nummirock Metal Festival und dem Dark Malta Festival zu Gast. Die Gruppe tourte auch in mehreren europ\u00e4ischen L\u00e4ndern, wo sie als Headliner auftraten und als Support f\u00fcr bekannte Acts wie Gothminister, Deathstars, Battle Beast, Hocico, Nachtmahr und Turmion K\u00e4til\u00f6t unterwegs waren.<\/p>\n<div><div class=\"gap\" style=\"line-height: 20px; height: 20px;\"><\/div><\/div>\n<h5>Weitere Informationen<\/h5>\n<div>\n<div>\n<table style=\"height: 23px; width: 100%; border-collapse: collapse; border-color: #ffffff; background-color: #ffffff; border-style: hidden;\">\n<tbody>\n<tr>\n<td style=\"width: 4.701195%; border-style: hidden;\">Band:<\/td>\n<td style=\"width: 95.298805%; border-style: hidden;\"><a href=\"https:\/\/ucm.one\/de\/king-satan\/\">King Satan<\/a><\/td>\n<\/tr>\n<tr style=\"height: 23px;\">\n<td style=\"width: 4.701195219123506%; height: 23px; border-style: hidden;\">Label:<\/td>\n<td style=\"width: 95.29880478087651%; height: 23px; border-style: hidden;\"><a title=\"Noble Demon\" href=\"https:\/\/ucm.one\/de\/musik-labels\/noble-demon\/\">Noble Demon<\/a><\/td>\n<\/tr>\n<\/tbody>\n<\/table>\n<\/div>\n<div><\/div>\n<div><div class=\"gap\" style=\"line-height: 10px; height: 10px;\"><\/div><\/div>\n<div>\u2117 &amp; \u00a9 2024 <strong>Noble Demon<\/strong> \/ <span style=\"font-family: 'arial black', sans-serif;\"><strong>UCM.ONE<\/strong><\/span><\/div>\n<div><div class=\"gap\" style=\"line-height: 20px; height: 20px;\"><\/div><\/div>\n<div>\n<div><\/div>\n<div><div class=\"gap\" style=\"line-height: 10px; height: 10px;\"><\/div><\/div>\n<div><span style=\"color: #003a80;\"><strong>\u27a0 <a style=\"color: #003a80;\" title=\"\" href=\"https:\/\/ucm.one\/de\/produkt-kategorie\/art-de\/musik-de\/\">zum Shop<\/a><\/strong><\/span><\/div>\n<div><div class=\"gap\" style=\"line-height: 20px; height: 20px;\"><\/div><\/div>\n<\/div>\n<\/div>\n<\/div>\n<\/div>\n<\/div>\n<\/div>\n<\/div>\n<\/div>\n<\/div>","protected":false},"excerpt":{"rendered":"<p>Band: <a title=\"\" href=\"https:\/\/ucm.one\/de\/?s=%22King+Satan%22&amp;post_type=product\"><strong>King Satan<\/strong><\/a><\/p>\n<p>Label: <a href=\"https:\/\/ucm.one\/de\/produkt-kategorie\/label-musik-de\/noble-demon-de\/\"><strong>Noble Demon<\/strong><\/a><\/p>\n<p>Art: <strong><a href=\"https:\/\/ucm.one\/de\/produkt-kategorie\/art-de\/musik-de\/\">Musik<\/a> (Album)<\/strong><\/p>\n<p>Genres: <strong><a href=\"https:\/\/ucm.one\/de\/produkt-kategorie\/genre-musik-de\/metal-de\/rock-n-roll\">Black Metal,<\/a> <a href=\"https:\/\/ucm.one\/de\/produkt-kategorie\/genre-musik-de\/rock-de\/rock-n-roll\/\">Rock &#8217;n&#8216; Roll<\/a><\/strong><\/p>\n<p>Jahr: <strong>2024<\/strong><\/p>\n<p>Formate: <strong>Diverse<\/strong><\/p>\n","protected":false},"featured_media":105172,"comment_status":"open","ping_status":"closed","template":"","meta":{"_acf_changed":false},"product_brand":[],"product_cat":[18107,18108,9813,9753,9823,9756,10400,9713,9781,10401,9714,10404,10405],"product_tag":[9810,18109,18110,18111,9763,18112,18113,18114,18115],"class_list":{"0":"post-106759","1":"product","2":"type-product","3":"status-publish","4":"has-post-thumbnail","6":"product_cat-rock-n-roll","7":"product_cat-industrial","8":"product_cat-cd-de","9":"product_cat-metal-de","10":"product_cat-doom-metal-de","11":"product_cat-noble-demon-de","12":"product_cat-merchandise-de","13":"product_cat-musik-de","14":"product_cat-death-metal-de","15":"product_cat-t-shirt-de","16":"product_cat-vinyl-de","17":"product_cat-bundle-de","18":"product_cat-symphonic-metal-de","19":"product_tag-black-metal","20":"product_tag-industrial","21":"product_tag-king-satan","22":"product_tag-nachtmahr","23":"product_tag-noble-demon","24":"product_tag-the-devils-evangelion","25":"product_tag-law-of-chaos-book","26":"product_tag-the-devils-gospel-and-the-law-of-chaos","27":"product_tag-seth-aleister-de-king-satan","28":"pa_format-lp-black-vinyl-book-t-shirt-bundle","29":"pa_format-lp-black-vinyl","30":"pa_format-lp-black-vinyl-t-shirt-bundle","31":"pa_format-cd-digipak-t-shirt-bundle","32":"pa_format-cd-digipak","33":"pa_format-cd-digipak-book-t-shirt-bundle","34":"description-off","36":"first","37":"instock","38":"taxable","39":"shipping-taxable","40":"purchasable","41":"product-type-variable"},"acf":[],"yoast_head":"<!-- This site is optimized with the Yoast SEO plugin v27.5 - https:\/\/yoast.com\/product\/yoast-seo-wordpress\/ -->\n<title>King Satan - The Devil&#039;s Evangelion<\/title>\n<meta name=\"description\" content=\"Shop | King Satan - The Devil&#039;s Evangelion | 2024 | Noble Demon | CD (Digipak), LP (Black Vinyl), Book, T-Shirt\" \/>\n<meta name=\"robots\" content=\"index, follow, max-snippet:-1, max-image-preview:large, max-video-preview:-1\" \/>\n<link rel=\"canonical\" href=\"https:\/\/ucm.one\/de\/produkt\/king-satan-the-devils-evangelion\/\" \/>\n<meta property=\"og:locale\" content=\"de_DE\" \/>\n<meta property=\"og:type\" content=\"article\" \/>\n<meta property=\"og:title\" content=\"King Satan - The Devil&#039;s Evangelion\" \/>\n<meta property=\"og:description\" content=\"Shop | King Satan - The Devil&#039;s Evangelion | 2024 | Noble Demon | CD (Digipak), LP (Black Vinyl), Book, T-Shirt\" \/>\n<meta property=\"og:url\" content=\"https:\/\/ucm.one\/de\/produkt\/king-satan-the-devils-evangelion\/\" \/>\n<meta property=\"og:site_name\" content=\"UCM.ONE\" \/>\n<meta property=\"article:modified_time\" content=\"2025-09-14T16:07:57+00:00\" \/>\n<meta property=\"og:image\" content=\"https:\/\/ucm.one\/wp-content\/uploads\/2024\/06\/C-King-Satan-The-Devil_s-Evangelion.jpg\" \/>\n\t<meta property=\"og:image:width\" content=\"1000\" \/>\n\t<meta property=\"og:image:height\" content=\"1000\" \/>\n\t<meta property=\"og:image:type\" content=\"image\/jpeg\" \/>\n<meta name=\"twitter:card\" content=\"summary_large_image\" \/>\n<meta name=\"twitter:title\" content=\"King Satan - The Devil&#039;s Evangelion\" \/>\n<meta name=\"twitter:description\" content=\"Shop | King Satan - The Devil&#039;s Evangelion | 2024 | Noble Demon | CD (Digipak), LP (Black Vinyl), Book, T-Shirt\" \/>\n<meta name=\"twitter:image\" content=\"https:\/\/ucm.one\/wp-content\/uploads\/2024\/06\/C-King-Satan-The-Devil_s-Evangelion.jpg\" \/>\n<meta name=\"twitter:label1\" content=\"Gesch\u00e4tzte Lesezeit\" \/>\n\t<meta name=\"twitter:data1\" content=\"2\u00a0Minuten\" \/>\n<!-- \/ Yoast SEO plugin. -->","yoast_head_json":{"title":"King Satan - The Devil's Evangelion","description":"Shop | King Satan - The Devil's Evangelion | 2024 | Noble Demon | CD (Digipak), LP (Black Vinyl), Book, T-Shirt","robots":{"index":"index","follow":"follow","max-snippet":"max-snippet:-1","max-image-preview":"max-image-preview:large","max-video-preview":"max-video-preview:-1"},"canonical":"https:\/\/ucm.one\/de\/produkt\/king-satan-the-devils-evangelion\/","og_locale":"de_DE","og_type":"article","og_title":"King Satan - The Devil's Evangelion","og_description":"Shop | King Satan - The Devil's Evangelion | 2024 | Noble Demon | CD (Digipak), LP (Black Vinyl), Book, T-Shirt","og_url":"https:\/\/ucm.one\/de\/produkt\/king-satan-the-devils-evangelion\/","og_site_name":"UCM.ONE","article_modified_time":"2025-09-14T16:07:57+00:00","og_image":[{"width":1000,"height":1000,"url":"https:\/\/ucm.one\/wp-content\/uploads\/2024\/06\/C-King-Satan-The-Devil_s-Evangelion.jpg","type":"image\/jpeg"}],"twitter_card":"summary_large_image","twitter_title":"King Satan - The Devil's Evangelion","twitter_description":"Shop | King Satan - The Devil's Evangelion | 2024 | Noble Demon | CD (Digipak), LP (Black Vinyl), Book, T-Shirt","twitter_image":"https:\/\/ucm.one\/wp-content\/uploads\/2024\/06\/C-King-Satan-The-Devil_s-Evangelion.jpg","twitter_misc":{"Gesch\u00e4tzte Lesezeit":"2\u00a0Minuten"},"schema":{"@context":"https:\/\/schema.org","@graph":[{"@type":"WebPage","@id":"https:\/\/ucm.one\/de\/produkt\/king-satan-the-devils-evangelion\/","url":"https:\/\/ucm.one\/de\/produkt\/king-satan-the-devils-evangelion\/","name":"King Satan - The Devil's Evangelion","isPartOf":{"@id":"https:\/\/ucm.one\/de\/#website"},"primaryImageOfPage":{"@id":"https:\/\/ucm.one\/de\/produkt\/king-satan-the-devils-evangelion\/#primaryimage"},"image":{"@id":"https:\/\/ucm.one\/de\/produkt\/king-satan-the-devils-evangelion\/#primaryimage"},"thumbnailUrl":"https:\/\/ucm.one\/wp-content\/uploads\/2024\/06\/C-King-Satan-The-Devil_s-Evangelion.jpg","datePublished":"2024-10-31T17:56:50+00:00","dateModified":"2025-09-14T16:07:57+00:00","description":"Shop | King Satan - The Devil's Evangelion | 2024 | Noble Demon | CD (Digipak), LP (Black Vinyl), Book, T-Shirt","breadcrumb":{"@id":"https:\/\/ucm.one\/de\/produkt\/king-satan-the-devils-evangelion\/#breadcrumb"},"inLanguage":"de","potentialAction":[{"@type":"ReadAction","target":["https:\/\/ucm.one\/de\/produkt\/king-satan-the-devils-evangelion\/"]}]},{"@type":"ImageObject","inLanguage":"de","@id":"https:\/\/ucm.one\/de\/produkt\/king-satan-the-devils-evangelion\/#primaryimage","url":"https:\/\/ucm.one\/wp-content\/uploads\/2024\/06\/C-King-Satan-The-Devil_s-Evangelion.jpg","contentUrl":"https:\/\/ucm.one\/wp-content\/uploads\/2024\/06\/C-King-Satan-The-Devil_s-Evangelion.jpg","width":1000,"height":1000},{"@type":"BreadcrumbList","@id":"https:\/\/ucm.one\/de\/produkt\/king-satan-the-devils-evangelion\/#breadcrumb","itemListElement":[{"@type":"ListItem","position":1,"name":"Home","item":"https:\/\/ucm.one\/de\/"},{"@type":"ListItem","position":2,"name":"Shop","item":"https:\/\/ucm.one\/de\/shop\/"},{"@type":"ListItem","position":3,"name":"King Satan &#8211; The Devil&#8217;s Evangelion"}]},{"@type":"WebSite","@id":"https:\/\/ucm.one\/de\/#website","url":"https:\/\/ucm.one\/de\/","name":"UCM.ONE","description":"","publisher":{"@id":"https:\/\/ucm.one\/de\/#organization"},"potentialAction":[{"@type":"SearchAction","target":{"@type":"EntryPoint","urlTemplate":"https:\/\/ucm.one\/de\/?s={search_term_string}"},"query-input":{"@type":"PropertyValueSpecification","valueRequired":true,"valueName":"search_term_string"}}],"inLanguage":"de"},{"@type":"Organization","@id":"https:\/\/ucm.one\/de\/#organization","name":"UCM.ONE","url":"https:\/\/ucm.one\/de\/","logo":{"@type":"ImageObject","inLanguage":"de","@id":"https:\/\/ucm.one\/de\/#\/schema\/logo\/image\/","url":"https:\/\/ucm.one\/wp-content\/uploads\/2019\/10\/UCM.ONE-Logo-RGB.svg","contentUrl":"https:\/\/ucm.one\/wp-content\/uploads\/2019\/10\/UCM.ONE-Logo-RGB.svg","width":1,"height":1,"caption":"UCM.ONE"},"image":{"@id":"https:\/\/ucm.one\/de\/#\/schema\/logo\/image\/"}}]}},"_links":{"self":[{"href":"https:\/\/ucm.one\/de\/wp-json\/wp\/v2\/product\/106759","targetHints":{"allow":["GET"]}}],"collection":[{"href":"https:\/\/ucm.one\/de\/wp-json\/wp\/v2\/product"}],"about":[{"href":"https:\/\/ucm.one\/de\/wp-json\/wp\/v2\/types\/product"}],"replies":[{"embeddable":true,"href":"https:\/\/ucm.one\/de\/wp-json\/wp\/v2\/comments?post=106759"}],"wp:featuredmedia":[{"embeddable":true,"href":"https:\/\/ucm.one\/de\/wp-json\/wp\/v2\/media\/105172"}],"wp:attachment":[{"href":"https:\/\/ucm.one\/de\/wp-json\/wp\/v2\/media?parent=106759"}],"wp:term":[{"taxonomy":"product_brand","embeddable":true,"href":"https:\/\/ucm.one\/de\/wp-json\/wp\/v2\/product_brand?post=106759"},{"taxonomy":"product_cat","embeddable":true,"href":"https:\/\/ucm.one\/de\/wp-json\/wp\/v2\/product_cat?post=106759"},{"taxonomy":"product_tag","embeddable":true,"href":"https:\/\/ucm.one\/de\/wp-json\/wp\/v2\/product_tag?post=106759"}],"curies":[{"name":"wp","href":"https:\/\/api.w.org\/{rel}","templated":true}]}}