{"id":106239,"date":"2024-08-25T18:41:00","date_gmt":"2024-08-25T18:41:00","guid":{"rendered":"https:\/\/ucm.one\/?post_type=product&#038;p=106239"},"modified":"2024-12-15T10:35:18","modified_gmt":"2024-12-15T10:35:18","slug":"der-grosse-sprung","status":"publish","type":"product","link":"https:\/\/ucm.one\/de\/produkt\/der-grosse-sprung\/","title":{"rendered":"Der gro\u00dfe Sprung"},"content":{"rendered":"<div class=\"wpb_text_column wpb_content_element \">\n<div class=\"wpb_wrapper\">\n<div class=\"\">\n<div class=\"wpb_text_column wpb_content_element \">\n<div class=\"wpb_wrapper\">\n<div class=\"wpb_text_column wpb_content_element \">\n<div class=\"wpb_wrapper\">\n<div class=\"wpb_text_column wpb_content_element \">\n<div class=\"wpb_wrapper\">\n<p style=\"font-weight: 400;\">Die sportliche Gita (<strong>Leni Riefenstahl<\/strong>), ein Naturtalent im Bergsteigen, klettert barfu\u00df und freih\u00e4ndig ihrem Verehrer Toni (<strong>Luis Trenker<\/strong>) davon, als sie einen gemeinsamen Bergausflug unternehmen. Auf einer Felsnadel wartet sie auf ihn und \u00fcbersch\u00fcttet ihn mit Spott, als er den Fels endlich erklommen hat. Der hypochondrische Berliner Millionenerbe Michael Treuherz (<strong>Hans Schneeberger<\/strong>) besucht zeitgleich mit seinem Diener die Berge, weil er sich vom stressigen Stadtleben erholen soll. Sein Arzt hat ihm \u201eKlettern und ein bisschen Heiraten\u201c verschrieben. Ehrgeizig, aber ungeschickt \u00fcbt er das Bergsteigen und Klettern. Dabei lernt er auch Gita kennen, die ihm das Skifahren beibringt. Treuherz nimmt schlie\u00dflich an einem Skiwettrennen teil, f\u00fcr das sich Gita selbst als Preis aufruft.<\/p>\n<p style=\"font-weight: 400;\">Erstver\u00f6ffentlichung f\u00fcr Heimkino. Bisher nur 1927 im Kino und 2013 im TV bei <strong>arte<\/strong> ver\u00f6ffentlicht. Der Film wurde f\u00fcr diese Ver\u00f6ffentlichung in HD neu abgetastet und restauriert.<\/p>\n<\/div>\n<\/div>\n<\/div>\n<\/div>\n<\/div>\n<\/div>\n<\/div>\n<\/div>\n<\/div>\n<div><div class=\"gap\" style=\"line-height: 20px; height: 20px;\"><\/div><\/div>\n<h5>Weitere Informationen<\/h5>\n<div>\n<div>\n<table style=\"height: 45px; width: 100%; border-collapse: collapse; border-color: #ffffff; background-color: #ffffff; border-style: hidden;\">\n<tbody>\n<tr style=\"height: 23px;\">\n<td style=\"width: 4.701195219123506%; height: 23px; border-style: hidden;\">Label:<\/td>\n<td style=\"width: 95.29880478087651%; height: 23px; border-style: hidden;\"><a title=\"Zeitlose Filmkunst\" href=\"https:\/\/ucm.one\/de\/film-labels\/zeitlose-filmkunst\/\">Zeitlose Filmkunst<\/a><\/td>\n<\/tr>\n<\/tbody>\n<\/table>\n<\/div>\n<div><\/div>\n<\/div>\n<div>\n<div><div class=\"gap\" style=\"line-height: 10px; height: 10px;\"><\/div><\/div>\n<div>\u2117 1927<strong> Universum Film (UFA)<\/strong>, \u00a9 2024 <b>Zeitlose Filmkunst<\/b>\u00a0\/\u00a0<span style=\"font-family: 'arial black', sans-serif;\"><strong>UCM.ONE <\/strong><span style=\"font-family: arial, helvetica, sans-serif;\">in Kooperation mit der <strong>Friedrich-Wilhelm-Murnau-Stiftung<\/strong><\/span><\/span><\/div>\n<div><div class=\"gap\" style=\"line-height: 20px; height: 20px;\"><\/div><\/div>\n<\/div>\n<div>\n<div>\n<div><\/div>\n<div><div class=\"gap\" style=\"line-height: 10px; height: 10px;\"><\/div><\/div>\n<div><span style=\"color: #003a80;\"><strong>\u27a0 <a style=\"color: #003a80;\" href=\"https:\/\/ucm.one\/de\/produkt-kategorie\/art-de\/filme-de\/\">zum Shop<\/a><\/strong><\/span><\/div>\n<div><div class=\"gap\" style=\"line-height: 20px; height: 20px;\"><\/div><\/div>\n<\/div>\n<\/div>\n","protected":false},"excerpt":{"rendered":"<p>Regie:\u00a0<strong><a href=\"https:\/\/ucm.one\/de\/?s=%22Arnold+Fanck%22&amp;post_type=product\">Arnold Fanck<\/a><\/strong><\/p>\n<p>Label:\u00a0<a title=\"Zeitlose Filmkunst\" href=\"https:\/\/ucm.one\/de\/produkt-kategorie\/label-film-de\/zeitlose-filmkunst-de\/\"><strong>Zeitlose Filmkunst<\/strong><\/a><\/p>\n<p>Art: <strong><a href=\"https:\/\/ucm.one\/de\/produkt-kategorie\/art-de\/filme-de\/\">Film<\/a> (<a title=\"\" href=\"https:\/\/ucm.one\/de\/produkt-kategorie\/genre-film-de\/klassiker-de\/\">Klassiker<\/a>)<\/strong><\/p>\n<p>Genres: <strong>\u00a0<a href=\"https:\/\/ucm.one\/de\/produkt-kategorie\/genre-film-de\/klassiker-de\/\">Klassiker<\/a>, <a href=\"https:\/\/ucm.one\/de\/produkt-kategorie\/genre-film-de\/komoedie-de\/\">Kom\u00f6die<\/a><\/strong><\/p>\n<p>Jahr: <strong>2024<\/strong><\/p>\n<p>FSK: <strong>6<\/strong><\/p>\n<p>Format: <strong>DVD<\/strong><\/p>\n","protected":false},"featured_media":106240,"comment_status":"open","ping_status":"closed","template":"","meta":{"_acf_changed":false},"product_brand":[],"product_cat":[10356,12093,15304,9708,10331],"product_tag":[18065,15978,18059,18060,18061,18062,18063,18064],"class_list":{"0":"post-106239","1":"product","2":"type-product","3":"status-publish","4":"has-post-thumbnail","6":"product_cat-komoedie-de","7":"product_cat-klassiker-de","8":"product_cat-zeitlose-filmkunst-de","9":"product_cat-filme-de","10":"product_cat-dvd-de","11":"product_tag-stummfilm","12":"product_tag-friedrich-wilhelm-murnau-stiftung","13":"product_tag-leni-riefenstahl","14":"product_tag-luis-trenker","15":"product_tag-hans-schneeberger","16":"product_tag-paul-graetz","17":"product_tag-arnold-fanck","18":"product_tag-der-grosse-sprung","19":"pa_format-dvd","20":"description-off","22":"first","23":"instock","24":"taxable","25":"shipping-taxable","26":"purchasable","27":"product-type-variable","28":"has-default-attributes"},"acf":[],"yoast_head":"<!-- This site is optimized with the Yoast SEO plugin v27.2 - https:\/\/yoast.com\/product\/yoast-seo-wordpress\/ -->\n<title>Der gro\u00dfe Sprung<\/title>\n<meta name=\"description\" content=\"Shop | Der gro\u00dfe Sprung | 2024 | Zeitlose Filmkunst | DVD | FSK 6\" \/>\n<meta name=\"robots\" content=\"index, follow, max-snippet:-1, max-image-preview:large, max-video-preview:-1\" \/>\n<link rel=\"canonical\" href=\"https:\/\/ucm.one\/de\/produkt\/der-grosse-sprung\/\" \/>\n<meta property=\"og:locale\" content=\"de_DE\" \/>\n<meta property=\"og:type\" content=\"article\" \/>\n<meta property=\"og:title\" content=\"Der gro\u00dfe Sprung\" \/>\n<meta property=\"og:description\" content=\"Shop | Der gro\u00dfe Sprung | 2024 | Zeitlose Filmkunst | DVD | FSK 6\" \/>\n<meta property=\"og:url\" content=\"https:\/\/ucm.one\/de\/produkt\/der-grosse-sprung\/\" \/>\n<meta property=\"og:site_name\" content=\"UCM.ONE\" \/>\n<meta property=\"article:modified_time\" content=\"2024-12-15T10:35:18+00:00\" \/>\n<meta property=\"og:image\" content=\"https:\/\/ucm.one\/wp-content\/uploads\/2024\/08\/C-Der-Grosse-Sprung-2D-FSK6.jpg\" \/>\n\t<meta property=\"og:image:width\" content=\"698\" \/>\n\t<meta property=\"og:image:height\" content=\"1000\" \/>\n\t<meta property=\"og:image:type\" content=\"image\/jpeg\" \/>\n<meta name=\"twitter:card\" content=\"summary_large_image\" \/>\n<meta name=\"twitter:title\" content=\"Der gro\u00dfe Sprung\" \/>\n<meta name=\"twitter:description\" content=\"Shop | Der gro\u00dfe Sprung | 2024 | Zeitlose Filmkunst | DVD | FSK 6\" \/>\n<meta name=\"twitter:image\" content=\"https:\/\/ucm.one\/wp-content\/uploads\/2024\/08\/C-Der-Grosse-Sprung-2D-FSK6.jpg\" \/>\n<meta name=\"twitter:label1\" content=\"Gesch\u00e4tzte Lesezeit\" \/>\n\t<meta name=\"twitter:data1\" content=\"2\u00a0Minuten\" \/>\n<!-- \/ Yoast SEO plugin. -->","yoast_head_json":{"title":"Der gro\u00dfe Sprung","description":"Shop | Der gro\u00dfe Sprung | 2024 | Zeitlose Filmkunst | DVD | FSK 6","robots":{"index":"index","follow":"follow","max-snippet":"max-snippet:-1","max-image-preview":"max-image-preview:large","max-video-preview":"max-video-preview:-1"},"canonical":"https:\/\/ucm.one\/de\/produkt\/der-grosse-sprung\/","og_locale":"de_DE","og_type":"article","og_title":"Der gro\u00dfe Sprung","og_description":"Shop | Der gro\u00dfe Sprung | 2024 | Zeitlose Filmkunst | DVD | FSK 6","og_url":"https:\/\/ucm.one\/de\/produkt\/der-grosse-sprung\/","og_site_name":"UCM.ONE","article_modified_time":"2024-12-15T10:35:18+00:00","og_image":[{"width":698,"height":1000,"url":"https:\/\/ucm.one\/wp-content\/uploads\/2024\/08\/C-Der-Grosse-Sprung-2D-FSK6.jpg","type":"image\/jpeg"}],"twitter_card":"summary_large_image","twitter_title":"Der gro\u00dfe Sprung","twitter_description":"Shop | Der gro\u00dfe Sprung | 2024 | Zeitlose Filmkunst | DVD | FSK 6","twitter_image":"https:\/\/ucm.one\/wp-content\/uploads\/2024\/08\/C-Der-Grosse-Sprung-2D-FSK6.jpg","twitter_misc":{"Gesch\u00e4tzte Lesezeit":"2\u00a0Minuten"},"schema":{"@context":"https:\/\/schema.org","@graph":[{"@type":"WebPage","@id":"https:\/\/ucm.one\/de\/produkt\/der-grosse-sprung\/","url":"https:\/\/ucm.one\/de\/produkt\/der-grosse-sprung\/","name":"Der gro\u00dfe Sprung","isPartOf":{"@id":"https:\/\/ucm.one\/de\/#website"},"primaryImageOfPage":{"@id":"https:\/\/ucm.one\/de\/produkt\/der-grosse-sprung\/#primaryimage"},"image":{"@id":"https:\/\/ucm.one\/de\/produkt\/der-grosse-sprung\/#primaryimage"},"thumbnailUrl":"https:\/\/ucm.one\/wp-content\/uploads\/2024\/08\/C-Der-Grosse-Sprung-2D-FSK6.jpg","datePublished":"2024-08-25T18:41:00+00:00","dateModified":"2024-12-15T10:35:18+00:00","description":"Shop | Der gro\u00dfe Sprung | 2024 | Zeitlose Filmkunst | DVD | FSK 6","breadcrumb":{"@id":"https:\/\/ucm.one\/de\/produkt\/der-grosse-sprung\/#breadcrumb"},"inLanguage":"de","potentialAction":[{"@type":"ReadAction","target":["https:\/\/ucm.one\/de\/produkt\/der-grosse-sprung\/"]}]},{"@type":"ImageObject","inLanguage":"de","@id":"https:\/\/ucm.one\/de\/produkt\/der-grosse-sprung\/#primaryimage","url":"https:\/\/ucm.one\/wp-content\/uploads\/2024\/08\/C-Der-Grosse-Sprung-2D-FSK6.jpg","contentUrl":"https:\/\/ucm.one\/wp-content\/uploads\/2024\/08\/C-Der-Grosse-Sprung-2D-FSK6.jpg","width":698,"height":1000},{"@type":"BreadcrumbList","@id":"https:\/\/ucm.one\/de\/produkt\/der-grosse-sprung\/#breadcrumb","itemListElement":[{"@type":"ListItem","position":1,"name":"Home","item":"https:\/\/ucm.one\/de\/"},{"@type":"ListItem","position":2,"name":"Shop","item":"https:\/\/ucm.one\/de\/shop\/"},{"@type":"ListItem","position":3,"name":"Der gro\u00dfe Sprung"}]},{"@type":"WebSite","@id":"https:\/\/ucm.one\/de\/#website","url":"https:\/\/ucm.one\/de\/","name":"UCM.ONE","description":"","publisher":{"@id":"https:\/\/ucm.one\/de\/#organization"},"potentialAction":[{"@type":"SearchAction","target":{"@type":"EntryPoint","urlTemplate":"https:\/\/ucm.one\/de\/?s={search_term_string}"},"query-input":{"@type":"PropertyValueSpecification","valueRequired":true,"valueName":"search_term_string"}}],"inLanguage":"de"},{"@type":"Organization","@id":"https:\/\/ucm.one\/de\/#organization","name":"UCM.ONE","url":"https:\/\/ucm.one\/de\/","logo":{"@type":"ImageObject","inLanguage":"de","@id":"https:\/\/ucm.one\/de\/#\/schema\/logo\/image\/","url":"https:\/\/ucm.one\/wp-content\/uploads\/2019\/10\/UCM.ONE-Logo-RGB.svg","contentUrl":"https:\/\/ucm.one\/wp-content\/uploads\/2019\/10\/UCM.ONE-Logo-RGB.svg","width":1,"height":1,"caption":"UCM.ONE"},"image":{"@id":"https:\/\/ucm.one\/de\/#\/schema\/logo\/image\/"}}]}},"_links":{"self":[{"href":"https:\/\/ucm.one\/de\/wp-json\/wp\/v2\/product\/106239","targetHints":{"allow":["GET"]}}],"collection":[{"href":"https:\/\/ucm.one\/de\/wp-json\/wp\/v2\/product"}],"about":[{"href":"https:\/\/ucm.one\/de\/wp-json\/wp\/v2\/types\/product"}],"replies":[{"embeddable":true,"href":"https:\/\/ucm.one\/de\/wp-json\/wp\/v2\/comments?post=106239"}],"wp:featuredmedia":[{"embeddable":true,"href":"https:\/\/ucm.one\/de\/wp-json\/wp\/v2\/media\/106240"}],"wp:attachment":[{"href":"https:\/\/ucm.one\/de\/wp-json\/wp\/v2\/media?parent=106239"}],"wp:term":[{"taxonomy":"product_brand","embeddable":true,"href":"https:\/\/ucm.one\/de\/wp-json\/wp\/v2\/product_brand?post=106239"},{"taxonomy":"product_cat","embeddable":true,"href":"https:\/\/ucm.one\/de\/wp-json\/wp\/v2\/product_cat?post=106239"},{"taxonomy":"product_tag","embeddable":true,"href":"https:\/\/ucm.one\/de\/wp-json\/wp\/v2\/product_tag?post=106239"}],"curies":[{"name":"wp","href":"https:\/\/api.w.org\/{rel}","templated":true}]}}