{"id":105946,"date":"2024-08-18T10:58:49","date_gmt":"2024-08-18T10:58:49","guid":{"rendered":"https:\/\/ucm.one\/?post_type=product&#038;p=105946"},"modified":"2024-08-21T08:22:24","modified_gmt":"2024-08-21T08:22:24","slug":"road-wars-max-fury","status":"publish","type":"product","link":"https:\/\/ucm.one\/de\/produkt\/road-wars-max-fury\/","title":{"rendered":"Road Wars: Max Fury"},"content":{"rendered":"<div class=\"wpb_text_column wpb_content_element \">\n<div class=\"wpb_wrapper\">\n<div class=\"\">\n<div class=\"wpb_text_column wpb_content_element \">\n<div class=\"wpb_wrapper\">\n<div class=\"wpb_text_column wpb_content_element \">\n<div class=\"wpb_wrapper\">\n<div class=\"wpb_text_column wpb_content_element \">\n<div class=\"wpb_wrapper\">\n<p>Im Jahr 2050, in der postapokalyptischen Zukunft, haben weltweite D\u00fcrren und Hungersn\u00f6te zu einem Massensterben und unerbittlichen Kriegen um die letzten Ressourcen gef\u00fchrt. Jeder k\u00e4mpft ums eigene \u00dcberleben. Nachdem ihre Mutter Sarah (<strong>Lindsey Marie Wilson<\/strong>) bei einem Kampf schwer verletzt wurde und dringend Medikamente braucht, gehen die beiden Schwestern Naomi und Greta einen Deal mit einem gef\u00e4hrlichen Warlord (<strong>Vernon G. Wells<\/strong>) ein, um die Medikamente gegen Vorr\u00e4te zu tauschen. Nur mit ihrem Muscle- Car und begrenzter Munition machen sie sich auf den Weg in die endlose Ein\u00f6de, um die Medikamente zu bekommen.<span class=\"Apple-converted-space\">\u00a0<\/span><\/p>\n<p>Doch \u00fcberall lauern Pl\u00fcnderer und t\u00f6dliche Fallen\u2026<span class=\"Apple-converted-space\">\u00a0<\/span><\/p>\n<\/div>\n<\/div>\n<\/div>\n<\/div>\n<\/div>\n<\/div>\n<\/div>\n<\/div>\n<\/div>\n<div><div class=\"gap\" style=\"line-height: 20px; height: 20px;\"><\/div><\/div>\n<h5>Weitere Informationen<\/h5>\n<div>\n<div>\n<table style=\"height: 46px; width: 100%; border-collapse: collapse; border-color: #ffffff; background-color: #ffffff; border-style: hidden;\">\n<tbody>\n<tr style=\"height: 23px; border-style: hidden; border-color: #ffffff; background-color: #ffffff;\">\n<td style=\"width: 4.701195219123506%; height: 23px; border-style: hidden;\">Film:<\/td>\n<td style=\"width: 95.29880478087651%; height: 23px; border-style: hidden;\"><a title=\"Like Dogs\" href=\"https:\/\/ucm.one\/de\/road-wars-max-fury\/\">Road Wars: Max Fury<\/a><\/td>\n<\/tr>\n<tr style=\"height: 23px;\">\n<td style=\"width: 4.701195219123506%; height: 23px; border-style: hidden;\">Label:<\/td>\n<td style=\"width: 95.29880478087651%; height: 23px; border-style: hidden;\"><a title=\"B-Spree Pictures\" href=\"https:\/\/ucm.one\/de\/film-labels\/b-spree-pictures\">B-Spree Pictures<\/a><\/td>\n<\/tr>\n<\/tbody>\n<\/table>\n<\/div>\n<div><\/div>\n<\/div>\n<div>\n<div><div class=\"gap\" style=\"line-height: 10px; height: 10px;\"><\/div><\/div>\n<div>\u2117 2024\u00a0<b>The Asylum<\/b>, \u00a9 2024\u00a0<strong>B-Spree Pictures<\/strong> \/ <span style=\"font-family: 'arial black', sans-serif;\"><strong>UCM.ONE<\/strong><\/span><\/div>\n<div><div class=\"gap\" style=\"line-height: 20px; height: 20px;\"><\/div><\/div>\n<div>\n<div><\/div>\n<div>\n<div><div class=\"gap\" style=\"line-height: 10px; height: 10px;\"><\/div><\/div>\n<div><span style=\"color: #003a80;\"><strong>\u27a0 <a style=\"color: #003a80;\" href=\"https:\/\/ucm.one\/de\/produkt-kategorie\/art-de\/filme-de\/\">zum Shop<\/a><\/strong><\/span><\/div>\n<div><div class=\"gap\" style=\"line-height: 20px; height: 20px;\"><\/div><\/div>\n<\/div>\n<\/div>\n<\/div>\n","protected":false},"excerpt":{"rendered":"<p>Regie: <strong><a href=\"https:\/\/ucm.one\/de\/?s=%22Mark+Atkins%22&amp;post_type=product\">Mark Atkins<span class=\"Apple-converted-space\">\u00a0<\/span><\/a><\/strong><\/p>\n<p>Label: <a title=\"B-Spree Pictures\" href=\"https:\/\/ucm.one\/de\/produkt-kategorie\/label-film-de\/b-spree-pictures-de\"><strong>B-Spree Pictures<\/strong><\/a><\/p>\n<p>Art:\u00a0<strong><a href=\"https:\/\/ucm.one\/de\/produkt-kategorie\/art-de\/filme-de\/\">Film<\/a> (Spielfilm)<\/strong><\/p>\n<p>Genres: <b><a href=\"https:\/\/ucm.one\/de\/produkt-kategorie\/genre-film-de\/abenteuer\/\">Action, <\/a><a href=\"https:\/\/ucm.one\/de\/produkt-kategorie\/genre-film-de\/action-de\/\">Abenteuer<\/a><\/b><\/p>\n<p>Jahr: <strong>2024<\/strong><\/p>\n<p>FSK: <strong>16<\/strong><\/p>\n<p>Formate: <strong>Diverse<\/strong><\/p>\n","protected":false},"featured_media":105947,"comment_status":"open","ping_status":"closed","template":"","meta":{"_acf_changed":false},"product_brand":[],"product_cat":[10331,10332,10341,10354,10357,10358,9708],"product_tag":[17986,17987,17988,17989,17990,17991,17992,17993,10942,17994,11301],"class_list":{"0":"post-105946","1":"product","2":"type-product","3":"status-publish","4":"has-post-thumbnail","6":"product_cat-dvd-de","7":"product_cat-blu-ray-de","8":"product_cat-b-spree-pictures-de","9":"product_cat-science-fiction-de","10":"product_cat-abenteuer","11":"product_cat-action-de","12":"product_cat-filme-de","13":"product_tag-mark-atkins","14":"product_tag-vernon-g-wells","15":"product_tag-herkamal-preet-kaur","16":"product_tag-chandni-sha","17":"product_tag-mad-max","18":"product_tag-furiosa","19":"product_tag-a-mad-max-saga","20":"product_tag-road-wars","21":"product_tag-b-spree-pictures","22":"product_tag-max-fury","23":"product_tag-the-asylum","24":"pa_format-dvd","25":"pa_format-blu-ray-de","26":"description-off","28":"first","29":"instock","30":"taxable","31":"shipping-taxable","32":"purchasable","33":"product-type-variable"},"acf":[],"yoast_head":"<!-- This site is optimized with the Yoast SEO plugin v27.5 - https:\/\/yoast.com\/product\/yoast-seo-wordpress\/ -->\n<title>Road Wars: Max Fury<\/title>\n<meta name=\"description\" content=\"Shop | Road Wars: Max Fury | 2024 | B-Spree Pictures | Blu-Ray, DVD | FSK 16\" \/>\n<meta name=\"robots\" content=\"index, follow, max-snippet:-1, max-image-preview:large, max-video-preview:-1\" \/>\n<link rel=\"canonical\" href=\"https:\/\/ucm.one\/de\/produkt\/road-wars-max-fury\/\" \/>\n<meta property=\"og:locale\" content=\"de_DE\" \/>\n<meta property=\"og:type\" content=\"article\" \/>\n<meta property=\"og:title\" content=\"Road Wars: Max Fury\" \/>\n<meta property=\"og:description\" content=\"Shop | Road Wars: Max Fury | 2024 | B-Spree Pictures | Blu-Ray, DVD | FSK 16\" \/>\n<meta property=\"og:url\" content=\"https:\/\/ucm.one\/de\/produkt\/road-wars-max-fury\/\" \/>\n<meta property=\"og:site_name\" content=\"UCM.ONE\" \/>\n<meta property=\"article:modified_time\" content=\"2024-08-21T08:22:24+00:00\" \/>\n<meta property=\"og:image\" content=\"https:\/\/ucm.one\/wp-content\/uploads\/2024\/08\/YT-Road-Wars-Max-Fury.jpg\" \/>\n\t<meta property=\"og:image:width\" content=\"699\" \/>\n\t<meta property=\"og:image:height\" content=\"702\" \/>\n\t<meta property=\"og:image:type\" content=\"image\/jpeg\" \/>\n<meta name=\"twitter:card\" content=\"summary_large_image\" \/>\n<meta name=\"twitter:title\" content=\"Road Wars: Max Fury\" \/>\n<meta name=\"twitter:description\" content=\"Shop | Road Wars: Max Fury | 2024 | B-Spree Pictures | Blu-Ray, DVD | FSK 16\" \/>\n<meta name=\"twitter:image\" content=\"https:\/\/ucm.one\/wp-content\/uploads\/2024\/08\/YT-Road-Wars-Max-Fury.jpg\" \/>\n<meta name=\"twitter:label1\" content=\"Gesch\u00e4tzte Lesezeit\" \/>\n\t<meta name=\"twitter:data1\" content=\"1\u00a0Minute\" \/>\n<!-- \/ Yoast SEO plugin. -->","yoast_head_json":{"title":"Road Wars: Max Fury","description":"Shop | Road Wars: Max Fury | 2024 | B-Spree Pictures | Blu-Ray, DVD | FSK 16","robots":{"index":"index","follow":"follow","max-snippet":"max-snippet:-1","max-image-preview":"max-image-preview:large","max-video-preview":"max-video-preview:-1"},"canonical":"https:\/\/ucm.one\/de\/produkt\/road-wars-max-fury\/","og_locale":"de_DE","og_type":"article","og_title":"Road Wars: Max Fury","og_description":"Shop | Road Wars: Max Fury | 2024 | B-Spree Pictures | Blu-Ray, DVD | FSK 16","og_url":"https:\/\/ucm.one\/de\/produkt\/road-wars-max-fury\/","og_site_name":"UCM.ONE","article_modified_time":"2024-08-21T08:22:24+00:00","og_image":[{"width":699,"height":702,"url":"https:\/\/ucm.one\/wp-content\/uploads\/2024\/08\/YT-Road-Wars-Max-Fury.jpg","type":"image\/jpeg"}],"twitter_card":"summary_large_image","twitter_title":"Road Wars: Max Fury","twitter_description":"Shop | Road Wars: Max Fury | 2024 | B-Spree Pictures | Blu-Ray, DVD | FSK 16","twitter_image":"https:\/\/ucm.one\/wp-content\/uploads\/2024\/08\/YT-Road-Wars-Max-Fury.jpg","twitter_misc":{"Gesch\u00e4tzte Lesezeit":"1\u00a0Minute"},"schema":{"@context":"https:\/\/schema.org","@graph":[{"@type":"WebPage","@id":"https:\/\/ucm.one\/de\/produkt\/road-wars-max-fury\/","url":"https:\/\/ucm.one\/de\/produkt\/road-wars-max-fury\/","name":"Road Wars: Max Fury","isPartOf":{"@id":"https:\/\/ucm.one\/de\/#website"},"primaryImageOfPage":{"@id":"https:\/\/ucm.one\/de\/produkt\/road-wars-max-fury\/#primaryimage"},"image":{"@id":"https:\/\/ucm.one\/de\/produkt\/road-wars-max-fury\/#primaryimage"},"thumbnailUrl":"https:\/\/ucm.one\/wp-content\/uploads\/2024\/08\/C-Road-Wars-Max-Fury-DVD-2D-FSK16.jpg","datePublished":"2024-08-18T10:58:49+00:00","dateModified":"2024-08-21T08:22:24+00:00","description":"Shop | Road Wars: Max Fury | 2024 | B-Spree Pictures | Blu-Ray, DVD | FSK 16","breadcrumb":{"@id":"https:\/\/ucm.one\/de\/produkt\/road-wars-max-fury\/#breadcrumb"},"inLanguage":"de","potentialAction":[{"@type":"ReadAction","target":["https:\/\/ucm.one\/de\/produkt\/road-wars-max-fury\/"]}]},{"@type":"ImageObject","inLanguage":"de","@id":"https:\/\/ucm.one\/de\/produkt\/road-wars-max-fury\/#primaryimage","url":"https:\/\/ucm.one\/wp-content\/uploads\/2024\/08\/C-Road-Wars-Max-Fury-DVD-2D-FSK16.jpg","contentUrl":"https:\/\/ucm.one\/wp-content\/uploads\/2024\/08\/C-Road-Wars-Max-Fury-DVD-2D-FSK16.jpg","width":699,"height":1000},{"@type":"BreadcrumbList","@id":"https:\/\/ucm.one\/de\/produkt\/road-wars-max-fury\/#breadcrumb","itemListElement":[{"@type":"ListItem","position":1,"name":"Home","item":"https:\/\/ucm.one\/de\/"},{"@type":"ListItem","position":2,"name":"Shop","item":"https:\/\/ucm.one\/de\/shop\/"},{"@type":"ListItem","position":3,"name":"Road Wars: Max Fury"}]},{"@type":"WebSite","@id":"https:\/\/ucm.one\/de\/#website","url":"https:\/\/ucm.one\/de\/","name":"UCM.ONE","description":"","publisher":{"@id":"https:\/\/ucm.one\/de\/#organization"},"potentialAction":[{"@type":"SearchAction","target":{"@type":"EntryPoint","urlTemplate":"https:\/\/ucm.one\/de\/?s={search_term_string}"},"query-input":{"@type":"PropertyValueSpecification","valueRequired":true,"valueName":"search_term_string"}}],"inLanguage":"de"},{"@type":"Organization","@id":"https:\/\/ucm.one\/de\/#organization","name":"UCM.ONE","url":"https:\/\/ucm.one\/de\/","logo":{"@type":"ImageObject","inLanguage":"de","@id":"https:\/\/ucm.one\/de\/#\/schema\/logo\/image\/","url":"https:\/\/ucm.one\/wp-content\/uploads\/2019\/10\/UCM.ONE-Logo-RGB.svg","contentUrl":"https:\/\/ucm.one\/wp-content\/uploads\/2019\/10\/UCM.ONE-Logo-RGB.svg","width":1,"height":1,"caption":"UCM.ONE"},"image":{"@id":"https:\/\/ucm.one\/de\/#\/schema\/logo\/image\/"}}]}},"_links":{"self":[{"href":"https:\/\/ucm.one\/de\/wp-json\/wp\/v2\/product\/105946","targetHints":{"allow":["GET"]}}],"collection":[{"href":"https:\/\/ucm.one\/de\/wp-json\/wp\/v2\/product"}],"about":[{"href":"https:\/\/ucm.one\/de\/wp-json\/wp\/v2\/types\/product"}],"replies":[{"embeddable":true,"href":"https:\/\/ucm.one\/de\/wp-json\/wp\/v2\/comments?post=105946"}],"wp:featuredmedia":[{"embeddable":true,"href":"https:\/\/ucm.one\/de\/wp-json\/wp\/v2\/media\/105947"}],"wp:attachment":[{"href":"https:\/\/ucm.one\/de\/wp-json\/wp\/v2\/media?parent=105946"}],"wp:term":[{"taxonomy":"product_brand","embeddable":true,"href":"https:\/\/ucm.one\/de\/wp-json\/wp\/v2\/product_brand?post=105946"},{"taxonomy":"product_cat","embeddable":true,"href":"https:\/\/ucm.one\/de\/wp-json\/wp\/v2\/product_cat?post=105946"},{"taxonomy":"product_tag","embeddable":true,"href":"https:\/\/ucm.one\/de\/wp-json\/wp\/v2\/product_tag?post=105946"}],"curies":[{"name":"wp","href":"https:\/\/api.w.org\/{rel}","templated":true}]}}