{"id":105147,"date":"2020-10-16T12:53:16","date_gmt":"2020-10-16T12:53:16","guid":{"rendered":"https:\/\/ucm.one\/?post_type=product&#038;p=105147"},"modified":"2025-05-22T14:22:22","modified_gmt":"2025-05-22T14:22:22","slug":"jodeln-is-ka-suend","status":"publish","type":"product","link":"https:\/\/ucm.one\/de\/produkt\/jodeln-is-ka-suend\/","title":{"rendered":"Jodeln is ka S\u00fcnd"},"content":{"rendered":"<div class=\"wpb_text_column wpb_content_element \">\n<div class=\"wpb_wrapper\">\n<div class=\"\">\n<div class=\"wpb_text_column wpb_content_element \">\n<div class=\"wpb_wrapper\">\n<div class=\"wpb_text_column wpb_content_element \">\n<div class=\"wpb_wrapper\">\n<p>Die beiden h\u00fcbschen M\u00e4dels Rosl (<strong>Katharina Herberg<\/strong>) und Veronika (<strong>Juliane Rom-Sock<\/strong>) genie\u00dfen ihre T\u00e4tigkeit im horizontalen Gewerbe und erfreuen sich an \u00fcppigen, steuerfreien Eink\u00fcnften. Doch dies ruft die B\u00fcrgerwehr einer kleinen idyllischen bayrischen Kurstadt auf den Plan. Aber au\u00dfer den M\u00e4dels bei der Aus\u00fcbung ihrer T\u00e4tigkeit zuzusehen und selbst in unanst\u00e4ndigen Tr\u00e4umen zu schwelgen, halten sich die ergriffenen Ma\u00dfnahmen in Grenzen. Nach einer Weile verliebt sich Rosl Hals \u00fcber Kopf in den observierenden Beamten (<strong>Rudolf W. Brem<\/strong>) und Veronika versucht sich an der Gr\u00fcndung eines Hostessenrings. Allerdings scheitern beide Unternehmungen mit Pauken und Trompeten, so dass man schlussendlich wieder da landet, wo man angefangen hat und l\u00e4sst auch lesbischen Leidenschaften einen freien Lauf&#8230;<\/p>\n<\/div>\n<\/div>\n<\/div>\n<\/div>\n<\/div>\n<\/div>\n<\/div>\n<div><div class=\"gap\" style=\"line-height: 20px; height: 20px;\"><\/div><\/div>\n<h5>Weitere Informationen<\/h5>\n<div>\n<div>\n<table style=\"height: 46px; width: 100%; border-collapse: collapse; border-color: #ffffff; background-color: #ffffff; border-style: hidden;\">\n<tbody>\n<tr style=\"height: 23px;\">\n<td style=\"width: 4.701195219123506%; height: 23px; border-style: hidden;\">Label:<\/td>\n<td style=\"width: 95.29880478087651%; height: 23px; border-style: hidden;\"><strong>Sektion X-Berk 36<\/strong><\/td>\n<\/tr>\n<\/tbody>\n<\/table>\n<\/div>\n<div><\/div>\n<\/div>\n<div>\n<div><div class=\"gap\" style=\"line-height: 10px; height: 10px;\"><\/div><\/div>\n<div>\u2117 1986 <strong>Cinerotica Filmproduktion<\/strong>, M\u00fcnchen, \u00a9 2020 <strong>Sektion X-Berg 26 \/ <span style=\"font-family: 'arial black', sans-serif;\">UCM.ONE<\/span><\/strong><\/div>\n<div><div class=\"gap\" style=\"line-height: 20px; height: 20px;\"><\/div><\/div>\n<div>\n<div><\/div>\n<div>\n<div><div class=\"gap\" style=\"line-height: 10px; height: 10px;\"><\/div><\/div>\n<div><span style=\"color: #003a80;\"><strong>\u27a0 <a style=\"color: #003a80;\" href=\"https:\/\/ucm.one\/de\/produkt-kategorie\/art-de\/filme-de\/\">zum Shop<\/a><\/strong><\/span><\/div>\n<div><div class=\"gap\" style=\"line-height: 20px; height: 20px;\"><\/div><\/div>\n<\/div>\n<\/div>\n<\/div>\n","protected":false},"excerpt":{"rendered":"<p>Regie: <strong><a title=\"Ulli Lommel\" href=\"https:\/\/de.wikipedia.org\/wiki\/Ulli_Lommel\">Ulli Lommel<\/a><\/strong><\/p>\n<p>Label: <a title=\"M-Square Pictures\" href=\"https:\/\/ucm.one\/de\/produkt-kategorie\/label-film-de\/sektor-x-berg-36\/\"><strong>Sektion X-Berg 36<\/strong><\/a><\/p>\n<p>Art:\u00a0<strong><a href=\"https:\/\/ucm.one\/de\/produkt-kategorie\/art-de\/filme-de\/\">Film<\/a> (Spielfilm)<\/strong><\/p>\n<p>Genres: <strong><a title=\"Action\" href=\"https:\/\/ucm.one\/de\/produkt-kategorie\/genre-film-de\/erotik-de\/\">Erotik<\/a>, <a title=\"Science-Fiction\" href=\"https:\/\/ucm.one\/de\/produkt-kategorie\/genre-film-de\/komoedie-de\/\">Kom\u00f6die<\/a><\/strong><b><\/b><\/p>\n<p>Jahr: <strong>1974<\/strong><\/p>\n<p>FSK: <strong>18 <\/strong>(Nicht freigegeben unter 18 Jahren gem\u00e4\u00df \u00a77 J\u00d6SchG)<\/p>\n<p>Format: <strong>DVD<\/strong><\/p>\n","protected":false},"featured_media":105148,"comment_status":"open","ping_status":"closed","template":"","meta":{"_acf_changed":false},"product_brand":[],"product_cat":[15293,17855,9708,10324,10331,10356,12093],"product_tag":[],"class_list":{"0":"post-105147","1":"product","2":"type-product","3":"status-publish","4":"has-post-thumbnail","6":"product_cat-erotik-de","7":"product_cat-sektor-x-berg-36","8":"product_cat-filme-de","9":"product_cat-m-square-classics-de","10":"product_cat-dvd-de","11":"product_cat-komoedie-de","12":"product_cat-klassiker-de","13":"product_shipping_class-dvd-2","14":"pa_format-dvd","15":"description-off","17":"first","18":"instock","19":"sale","20":"taxable","21":"shipping-taxable","22":"purchasable","23":"product-type-variable","24":"has-default-attributes"},"acf":[],"yoast_head":"<!-- This site is optimized with the Yoast SEO plugin v27.5 - https:\/\/yoast.com\/product\/yoast-seo-wordpress\/ -->\n<title>Jodeln is ka S\u00fcnd<\/title>\n<meta name=\"description\" content=\"Shop | Jodeln is ka S\u00fcnd | 2020 | Sektion X-Berg 36 | DVD | FSK 18\" \/>\n<meta name=\"robots\" content=\"index, follow, max-snippet:-1, max-image-preview:large, max-video-preview:-1\" \/>\n<link rel=\"canonical\" href=\"https:\/\/ucm.one\/de\/produkt\/jodeln-is-ka-suend\/\" \/>\n<meta property=\"og:locale\" content=\"de_DE\" \/>\n<meta property=\"og:type\" content=\"article\" \/>\n<meta property=\"og:title\" content=\"Jodeln is ka S\u00fcnd\" \/>\n<meta property=\"og:description\" content=\"Shop | Jodeln is ka S\u00fcnd | 2020 | Sektion X-Berg 36 | DVD | FSK 18\" \/>\n<meta property=\"og:url\" content=\"https:\/\/ucm.one\/de\/produkt\/jodeln-is-ka-suend\/\" \/>\n<meta property=\"og:site_name\" content=\"UCM.ONE\" \/>\n<meta property=\"article:modified_time\" content=\"2025-05-22T14:22:22+00:00\" \/>\n<meta property=\"og:image\" content=\"https:\/\/ucm.one\/wp-content\/uploads\/2024\/06\/C-Jodeln-is-ka-Suend.jpg\" \/>\n\t<meta property=\"og:image:width\" content=\"699\" \/>\n\t<meta property=\"og:image:height\" content=\"1000\" \/>\n\t<meta property=\"og:image:type\" content=\"image\/jpeg\" \/>\n<meta name=\"twitter:card\" content=\"summary_large_image\" \/>\n<meta name=\"twitter:title\" content=\"Jodeln is ka S\u00fcnd\" \/>\n<meta name=\"twitter:description\" content=\"Shop | Jodeln is ka S\u00fcnd | 2020 | Sektion X-Berg 36 | DVD | FSK 18\" \/>\n<meta name=\"twitter:image\" content=\"https:\/\/ucm.one\/wp-content\/uploads\/2024\/06\/C-Jodeln-is-ka-Suend.jpg\" \/>\n<meta name=\"twitter:label1\" content=\"Gesch\u00e4tzte Lesezeit\" \/>\n\t<meta name=\"twitter:data1\" content=\"2\u00a0Minuten\" \/>\n<!-- \/ Yoast SEO plugin. -->","yoast_head_json":{"title":"Jodeln is ka S\u00fcnd","description":"Shop | Jodeln is ka S\u00fcnd | 2020 | Sektion X-Berg 36 | DVD | FSK 18","robots":{"index":"index","follow":"follow","max-snippet":"max-snippet:-1","max-image-preview":"max-image-preview:large","max-video-preview":"max-video-preview:-1"},"canonical":"https:\/\/ucm.one\/de\/produkt\/jodeln-is-ka-suend\/","og_locale":"de_DE","og_type":"article","og_title":"Jodeln is ka S\u00fcnd","og_description":"Shop | Jodeln is ka S\u00fcnd | 2020 | Sektion X-Berg 36 | DVD | FSK 18","og_url":"https:\/\/ucm.one\/de\/produkt\/jodeln-is-ka-suend\/","og_site_name":"UCM.ONE","article_modified_time":"2025-05-22T14:22:22+00:00","og_image":[{"width":699,"height":1000,"url":"https:\/\/ucm.one\/wp-content\/uploads\/2024\/06\/C-Jodeln-is-ka-Suend.jpg","type":"image\/jpeg"}],"twitter_card":"summary_large_image","twitter_title":"Jodeln is ka S\u00fcnd","twitter_description":"Shop | Jodeln is ka S\u00fcnd | 2020 | Sektion X-Berg 36 | DVD | FSK 18","twitter_image":"https:\/\/ucm.one\/wp-content\/uploads\/2024\/06\/C-Jodeln-is-ka-Suend.jpg","twitter_misc":{"Gesch\u00e4tzte Lesezeit":"2\u00a0Minuten"},"schema":{"@context":"https:\/\/schema.org","@graph":[{"@type":"WebPage","@id":"https:\/\/ucm.one\/de\/produkt\/jodeln-is-ka-suend\/","url":"https:\/\/ucm.one\/de\/produkt\/jodeln-is-ka-suend\/","name":"Jodeln is ka S\u00fcnd","isPartOf":{"@id":"https:\/\/ucm.one\/de\/#website"},"primaryImageOfPage":{"@id":"https:\/\/ucm.one\/de\/produkt\/jodeln-is-ka-suend\/#primaryimage"},"image":{"@id":"https:\/\/ucm.one\/de\/produkt\/jodeln-is-ka-suend\/#primaryimage"},"thumbnailUrl":"https:\/\/ucm.one\/wp-content\/uploads\/2024\/06\/C-Jodeln-is-ka-Suend.jpg","datePublished":"2020-10-16T12:53:16+00:00","dateModified":"2025-05-22T14:22:22+00:00","description":"Shop | Jodeln is ka S\u00fcnd | 2020 | Sektion X-Berg 36 | DVD | FSK 18","breadcrumb":{"@id":"https:\/\/ucm.one\/de\/produkt\/jodeln-is-ka-suend\/#breadcrumb"},"inLanguage":"de","potentialAction":[{"@type":"ReadAction","target":["https:\/\/ucm.one\/de\/produkt\/jodeln-is-ka-suend\/"]}]},{"@type":"ImageObject","inLanguage":"de","@id":"https:\/\/ucm.one\/de\/produkt\/jodeln-is-ka-suend\/#primaryimage","url":"https:\/\/ucm.one\/wp-content\/uploads\/2024\/06\/C-Jodeln-is-ka-Suend.jpg","contentUrl":"https:\/\/ucm.one\/wp-content\/uploads\/2024\/06\/C-Jodeln-is-ka-Suend.jpg","width":699,"height":1000},{"@type":"BreadcrumbList","@id":"https:\/\/ucm.one\/de\/produkt\/jodeln-is-ka-suend\/#breadcrumb","itemListElement":[{"@type":"ListItem","position":1,"name":"Home","item":"https:\/\/ucm.one\/de\/"},{"@type":"ListItem","position":2,"name":"Shop","item":"https:\/\/ucm.one\/de\/shop\/"},{"@type":"ListItem","position":3,"name":"Jodeln is ka S\u00fcnd"}]},{"@type":"WebSite","@id":"https:\/\/ucm.one\/de\/#website","url":"https:\/\/ucm.one\/de\/","name":"UCM.ONE","description":"","publisher":{"@id":"https:\/\/ucm.one\/de\/#organization"},"potentialAction":[{"@type":"SearchAction","target":{"@type":"EntryPoint","urlTemplate":"https:\/\/ucm.one\/de\/?s={search_term_string}"},"query-input":{"@type":"PropertyValueSpecification","valueRequired":true,"valueName":"search_term_string"}}],"inLanguage":"de"},{"@type":"Organization","@id":"https:\/\/ucm.one\/de\/#organization","name":"UCM.ONE","url":"https:\/\/ucm.one\/de\/","logo":{"@type":"ImageObject","inLanguage":"de","@id":"https:\/\/ucm.one\/de\/#\/schema\/logo\/image\/","url":"https:\/\/ucm.one\/wp-content\/uploads\/2019\/10\/UCM.ONE-Logo-RGB.svg","contentUrl":"https:\/\/ucm.one\/wp-content\/uploads\/2019\/10\/UCM.ONE-Logo-RGB.svg","width":1,"height":1,"caption":"UCM.ONE"},"image":{"@id":"https:\/\/ucm.one\/de\/#\/schema\/logo\/image\/"}}]}},"_links":{"self":[{"href":"https:\/\/ucm.one\/de\/wp-json\/wp\/v2\/product\/105147","targetHints":{"allow":["GET"]}}],"collection":[{"href":"https:\/\/ucm.one\/de\/wp-json\/wp\/v2\/product"}],"about":[{"href":"https:\/\/ucm.one\/de\/wp-json\/wp\/v2\/types\/product"}],"replies":[{"embeddable":true,"href":"https:\/\/ucm.one\/de\/wp-json\/wp\/v2\/comments?post=105147"}],"wp:featuredmedia":[{"embeddable":true,"href":"https:\/\/ucm.one\/de\/wp-json\/wp\/v2\/media\/105148"}],"wp:attachment":[{"href":"https:\/\/ucm.one\/de\/wp-json\/wp\/v2\/media?parent=105147"}],"wp:term":[{"taxonomy":"product_brand","embeddable":true,"href":"https:\/\/ucm.one\/de\/wp-json\/wp\/v2\/product_brand?post=105147"},{"taxonomy":"product_cat","embeddable":true,"href":"https:\/\/ucm.one\/de\/wp-json\/wp\/v2\/product_cat?post=105147"},{"taxonomy":"product_tag","embeddable":true,"href":"https:\/\/ucm.one\/de\/wp-json\/wp\/v2\/product_tag?post=105147"}],"curies":[{"name":"wp","href":"https:\/\/api.w.org\/{rel}","templated":true}]}}