{"id":104487,"date":"2024-05-22T23:31:09","date_gmt":"2024-05-22T23:31:09","guid":{"rendered":"https:\/\/ucm.one\/?post_type=product&#038;p=104487"},"modified":"2024-06-10T17:32:53","modified_gmt":"2024-06-10T17:32:53","slug":"die-letzten-stunden-von-pompeji","status":"publish","type":"product","link":"https:\/\/ucm.one\/de\/produkt\/die-letzten-stunden-von-pompeji\/","title":{"rendered":"Die letzten Stunden von Pompeji"},"content":{"rendered":"<div class=\"wpb_text_column wpb_content_element \">\n<div class=\"wpb_wrapper\">\n<div class=\"\">\n<div class=\"wpb_text_column wpb_content_element \">\n<div class=\"wpb_wrapper\">\n<div class=\"wpb_text_column wpb_content_element \">\n<div class=\"wpb_wrapper\">\n<p>79 nach Christus: Marcus Tiberius (<strong>Brad Harris<\/strong>), siegreicher Feldherr und Neffe des r\u00f6mischen Kaisers Titus Flavius (<strong>Philippe Hersent<\/strong>), will seinen Onkel vor einem geplanten Umsturz durch seinen Berater Tercius warnen. Aber der Kaiser schenkt ihm kein Vertrauen. Er schickt ihn stattdessen nach Pompeji, um die &#8222;wahren Feinde&#8220; des r\u00f6mischen Reiches zu vernichten &#8211; die Christen. Doch Marcus Tiberius weigert sich. Er schl\u00e4gt sich auf die Seite der Gladiatoren, um gemeinsam mit ihnen gegen Tercius und seine H\u00e4scher zu k\u00e4mpfen. Doch inzwischen droht Pompeji unter der gl\u00fchenden, alles verzehrenden Lava des Vesuvs zu ersticken&#8230;<\/p>\n<\/div>\n<\/div>\n<\/div>\n<\/div>\n<\/div>\n<\/div>\n<\/div>\n<div><div class=\"gap\" style=\"line-height: 20px; height: 20px;\"><\/div><\/div>\n<h5>Weitere Informationen<\/h5>\n<div>\n<div>\n<table style=\"height: 46px; width: 100%; border-collapse: collapse; border-color: #ffffff; background-color: #ffffff; border-style: hidden;\">\n<tbody>\n<tr>\n<td style=\"width: 4.701195%; border-style: hidden;\">Film:<\/td>\n<td style=\"width: 95.298805%; border-style: hidden;\"><a href=\"https:\/\/ucm.one\/de\/die-letzten-stunden-von-pompeji-von-gianfranco-parolini-als-limitiertes-mediabook-und-auf-blu-ray-dvd-erhaeltlich\/\">Die letzten Stunden von Pompeji<\/a><\/td>\n<\/tr>\n<tr style=\"height: 23px;\">\n<td style=\"width: 4.701195219123506%; height: 23px; border-style: hidden;\">Label:<\/td>\n<td style=\"width: 95.29880478087651%; height: 23px; border-style: hidden;\"><a title=\"M-Square Pictures\" href=\"https:\/\/ucm.one\/de\/film-labels\/m-square-pictures\/#m-square-classics\">M-Square Classics<\/a><\/td>\n<\/tr>\n<\/tbody>\n<\/table>\n<\/div>\n<div><\/div>\n<\/div>\n<div>\n<div><div class=\"gap\" style=\"line-height: 10px; height: 10px;\"><\/div><\/div>\n<div>\u2117 1962 <strong>Cinematografica Associati (CI.AS.)<\/strong>, <strong>Comptoir Fran\u00e7ais du Film Production (CFFP)<\/strong>, \u00a9 2024 <strong>M-Square Classics \/ <span style=\"font-family: 'arial black', sans-serif;\">UCM.ONE<\/span><\/strong><\/div>\n<div><div class=\"gap\" style=\"line-height: 20px; height: 20px;\"><\/div><\/div>\n<div>\n<div><\/div>\n<div>\n<div><div class=\"gap\" style=\"line-height: 10px; height: 10px;\"><\/div><\/div>\n<div><span style=\"color: #003a80;\"><strong>\u27a0 <a style=\"color: #003a80;\" href=\"https:\/\/ucm.one\/de\/produkt-kategorie\/art-de\/filme-de\/\">zum Shop<\/a><\/strong><\/span><\/div>\n<div><div class=\"gap\" style=\"line-height: 20px; height: 20px;\"><\/div><\/div>\n<\/div>\n<\/div>\n<\/div>\n","protected":false},"excerpt":{"rendered":"<p>Regie: <strong><a href=\"https:\/\/ucm.one\/de\/?s=%22Gianfranco+Parolini%22&amp;post_type=product\"><span lang=\"IT\">Gianfranco Parolini<\/span><\/a><\/strong><\/p>\n<p>Label: <a title=\"M-Square Pictures\" href=\"https:\/\/ucm.one\/de\/produkt-kategorie\/label-film-de\/m-square-classics-de\"><strong>M-Square Classics<\/strong><\/a><\/p>\n<p>Art:\u00a0<strong><a href=\"https:\/\/ucm.one\/de\/produkt-kategorie\/art-de\/filme-de\/\">Film<\/a> (Spielfilm)<\/strong><\/p>\n<p>Genres: <strong><a title=\"Action\" href=\"https:\/\/ucm.one\/de\/produkt-kategorie\/genre-film-de\/action-de\/\">Action<\/a>, <a title=\"Fantasy\" href=\"https:\/\/ucm.one\/de\/produkt-kategorie\/genre-film-de\/drama-de\/\">Drama<\/a><\/strong><b><\/b><\/p>\n<p>Jahr: <strong>1962<\/strong><\/p>\n<p>FSK: <strong>12<\/strong><\/p>\n<p>Formate: <strong>Diverse<\/strong><\/p>\n","protected":false},"featured_media":104488,"comment_status":"open","ping_status":"closed","template":"","meta":{"_acf_changed":false},"product_brand":[],"product_cat":[10358,10952,9708,12093,10324,10331,10332,10333,10334],"product_tag":[17688,17689,17690,17691,17681,17692,17682,17693,17683,17694,17684,17695,17685,17696,17686,17697,17687],"class_list":{"0":"post-104487","1":"product","2":"type-product","3":"status-publish","4":"has-post-thumbnail","6":"product_cat-action-de","7":"product_cat-history-de","8":"product_cat-filme-de","9":"product_cat-klassiker-de","10":"product_cat-m-square-classics-de","11":"product_cat-dvd-de","12":"product_cat-blu-ray-de","13":"product_cat-mediabooks-de","14":"product_cat-drama-de","15":"product_tag-mara-lane","16":"product_tag-jacques-berthier","17":"product_tag-jany-clair","18":"product_tag-carlo-tamberlani","19":"product_tag-die-letzten-stunden-von-pompeji","20":"product_tag-philippe-hersent","21":"product_tag-anno-79-la-distruzione-di-ercolano","22":"product_tag-ivy-holzer","23":"product_tag-gianfranco-parolini","24":"product_tag-isarco-ravaioli","25":"product_tag-sandalenfilm","26":"product_tag-giovanni-simonelli","27":"product_tag-katastrophenfilm","28":"product_tag-die-letzten-tage-von-pompeji","29":"product_tag-brad-harris","30":"product_tag-der-untergang-des-roemischen-reichs","31":"product_tag-susan-paget","32":"pa_format-dvd","33":"pa_format-blu-ray-de","34":"pa_format-mediabook-blu-ray-dvd","35":"description-off","37":"first","38":"instock","39":"taxable","40":"shipping-taxable","41":"purchasable","42":"product-type-variable"},"acf":[],"yoast_head":"<!-- This site is optimized with the Yoast SEO plugin v27.2 - https:\/\/yoast.com\/product\/yoast-seo-wordpress\/ -->\n<title>Die letzten Stunden von Pompeji<\/title>\n<meta name=\"description\" content=\"Shop | Die letzten Stunden von Pompeji | 2024 | M-Square Classics | Mediabook, Blu-ray + DVD | FSK 12\" \/>\n<meta name=\"robots\" content=\"index, follow, max-snippet:-1, max-image-preview:large, max-video-preview:-1\" \/>\n<link rel=\"canonical\" href=\"https:\/\/ucm.one\/de\/produkt\/die-letzten-stunden-von-pompeji\/\" \/>\n<meta property=\"og:locale\" content=\"de_DE\" \/>\n<meta property=\"og:type\" content=\"article\" \/>\n<meta property=\"og:title\" content=\"Die letzten Stunden von Pompeji\" \/>\n<meta property=\"og:description\" content=\"Shop | Die letzten Stunden von Pompeji | 2024 | M-Square Classics | Blu-Ray + DVD | FSK 12\" \/>\n<meta property=\"og:url\" content=\"https:\/\/ucm.one\/de\/produkt\/die-letzten-stunden-von-pompeji\/\" \/>\n<meta property=\"og:site_name\" content=\"UCM.ONE\" \/>\n<meta property=\"article:modified_time\" content=\"2024-06-10T17:32:53+00:00\" \/>\n<meta property=\"og:image\" content=\"https:\/\/ucm.one\/wp-content\/uploads\/2024\/05\/P-Die-Letzten-Stunden-von-Pompeji.jpg\" \/>\n\t<meta property=\"og:image:width\" content=\"699\" \/>\n\t<meta property=\"og:image:height\" content=\"1000\" \/>\n\t<meta property=\"og:image:type\" content=\"image\/jpeg\" \/>\n<meta name=\"twitter:card\" content=\"summary_large_image\" \/>\n<meta name=\"twitter:title\" content=\"Die letzten Stunden von Pompeji\" \/>\n<meta name=\"twitter:description\" content=\"Shop | Die letzten Stunden von Pompeji | 2024 | M-Square Classics | Blu-Ray + DVD | FSK 12\" \/>\n<meta name=\"twitter:image\" content=\"https:\/\/ucm.one\/wp-content\/uploads\/2024\/05\/P-Die-Letzten-Stunden-von-Pompeji.jpg\" \/>\n<meta name=\"twitter:label1\" content=\"Gesch\u00e4tzte Lesezeit\" \/>\n\t<meta name=\"twitter:data1\" content=\"1\u00a0Minute\" \/>\n<!-- \/ Yoast SEO plugin. -->","yoast_head_json":{"title":"Die letzten Stunden von Pompeji","description":"Shop | Die letzten Stunden von Pompeji | 2024 | M-Square Classics | Mediabook, Blu-ray + DVD | FSK 12","robots":{"index":"index","follow":"follow","max-snippet":"max-snippet:-1","max-image-preview":"max-image-preview:large","max-video-preview":"max-video-preview:-1"},"canonical":"https:\/\/ucm.one\/de\/produkt\/die-letzten-stunden-von-pompeji\/","og_locale":"de_DE","og_type":"article","og_title":"Die letzten Stunden von Pompeji","og_description":"Shop | Die letzten Stunden von Pompeji | 2024 | M-Square Classics | Blu-Ray + DVD | FSK 12","og_url":"https:\/\/ucm.one\/de\/produkt\/die-letzten-stunden-von-pompeji\/","og_site_name":"UCM.ONE","article_modified_time":"2024-06-10T17:32:53+00:00","og_image":[{"width":699,"height":1000,"url":"https:\/\/ucm.one\/wp-content\/uploads\/2024\/05\/P-Die-Letzten-Stunden-von-Pompeji.jpg","type":"image\/jpeg"}],"twitter_card":"summary_large_image","twitter_title":"Die letzten Stunden von Pompeji","twitter_description":"Shop | Die letzten Stunden von Pompeji | 2024 | M-Square Classics | Blu-Ray + DVD | FSK 12","twitter_image":"https:\/\/ucm.one\/wp-content\/uploads\/2024\/05\/P-Die-Letzten-Stunden-von-Pompeji.jpg","twitter_misc":{"Gesch\u00e4tzte Lesezeit":"1\u00a0Minute"},"schema":{"@context":"https:\/\/schema.org","@graph":[{"@type":"WebPage","@id":"https:\/\/ucm.one\/de\/produkt\/die-letzten-stunden-von-pompeji\/","url":"https:\/\/ucm.one\/de\/produkt\/die-letzten-stunden-von-pompeji\/","name":"Die letzten Stunden von Pompeji","isPartOf":{"@id":"https:\/\/ucm.one\/de\/#website"},"primaryImageOfPage":{"@id":"https:\/\/ucm.one\/de\/produkt\/die-letzten-stunden-von-pompeji\/#primaryimage"},"image":{"@id":"https:\/\/ucm.one\/de\/produkt\/die-letzten-stunden-von-pompeji\/#primaryimage"},"thumbnailUrl":"https:\/\/ucm.one\/wp-content\/uploads\/2024\/05\/C-Die-Letzten-Stunden-von-Pompeji-MB-FSK12.jpg","datePublished":"2024-05-22T23:31:09+00:00","dateModified":"2024-06-10T17:32:53+00:00","description":"Shop | Die letzten Stunden von Pompeji | 2024 | M-Square Classics | Mediabook, Blu-ray + DVD | FSK 12","breadcrumb":{"@id":"https:\/\/ucm.one\/de\/produkt\/die-letzten-stunden-von-pompeji\/#breadcrumb"},"inLanguage":"de","potentialAction":[{"@type":"ReadAction","target":["https:\/\/ucm.one\/de\/produkt\/die-letzten-stunden-von-pompeji\/"]}]},{"@type":"ImageObject","inLanguage":"de","@id":"https:\/\/ucm.one\/de\/produkt\/die-letzten-stunden-von-pompeji\/#primaryimage","url":"https:\/\/ucm.one\/wp-content\/uploads\/2024\/05\/C-Die-Letzten-Stunden-von-Pompeji-MB-FSK12.jpg","contentUrl":"https:\/\/ucm.one\/wp-content\/uploads\/2024\/05\/C-Die-Letzten-Stunden-von-Pompeji-MB-FSK12.jpg","width":699,"height":1000},{"@type":"BreadcrumbList","@id":"https:\/\/ucm.one\/de\/produkt\/die-letzten-stunden-von-pompeji\/#breadcrumb","itemListElement":[{"@type":"ListItem","position":1,"name":"Home","item":"https:\/\/ucm.one\/de\/"},{"@type":"ListItem","position":2,"name":"Shop","item":"https:\/\/ucm.one\/de\/shop\/"},{"@type":"ListItem","position":3,"name":"Die letzten Stunden von Pompeji"}]},{"@type":"WebSite","@id":"https:\/\/ucm.one\/de\/#website","url":"https:\/\/ucm.one\/de\/","name":"UCM.ONE","description":"","publisher":{"@id":"https:\/\/ucm.one\/de\/#organization"},"potentialAction":[{"@type":"SearchAction","target":{"@type":"EntryPoint","urlTemplate":"https:\/\/ucm.one\/de\/?s={search_term_string}"},"query-input":{"@type":"PropertyValueSpecification","valueRequired":true,"valueName":"search_term_string"}}],"inLanguage":"de"},{"@type":"Organization","@id":"https:\/\/ucm.one\/de\/#organization","name":"UCM.ONE","url":"https:\/\/ucm.one\/de\/","logo":{"@type":"ImageObject","inLanguage":"de","@id":"https:\/\/ucm.one\/de\/#\/schema\/logo\/image\/","url":"https:\/\/ucm.one\/wp-content\/uploads\/2019\/10\/UCM.ONE-Logo-RGB.svg","contentUrl":"https:\/\/ucm.one\/wp-content\/uploads\/2019\/10\/UCM.ONE-Logo-RGB.svg","width":1,"height":1,"caption":"UCM.ONE"},"image":{"@id":"https:\/\/ucm.one\/de\/#\/schema\/logo\/image\/"}}]}},"_links":{"self":[{"href":"https:\/\/ucm.one\/de\/wp-json\/wp\/v2\/product\/104487","targetHints":{"allow":["GET"]}}],"collection":[{"href":"https:\/\/ucm.one\/de\/wp-json\/wp\/v2\/product"}],"about":[{"href":"https:\/\/ucm.one\/de\/wp-json\/wp\/v2\/types\/product"}],"replies":[{"embeddable":true,"href":"https:\/\/ucm.one\/de\/wp-json\/wp\/v2\/comments?post=104487"}],"wp:featuredmedia":[{"embeddable":true,"href":"https:\/\/ucm.one\/de\/wp-json\/wp\/v2\/media\/104488"}],"wp:attachment":[{"href":"https:\/\/ucm.one\/de\/wp-json\/wp\/v2\/media?parent=104487"}],"wp:term":[{"taxonomy":"product_brand","embeddable":true,"href":"https:\/\/ucm.one\/de\/wp-json\/wp\/v2\/product_brand?post=104487"},{"taxonomy":"product_cat","embeddable":true,"href":"https:\/\/ucm.one\/de\/wp-json\/wp\/v2\/product_cat?post=104487"},{"taxonomy":"product_tag","embeddable":true,"href":"https:\/\/ucm.one\/de\/wp-json\/wp\/v2\/product_tag?post=104487"}],"curies":[{"name":"wp","href":"https:\/\/api.w.org\/{rel}","templated":true}]}}