{"id":104418,"date":"2024-05-22T21:21:02","date_gmt":"2024-05-22T21:21:02","guid":{"rendered":"https:\/\/ucm.one\/?post_type=product&#038;p=104418"},"modified":"2024-07-09T18:14:54","modified_gmt":"2024-07-09T18:14:54","slug":"monsternado","status":"publish","type":"product","link":"https:\/\/ucm.one\/de\/produkt\/monsternado\/","title":{"rendered":"Monsternado"},"content":{"rendered":"<div class=\"wpb_text_column wpb_content_element \">\n<div class=\"wpb_wrapper\">\n<div class=\"\">\n<div class=\"wpb_text_column wpb_content_element \">\n<div class=\"wpb_wrapper\">\n<div><span class=\"y2iqfc\">Aus dem Bermuda-Dreieck kommend, bedrohen zahlreiche Tornados die Ostk\u00fcste der USA. Matt (Derek Miller), ein Wetterforscher und Hobby-Meteorologe, beobachtet das Ph\u00e4nomen schon seit vielen Jahren. Doch das Ausma\u00df der St\u00fcrme und vor allem was sie an pr\u00e4historischen Tieren nun mit sich bringen, \u00fcbersteigt alle Bef\u00fcrchtungen. Doch die Beh\u00f6rden ignorieren Matts Warnungen und schon bald m\u00fcssen sich die Menschen in Florida in ihren H\u00e4usern verbarrikadieren. Denn Megalodons, Urzeitkrokodile, riesig Krustentiere und Riesenkraken bedrohen alsbald die Str\u00e4nde und Innenst\u00e4dte. Gefangen in einem Hotelkomplex, in dem das FBI und Interpol zeitgleich einen Menschenh\u00e4ndlerring zu sprengen versuchen, beginnt ein verzweifelter Kampf ums \u00dcberleben.<\/span><\/div>\n<\/div>\n<\/div>\n<\/div>\n<\/div>\n<\/div>\n<div><div class=\"gap\" style=\"line-height: 20px; height: 20px;\"><\/div><\/div>\n<h5>Weitere Informationen<\/h5>\n<div>\n<div>\n<table style=\"height: 46px; width: 100%; border-collapse: collapse; border-color: #ffffff; background-color: #ffffff; border-style: hidden;\">\n<tbody>\n<tr>\n<td style=\"width: 4.701195%; border-style: hidden;\">Film:<\/td>\n<td style=\"width: 95.298805%; border-style: hidden;\"><a href=\"https:\/\/ucm.one\/de\/monsternado-von-tyler-james-ab-heute-ueberall-erhaeltlich-m-square-pictures\/\">Monsternado<\/a><\/td>\n<\/tr>\n<tr style=\"height: 23px;\">\n<td style=\"width: 4.701195219123506%; height: 23px; border-style: hidden;\">Label:<\/td>\n<td style=\"width: 95.29880478087651%; height: 23px; border-style: hidden;\"><a title=\"\u00c9dition ParaSol Videoth\u00e8que\" href=\"https:\/\/ucm.one\/de\/film-labels\/m-square-pictures\/\">M-Square Pictures<\/a><\/td>\n<\/tr>\n<\/tbody>\n<\/table>\n<\/div>\n<div><\/div>\n<\/div>\n<div>\n<div><div class=\"gap\" style=\"line-height: 10px; height: 10px;\"><\/div><\/div>\n<div>\u2117 2023 <strong>Dark Abyss Productions<\/strong>, \u00a9 2024 <b>M-Square Pictures<\/b>\u00a0\/\u00a0<span style=\"font-family: 'arial black', sans-serif;\"><strong>UCM.ONE <\/strong><\/span><\/div>\n<div><div class=\"gap\" style=\"line-height: 20px; height: 20px;\"><\/div><\/div>\n<div>\n<div><\/div>\n<div>\n<div><div class=\"gap\" style=\"line-height: 10px; height: 10px;\"><\/div><\/div>\n<div><span style=\"color: #003a80;\"><strong>\u27a0 <a style=\"color: #003a80;\" href=\"https:\/\/ucm.one\/de\/produkt-kategorie\/art-de\/filme-de\/\">zum Shop<\/a><\/strong><\/span><\/div>\n<div><div class=\"gap\" style=\"line-height: 20px; height: 20px;\"><\/div><\/div>\n<\/div>\n<\/div>\n<\/div>\n","protected":false},"excerpt":{"rendered":"<p>Regie: <strong><a href=\"https:\/\/ucm.one\/de\/?s=Tyler+James&amp;post_type=product\">Tyler James<\/a><\/strong><\/p>\n<p>Label: <strong><a title=\"\" href=\"https:\/\/ucm.one\/de\/produkt-kategorie\/label-film-de\/m-square-pictures-de\/\">M-Square Pictures<\/a><\/strong><\/p>\n<p>Art:\u00a0<strong><a href=\"https:\/\/ucm.one\/de\/produkt-kategorie\/art-de\/filme-de\/\">Film<\/a>\u00a0<\/strong><\/p>\n<p>Genre:<b>\u00a0<a title=\"Thriller\" href=\"https:\/\/ucm.one\/de\/produkt-kategorie\/genre-film-de\/action-de\/\">Action<\/a>, <a title=\"Liebe + Beziehung\" href=\"https:\/\/ucm.one\/de\/produkt-kategorie\/genre-film-de\/horror-de\/\">Horror<\/a><\/b><\/p>\n<p>Jahr: <strong>2024<\/strong><\/p>\n<p>FSK: <strong>16<\/strong><\/p>\n<p>Format: <strong>Diverse<\/strong><\/p>\n","protected":false},"featured_media":104419,"comment_status":"open","ping_status":"closed","template":"","meta":{"_acf_changed":false},"product_brand":[],"product_cat":[9708,10323,10327,10329,10331,10332,10333,10358],"product_tag":[17669,17670,17671,17661,17672,17662,17673,10325,17663,17674,17664,17665,17666,17667,17668],"class_list":{"0":"post-104418","1":"product","2":"type-product","3":"status-publish","4":"has-post-thumbnail","6":"product_cat-filme-de","7":"product_cat-m-square-pictures-de","8":"product_cat-horror-de","9":"product_cat-mystery-de","10":"product_cat-dvd-de","11":"product_cat-blu-ray-de","12":"product_cat-mediabooks-de","13":"product_cat-action-de","14":"product_tag-hannah-pauley","15":"product_tag-monsternado","16":"product_tag-tyler-james","17":"product_tag-derek-miller","18":"product_tag-riesenkrake","19":"product_tag-danielle-scott","20":"product_tag-urzeitkrokodile","21":"product_tag-m-square-pictures","22":"product_tag-chloe-karr","23":"product_tag-seeungeheuer","24":"product_tag-graham-miller","25":"product_tag-jase-rivers","26":"product_tag-may-kelly","27":"product_tag-lila-lasso","28":"product_tag-michael-s-siegel","29":"product_shipping_class-bd-2","30":"pa_format-blu-ray-de","31":"pa_format-dvd","32":"description-off","34":"first","35":"instock","36":"taxable","37":"shipping-taxable","38":"purchasable","39":"product-type-variable"},"acf":[],"yoast_head":"<!-- This site is optimized with the Yoast SEO plugin v27.5 - https:\/\/yoast.com\/product\/yoast-seo-wordpress\/ -->\n<title>Monsternado<\/title>\n<meta name=\"description\" content=\"Shop | Monsternado | 2024 | M-Square Pictures | Mediabook (Blu-ray + DVD), Blu-ray, DVD | FSK 16\" \/>\n<meta name=\"robots\" content=\"index, follow, max-snippet:-1, max-image-preview:large, max-video-preview:-1\" \/>\n<link rel=\"canonical\" href=\"https:\/\/ucm.one\/de\/produkt\/monsternado\/\" \/>\n<meta property=\"og:locale\" content=\"de_DE\" \/>\n<meta property=\"og:type\" content=\"article\" \/>\n<meta property=\"og:title\" content=\"Monsternado\" \/>\n<meta property=\"og:description\" content=\"Shop | Monsternado | 2024 | M-Square Pictures | Mediabook (Blu-ray + DVD), Blu-ray, DVD | FSK 16\" \/>\n<meta property=\"og:url\" content=\"https:\/\/ucm.one\/de\/produkt\/monsternado\/\" \/>\n<meta property=\"og:site_name\" content=\"UCM.ONE\" \/>\n<meta property=\"article:modified_time\" content=\"2024-07-09T18:14:54+00:00\" \/>\n<meta property=\"og:image\" content=\"https:\/\/ucm.one\/wp-content\/uploads\/2024\/05\/C-Monsternado-DVD-2D-FSK.jpg\" \/>\n\t<meta property=\"og:image:width\" content=\"698\" \/>\n\t<meta property=\"og:image:height\" content=\"1000\" \/>\n\t<meta property=\"og:image:type\" content=\"image\/jpeg\" \/>\n<meta name=\"twitter:card\" content=\"summary_large_image\" \/>\n<meta name=\"twitter:title\" content=\"Monsternado\" \/>\n<meta name=\"twitter:description\" content=\"Shop | Monsternado | 2024 | M-Square Pictures | Mediabook (Blu-ray + DVD), Blu-ray, DVD | FSK 16\" \/>\n<meta name=\"twitter:image\" content=\"https:\/\/ucm.one\/wp-content\/uploads\/2024\/05\/C-Monsternado-DVD-2D-FSK.jpg\" \/>\n<meta name=\"twitter:label1\" content=\"Gesch\u00e4tzte Lesezeit\" \/>\n\t<meta name=\"twitter:data1\" content=\"1\u00a0Minute\" \/>\n<!-- \/ Yoast SEO plugin. -->","yoast_head_json":{"title":"Monsternado","description":"Shop | Monsternado | 2024 | M-Square Pictures | Mediabook (Blu-ray + DVD), Blu-ray, DVD | FSK 16","robots":{"index":"index","follow":"follow","max-snippet":"max-snippet:-1","max-image-preview":"max-image-preview:large","max-video-preview":"max-video-preview:-1"},"canonical":"https:\/\/ucm.one\/de\/produkt\/monsternado\/","og_locale":"de_DE","og_type":"article","og_title":"Monsternado","og_description":"Shop | Monsternado | 2024 | M-Square Pictures | Mediabook (Blu-ray + DVD), Blu-ray, DVD | FSK 16","og_url":"https:\/\/ucm.one\/de\/produkt\/monsternado\/","og_site_name":"UCM.ONE","article_modified_time":"2024-07-09T18:14:54+00:00","og_image":[{"width":698,"height":1000,"url":"https:\/\/ucm.one\/wp-content\/uploads\/2024\/05\/C-Monsternado-DVD-2D-FSK.jpg","type":"image\/jpeg"}],"twitter_card":"summary_large_image","twitter_title":"Monsternado","twitter_description":"Shop | Monsternado | 2024 | M-Square Pictures | Mediabook (Blu-ray + DVD), Blu-ray, DVD | FSK 16","twitter_image":"https:\/\/ucm.one\/wp-content\/uploads\/2024\/05\/C-Monsternado-DVD-2D-FSK.jpg","twitter_misc":{"Gesch\u00e4tzte Lesezeit":"1\u00a0Minute"},"schema":{"@context":"https:\/\/schema.org","@graph":[{"@type":"WebPage","@id":"https:\/\/ucm.one\/de\/produkt\/monsternado\/","url":"https:\/\/ucm.one\/de\/produkt\/monsternado\/","name":"Monsternado","isPartOf":{"@id":"https:\/\/ucm.one\/de\/#website"},"primaryImageOfPage":{"@id":"https:\/\/ucm.one\/de\/produkt\/monsternado\/#primaryimage"},"image":{"@id":"https:\/\/ucm.one\/de\/produkt\/monsternado\/#primaryimage"},"thumbnailUrl":"https:\/\/ucm.one\/wp-content\/uploads\/2024\/05\/C-Monsternado-DVD-2D-FSK.jpg","datePublished":"2024-05-22T21:21:02+00:00","dateModified":"2024-07-09T18:14:54+00:00","description":"Shop | Monsternado | 2024 | M-Square Pictures | Mediabook (Blu-ray + DVD), Blu-ray, DVD | FSK 16","breadcrumb":{"@id":"https:\/\/ucm.one\/de\/produkt\/monsternado\/#breadcrumb"},"inLanguage":"de","potentialAction":[{"@type":"ReadAction","target":["https:\/\/ucm.one\/de\/produkt\/monsternado\/"]}]},{"@type":"ImageObject","inLanguage":"de","@id":"https:\/\/ucm.one\/de\/produkt\/monsternado\/#primaryimage","url":"https:\/\/ucm.one\/wp-content\/uploads\/2024\/05\/C-Monsternado-DVD-2D-FSK.jpg","contentUrl":"https:\/\/ucm.one\/wp-content\/uploads\/2024\/05\/C-Monsternado-DVD-2D-FSK.jpg","width":698,"height":1000},{"@type":"BreadcrumbList","@id":"https:\/\/ucm.one\/de\/produkt\/monsternado\/#breadcrumb","itemListElement":[{"@type":"ListItem","position":1,"name":"Home","item":"https:\/\/ucm.one\/de\/"},{"@type":"ListItem","position":2,"name":"Shop","item":"https:\/\/ucm.one\/de\/shop\/"},{"@type":"ListItem","position":3,"name":"Monsternado"}]},{"@type":"WebSite","@id":"https:\/\/ucm.one\/de\/#website","url":"https:\/\/ucm.one\/de\/","name":"UCM.ONE","description":"","publisher":{"@id":"https:\/\/ucm.one\/de\/#organization"},"potentialAction":[{"@type":"SearchAction","target":{"@type":"EntryPoint","urlTemplate":"https:\/\/ucm.one\/de\/?s={search_term_string}"},"query-input":{"@type":"PropertyValueSpecification","valueRequired":true,"valueName":"search_term_string"}}],"inLanguage":"de"},{"@type":"Organization","@id":"https:\/\/ucm.one\/de\/#organization","name":"UCM.ONE","url":"https:\/\/ucm.one\/de\/","logo":{"@type":"ImageObject","inLanguage":"de","@id":"https:\/\/ucm.one\/de\/#\/schema\/logo\/image\/","url":"https:\/\/ucm.one\/wp-content\/uploads\/2019\/10\/UCM.ONE-Logo-RGB.svg","contentUrl":"https:\/\/ucm.one\/wp-content\/uploads\/2019\/10\/UCM.ONE-Logo-RGB.svg","width":1,"height":1,"caption":"UCM.ONE"},"image":{"@id":"https:\/\/ucm.one\/de\/#\/schema\/logo\/image\/"}}]}},"_links":{"self":[{"href":"https:\/\/ucm.one\/de\/wp-json\/wp\/v2\/product\/104418","targetHints":{"allow":["GET"]}}],"collection":[{"href":"https:\/\/ucm.one\/de\/wp-json\/wp\/v2\/product"}],"about":[{"href":"https:\/\/ucm.one\/de\/wp-json\/wp\/v2\/types\/product"}],"replies":[{"embeddable":true,"href":"https:\/\/ucm.one\/de\/wp-json\/wp\/v2\/comments?post=104418"}],"wp:featuredmedia":[{"embeddable":true,"href":"https:\/\/ucm.one\/de\/wp-json\/wp\/v2\/media\/104419"}],"wp:attachment":[{"href":"https:\/\/ucm.one\/de\/wp-json\/wp\/v2\/media?parent=104418"}],"wp:term":[{"taxonomy":"product_brand","embeddable":true,"href":"https:\/\/ucm.one\/de\/wp-json\/wp\/v2\/product_brand?post=104418"},{"taxonomy":"product_cat","embeddable":true,"href":"https:\/\/ucm.one\/de\/wp-json\/wp\/v2\/product_cat?post=104418"},{"taxonomy":"product_tag","embeddable":true,"href":"https:\/\/ucm.one\/de\/wp-json\/wp\/v2\/product_tag?post=104418"}],"curies":[{"name":"wp","href":"https:\/\/api.w.org\/{rel}","templated":true}]}}