{"id":103453,"date":"2024-04-11T10:46:45","date_gmt":"2024-04-11T10:46:45","guid":{"rendered":"https:\/\/ucm.one\/?post_type=product&#038;p=103453"},"modified":"2024-12-20T13:36:33","modified_gmt":"2024-12-20T13:36:33","slug":"und-santana-toetet-sie-alle","status":"publish","type":"product","link":"https:\/\/ucm.one\/de\/produkt\/und-santana-toetet-sie-alle\/","title":{"rendered":"&#8230; und Santana t\u00f6tet sie alle"},"content":{"rendered":"<div class=\"wpb_text_column wpb_content_element \">\n<div class=\"wpb_wrapper\">\n<div class=\"\">\n<div class=\"wpb_text_column wpb_content_element \">\n<div class=\"wpb_wrapper\">\n<div class=\"wpb_text_column wpb_content_element \">\n<div class=\"wpb_wrapper\">\n<p>Die beiden Gauner Santana (<strong>Gianni Garko<\/strong>) und Marcos (<strong>Guglielmo Spoletini<\/strong>) sind hinter 100.000 Dollar her, die ihr ehemaliger Partner Fred Burton unterschlagen hat. Zusammen versuchen sie, ihn an einer Kutschenstation abzufangen, m\u00fcssen sich aber zun\u00e4chst mit einem habgierigen Hilfssheriff herumplagen und bekommen \u00fcberraschend Gesellschaft von der h\u00fcbschen Maria (<strong>Mar\u00eda Silva<\/strong>). Burton wird das Geld w\u00e4hrenddessen von den sadistischen Kirby-Br\u00fcdern abgenommen und er segnet das Zeitliche. Deren Wege kreuzen sich bald mit Santana, Marcos und Maria, es kommt zu einem unerbittlichen bleihaltigen Showdown&#8230;<\/p>\n<\/div>\n<\/div>\n<\/div>\n<\/div>\n<\/div>\n<\/div>\n<\/div>\n<div><div class=\"gap\" style=\"line-height: 20px; height: 20px;\"><\/div><\/div>\n<h5>Weitere Informationen<\/h5>\n<div>\n<div>\n<table style=\"height: 46px; width: 100%; border-collapse: collapse; border-color: #ffffff; background-color: #ffffff; border-style: hidden;\">\n<tbody>\n<tr style=\"height: 23px;\">\n<td style=\"width: 4.701195219123506%; height: 23px; border-style: hidden;\">Label:<\/td>\n<td style=\"width: 95.29880478087651%; height: 23px; border-style: hidden;\"><a title=\"M-Square Pictures\" href=\"https:\/\/ucm.one\/de\/film-labels\/m-square-pictures\/#m-square-classics\">M-Square Classics<\/a><\/td>\n<\/tr>\n<\/tbody>\n<\/table>\n<\/div>\n<div><\/div>\n<\/div>\n<div>\n<div><div class=\"gap\" style=\"line-height: 10px; height: 10px;\"><\/div><\/div>\n<div>\u2117 1970 <b>Prodcucclones Cinematogr\u00e1ficas D.I.A., Medusa Distribuzione, Tritone Cinematografica<\/b>, \u00a9 2024 <strong>M-Square Classics \/ <span style=\"font-family: 'arial black', sans-serif;\">UCM.ONE<\/span><\/strong><\/div>\n<div><div class=\"gap\" style=\"line-height: 20px; height: 20px;\"><\/div><\/div>\n<div>\n<div><\/div>\n<div>\n<div><div class=\"gap\" style=\"line-height: 10px; height: 10px;\"><\/div><\/div>\n<div><span style=\"color: #003a80;\"><strong>\u27a0 <a style=\"color: #003a80;\" href=\"https:\/\/ucm.one\/de\/produkt-kategorie\/art-de\/filme-de\/\">zum Shop<\/a><\/strong><\/span><\/div>\n<div><div class=\"gap\" style=\"line-height: 20px; height: 20px;\"><\/div><\/div>\n<\/div>\n<\/div>\n<\/div>\n","protected":false},"excerpt":{"rendered":"<p>Regie: <a title=\"Rafael Romero Marchent\" href=\"https:\/\/ucm.one\/de\/?s=%22Rafael+Romero+Marchent%22&amp;post_type=product\"><strong>Rafael Romero Marchent<\/strong><\/a><\/p>\n<p>Label: <a title=\"M-Square Pictures\" href=\"https:\/\/ucm.one\/de\/produkt-kategorie\/label-film-de\/m-square-classics-de\"><strong>M-Square Classics<\/strong><\/a><\/p>\n<p>Art:\u00a0<strong><a href=\"https:\/\/ucm.one\/de\/produkt-kategorie\/art-de\/filme-de\/\">Film<\/a> (Spielfilm)<\/strong><\/p>\n<p>Genres: <strong><a title=\"Western\" href=\"https:\/\/ucm.one\/de\/produkt-kategorie\/genre-film-de\/western-de\/\">Western<\/a>, <a title=\"Kom\u00f6die\" href=\"https:\/\/ucm.one\/de\/produkt-kategorie\/genre-film-de\/kom\u00f6die-de\/\">Kom\u00f6die<\/a><\/strong><b><\/b><\/p>\n<p>Jahr: <strong>1970<\/strong><\/p>\n<p>FSK: <strong>16<\/strong><\/p>\n<p>Format: <strong>Mediabook<\/strong><\/p>\n","protected":false},"featured_media":103484,"comment_status":"open","ping_status":"closed","template":"","meta":{"_acf_changed":false},"product_brand":[],"product_cat":[10356,12093,9708,10323,10324,10331,10332,10333,10353],"product_tag":[17532,17533,17534,17535,10326,17536,17537,17538,17539],"class_list":{"0":"post-103453","1":"product","2":"type-product","3":"status-publish","4":"has-post-thumbnail","6":"product_cat-komoedie-de","7":"product_cat-klassiker-de","8":"product_cat-filme-de","9":"product_cat-m-square-pictures-de","10":"product_cat-m-square-classics-de","11":"product_cat-dvd-de","12":"product_cat-blu-ray-de","13":"product_cat-mediabooks-de","14":"product_cat-western-de","15":"product_tag-und-santana-toetet-sie-alle","16":"product_tag-rafael-romero-marchent","17":"product_tag-gianni-garko","18":"product_tag-gulielmo-spoletini","19":"product_tag-m-square-classics","20":"product_tag-maria-silva","21":"product_tag-andres-mejuto","22":"product_tag-raf-baldassarre","23":"product_tag-stefan-jung","24":"pa_format-mediabook-blu-ray-dvd","25":"description-off","27":"first","28":"instock","29":"taxable","30":"shipping-taxable","31":"purchasable","32":"product-type-variable","33":"has-default-attributes"},"acf":[],"yoast_head":"<!-- This site is optimized with the Yoast SEO plugin v27.5 - https:\/\/yoast.com\/product\/yoast-seo-wordpress\/ -->\n<title>... und Santana t\u00f6tet sie alle<\/title>\n<meta name=\"description\" content=\"Shop | ... und Santana t\u00f6tet sie alle | 2024 | M-Square Classics | Mediabook (Blu-Ray + DVD) | FSK 18\" \/>\n<meta name=\"robots\" content=\"index, follow, max-snippet:-1, max-image-preview:large, max-video-preview:-1\" \/>\n<link rel=\"canonical\" href=\"https:\/\/ucm.one\/de\/produkt\/und-santana-toetet-sie-alle\/\" \/>\n<meta property=\"og:locale\" content=\"de_DE\" \/>\n<meta property=\"og:type\" content=\"article\" \/>\n<meta property=\"og:title\" content=\"... und Santana t\u00f6tet sie alle\" \/>\n<meta property=\"og:description\" content=\"Shop | ... und Santana t\u00f6tet sie alle | 2024 | M-Square Classics | Mediabook (Blu-Ray + DVD) | FSK 18\" \/>\n<meta property=\"og:url\" content=\"https:\/\/ucm.one\/de\/produkt\/und-santana-toetet-sie-alle\/\" \/>\n<meta property=\"og:site_name\" content=\"UCM.ONE\" \/>\n<meta property=\"article:modified_time\" content=\"2024-12-20T13:36:33+00:00\" \/>\n<meta property=\"og:image\" content=\"https:\/\/ucm.one\/wp-content\/uploads\/2024\/04\/C-.-und-Santana-MB-2D-FSK-16.jpg\" \/>\n<meta name=\"twitter:card\" content=\"summary_large_image\" \/>\n<meta name=\"twitter:title\" content=\"... und Santana t\u00f6tet sie alle\" \/>\n<meta name=\"twitter:description\" content=\"Shop | ... und Santana t\u00f6tet sie alle | 2024 | M-Square Classics | Mediabook (Blu-Ray + DVD) | FSK 18\" \/>\n<meta name=\"twitter:image\" content=\"https:\/\/ucm.one\/wp-content\/uploads\/2024\/04\/C-.-und-Santana-MB-2D-FSK-16.jpg\" \/>\n<meta name=\"twitter:label1\" content=\"Gesch\u00e4tzte Lesezeit\" \/>\n\t<meta name=\"twitter:data1\" content=\"1\u00a0Minute\" \/>\n<!-- \/ Yoast SEO plugin. -->","yoast_head_json":{"title":"... und Santana t\u00f6tet sie alle","description":"Shop | ... und Santana t\u00f6tet sie alle | 2024 | M-Square Classics | Mediabook (Blu-Ray + DVD) | FSK 18","robots":{"index":"index","follow":"follow","max-snippet":"max-snippet:-1","max-image-preview":"max-image-preview:large","max-video-preview":"max-video-preview:-1"},"canonical":"https:\/\/ucm.one\/de\/produkt\/und-santana-toetet-sie-alle\/","og_locale":"de_DE","og_type":"article","og_title":"... und Santana t\u00f6tet sie alle","og_description":"Shop | ... und Santana t\u00f6tet sie alle | 2024 | M-Square Classics | Mediabook (Blu-Ray + DVD) | FSK 18","og_url":"https:\/\/ucm.one\/de\/produkt\/und-santana-toetet-sie-alle\/","og_site_name":"UCM.ONE","article_modified_time":"2024-12-20T13:36:33+00:00","og_image":[{"url":"https:\/\/ucm.one\/wp-content\/uploads\/2024\/04\/C-.-und-Santana-MB-2D-FSK-16.jpg","type":"","width":"","height":""}],"twitter_card":"summary_large_image","twitter_title":"... und Santana t\u00f6tet sie alle","twitter_description":"Shop | ... und Santana t\u00f6tet sie alle | 2024 | M-Square Classics | Mediabook (Blu-Ray + DVD) | FSK 18","twitter_image":"https:\/\/ucm.one\/wp-content\/uploads\/2024\/04\/C-.-und-Santana-MB-2D-FSK-16.jpg","twitter_misc":{"Gesch\u00e4tzte Lesezeit":"1\u00a0Minute"},"schema":{"@context":"https:\/\/schema.org","@graph":[{"@type":"WebPage","@id":"https:\/\/ucm.one\/de\/produkt\/und-santana-toetet-sie-alle\/","url":"https:\/\/ucm.one\/de\/produkt\/und-santana-toetet-sie-alle\/","name":"... und Santana t\u00f6tet sie alle","isPartOf":{"@id":"https:\/\/ucm.one\/de\/#website"},"primaryImageOfPage":{"@id":"https:\/\/ucm.one\/de\/produkt\/und-santana-toetet-sie-alle\/#primaryimage"},"image":{"@id":"https:\/\/ucm.one\/de\/produkt\/und-santana-toetet-sie-alle\/#primaryimage"},"thumbnailUrl":"https:\/\/ucm.one\/wp-content\/uploads\/2024\/04\/C-Santana-toetet-sie-alle-2D-FSK-18.jpg","datePublished":"2024-04-11T10:46:45+00:00","dateModified":"2024-12-20T13:36:33+00:00","description":"Shop | ... und Santana t\u00f6tet sie alle | 2024 | M-Square Classics | Mediabook (Blu-Ray + DVD) | FSK 18","breadcrumb":{"@id":"https:\/\/ucm.one\/de\/produkt\/und-santana-toetet-sie-alle\/#breadcrumb"},"inLanguage":"de","potentialAction":[{"@type":"ReadAction","target":["https:\/\/ucm.one\/de\/produkt\/und-santana-toetet-sie-alle\/"]}]},{"@type":"ImageObject","inLanguage":"de","@id":"https:\/\/ucm.one\/de\/produkt\/und-santana-toetet-sie-alle\/#primaryimage","url":"https:\/\/ucm.one\/wp-content\/uploads\/2024\/04\/C-Santana-toetet-sie-alle-2D-FSK-18.jpg","contentUrl":"https:\/\/ucm.one\/wp-content\/uploads\/2024\/04\/C-Santana-toetet-sie-alle-2D-FSK-18.jpg","width":699,"height":1000},{"@type":"BreadcrumbList","@id":"https:\/\/ucm.one\/de\/produkt\/und-santana-toetet-sie-alle\/#breadcrumb","itemListElement":[{"@type":"ListItem","position":1,"name":"Home","item":"https:\/\/ucm.one\/de\/"},{"@type":"ListItem","position":2,"name":"Shop","item":"https:\/\/ucm.one\/de\/shop\/"},{"@type":"ListItem","position":3,"name":"&#8230; und Santana t\u00f6tet sie alle"}]},{"@type":"WebSite","@id":"https:\/\/ucm.one\/de\/#website","url":"https:\/\/ucm.one\/de\/","name":"UCM.ONE","description":"","publisher":{"@id":"https:\/\/ucm.one\/de\/#organization"},"potentialAction":[{"@type":"SearchAction","target":{"@type":"EntryPoint","urlTemplate":"https:\/\/ucm.one\/de\/?s={search_term_string}"},"query-input":{"@type":"PropertyValueSpecification","valueRequired":true,"valueName":"search_term_string"}}],"inLanguage":"de"},{"@type":"Organization","@id":"https:\/\/ucm.one\/de\/#organization","name":"UCM.ONE","url":"https:\/\/ucm.one\/de\/","logo":{"@type":"ImageObject","inLanguage":"de","@id":"https:\/\/ucm.one\/de\/#\/schema\/logo\/image\/","url":"https:\/\/ucm.one\/wp-content\/uploads\/2019\/10\/UCM.ONE-Logo-RGB.svg","contentUrl":"https:\/\/ucm.one\/wp-content\/uploads\/2019\/10\/UCM.ONE-Logo-RGB.svg","width":1,"height":1,"caption":"UCM.ONE"},"image":{"@id":"https:\/\/ucm.one\/de\/#\/schema\/logo\/image\/"}}]}},"_links":{"self":[{"href":"https:\/\/ucm.one\/de\/wp-json\/wp\/v2\/product\/103453","targetHints":{"allow":["GET"]}}],"collection":[{"href":"https:\/\/ucm.one\/de\/wp-json\/wp\/v2\/product"}],"about":[{"href":"https:\/\/ucm.one\/de\/wp-json\/wp\/v2\/types\/product"}],"replies":[{"embeddable":true,"href":"https:\/\/ucm.one\/de\/wp-json\/wp\/v2\/comments?post=103453"}],"wp:featuredmedia":[{"embeddable":true,"href":"https:\/\/ucm.one\/de\/wp-json\/wp\/v2\/media\/103484"}],"wp:attachment":[{"href":"https:\/\/ucm.one\/de\/wp-json\/wp\/v2\/media?parent=103453"}],"wp:term":[{"taxonomy":"product_brand","embeddable":true,"href":"https:\/\/ucm.one\/de\/wp-json\/wp\/v2\/product_brand?post=103453"},{"taxonomy":"product_cat","embeddable":true,"href":"https:\/\/ucm.one\/de\/wp-json\/wp\/v2\/product_cat?post=103453"},{"taxonomy":"product_tag","embeddable":true,"href":"https:\/\/ucm.one\/de\/wp-json\/wp\/v2\/product_tag?post=103453"}],"curies":[{"name":"wp","href":"https:\/\/api.w.org\/{rel}","templated":true}]}}