{"id":103023,"date":"2024-03-30T12:57:21","date_gmt":"2024-03-30T12:57:21","guid":{"rendered":"https:\/\/ucm.one\/?post_type=product&#038;p=103023"},"modified":"2024-05-28T13:28:21","modified_gmt":"2024-05-28T13:28:21","slug":"samson-der-auserwaehlte-der-verratene-der-triumphator","status":"publish","type":"product","link":"https:\/\/ucm.one\/de\/produkt\/samson-der-auserwaehlte-der-verratene-der-triumphator\/","title":{"rendered":"Samson &#8211; der Auserw\u00e4hlte, der Verratene, der Triumphator"},"content":{"rendered":"<div class=\"wpb_text_column wpb_content_element \">\n<div class=\"wpb_wrapper\">\n<div class=\"\">\n<div class=\"wpb_text_column wpb_content_element \">\n<div class=\"wpb_wrapper\">\n<div class=\"wpb_text_column wpb_content_element \">\n<div class=\"wpb_wrapper\">\n<div class=\"wpb_text_column wpb_content_element \">\n<div class=\"wpb_wrapper\">\n<p>1170 vor Christus: Das Volk Israel lebt verzweifelt unter der eisernen Knechtschaft der Philister und wartet auf einen Erl\u00f6ser. Samson scheint dieser Erl\u00f6ser zu sein: Schon seine Geburt ist ein Wunder, denn seine Mutter konnte eigentlich keine Kinder bekommen. Doch ein Engel k\u00fcndigte ihr an, dass sie ein Kind haben wird, dessen Haare niemals geschnitten werden d\u00fcrfen, und dass er ein Held Israels werden wird. So geschieht es, und aus dem Kind mit den langen Haaren wird der junge Samson (<strong>Taylor James<\/strong>), der sich langsam seiner unvorstellbaren Kr\u00e4fte bewusst wird und dann als Oberhaupt Israels \u2013 als Richter \u2013 die Philister in Schach h\u00e4lt.<\/p>\n<\/div>\n<\/div>\n<div class=\"wpb_text_column wpb_content_element \">\n<div class=\"wpb_wrapper\">\n<p>Doch Samson ist nicht nur stark und mutig, er hat auch Schw\u00e4chen. Er mag R\u00e4tsel und verliert dabei auch schon mal. Und er mag sch\u00f6ne Frauen, meistens die vom Feind, den Philistern, was ihn immer wieder in Schwierigkeiten bringt. Als er das Geheimnis seiner enormen Kraft seiner Frau Delila (<strong>Caitlin Leahy<\/strong>) anvertraut, verr\u00e4t sie ihn und der listige Rallah (<strong>Jackson Rathbone<\/strong>) kann Samson gefangen nehmen. Samson wird eingekerkert, geblendet und zur Sklavenarbeit gezwungen. Doch das ist noch nicht Samsons Ende &#8230;<\/p>\n<p>Es handelt sich hier um eine streng limitierte Wiederauflage der ungeschnittenen Version des Films in einem ansprechend gestaltetem Mediabook. Der Film ist auch als Blu-Ray oder DVD erh\u00e4ltlich: <a title=\"Samson\" href=\"https:\/\/ucm.one\/de\/produkt\/samson\/\">Samson<\/a><\/p>\n<\/div>\n<\/div>\n<\/div>\n<\/div>\n<\/div>\n<\/div>\n<\/div>\n<\/div>\n<\/div>\n<div><div class=\"gap\" style=\"line-height: 20px; height: 20px;\"><\/div><\/div>\n<h5>Weitere Informationen<\/h5>\n<div>\n<div>\n<table style=\"height: 46px; width: 100%; border-collapse: collapse; border-color: #ffffff; background-color: #ffffff; border-style: hidden;\">\n<tbody>\n<tr style=\"height: 23px; border-style: hidden; border-color: #ffffff; background-color: #ffffff;\">\n<td style=\"width: 4.701195219123506%; height: 23px; border-style: hidden;\">Film:<\/td>\n<td style=\"width: 95.29880478087651%; height: 23px; border-style: hidden;\"><a href=\"https:\/\/ucm.one\/de\/samson\/\">Samson<\/a><\/td>\n<\/tr>\n<tr style=\"height: 23px;\">\n<td style=\"width: 4.701195219123506%; height: 23px; border-style: hidden;\">Label:<\/td>\n<td style=\"width: 95.29880478087651%; height: 23px; border-style: hidden;\"><a href=\"https:\/\/ucm.one\/de\/film-labels\/m-square-pictures\/\">M-Square Pictures<\/a><\/td>\n<\/tr>\n<\/tbody>\n<\/table>\n<\/div>\n<div><\/div>\n<\/div>\n<div>\n<div><div class=\"gap\" style=\"line-height: 10px; height: 10px;\"><\/div><\/div>\n<div>\u2117 2018 <strong>Pure Flix Productions, Boomtown films<\/strong>, \u00a9 2019 <strong>M-Square Pictures<\/strong>\u00a0\/ <span style=\"font-family: 'arial black', sans-serif;\"><strong>UCM.ONE<\/strong><\/span><\/div>\n<div><div class=\"gap\" style=\"line-height: 20px; height: 20px;\"><\/div><\/div>\n<\/div>\n<div>\n<div><\/div>\n<div>\n<div><div class=\"gap\" style=\"line-height: 10px; height: 10px;\"><\/div><\/div>\n<div><span style=\"color: #003a80;\"><strong>\u27a0 <a style=\"color: #003a80;\" href=\"https:\/\/ucm.one\/de\/produkt-kategorie\/art-de\/filme-de\/\">zum Shop<\/a><\/strong><\/span><\/div>\n<div><div class=\"gap\" style=\"line-height: 20px; height: 20px;\"><\/div><\/div>\n<\/div>\n<\/div>\n","protected":false},"excerpt":{"rendered":"<p>Regie: <a href=\"https:\/\/ucm.one\/de\/?s=%22Bruce+Macdonald%22&amp;post_type=product\"><strong>Bruce Macdonald<\/strong><\/a><\/p>\n<p>Label: <a href=\"https:\/\/ucm.one\/de\/produkt-kategorie\/label-film-de\/m-square-pictures-de\/\"><strong>M-Square Pictures<\/strong><\/a><\/p>\n<p>Art:\u00a0<strong><a href=\"https:\/\/ucm.one\/de\/produkt-kategorie\/art-de\/filme-de\/\">Film<\/a> (Spielfilm)\u00a0<\/strong><\/p>\n<p>Genres: <b>\u00a0<a href=\"https:\/\/ucm.one\/de\/produkt-kategorie\/genre-film-de\/action-de\/\">Action<\/a>, <a href=\"https:\/\/ucm.one\/de\/produkt-kategorie\/genre-film-de\/drama-de\/\">Drama<\/a>,<a href=\"https:\/\/ucm.one\/de\/produkt-kategorie\/genre-film-de\/history-de\/\"> History<\/a><\/b><\/p>\n<p>Jahr: <strong>2024<\/strong><\/p>\n<p>FSK: <strong>16<\/strong><\/p>\n<p>Format: <strong>Mediabook<\/strong><\/p>\n","protected":false},"featured_media":103025,"comment_status":"open","ping_status":"closed","template":"","meta":{"_acf_changed":false},"product_brand":[],"product_cat":[10333,10334,10358,10952,9708,10323,10331,10332],"product_tag":[13626,13627,13628,13629,13619,13630,13620,13631,13621,13622,10325,13623,13624,13625],"class_list":{"0":"post-103023","1":"product","2":"type-product","3":"status-publish","4":"has-post-thumbnail","6":"product_cat-mediabooks-de","7":"product_cat-drama-de","8":"product_cat-action-de","9":"product_cat-history-de","10":"product_cat-filme-de","11":"product_cat-m-square-pictures-de","12":"product_cat-dvd-de","13":"product_cat-blu-ray-de","14":"product_tag-jackson-rathbone","15":"product_tag-brandon-auret","16":"product_tag-frances-sholto-douglas","17":"product_tag-greg-kriek","18":"product_tag-samson","19":"product_tag-bible","20":"product_tag-bruce-macdonald","21":"product_tag-history","22":"product_tag-taylor-james","23":"product_tag-billy-zane","24":"product_tag-m-square-pictures","25":"product_tag-lindsay-wagner","26":"product_tag-caitlin-leahy","27":"product_tag-rutger-hauer","28":"pa_format-mediabook-blu-ray-dvd","29":"description-off","31":"first","32":"instock","33":"sale","34":"taxable","35":"shipping-taxable","36":"purchasable","37":"product-type-variable"},"acf":[],"yoast_head":"<!-- This site is optimized with the Yoast SEO plugin v27.5 - https:\/\/yoast.com\/product\/yoast-seo-wordpress\/ -->\n<title>Samson<\/title>\n<meta name=\"description\" content=\"Shop | Samson | 2024 | M-Square Pictures | Mediabook (Blu-Ray, DVD) | FSK 16\" \/>\n<meta name=\"robots\" content=\"index, follow, max-snippet:-1, max-image-preview:large, max-video-preview:-1\" \/>\n<link rel=\"canonical\" href=\"https:\/\/ucm.one\/de\/produkt\/samson-der-auserwaehlte-der-verratene-der-triumphator\/\" \/>\n<meta property=\"og:locale\" content=\"de_DE\" \/>\n<meta property=\"og:type\" content=\"article\" \/>\n<meta property=\"og:title\" content=\"Samson\" \/>\n<meta property=\"og:description\" content=\"Shop | Samson | 2024 | M-Square Pictures | Mediabook (Blu-Ray, DVD) | FSK 16\" \/>\n<meta property=\"og:url\" content=\"https:\/\/ucm.one\/de\/produkt\/samson-der-auserwaehlte-der-verratene-der-triumphator\/\" \/>\n<meta property=\"og:site_name\" content=\"UCM.ONE\" \/>\n<meta property=\"article:modified_time\" content=\"2024-05-28T13:28:21+00:00\" \/>\n<meta property=\"og:image\" content=\"https:\/\/ucm.one\/wp-content\/uploads\/2024\/03\/C-Samson-MB-2024.jpg\" \/>\n<meta name=\"twitter:card\" content=\"summary_large_image\" \/>\n<meta name=\"twitter:title\" content=\"Samson\" \/>\n<meta name=\"twitter:description\" content=\"Shop | Samson | 2024 | M-Square Pictures | Mediabook (Blu-Ray, DVD) | FSK 16\" \/>\n<meta name=\"twitter:image\" content=\"https:\/\/ucm.one\/wp-content\/uploads\/2024\/03\/C-Samson-MB-2024.jpg\" \/>\n<meta name=\"twitter:label1\" content=\"Gesch\u00e4tzte Lesezeit\" \/>\n\t<meta name=\"twitter:data1\" content=\"1\u00a0Minute\" \/>\n<!-- \/ Yoast SEO plugin. -->","yoast_head_json":{"title":"Samson","description":"Shop | Samson | 2024 | M-Square Pictures | Mediabook (Blu-Ray, DVD) | FSK 16","robots":{"index":"index","follow":"follow","max-snippet":"max-snippet:-1","max-image-preview":"max-image-preview:large","max-video-preview":"max-video-preview:-1"},"canonical":"https:\/\/ucm.one\/de\/produkt\/samson-der-auserwaehlte-der-verratene-der-triumphator\/","og_locale":"de_DE","og_type":"article","og_title":"Samson","og_description":"Shop | Samson | 2024 | M-Square Pictures | Mediabook (Blu-Ray, DVD) | FSK 16","og_url":"https:\/\/ucm.one\/de\/produkt\/samson-der-auserwaehlte-der-verratene-der-triumphator\/","og_site_name":"UCM.ONE","article_modified_time":"2024-05-28T13:28:21+00:00","og_image":[{"url":"https:\/\/ucm.one\/wp-content\/uploads\/2024\/03\/C-Samson-MB-2024.jpg","type":"","width":"","height":""}],"twitter_card":"summary_large_image","twitter_title":"Samson","twitter_description":"Shop | Samson | 2024 | M-Square Pictures | Mediabook (Blu-Ray, DVD) | FSK 16","twitter_image":"https:\/\/ucm.one\/wp-content\/uploads\/2024\/03\/C-Samson-MB-2024.jpg","twitter_misc":{"Gesch\u00e4tzte Lesezeit":"1\u00a0Minute"},"schema":{"@context":"https:\/\/schema.org","@graph":[{"@type":"WebPage","@id":"https:\/\/ucm.one\/de\/produkt\/samson-der-auserwaehlte-der-verratene-der-triumphator\/","url":"https:\/\/ucm.one\/de\/produkt\/samson-der-auserwaehlte-der-verratene-der-triumphator\/","name":"Samson","isPartOf":{"@id":"https:\/\/ucm.one\/de\/#website"},"primaryImageOfPage":{"@id":"https:\/\/ucm.one\/de\/produkt\/samson-der-auserwaehlte-der-verratene-der-triumphator\/#primaryimage"},"image":{"@id":"https:\/\/ucm.one\/de\/produkt\/samson-der-auserwaehlte-der-verratene-der-triumphator\/#primaryimage"},"thumbnailUrl":"https:\/\/ucm.one\/wp-content\/uploads\/2024\/03\/C-Samson-MB-2024-3d-FSK16.jpg","datePublished":"2024-03-30T12:57:21+00:00","dateModified":"2024-05-28T13:28:21+00:00","description":"Shop | Samson | 2024 | M-Square Pictures | Mediabook (Blu-Ray, DVD) | FSK 16","breadcrumb":{"@id":"https:\/\/ucm.one\/de\/produkt\/samson-der-auserwaehlte-der-verratene-der-triumphator\/#breadcrumb"},"inLanguage":"de","potentialAction":[{"@type":"ReadAction","target":["https:\/\/ucm.one\/de\/produkt\/samson-der-auserwaehlte-der-verratene-der-triumphator\/"]}]},{"@type":"ImageObject","inLanguage":"de","@id":"https:\/\/ucm.one\/de\/produkt\/samson-der-auserwaehlte-der-verratene-der-triumphator\/#primaryimage","url":"https:\/\/ucm.one\/wp-content\/uploads\/2024\/03\/C-Samson-MB-2024-3d-FSK16.jpg","contentUrl":"https:\/\/ucm.one\/wp-content\/uploads\/2024\/03\/C-Samson-MB-2024-3d-FSK16.jpg","width":698,"height":1000},{"@type":"BreadcrumbList","@id":"https:\/\/ucm.one\/de\/produkt\/samson-der-auserwaehlte-der-verratene-der-triumphator\/#breadcrumb","itemListElement":[{"@type":"ListItem","position":1,"name":"Home","item":"https:\/\/ucm.one\/de\/"},{"@type":"ListItem","position":2,"name":"Shop","item":"https:\/\/ucm.one\/de\/shop\/"},{"@type":"ListItem","position":3,"name":"Samson &#8211; der Auserw\u00e4hlte, der Verratene, der Triumphator"}]},{"@type":"WebSite","@id":"https:\/\/ucm.one\/de\/#website","url":"https:\/\/ucm.one\/de\/","name":"UCM.ONE","description":"","publisher":{"@id":"https:\/\/ucm.one\/de\/#organization"},"potentialAction":[{"@type":"SearchAction","target":{"@type":"EntryPoint","urlTemplate":"https:\/\/ucm.one\/de\/?s={search_term_string}"},"query-input":{"@type":"PropertyValueSpecification","valueRequired":true,"valueName":"search_term_string"}}],"inLanguage":"de"},{"@type":"Organization","@id":"https:\/\/ucm.one\/de\/#organization","name":"UCM.ONE","url":"https:\/\/ucm.one\/de\/","logo":{"@type":"ImageObject","inLanguage":"de","@id":"https:\/\/ucm.one\/de\/#\/schema\/logo\/image\/","url":"https:\/\/ucm.one\/wp-content\/uploads\/2019\/10\/UCM.ONE-Logo-RGB.svg","contentUrl":"https:\/\/ucm.one\/wp-content\/uploads\/2019\/10\/UCM.ONE-Logo-RGB.svg","width":1,"height":1,"caption":"UCM.ONE"},"image":{"@id":"https:\/\/ucm.one\/de\/#\/schema\/logo\/image\/"}}]}},"_links":{"self":[{"href":"https:\/\/ucm.one\/de\/wp-json\/wp\/v2\/product\/103023","targetHints":{"allow":["GET"]}}],"collection":[{"href":"https:\/\/ucm.one\/de\/wp-json\/wp\/v2\/product"}],"about":[{"href":"https:\/\/ucm.one\/de\/wp-json\/wp\/v2\/types\/product"}],"replies":[{"embeddable":true,"href":"https:\/\/ucm.one\/de\/wp-json\/wp\/v2\/comments?post=103023"}],"wp:featuredmedia":[{"embeddable":true,"href":"https:\/\/ucm.one\/de\/wp-json\/wp\/v2\/media\/103025"}],"wp:attachment":[{"href":"https:\/\/ucm.one\/de\/wp-json\/wp\/v2\/media?parent=103023"}],"wp:term":[{"taxonomy":"product_brand","embeddable":true,"href":"https:\/\/ucm.one\/de\/wp-json\/wp\/v2\/product_brand?post=103023"},{"taxonomy":"product_cat","embeddable":true,"href":"https:\/\/ucm.one\/de\/wp-json\/wp\/v2\/product_cat?post=103023"},{"taxonomy":"product_tag","embeddable":true,"href":"https:\/\/ucm.one\/de\/wp-json\/wp\/v2\/product_tag?post=103023"}],"curies":[{"name":"wp","href":"https:\/\/api.w.org\/{rel}","templated":true}]}}