{"id":102010,"date":"2024-02-29T14:43:23","date_gmt":"2024-02-29T14:43:23","guid":{"rendered":"https:\/\/ucm.one\/?post_type=product&#038;p=102010"},"modified":"2024-09-03T10:11:40","modified_gmt":"2024-09-03T10:11:40","slug":"der-letzte-dinosaurier","status":"publish","type":"product","link":"https:\/\/ucm.one\/de\/produkt\/der-letzte-dinosaurier\/","title":{"rendered":"Der letzte Dinosaurier"},"content":{"rendered":"<div class=\"wpb_text_column wpb_content_element \">\n<div class=\"wpb_wrapper\">\n<div class=\"\">\n<div class=\"wpb_text_column wpb_content_element \">\n<div class=\"wpb_wrapper\">\n<div class=\"wpb_text_column wpb_content_element \">\n<div class=\"wpb_wrapper\">\n<p>Als bei \u00d6lbohrungen in der N\u00e4he des S\u00fcdpols eine von der Au\u00dfenwelt isolierte Urzeitwelt entdeckt wird, und Berichten zur Folge dort auch noch eine Tyrannosaurus Rex lebt, organisiert der Multimilliard\u00e4r und Gro\u00dfwildj\u00e4gers Masten Thrust (Richard Boone) ein f\u00fcnfk\u00f6pfiges Expeditionsteam. Das Team besteht aus ihm selbst, einem F\u00e4hrtenleser, einem Geologen, einem Wissenschaftler und der Fotografin Francesca Banks (Joan Van Ark). Kaum angekommen in der zuvor verborgenen unterirdischen Welt, wird die Gruppe in der Tat von einem T-Rex attackiert. Bei dem Angriff kommt sogleich der Wissenschaftler ums Leben. Nun nur noch zu viert, k\u00e4mpft sich die Gruppe weiter durch den unerforschten Urzeitdschungel und trifft dabei, neben weiteren Urzeittieren, auch auf eine Neandertaler\u00e4hnliches Volk\u2026<\/p>\n<\/div>\n<\/div>\n<\/div>\n<\/div>\n<\/div>\n<\/div>\n<\/div>\n<div><div class=\"gap\" style=\"line-height: 20px; height: 20px;\"><\/div><\/div>\n<h5>Weitere Informationen<\/h5>\n<div>\n<div>\n<table style=\"height: 46px; width: 100%; border-collapse: collapse; border-color: #ffffff; background-color: #ffffff; border-style: hidden;\">\n<tbody>\n<tr style=\"height: 23px;\">\n<td style=\"width: 4.701195219123506%; height: 23px; border-style: hidden;\">Label:<\/td>\n<td style=\"width: 95.29880478087651%; height: 23px; border-style: hidden;\"><a title=\"M-Square Pictures\" href=\"https:\/\/ucm.one\/de\/film-labels\/m-square-pictures\/#m-square-classics\">M-Square Classics<\/a><\/td>\n<\/tr>\n<\/tbody>\n<\/table>\n<\/div>\n<div><\/div>\n<\/div>\n<div>\n<div><div class=\"gap\" style=\"line-height: 10px; height: 10px;\"><\/div><\/div>\n<div>\u2117 1977 <strong>Rankin\/Bass Productions,<\/strong> <strong>Tsuburaya Productions<\/strong>, \u00a9 2024 <strong>M-Square Classics \/ <span style=\"font-family: 'arial black', sans-serif;\">UCM.ONE<\/span><\/strong><\/div>\n<div><div class=\"gap\" style=\"line-height: 20px; height: 20px;\"><\/div><\/div>\n<div>\n<div><\/div>\n<div>\n<div><div class=\"gap\" style=\"line-height: 10px; height: 10px;\"><\/div><\/div>\n<div><span style=\"color: #003a80;\"><strong>\u27a0 <a style=\"color: #003a80;\" href=\"https:\/\/ucm.one\/de\/produkt-kategorie\/art-de\/filme-de\/\">zum Shop<\/a><\/strong><\/span><\/div>\n<div><div class=\"gap\" style=\"line-height: 20px; height: 20px;\"><\/div><\/div>\n<\/div>\n<\/div>\n<\/div>\n","protected":false},"excerpt":{"rendered":"<p>Regie: <a title=\"Alexander Grasshoff\" href=\"https:\/\/ucm.one\/de\/?s=%22Alexander+Grasshoff%22&amp;post_type=product\"><strong>Alexander Grasshoff<\/strong><\/a><strong>,\u00a0<a title=\"Shusei Kotani\" href=\"https:\/\/ucm.one\/de\/?s=%22Shusei+Kotani%22&amp;post_type=product\">Shusei Kotani<\/a><\/strong><\/p>\n<p>Label: <a title=\"M-Square Pictures\" href=\"https:\/\/ucm.one\/de\/produkt-kategorie\/label-film-de\/m-square-classics-de\"><strong>M-Square Classics<\/strong><\/a><\/p>\n<p>Art:\u00a0<strong><a href=\"https:\/\/ucm.one\/de\/produkt-kategorie\/art-de\/filme-de\/\">Film<\/a> (Spielfilm)<\/strong><\/p>\n<p>Genres: <strong><a title=\"Action\" href=\"https:\/\/ucm.one\/de\/produkt-kategorie\/genre-film-de\/action-de\/\">Action<\/a>, <a title=\"Fantasy\" href=\"https:\/\/ucm.one\/de\/produkt-kategorie\/genre-film-de\/fantasy-de\/\">Fantasy<\/a><\/strong><b><\/b><\/p>\n<p>Jahr: <strong>1977<\/strong><\/p>\n<p>FSK: <strong>12<\/strong><\/p>\n<p>Formate: <strong>Diverse<\/strong><\/p>\n","protected":false},"featured_media":102011,"comment_status":"open","ping_status":"closed","template":"","meta":{"_acf_changed":false},"product_brand":[],"product_cat":[10332,10354,10357,10358,9708,12093,10323,10324,10328,10331],"product_tag":[17381,17382,17383,17384,17385,11027,17386,17387,17377,17388,17378,17379,17380],"class_list":{"0":"post-102010","1":"product","2":"type-product","3":"status-publish","4":"has-post-thumbnail","6":"product_cat-blu-ray-de","7":"product_cat-science-fiction-de","8":"product_cat-abenteuer","9":"product_cat-action-de","10":"product_cat-filme-de","11":"product_cat-klassiker-de","12":"product_cat-m-square-pictures-de","13":"product_cat-m-square-classics-de","14":"product_cat-fantasy-de","15":"product_cat-dvd-de","16":"product_tag-joan-van-ark","17":"product_tag-steven-keats","18":"product_tag-luther-rackley","19":"product_tag-masumi-sekiya","20":"product_tag-dinosaurier","21":"product_tag-science-fiction","22":"product_tag-william-ross","23":"product_tag-carl-hansen","24":"product_tag-der-letzte-dinosaurier","25":"product_tag-tetsu-nakamura","26":"product_tag-alexander-grasshoff","27":"product_tag-shusei-kotani","28":"product_tag-richard-boone","29":"pa_format-dvd","30":"pa_format-blu-ray-de","31":"description-off","33":"first","34":"instock","35":"sale","36":"taxable","37":"shipping-taxable","38":"purchasable","39":"product-type-variable"},"acf":[],"yoast_head":"<!-- This site is optimized with the Yoast SEO plugin v27.5 - https:\/\/yoast.com\/product\/yoast-seo-wordpress\/ -->\n<title>Der letzte Dinosaurier<\/title>\n<meta name=\"description\" content=\"Shop | Der letzte Dinosaurier | 2024 | M-Square Classics | Blu-Ray + DVD | FSK 12\" \/>\n<meta name=\"robots\" content=\"index, follow, max-snippet:-1, max-image-preview:large, max-video-preview:-1\" \/>\n<link rel=\"canonical\" href=\"https:\/\/ucm.one\/de\/produkt\/der-letzte-dinosaurier\/\" \/>\n<meta property=\"og:locale\" content=\"de_DE\" \/>\n<meta property=\"og:type\" content=\"article\" \/>\n<meta property=\"og:title\" content=\"Der letzte Dinosaurier\" \/>\n<meta property=\"og:description\" content=\"Shop | Der letzte Dinosaurier | 2024 | M-Square Classics | Blu-Ray + DVD | FSK 12\" \/>\n<meta property=\"og:url\" content=\"https:\/\/ucm.one\/de\/produkt\/der-letzte-dinosaurier\/\" \/>\n<meta property=\"og:site_name\" content=\"UCM.ONE\" \/>\n<meta property=\"article:modified_time\" content=\"2024-09-03T10:11:40+00:00\" \/>\n<meta property=\"og:image\" content=\"https:\/\/ucm.one\/wp-content\/uploads\/2024\/02\/C-Der-letzte-Dinosaurier-DVD-2D-FSK.jpg\" \/>\n<meta name=\"twitter:card\" content=\"summary_large_image\" \/>\n<meta name=\"twitter:title\" content=\"Der letzte Dinosaurier\" \/>\n<meta name=\"twitter:description\" content=\"Shop | Der letzte Dinosaurier | 2024 | M-Square Classics | Blu-Ray + DVD | FSK 12\" \/>\n<meta name=\"twitter:image\" content=\"https:\/\/ucm.one\/wp-content\/uploads\/2024\/02\/C-Der-letzte-Dinosaurier-DVD-2D-FSK.jpg\" \/>\n<meta name=\"twitter:label1\" content=\"Gesch\u00e4tzte Lesezeit\" \/>\n\t<meta name=\"twitter:data1\" content=\"1\u00a0Minute\" \/>\n<!-- \/ Yoast SEO plugin. -->","yoast_head_json":{"title":"Der letzte Dinosaurier","description":"Shop | Der letzte Dinosaurier | 2024 | M-Square Classics | Blu-Ray + DVD | FSK 12","robots":{"index":"index","follow":"follow","max-snippet":"max-snippet:-1","max-image-preview":"max-image-preview:large","max-video-preview":"max-video-preview:-1"},"canonical":"https:\/\/ucm.one\/de\/produkt\/der-letzte-dinosaurier\/","og_locale":"de_DE","og_type":"article","og_title":"Der letzte Dinosaurier","og_description":"Shop | Der letzte Dinosaurier | 2024 | M-Square Classics | Blu-Ray + DVD | FSK 12","og_url":"https:\/\/ucm.one\/de\/produkt\/der-letzte-dinosaurier\/","og_site_name":"UCM.ONE","article_modified_time":"2024-09-03T10:11:40+00:00","og_image":[{"url":"https:\/\/ucm.one\/wp-content\/uploads\/2024\/02\/C-Der-letzte-Dinosaurier-DVD-2D-FSK.jpg","type":"","width":"","height":""}],"twitter_card":"summary_large_image","twitter_title":"Der letzte Dinosaurier","twitter_description":"Shop | Der letzte Dinosaurier | 2024 | M-Square Classics | Blu-Ray + DVD | FSK 12","twitter_image":"https:\/\/ucm.one\/wp-content\/uploads\/2024\/02\/C-Der-letzte-Dinosaurier-DVD-2D-FSK.jpg","twitter_misc":{"Gesch\u00e4tzte Lesezeit":"1\u00a0Minute"},"schema":{"@context":"https:\/\/schema.org","@graph":[{"@type":"WebPage","@id":"https:\/\/ucm.one\/de\/produkt\/der-letzte-dinosaurier\/","url":"https:\/\/ucm.one\/de\/produkt\/der-letzte-dinosaurier\/","name":"Der letzte Dinosaurier","isPartOf":{"@id":"https:\/\/ucm.one\/de\/#website"},"primaryImageOfPage":{"@id":"https:\/\/ucm.one\/de\/produkt\/der-letzte-dinosaurier\/#primaryimage"},"image":{"@id":"https:\/\/ucm.one\/de\/produkt\/der-letzte-dinosaurier\/#primaryimage"},"thumbnailUrl":"https:\/\/ucm.one\/wp-content\/uploads\/2024\/02\/C-Der-letzte-Dinosaurier-DVD-2D-FSK.jpg","datePublished":"2024-02-29T14:43:23+00:00","dateModified":"2024-09-03T10:11:40+00:00","description":"Shop | Der letzte Dinosaurier | 2024 | M-Square Classics | Blu-Ray + DVD | FSK 12","breadcrumb":{"@id":"https:\/\/ucm.one\/de\/produkt\/der-letzte-dinosaurier\/#breadcrumb"},"inLanguage":"de","potentialAction":[{"@type":"ReadAction","target":["https:\/\/ucm.one\/de\/produkt\/der-letzte-dinosaurier\/"]}]},{"@type":"ImageObject","inLanguage":"de","@id":"https:\/\/ucm.one\/de\/produkt\/der-letzte-dinosaurier\/#primaryimage","url":"https:\/\/ucm.one\/wp-content\/uploads\/2024\/02\/C-Der-letzte-Dinosaurier-DVD-2D-FSK.jpg","contentUrl":"https:\/\/ucm.one\/wp-content\/uploads\/2024\/02\/C-Der-letzte-Dinosaurier-DVD-2D-FSK.jpg","width":699,"height":1000},{"@type":"BreadcrumbList","@id":"https:\/\/ucm.one\/de\/produkt\/der-letzte-dinosaurier\/#breadcrumb","itemListElement":[{"@type":"ListItem","position":1,"name":"Home","item":"https:\/\/ucm.one\/de\/"},{"@type":"ListItem","position":2,"name":"Shop","item":"https:\/\/ucm.one\/de\/shop\/"},{"@type":"ListItem","position":3,"name":"Der letzte Dinosaurier"}]},{"@type":"WebSite","@id":"https:\/\/ucm.one\/de\/#website","url":"https:\/\/ucm.one\/de\/","name":"UCM.ONE","description":"","publisher":{"@id":"https:\/\/ucm.one\/de\/#organization"},"potentialAction":[{"@type":"SearchAction","target":{"@type":"EntryPoint","urlTemplate":"https:\/\/ucm.one\/de\/?s={search_term_string}"},"query-input":{"@type":"PropertyValueSpecification","valueRequired":true,"valueName":"search_term_string"}}],"inLanguage":"de"},{"@type":"Organization","@id":"https:\/\/ucm.one\/de\/#organization","name":"UCM.ONE","url":"https:\/\/ucm.one\/de\/","logo":{"@type":"ImageObject","inLanguage":"de","@id":"https:\/\/ucm.one\/de\/#\/schema\/logo\/image\/","url":"https:\/\/ucm.one\/wp-content\/uploads\/2019\/10\/UCM.ONE-Logo-RGB.svg","contentUrl":"https:\/\/ucm.one\/wp-content\/uploads\/2019\/10\/UCM.ONE-Logo-RGB.svg","width":1,"height":1,"caption":"UCM.ONE"},"image":{"@id":"https:\/\/ucm.one\/de\/#\/schema\/logo\/image\/"}}]}},"_links":{"self":[{"href":"https:\/\/ucm.one\/de\/wp-json\/wp\/v2\/product\/102010","targetHints":{"allow":["GET"]}}],"collection":[{"href":"https:\/\/ucm.one\/de\/wp-json\/wp\/v2\/product"}],"about":[{"href":"https:\/\/ucm.one\/de\/wp-json\/wp\/v2\/types\/product"}],"replies":[{"embeddable":true,"href":"https:\/\/ucm.one\/de\/wp-json\/wp\/v2\/comments?post=102010"}],"wp:featuredmedia":[{"embeddable":true,"href":"https:\/\/ucm.one\/de\/wp-json\/wp\/v2\/media\/102011"}],"wp:attachment":[{"href":"https:\/\/ucm.one\/de\/wp-json\/wp\/v2\/media?parent=102010"}],"wp:term":[{"taxonomy":"product_brand","embeddable":true,"href":"https:\/\/ucm.one\/de\/wp-json\/wp\/v2\/product_brand?post=102010"},{"taxonomy":"product_cat","embeddable":true,"href":"https:\/\/ucm.one\/de\/wp-json\/wp\/v2\/product_cat?post=102010"},{"taxonomy":"product_tag","embeddable":true,"href":"https:\/\/ucm.one\/de\/wp-json\/wp\/v2\/product_tag?post=102010"}],"curies":[{"name":"wp","href":"https:\/\/api.w.org\/{rel}","templated":true}]}}