{"id":101318,"date":"2023-11-05T23:34:07","date_gmt":"2023-11-05T23:34:07","guid":{"rendered":"https:\/\/ucm.one\/?post_type=product&#038;p=101318"},"modified":"2025-06-01T12:30:26","modified_gmt":"2025-06-01T12:30:26","slug":"humantronic-naaya","status":"publish","type":"product","link":"https:\/\/ucm.one\/de\/produkt\/humantronic-naaya\/","title":{"rendered":"Humantronic &#8211; Naaya"},"content":{"rendered":"<div class=\"\">\n<div class=\"\">\n<div class=\"\">\n<div class=\"\">Der franz\u00f6sische Elektronik-Musik-Philanthrop <strong>Humantronic<\/strong> ver\u00f6ffentlichte auf dem deutschen Label <strong>Harthouse<\/strong> seine neueste LP &#8222;<strong>Desidero<\/strong>&#8220; welches zu einer Achterbahnfahrt der H\u00f6reindr\u00fccke einl\u00e4d. \u00a0Als besonderes Goodie sind \u00a04 Titel des Albums unter dem Namen &#8222;<strong>Naaya<\/strong>&#8220; auch auf 180 gr schwarzem Vinyl erh\u00e4ltlich sein.<\/div>\n<\/div>\n<\/div>\n<div><\/div>\n<\/div>\n<div><div class=\"gap\" style=\"line-height: 20px; height: 20px;\"><\/div><\/div>\n<h5>Weitere Informationen<\/h5>\n<table style=\"height: 45px; width: 100%; border-collapse: collapse; border-color: #ffffff; background-color: #ffffff; border-style: hidden;\">\n<tbody>\n<tr style=\"height: 23px; border-style: hidden; border-color: #ffffff; background-color: #ffffff;\">\n<td style=\"width: 5.669291338582677%; height: 23px; border-style: hidden; border-color: #ffffff; background-color: #ffffff;\">K\u00fcnstler:<\/td>\n<td style=\"width: 94.33070866141732%; height: 23px;\"><a title=\"Humantronic\" href=\"https:\/\/ucm.one\/de\/?s=humantronic&amp;lang=de\">Humantronic<\/a><\/td>\n<\/tr>\n<tr style=\"height: 23px;\">\n<td style=\"width: 5.669291338582677%; height: 22px;\">Label:<\/td>\n<td style=\"width: 94.33070866141732%; height: 22px;\"><a title=\"Harthouse\" href=\"https:\/\/ucm.one\/de\/musik-labels\/harthouse\/\">Harthouse<\/a><\/td>\n<\/tr>\n<\/tbody>\n<\/table>\n<div><\/div>\n<div><div class=\"gap\" style=\"line-height: 10px; height: 10px;\"><\/div><\/div>\n<div>\u2117 &amp; \u00a9 2024 <strong>Harthouse<\/strong> \/ <span style=\"font-family: 'arial black', sans-serif;\"><strong>UCM.ONE<\/strong><\/span><\/div>\n<div><div class=\"gap\" style=\"line-height: 20px; height: 20px;\"><\/div><\/div>\n<div>\n<div><\/div>\n<div><div class=\"gap\" style=\"line-height: 10px; height: 10px;\"><\/div><\/div>\n<div><span style=\"color: #003a80;\"><strong>\u27a0 <a style=\"color: #003a80;\" title=\"\" href=\"https:\/\/ucm.one\/de\/produkt-kategorie\/art-de\/musik-de\/\">zum Shop<\/a><\/strong><\/span><\/div>\n<div><div class=\"gap\" style=\"line-height: 20px; height: 20px;\"><\/div><\/div>\n<\/div>\n","protected":false},"excerpt":{"rendered":"<p>Artist:\u00a0<strong><a title=\"Humantronic\" href=\"https:\/\/ucm.one\/de\/?s=Humantronic&amp;post_type=product\">Humantronic<\/a><\/strong><\/p>\n<p>Label:\u00a0<a href=\"https:\/\/ucm.one\/de\/produkt-kategorie\/label-musik-de\/harthouse-de\"><b>Harthouse<\/b><\/a><\/p>\n<p>Art:\u00a0<strong><a href=\"https:\/\/ucm.one\/de\/produkt-kategorie\/art-de\/musik-de\/\">Musik<\/a>\u00a0<\/strong><\/p>\n<p>Genre: <b><a href=\"https:\/\/ucm.one\/de\/produkt-kategorie\/genre-musik-de\/dance-de\/techno-de\/\">Techno<\/a><\/b><\/p>\n<p>Jahr: <strong>2024<\/strong><\/p>\n<p>Format: <strong>Vinyl (EP)<\/strong><\/p>\n","protected":false},"featured_media":101319,"comment_status":"open","ping_status":"closed","template":"","meta":{"_acf_changed":false},"product_brand":[],"product_cat":[9796,9797,9857,10320,9713,9714],"product_tag":[17217,17218,17219,9799,17220,9805,17221,17222,17216],"class_list":{"0":"post-101318","1":"product","2":"type-product","3":"status-publish","4":"has-post-thumbnail","6":"product_cat-harthouse-de","7":"product_cat-techno-de","8":"product_cat-dance-de","9":"product_cat-minimal-de","10":"product_cat-musik-de","11":"product_cat-vinyl-de","12":"product_tag-desidero-de","13":"product_tag-naaya-de","14":"product_tag-meta-change-de","15":"product_tag-harthouse","16":"product_tag-lost-machines-de","17":"product_tag-techno","18":"product_tag-temple-of-euphoria-de","19":"product_tag-france-de","20":"product_tag-humantronic-de","21":"product_shipping_class-vinyl-2","22":"pa_format-ep-black-vinyl-de","23":"description-off","25":"first","26":"instock","27":"taxable","28":"shipping-taxable","29":"purchasable","30":"product-type-variable"},"acf":[],"yoast_head":"<!-- This site is optimized with the Yoast SEO plugin v27.5 - https:\/\/yoast.com\/product\/yoast-seo-wordpress\/ -->\n<title>Humantronic - Naaya<\/title>\n<meta name=\"description\" content=\"Shop | Humantronic - Naaya | 2024 | Harthouse | EP (Black Vinyl)\" \/>\n<meta name=\"robots\" content=\"index, follow, max-snippet:-1, max-image-preview:large, max-video-preview:-1\" \/>\n<link rel=\"canonical\" href=\"https:\/\/ucm.one\/de\/produkt\/humantronic-naaya\/\" \/>\n<meta property=\"og:locale\" content=\"de_DE\" \/>\n<meta property=\"og:type\" content=\"article\" \/>\n<meta property=\"og:title\" content=\"Humantronic - Naaya\" \/>\n<meta property=\"og:description\" content=\"Shop | Humantronic - Naaya | 2024 | Harthouse | EP (Black Vinyl)\" \/>\n<meta property=\"og:url\" content=\"https:\/\/ucm.one\/de\/produkt\/humantronic-naaya\/\" \/>\n<meta property=\"og:site_name\" content=\"UCM.ONE\" \/>\n<meta property=\"article:modified_time\" content=\"2025-06-01T12:30:26+00:00\" \/>\n<meta property=\"og:image\" content=\"https:\/\/ucm.one\/wp-content\/uploads\/2024\/02\/C-Humantronic-Naaya-EP-Vinyl.jpg\" \/>\n<meta name=\"twitter:card\" content=\"summary_large_image\" \/>\n<meta name=\"twitter:title\" content=\"Humantronic - Naaya\" \/>\n<meta name=\"twitter:description\" content=\"Shop | Humantronic - Naaya | 2024 | Harthouse | EP (Black Vinyl)\" \/>\n<meta name=\"twitter:image\" content=\"https:\/\/ucm.one\/wp-content\/uploads\/2024\/02\/C-Humantronic-Naaya-EP-Vinyl.jpg\" \/>\n<meta name=\"twitter:label1\" content=\"Gesch\u00e4tzte Lesezeit\" \/>\n\t<meta name=\"twitter:data1\" content=\"1\u00a0Minute\" \/>\n<!-- \/ Yoast SEO plugin. -->","yoast_head_json":{"title":"Humantronic - Naaya","description":"Shop | Humantronic - Naaya | 2024 | Harthouse | EP (Black Vinyl)","robots":{"index":"index","follow":"follow","max-snippet":"max-snippet:-1","max-image-preview":"max-image-preview:large","max-video-preview":"max-video-preview:-1"},"canonical":"https:\/\/ucm.one\/de\/produkt\/humantronic-naaya\/","og_locale":"de_DE","og_type":"article","og_title":"Humantronic - Naaya","og_description":"Shop | Humantronic - Naaya | 2024 | Harthouse | EP (Black Vinyl)","og_url":"https:\/\/ucm.one\/de\/produkt\/humantronic-naaya\/","og_site_name":"UCM.ONE","article_modified_time":"2025-06-01T12:30:26+00:00","og_image":[{"url":"https:\/\/ucm.one\/wp-content\/uploads\/2024\/02\/C-Humantronic-Naaya-EP-Vinyl.jpg","type":"","width":"","height":""}],"twitter_card":"summary_large_image","twitter_title":"Humantronic - Naaya","twitter_description":"Shop | Humantronic - Naaya | 2024 | Harthouse | EP (Black Vinyl)","twitter_image":"https:\/\/ucm.one\/wp-content\/uploads\/2024\/02\/C-Humantronic-Naaya-EP-Vinyl.jpg","twitter_misc":{"Gesch\u00e4tzte Lesezeit":"1\u00a0Minute"},"schema":{"@context":"https:\/\/schema.org","@graph":[{"@type":"WebPage","@id":"https:\/\/ucm.one\/de\/produkt\/humantronic-naaya\/","url":"https:\/\/ucm.one\/de\/produkt\/humantronic-naaya\/","name":"Humantronic - Naaya","isPartOf":{"@id":"https:\/\/ucm.one\/de\/#website"},"primaryImageOfPage":{"@id":"https:\/\/ucm.one\/de\/produkt\/humantronic-naaya\/#primaryimage"},"image":{"@id":"https:\/\/ucm.one\/de\/produkt\/humantronic-naaya\/#primaryimage"},"thumbnailUrl":"https:\/\/ucm.one\/wp-content\/uploads\/2024\/02\/C-Humantronic-Naaya-EP-Vinyl.jpg","datePublished":"2023-11-05T23:34:07+00:00","dateModified":"2025-06-01T12:30:26+00:00","description":"Shop | Humantronic - Naaya | 2024 | Harthouse | EP (Black Vinyl)","breadcrumb":{"@id":"https:\/\/ucm.one\/de\/produkt\/humantronic-naaya\/#breadcrumb"},"inLanguage":"de","potentialAction":[{"@type":"ReadAction","target":["https:\/\/ucm.one\/de\/produkt\/humantronic-naaya\/"]}]},{"@type":"ImageObject","inLanguage":"de","@id":"https:\/\/ucm.one\/de\/produkt\/humantronic-naaya\/#primaryimage","url":"https:\/\/ucm.one\/wp-content\/uploads\/2024\/02\/C-Humantronic-Naaya-EP-Vinyl.jpg","contentUrl":"https:\/\/ucm.one\/wp-content\/uploads\/2024\/02\/C-Humantronic-Naaya-EP-Vinyl.jpg","width":1000,"height":1000},{"@type":"BreadcrumbList","@id":"https:\/\/ucm.one\/de\/produkt\/humantronic-naaya\/#breadcrumb","itemListElement":[{"@type":"ListItem","position":1,"name":"Home","item":"https:\/\/ucm.one\/de\/"},{"@type":"ListItem","position":2,"name":"Shop","item":"https:\/\/ucm.one\/de\/shop\/"},{"@type":"ListItem","position":3,"name":"Humantronic &#8211; Naaya"}]},{"@type":"WebSite","@id":"https:\/\/ucm.one\/de\/#website","url":"https:\/\/ucm.one\/de\/","name":"UCM.ONE","description":"","publisher":{"@id":"https:\/\/ucm.one\/de\/#organization"},"potentialAction":[{"@type":"SearchAction","target":{"@type":"EntryPoint","urlTemplate":"https:\/\/ucm.one\/de\/?s={search_term_string}"},"query-input":{"@type":"PropertyValueSpecification","valueRequired":true,"valueName":"search_term_string"}}],"inLanguage":"de"},{"@type":"Organization","@id":"https:\/\/ucm.one\/de\/#organization","name":"UCM.ONE","url":"https:\/\/ucm.one\/de\/","logo":{"@type":"ImageObject","inLanguage":"de","@id":"https:\/\/ucm.one\/de\/#\/schema\/logo\/image\/","url":"https:\/\/ucm.one\/wp-content\/uploads\/2019\/10\/UCM.ONE-Logo-RGB.svg","contentUrl":"https:\/\/ucm.one\/wp-content\/uploads\/2019\/10\/UCM.ONE-Logo-RGB.svg","width":1,"height":1,"caption":"UCM.ONE"},"image":{"@id":"https:\/\/ucm.one\/de\/#\/schema\/logo\/image\/"}}]}},"_links":{"self":[{"href":"https:\/\/ucm.one\/de\/wp-json\/wp\/v2\/product\/101318","targetHints":{"allow":["GET"]}}],"collection":[{"href":"https:\/\/ucm.one\/de\/wp-json\/wp\/v2\/product"}],"about":[{"href":"https:\/\/ucm.one\/de\/wp-json\/wp\/v2\/types\/product"}],"replies":[{"embeddable":true,"href":"https:\/\/ucm.one\/de\/wp-json\/wp\/v2\/comments?post=101318"}],"wp:featuredmedia":[{"embeddable":true,"href":"https:\/\/ucm.one\/de\/wp-json\/wp\/v2\/media\/101319"}],"wp:attachment":[{"href":"https:\/\/ucm.one\/de\/wp-json\/wp\/v2\/media?parent=101318"}],"wp:term":[{"taxonomy":"product_brand","embeddable":true,"href":"https:\/\/ucm.one\/de\/wp-json\/wp\/v2\/product_brand?post=101318"},{"taxonomy":"product_cat","embeddable":true,"href":"https:\/\/ucm.one\/de\/wp-json\/wp\/v2\/product_cat?post=101318"},{"taxonomy":"product_tag","embeddable":true,"href":"https:\/\/ucm.one\/de\/wp-json\/wp\/v2\/product_tag?post=101318"}],"curies":[{"name":"wp","href":"https:\/\/api.w.org\/{rel}","templated":true}]}}