{"id":101307,"date":"2024-02-09T18:55:42","date_gmt":"2024-02-09T18:55:42","guid":{"rendered":"https:\/\/ucm.one\/?post_type=product&#038;p=101307"},"modified":"2024-06-10T09:22:43","modified_gmt":"2024-06-10T09:22:43","slug":"der-dritte-raum-raumgleiter","status":"publish","type":"product","link":"https:\/\/ucm.one\/de\/produkt\/der-dritte-raum-raumgleiter\/","title":{"rendered":"Der Dritte Raum &#8211; Raumgleiter"},"content":{"rendered":"<div class=\"wpb-content-wrapper\"><div class=\"wpb_text_column wpb_content_element \">\n<div class=\"wpb_wrapper\">\n<div class=\"\">\n<div class=\"wpb_text_column wpb_content_element \">\n<div class=\"wpb_wrapper\">\n<div class=\"wpb_text_column wpb_content_element \">\n<div class=\"wpb_wrapper\">\n<div class=\"\">\n<div class=\"wpb_text_column wpb_content_element \">\n<div class=\"wpb_wrapper\">\n<div class=\"\">\n<div class=\"\">\n<div class=\"wpb_text_column wpb_content_element \">\n<div class=\"wpb_wrapper\">\n<div class=\"wpb_text_column wpb_content_element \">\n<div class=\"wpb_wrapper\">\n<div class=\"\">\n<div class=\"wpb_text_column wpb_content_element \">\n<div class=\"wpb_wrapper\">\n<div class=\"\">\n<div class=\"\">\n<div class=\"vc_row wpb_row vc_row-fluid\">\n<div class=\"wpb_column vc_column_container vc_col-sm-12\">\n<div class=\"vc_column-inner\">\n<div class=\"wpb_wrapper\">\n<div class=\"wpb_text_column wpb_content_element \">\n<div class=\"wpb_wrapper\">\n<div class=\"\">\n<div class=\"\">&#8222;<strong>Raumgleiter<\/strong>&#8220; von <strong>Der Dritte Raum<\/strong> entf\u00fchrt uns mit seinen hypnotischen Beats und eing\u00e4ngigen Melodien in eine andere Dimension. Dieses Album war wegweisend f\u00fcr die elektronische Musikszene und hat bis heute nichts von seiner Faszination verloren.<\/div>\n<\/div>\n<div><div class=\"gap\" style=\"line-height: 10px; height: 10px;\"><\/div><\/div>\n<div>Diese Neuauflage 2024 wird in einer streng limitierten St\u00fcckzahl von 300 St\u00fcck produziert. Die farbige Doppel-LP mit 180 Gramm schwerem Vinyl verleiht den Platten nicht nur eine besondere Optik, sondern die extra f\u00fcr diese Vinylauflage neu gemasterten Titel sorgen auch f\u00fcr eine herausragende Klangqualit\u00e4t.<\/div>\n<\/div>\n<\/div>\n<\/div>\n<\/div>\n<\/div>\n<\/div>\n<\/div>\n<\/div>\n<\/div>\n<\/div>\n<\/div>\n<\/div>\n<\/div>\n<\/div>\n<\/div>\n<div class=\"wpb_text_column wpb_content_element \">\n<div class=\"wpb_wrapper\">\n<div class=\"wpb_text_column wpb_content_element \">\n<div class=\"wpb_wrapper\">\n<div class=\"\"><\/div>\n<\/div>\n<\/div>\n<\/div>\n<\/div>\n<\/div>\n<\/div>\n<\/div>\n<\/div>\n<\/div>\n<\/div>\n<\/div>\n<\/div>\n<\/div>\n<\/div>\n<\/div>\n<\/div>\n<div><div class=\"gap\" style=\"line-height: 20px; height: 20px;\"><\/div><\/div>\n<h5>Weitere Informationen<\/h5>\n<div>\n<div>\n<table style=\"height: 46px; width: 100%; border-collapse: collapse; border-color: #ffffff; background-color: #ffffff; border-style: hidden;\">\n<tbody>\n<tr style=\"height: 23px; border-style: hidden; border-color: #ffffff; background-color: #ffffff;\">\n<td style=\"width: 4.724409448818898%; height: 23px; border-style: hidden;\">K\u00fcnstler:<\/td>\n<td style=\"width: 95.27559055118111%; height: 23px; border-style: hidden;\"><a title=\"Der Dritte Raum | Harthouse\" href=\"https:\/\/ucm.one\/de\/tag\/der-dritte-raum\">Der Dritte Raum<\/a><\/td>\n<\/tr>\n<tr style=\"height: 23px;\">\n<td style=\"width: 4.724409448818898%; height: 23px; border-style: hidden;\">Label:<\/td>\n<td style=\"width: 95.27559055118111%; height: 23px; border-style: hidden;\"><a title=\"Harthouse\" href=\"https:\/\/ucm.one\/de\/musik-labels\/harthouse\/\">Harthouse<\/a><\/td>\n<\/tr>\n<\/tbody>\n<\/table>\n<\/div>\n<div><\/div>\n<div><div class=\"gap\" style=\"line-height: 10px; height: 10px;\"><\/div><\/div>\n<div>\u2117 1998 <b>Virgin Records \/ <span style=\"font-family: 'arial black', sans-serif;\">EMI<\/span><\/b>,\u00a0\u00a9 2024 <strong>Harthouse<\/strong> \/ <span style=\"font-family: 'arial black', sans-serif;\"><strong>UCM.ONE<\/strong><\/span><\/div>\n<div><div class=\"gap\" style=\"line-height: 20px; height: 20px;\"><\/div><\/div>\n<div>\n<div><\/div>\n<div><div class=\"gap\" style=\"line-height: 10px; height: 10px;\"><\/div><\/div>\n<div><span style=\"color: #003a80;\"><strong>\u27a0 <a style=\"color: #003a80;\" title=\"\" href=\"https:\/\/ucm.one\/de\/produkt-kategorie\/art-de\/musik-de\/\">zum Shop<\/a><\/strong><\/span><\/div>\n<div><div class=\"gap\" style=\"line-height: 20px; height: 20px;\"><\/div><\/div>\n<\/div>\n<\/div>\n<\/div>","protected":false},"excerpt":{"rendered":"<p>Artist:\u00a0<a href=\"https:\/\/ucm.one\/de\/?s=%22Der+Dritte+Raum%22&amp;post_type=product\"><strong>Der Dritte Raum<\/strong><\/a><\/p>\n<p>Label:\u00a0<a href=\"https:\/\/ucm.one\/de\/produkt-kategorie\/label-musik-de\/harthouse-de\"><b>Harthouse<\/b><\/a><\/p>\n<p>Art:\u00a0<strong><a href=\"https:\/\/ucm.one\/de\/produkt-kategorie\/art-de\/musik-de\/\">Musik<\/a>\u00a0(Album)<\/strong><\/p>\n<p>Genres:\u00a0<b><a href=\"https:\/\/ucm.one\/de\/produkt-kategorie\/genre-musik-de\/dance-de\/techno-de\/\">Techno<\/a>,\u00a0<a href=\"https:\/\/ucm.one\/de\/produkt-kategorie\/genre-musik-de\/dance-de\/progressive-trance\/\">Progressive Trance<\/a><\/b><\/p>\n<p>Jahr: <strong>2024<\/strong><\/p>\n<p>Format: <b>Vinyl (2xLP)<\/b><\/p>\n","protected":false},"featured_media":101310,"comment_status":"open","ping_status":"closed","template":"","meta":{"_acf_changed":false},"product_brand":[],"product_cat":[9755,9796,9797,9857,10010,10318,10322,9713,9714],"product_tag":[10387,17190,11265,9799,11269,17184,17185,17186,17187,10385,17188,10386,17189],"class_list":{"0":"post-101307","1":"product","2":"type-product","3":"status-publish","4":"has-post-thumbnail","6":"product_cat-label-musik-de","7":"product_cat-harthouse-de","8":"product_cat-techno-de","9":"product_cat-dance-de","10":"product_cat-genre-musik-de","11":"product_cat-progressive-trance","12":"product_cat-trance-de","13":"product_cat-musik-de","14":"product_cat-vinyl-de","15":"product_tag-andreas-krueger","16":"product_tag-infrarot","17":"product_tag-polarstern","18":"product_tag-harthouse","19":"product_tag-hale-bopp","20":"product_tag-schwerelos","21":"product_tag-zwischenwelt","22":"product_tag-subraum","23":"product_tag-tagnachtlied","24":"product_tag-der-dritte-raum","25":"product_tag-ueberdruck","26":"product_tag-the-third-room","27":"product_tag-lava","28":"product_shipping_class-doppelvinyl-2","29":"pa_format-2xlp-transparent-blue-marbled-vinyl-de","30":"description-off","32":"first","33":"instock","34":"taxable","35":"shipping-taxable","36":"purchasable","37":"product-type-variable"},"acf":[],"yoast_head":"<!-- This site is optimized with the Yoast SEO plugin v27.5 - https:\/\/yoast.com\/product\/yoast-seo-wordpress\/ -->\n<title>Der Dritte Raum - Raumgleiter<\/title>\n<meta name=\"description\" content=\"Shop | Der Dritte Raum - Raumgleiter | 2024 | Harthouse | Vinyl (2xLP)\" \/>\n<meta name=\"robots\" content=\"index, follow, max-snippet:-1, max-image-preview:large, max-video-preview:-1\" \/>\n<link rel=\"canonical\" href=\"https:\/\/ucm.one\/de\/produkt\/der-dritte-raum-raumgleiter\/\" \/>\n<meta property=\"og:locale\" content=\"de_DE\" \/>\n<meta property=\"og:type\" content=\"article\" \/>\n<meta property=\"og:title\" content=\"Der Dritte Raum - Raumgleiter\" \/>\n<meta property=\"og:description\" content=\"Shop | Der Dritte Raum - Raumgleiter | 2024 | Harthouse | Vinyl (2xLP)\" \/>\n<meta property=\"og:url\" content=\"https:\/\/ucm.one\/de\/produkt\/der-dritte-raum-raumgleiter\/\" \/>\n<meta property=\"og:site_name\" content=\"UCM.ONE\" \/>\n<meta property=\"article:modified_time\" content=\"2024-06-10T09:22:43+00:00\" \/>\n<meta property=\"og:image\" content=\"https:\/\/ucm.one\/wp-content\/uploads\/2024\/02\/C-Der-Dritte-Raum-Raumgleiter-2024.jpg\" \/>\n<meta name=\"twitter:card\" content=\"summary_large_image\" \/>\n<meta name=\"twitter:title\" content=\"Der Dritte Raum - Raumgleiter\" \/>\n<meta name=\"twitter:description\" content=\"Shop | Der Dritte Raum - Raumgleiter | 2024 | Harthouse | Vinyl (2xLP)\" \/>\n<meta name=\"twitter:image\" content=\"https:\/\/ucm.one\/wp-content\/uploads\/2024\/02\/C-Der-Dritte-Raum-Raumgleiter-2024.jpg\" \/>\n<meta name=\"twitter:label1\" content=\"Gesch\u00e4tzte Lesezeit\" \/>\n\t<meta name=\"twitter:data1\" content=\"1\u00a0Minute\" \/>\n<!-- \/ Yoast SEO plugin. -->","yoast_head_json":{"title":"Der Dritte Raum - Raumgleiter","description":"Shop | Der Dritte Raum - Raumgleiter | 2024 | Harthouse | Vinyl (2xLP)","robots":{"index":"index","follow":"follow","max-snippet":"max-snippet:-1","max-image-preview":"max-image-preview:large","max-video-preview":"max-video-preview:-1"},"canonical":"https:\/\/ucm.one\/de\/produkt\/der-dritte-raum-raumgleiter\/","og_locale":"de_DE","og_type":"article","og_title":"Der Dritte Raum - Raumgleiter","og_description":"Shop | Der Dritte Raum - Raumgleiter | 2024 | Harthouse | Vinyl (2xLP)","og_url":"https:\/\/ucm.one\/de\/produkt\/der-dritte-raum-raumgleiter\/","og_site_name":"UCM.ONE","article_modified_time":"2024-06-10T09:22:43+00:00","og_image":[{"url":"https:\/\/ucm.one\/wp-content\/uploads\/2024\/02\/C-Der-Dritte-Raum-Raumgleiter-2024.jpg","type":"","width":"","height":""}],"twitter_card":"summary_large_image","twitter_title":"Der Dritte Raum - Raumgleiter","twitter_description":"Shop | Der Dritte Raum - Raumgleiter | 2024 | Harthouse | Vinyl (2xLP)","twitter_image":"https:\/\/ucm.one\/wp-content\/uploads\/2024\/02\/C-Der-Dritte-Raum-Raumgleiter-2024.jpg","twitter_misc":{"Gesch\u00e4tzte Lesezeit":"1\u00a0Minute"},"schema":{"@context":"https:\/\/schema.org","@graph":[{"@type":"WebPage","@id":"https:\/\/ucm.one\/de\/produkt\/der-dritte-raum-raumgleiter\/","url":"https:\/\/ucm.one\/de\/produkt\/der-dritte-raum-raumgleiter\/","name":"Der Dritte Raum - Raumgleiter","isPartOf":{"@id":"https:\/\/ucm.one\/de\/#website"},"primaryImageOfPage":{"@id":"https:\/\/ucm.one\/de\/produkt\/der-dritte-raum-raumgleiter\/#primaryimage"},"image":{"@id":"https:\/\/ucm.one\/de\/produkt\/der-dritte-raum-raumgleiter\/#primaryimage"},"thumbnailUrl":"https:\/\/ucm.one\/wp-content\/uploads\/2024\/02\/C-Der-Dritte-Raum-Raumgleiter-2024.jpg","datePublished":"2024-02-09T18:55:42+00:00","dateModified":"2024-06-10T09:22:43+00:00","description":"Shop | Der Dritte Raum - Raumgleiter | 2024 | Harthouse | Vinyl (2xLP)","breadcrumb":{"@id":"https:\/\/ucm.one\/de\/produkt\/der-dritte-raum-raumgleiter\/#breadcrumb"},"inLanguage":"de","potentialAction":[{"@type":"ReadAction","target":["https:\/\/ucm.one\/de\/produkt\/der-dritte-raum-raumgleiter\/"]}]},{"@type":"ImageObject","inLanguage":"de","@id":"https:\/\/ucm.one\/de\/produkt\/der-dritte-raum-raumgleiter\/#primaryimage","url":"https:\/\/ucm.one\/wp-content\/uploads\/2024\/02\/C-Der-Dritte-Raum-Raumgleiter-2024.jpg","contentUrl":"https:\/\/ucm.one\/wp-content\/uploads\/2024\/02\/C-Der-Dritte-Raum-Raumgleiter-2024.jpg","width":1000,"height":1000},{"@type":"BreadcrumbList","@id":"https:\/\/ucm.one\/de\/produkt\/der-dritte-raum-raumgleiter\/#breadcrumb","itemListElement":[{"@type":"ListItem","position":1,"name":"Home","item":"https:\/\/ucm.one\/de\/"},{"@type":"ListItem","position":2,"name":"Shop","item":"https:\/\/ucm.one\/de\/shop\/"},{"@type":"ListItem","position":3,"name":"Der Dritte Raum &#8211; Raumgleiter"}]},{"@type":"WebSite","@id":"https:\/\/ucm.one\/de\/#website","url":"https:\/\/ucm.one\/de\/","name":"UCM.ONE","description":"","publisher":{"@id":"https:\/\/ucm.one\/de\/#organization"},"potentialAction":[{"@type":"SearchAction","target":{"@type":"EntryPoint","urlTemplate":"https:\/\/ucm.one\/de\/?s={search_term_string}"},"query-input":{"@type":"PropertyValueSpecification","valueRequired":true,"valueName":"search_term_string"}}],"inLanguage":"de"},{"@type":"Organization","@id":"https:\/\/ucm.one\/de\/#organization","name":"UCM.ONE","url":"https:\/\/ucm.one\/de\/","logo":{"@type":"ImageObject","inLanguage":"de","@id":"https:\/\/ucm.one\/de\/#\/schema\/logo\/image\/","url":"https:\/\/ucm.one\/wp-content\/uploads\/2019\/10\/UCM.ONE-Logo-RGB.svg","contentUrl":"https:\/\/ucm.one\/wp-content\/uploads\/2019\/10\/UCM.ONE-Logo-RGB.svg","width":1,"height":1,"caption":"UCM.ONE"},"image":{"@id":"https:\/\/ucm.one\/de\/#\/schema\/logo\/image\/"}}]}},"_links":{"self":[{"href":"https:\/\/ucm.one\/de\/wp-json\/wp\/v2\/product\/101307","targetHints":{"allow":["GET"]}}],"collection":[{"href":"https:\/\/ucm.one\/de\/wp-json\/wp\/v2\/product"}],"about":[{"href":"https:\/\/ucm.one\/de\/wp-json\/wp\/v2\/types\/product"}],"replies":[{"embeddable":true,"href":"https:\/\/ucm.one\/de\/wp-json\/wp\/v2\/comments?post=101307"}],"wp:featuredmedia":[{"embeddable":true,"href":"https:\/\/ucm.one\/de\/wp-json\/wp\/v2\/media\/101310"}],"wp:attachment":[{"href":"https:\/\/ucm.one\/de\/wp-json\/wp\/v2\/media?parent=101307"}],"wp:term":[{"taxonomy":"product_brand","embeddable":true,"href":"https:\/\/ucm.one\/de\/wp-json\/wp\/v2\/product_brand?post=101307"},{"taxonomy":"product_cat","embeddable":true,"href":"https:\/\/ucm.one\/de\/wp-json\/wp\/v2\/product_cat?post=101307"},{"taxonomy":"product_tag","embeddable":true,"href":"https:\/\/ucm.one\/de\/wp-json\/wp\/v2\/product_tag?post=101307"}],"curies":[{"name":"wp","href":"https:\/\/api.w.org\/{rel}","templated":true}]}}