{"id":100954,"date":"2024-01-23T13:49:56","date_gmt":"2024-01-23T13:49:56","guid":{"rendered":"https:\/\/ucm.one\/?post_type=product&#038;p=100954"},"modified":"2024-03-31T20:05:38","modified_gmt":"2024-03-31T20:05:38","slug":"under-the-boardwalk","status":"publish","type":"product","link":"https:\/\/ucm.one\/de\/produkt\/under-the-boardwalk\/","title":{"rendered":"Under The Boardwalk"},"content":{"rendered":"<div class=\"wpb_text_column wpb_content_element \">\n<div class=\"wpb_wrapper\">\n<div class=\"\">\n<div class=\"wpb_text_column wpb_content_element \">\n<div class=\"wpb_wrapper\">\n<p>Es ist das letzte und wichtigste Wochenende des Jahres am Strand des kalifornischen Surfer-Paradieses Santa Monica. Es gibt wilde Partys, hei\u00dfe Flirts und wie jedes Jahr findet ein einzigartiger Surf-Wettbewerb statt. Die junge Allie (<strong>Danielle von Zerneck<\/strong>) interessiert sich nicht f\u00fcr den Wettbewerb, doch f\u00fcr Ihren Bruder Reef (<strong>Steve Monarque<\/strong>), dem Anf\u00fchrer der Gang Lowks bedeutet er alles. Er lebt f\u00fcrs Surfen und die Kr\u00f6nung zum K\u00f6nig des Strands hat f\u00fcr ihn absolute Priorit\u00e4t. Dieses Jahr wird Reef vom charismatischen Nick (<strong>Richard Joseph Paul<\/strong>) herausgefordert, der am Vorabend des Wettbewerbs ausgerechnet ein Auge auf seine Schwester Allie wirft. Ein gro\u00dfer Fehler\u2026<\/p>\n<\/div>\n<\/div>\n<\/div>\n<\/div>\n<\/div>\n<div><div class=\"gap\" style=\"line-height: 20px; height: 20px;\"><\/div><\/div>\n<h5>Weitere Informationen<\/h5>\n<div>\n<div>\n<table style=\"height: 46px; width: 100%; border-collapse: collapse; border-color: #ffffff; background-color: #ffffff; border-style: hidden;\">\n<tbody>\n<tr style=\"height: 23px;\">\n<td style=\"width: 4.701195219123506%; height: 23px; border-style: hidden;\">Label:<\/td>\n<td style=\"width: 95.29880478087651%; height: 23px; border-style: hidden;\"><a title=\"M-Square Classics\" href=\"https:\/\/ucm.one\/de\/film-labels\/m-square-pictures\/#m-square-classics\">M-Square Classics<\/a><\/td>\n<\/tr>\n<\/tbody>\n<\/table>\n<\/div>\n<div><\/div>\n<\/div>\n<div>\n<div><div class=\"gap\" style=\"line-height: 10px; height: 10px;\"><\/div><\/div>\n<div>\u2117 1988\u00a0<b>Chanin Blackwell Productions, New World\u00a0Pictures<\/b>, \u00a0\u00a9 2024 <strong>M-Square Classics<\/strong> \/ <span style=\"font-family: 'arial black', sans-serif;\"><strong>UCM.ONE<\/strong><\/span><\/div>\n<div><div class=\"gap\" style=\"line-height: 20px; height: 20px;\"><\/div><\/div>\n<div>\n<div><\/div>\n<div>\n<div><div class=\"gap\" style=\"line-height: 10px; height: 10px;\"><\/div><\/div>\n<div><span style=\"color: #003a80;\"><strong>\u27a0 <a style=\"color: #003a80;\" href=\"https:\/\/ucm.one\/de\/produkt-kategorie\/art-de\/filme-de\/\">zum Shop<\/a><\/strong><\/span><\/div>\n<div><div class=\"gap\" style=\"line-height: 20px; height: 20px;\"><\/div><\/div>\n<\/div>\n<\/div>\n<\/div>\n","protected":false},"excerpt":{"rendered":"<p>Regie: <a title=\"\" href=\"https:\/\/ucm.one\/de\/?s=%22Fritz+Kiersch%22&amp;post_type=product\"><strong>Fritz Kiersch<\/strong><\/a><\/p>\n<p>Label: <a href=\"https:\/\/ucm.one\/de\/produkt-kategorie\/label-film-de\/m-square-pictures-de\/m-square-classics-de\/\"><strong>M-Square Classics<\/strong><\/a><\/p>\n<p>Art:\u00a0<strong><a href=\"https:\/\/ucm.one\/de\/produkt-kategorie\/art-de\/filme-de\/\">Film<\/a> (<a title=\"\" href=\"https:\/\/ucm.one\/de\/produkt-kategorie\/genre-film-de\/klassiker-de\/\">Klassiker<\/a>)<\/strong><\/p>\n<p>Genres: <b><a href=\"https:\/\/ucm.one\/de\/produkt-kategorie\/genre-film-de\/komoedie-de\/\">Kom\u00f6die<\/a>, <a title=\"\" href=\"https:\/\/ucm.one\/de\/produkt-kategorie\/genre-film-de\/liebe-beziehung\/\">Liebesfilm<\/a><\/b><\/p>\n<p>Jahr: <strong>1988<\/strong><\/p>\n<p>FSK: <strong>12<\/strong><\/p>\n<p>Formate: <strong>Diverse<\/strong><\/p>\n","protected":false},"featured_media":100957,"comment_status":"open","ping_status":"closed","template":"","meta":{"_acf_changed":false},"product_brand":[],"product_cat":[9708,12093,10324,10331,10332,10356,10361],"product_tag":[17123,17113,17114,17115,10326,17116,17117,17118,17119,17120,17121,17122],"class_list":{"0":"post-100954","1":"product","2":"type-product","3":"status-publish","4":"has-post-thumbnail","6":"product_cat-filme-de","7":"product_cat-klassiker-de","8":"product_cat-m-square-classics-de","9":"product_cat-dvd-de","10":"product_cat-blu-ray-de","11":"product_cat-komoedie-de","12":"product_cat-liebe-beziehung","13":"product_tag-roxana-zal","14":"product_tag-under-the-boardwalk","15":"product_tag-fritz-kiersch","16":"product_tag-keith-coogan","17":"product_tag-m-square-classics","18":"product_tag-danielle-von-zerneck","19":"product_tag-richard-joseph-paul","20":"product_tag-the-smithereens","21":"product_tag-surf-punks","22":"product_tag-the-del-lords","23":"product_tag-the-drifters","24":"product_tag-steve-monarque","25":"product_shipping_class-dvd-2","26":"pa_format-blu-ray-de","27":"pa_format-dvd","28":"description-off","30":"first","31":"instock","32":"sale","33":"taxable","34":"shipping-taxable","35":"purchasable","36":"product-type-variable"},"acf":[],"yoast_head":"<!-- This site is optimized with the Yoast SEO plugin v27.5 - https:\/\/yoast.com\/product\/yoast-seo-wordpress\/ -->\n<title>Under the Boardwalk<\/title>\n<meta name=\"description\" content=\"Shop | Under the Boardwalk | 2024 | M-Square Classics | Blu-Ray, DVD | FSK 12\" \/>\n<meta name=\"robots\" content=\"index, follow, max-snippet:-1, max-image-preview:large, max-video-preview:-1\" \/>\n<link rel=\"canonical\" href=\"https:\/\/ucm.one\/de\/produkt\/under-the-boardwalk\/\" \/>\n<meta property=\"og:locale\" content=\"de_DE\" \/>\n<meta property=\"og:type\" content=\"article\" \/>\n<meta property=\"og:title\" content=\"Under the Boardwalk\" \/>\n<meta property=\"og:description\" content=\"Shop | Under the Boardwalk | 2024 | M-Square Classics | Blu-Ray, DVD | FSK 12\" \/>\n<meta property=\"og:url\" content=\"https:\/\/ucm.one\/de\/produkt\/under-the-boardwalk\/\" \/>\n<meta property=\"og:site_name\" content=\"UCM.ONE\" \/>\n<meta property=\"article:modified_time\" content=\"2024-03-31T20:05:38+00:00\" \/>\n<meta property=\"og:image\" content=\"https:\/\/ucm.one\/wp-content\/uploads\/2024\/01\/C-Unde-th-Boardwalk-DVD-2K-FSK12.jpg\" \/>\n<meta name=\"twitter:card\" content=\"summary_large_image\" \/>\n<meta name=\"twitter:title\" content=\"Under the Boardwalk\" \/>\n<meta name=\"twitter:description\" content=\"Shop | Under the Boardwalk | 2024 | M-Square Classics | Blu-Ray, DVD | FSK 12\" \/>\n<meta name=\"twitter:image\" content=\"https:\/\/ucm.one\/wp-content\/uploads\/2024\/01\/C-Unde-th-Boardwalk-DVD-2K-FSK12.jpg\" \/>\n<meta name=\"twitter:label1\" content=\"Gesch\u00e4tzte Lesezeit\" \/>\n\t<meta name=\"twitter:data1\" content=\"1\u00a0Minute\" \/>\n<!-- \/ Yoast SEO plugin. -->","yoast_head_json":{"title":"Under the Boardwalk","description":"Shop | Under the Boardwalk | 2024 | M-Square Classics | Blu-Ray, DVD | FSK 12","robots":{"index":"index","follow":"follow","max-snippet":"max-snippet:-1","max-image-preview":"max-image-preview:large","max-video-preview":"max-video-preview:-1"},"canonical":"https:\/\/ucm.one\/de\/produkt\/under-the-boardwalk\/","og_locale":"de_DE","og_type":"article","og_title":"Under the Boardwalk","og_description":"Shop | Under the Boardwalk | 2024 | M-Square Classics | Blu-Ray, DVD | FSK 12","og_url":"https:\/\/ucm.one\/de\/produkt\/under-the-boardwalk\/","og_site_name":"UCM.ONE","article_modified_time":"2024-03-31T20:05:38+00:00","og_image":[{"url":"https:\/\/ucm.one\/wp-content\/uploads\/2024\/01\/C-Unde-th-Boardwalk-DVD-2K-FSK12.jpg","type":"","width":"","height":""}],"twitter_card":"summary_large_image","twitter_title":"Under the Boardwalk","twitter_description":"Shop | Under the Boardwalk | 2024 | M-Square Classics | Blu-Ray, DVD | FSK 12","twitter_image":"https:\/\/ucm.one\/wp-content\/uploads\/2024\/01\/C-Unde-th-Boardwalk-DVD-2K-FSK12.jpg","twitter_misc":{"Gesch\u00e4tzte Lesezeit":"1\u00a0Minute"},"schema":{"@context":"https:\/\/schema.org","@graph":[{"@type":"WebPage","@id":"https:\/\/ucm.one\/de\/produkt\/under-the-boardwalk\/","url":"https:\/\/ucm.one\/de\/produkt\/under-the-boardwalk\/","name":"Under the Boardwalk","isPartOf":{"@id":"https:\/\/ucm.one\/de\/#website"},"primaryImageOfPage":{"@id":"https:\/\/ucm.one\/de\/produkt\/under-the-boardwalk\/#primaryimage"},"image":{"@id":"https:\/\/ucm.one\/de\/produkt\/under-the-boardwalk\/#primaryimage"},"thumbnailUrl":"https:\/\/ucm.one\/wp-content\/uploads\/2024\/01\/C-Unde-th-Boardwalk-DVD-2K-FSK12.jpg","datePublished":"2024-01-23T13:49:56+00:00","dateModified":"2024-03-31T20:05:38+00:00","description":"Shop | Under the Boardwalk | 2024 | M-Square Classics | Blu-Ray, DVD | FSK 12","breadcrumb":{"@id":"https:\/\/ucm.one\/de\/produkt\/under-the-boardwalk\/#breadcrumb"},"inLanguage":"de","potentialAction":[{"@type":"ReadAction","target":["https:\/\/ucm.one\/de\/produkt\/under-the-boardwalk\/"]}]},{"@type":"ImageObject","inLanguage":"de","@id":"https:\/\/ucm.one\/de\/produkt\/under-the-boardwalk\/#primaryimage","url":"https:\/\/ucm.one\/wp-content\/uploads\/2024\/01\/C-Unde-th-Boardwalk-DVD-2K-FSK12.jpg","contentUrl":"https:\/\/ucm.one\/wp-content\/uploads\/2024\/01\/C-Unde-th-Boardwalk-DVD-2K-FSK12.jpg","width":699,"height":1000},{"@type":"BreadcrumbList","@id":"https:\/\/ucm.one\/de\/produkt\/under-the-boardwalk\/#breadcrumb","itemListElement":[{"@type":"ListItem","position":1,"name":"Home","item":"https:\/\/ucm.one\/de\/"},{"@type":"ListItem","position":2,"name":"Shop","item":"https:\/\/ucm.one\/de\/shop\/"},{"@type":"ListItem","position":3,"name":"Under The Boardwalk"}]},{"@type":"WebSite","@id":"https:\/\/ucm.one\/de\/#website","url":"https:\/\/ucm.one\/de\/","name":"UCM.ONE","description":"","publisher":{"@id":"https:\/\/ucm.one\/de\/#organization"},"potentialAction":[{"@type":"SearchAction","target":{"@type":"EntryPoint","urlTemplate":"https:\/\/ucm.one\/de\/?s={search_term_string}"},"query-input":{"@type":"PropertyValueSpecification","valueRequired":true,"valueName":"search_term_string"}}],"inLanguage":"de"},{"@type":"Organization","@id":"https:\/\/ucm.one\/de\/#organization","name":"UCM.ONE","url":"https:\/\/ucm.one\/de\/","logo":{"@type":"ImageObject","inLanguage":"de","@id":"https:\/\/ucm.one\/de\/#\/schema\/logo\/image\/","url":"https:\/\/ucm.one\/wp-content\/uploads\/2019\/10\/UCM.ONE-Logo-RGB.svg","contentUrl":"https:\/\/ucm.one\/wp-content\/uploads\/2019\/10\/UCM.ONE-Logo-RGB.svg","width":1,"height":1,"caption":"UCM.ONE"},"image":{"@id":"https:\/\/ucm.one\/de\/#\/schema\/logo\/image\/"}}]}},"_links":{"self":[{"href":"https:\/\/ucm.one\/de\/wp-json\/wp\/v2\/product\/100954","targetHints":{"allow":["GET"]}}],"collection":[{"href":"https:\/\/ucm.one\/de\/wp-json\/wp\/v2\/product"}],"about":[{"href":"https:\/\/ucm.one\/de\/wp-json\/wp\/v2\/types\/product"}],"replies":[{"embeddable":true,"href":"https:\/\/ucm.one\/de\/wp-json\/wp\/v2\/comments?post=100954"}],"wp:featuredmedia":[{"embeddable":true,"href":"https:\/\/ucm.one\/de\/wp-json\/wp\/v2\/media\/100957"}],"wp:attachment":[{"href":"https:\/\/ucm.one\/de\/wp-json\/wp\/v2\/media?parent=100954"}],"wp:term":[{"taxonomy":"product_brand","embeddable":true,"href":"https:\/\/ucm.one\/de\/wp-json\/wp\/v2\/product_brand?post=100954"},{"taxonomy":"product_cat","embeddable":true,"href":"https:\/\/ucm.one\/de\/wp-json\/wp\/v2\/product_cat?post=100954"},{"taxonomy":"product_tag","embeddable":true,"href":"https:\/\/ucm.one\/de\/wp-json\/wp\/v2\/product_tag?post=100954"}],"curies":[{"name":"wp","href":"https:\/\/api.w.org\/{rel}","templated":true}]}}