{"id":100866,"date":"2024-01-02T08:10:59","date_gmt":"2024-01-02T08:10:59","guid":{"rendered":"https:\/\/ucm.one\/?post_type=product&#038;p=100866"},"modified":"2025-04-16T22:01:23","modified_gmt":"2025-04-16T22:01:23","slug":"das-todeshaus-am-fluss-neue-hd-abtastung","status":"publish","type":"product","link":"https:\/\/ucm.one\/de\/produkt\/das-todeshaus-am-fluss-neue-hd-abtastung\/","title":{"rendered":"Das Todeshaus am Fluss (Neue HD-Abtastung)"},"content":{"rendered":"<div class=\"wpb_text_column wpb_content_element \">\n<div class=\"wpb_wrapper\">\n<div class=\"\">\n<div class=\"wpb_text_column wpb_content_element \">\n<div class=\"wpb_wrapper\">\n<p style=\"font-weight: 400;\">Der erfolglose Schriftsteller Stephen Byrne (<strong>Louis Hayward<\/strong>) lebt zusammen mit seiner Ehefrau Marjorie (<strong>Jane Wyatt<\/strong>) und seiner neuen Haush\u00e4lterin Emily Gaunt (<strong>Dorothy Patrick<\/strong>) in einer Villa am Ufer eines Flusses. Als er eines Nachmittags im Garten seines Hauses an einem neuen Manuskript arbeitet, erh\u00e4lt er per Post die Absage f\u00fcr sein letztes Werk. Entt\u00e4uscht durch diesen erneuten Misserfolg g\u00f6nnt er sich zwei Gl\u00e4ser Whiskey. Seine Frau ist an diesem Tag in der Stadt und weil die Dusche der Haush\u00e4lterin defekt ist, erlaubt Stephen ihr, abends die Dusche im oberen Stock zu benutzen. Berauscht vom Alkohol und aufgereizt durch den Duft ihres Parfums, stellt er Emily nach und wird zudringlich. Als diese bei seinem Ann\u00e4herungsversuch laut zu schreien beginnt, umklammert er Emilys Hals und ersucht sie, doch endlich Ruhe zu geben &#8211; bis Emily pl\u00f6tzlich schweigt und sich nicht mehr r\u00fchrt&#8230;<\/p>\n<p>Regisseur <strong>Fritz Lang<\/strong> pr\u00e4gte die Filmgeschichte mit, indem er &#8211; vor allem in der \u00c4ra des sp\u00e4ten Stummfilms und des fr\u00fchen Tonfilms &#8211; neue \u00e4sthetische und technische Ma\u00dfst\u00e4be setzte. Die legend\u00e4ren Klassiker \u201e<strong>Metropolis<\/strong>\u201c (1927) und \u201e<strong>M<\/strong>\u201c (1931) geh\u00f6ren heute noch zu den Meilensteinen der deutschen und internationalen Filmgeschichte.<\/p>\n<p>Das Blu-ray-Master wurde auf Basis der komplett neuen HD-Abtastung erstellt.<\/p>\n<p>Im Shop ebenfalls erh\u00e4ltlich ist die \u00e4ltere Ver\u00f6ffentlichung aus 2019: <a title=\"\" href=\"\/de\/produkt\/das-todeshaus-am-fluss\/\">Das Todestags am Fluss<\/a><\/p>\n<\/div>\n<\/div>\n<\/div>\n<\/div>\n<\/div>\n<div><div class=\"gap\" style=\"line-height: 20px; height: 20px;\"><\/div><\/div>\n<h5>Weitere Informationen<\/h5>\n<div>\n<div>\n<table style=\"height: 46px; width: 100%; border-collapse: collapse; border-color: #ffffff; background-color: #ffffff; border-style: hidden;\">\n<tbody>\n<tr style=\"height: 23px; border-style: hidden; border-color: #ffffff; background-color: #ffffff;\">\n<td style=\"width: 4.701195219123506%; height: 23px; border-style: hidden;\">Film:<\/td>\n<td style=\"width: 95.29880478087651%; height: 23px; border-style: hidden;\"><a href=\"https:\/\/ucm.one\/de\/das-todeshaus-am-fluss\/\">Das Todeshaus am Fluss<\/a><\/td>\n<\/tr>\n<tr style=\"height: 23px;\">\n<td style=\"width: 4.701195219123506%; height: 23px; border-style: hidden;\">Label:<\/td>\n<td style=\"width: 95.29880478087651%; height: 23px; border-style: hidden;\"><a title=\"\u00c9dition ParaSol Videoth\u00e8que\" href=\"https:\/\/ucm.one\/de\/film-labels\/artkeim\/#edition-film-noir\">\u00c9dition Film Noir<\/a> \/ <a title=\"B-Spree Classics\" href=\"https:\/\/ucm.one\/de\/film-labels\/artkeim\/\">Artkeim\u00b2<\/a><\/td>\n<\/tr>\n<\/tbody>\n<\/table>\n<\/div>\n<div><\/div>\n<\/div>\n<div>\n<div><div class=\"gap\" style=\"line-height: 10px; height: 10px;\"><\/div><\/div>\n<div>\u2117 1950 <strong>Fidelity Pictures Corporation<\/strong>, \u00a9 2024 <strong>\u00c9dition Film Noir<\/strong>\u00a0\/ <strong>Artkeim\u00b2<\/strong> \/\u00a0<span style=\"font-family: 'arial black', sans-serif;\"><strong>UCM.ONE<\/strong><\/span><\/div>\n<div><div class=\"gap\" style=\"line-height: 20px; height: 20px;\"><\/div><\/div>\n<div>\n<div><\/div>\n<div>\n<div><div class=\"gap\" style=\"line-height: 10px; height: 10px;\"><\/div><\/div>\n<div><span style=\"color: #003a80;\"><strong>\u27a0 <a style=\"color: #003a80;\" href=\"https:\/\/ucm.one\/de\/produkt-kategorie\/art-de\/filme-de\/\">zum Shop<\/a><\/strong><\/span><\/div>\n<div><div class=\"gap\" style=\"line-height: 20px; height: 20px;\"><\/div><\/div>\n<\/div>\n<\/div>\n<\/div>\n","protected":false},"excerpt":{"rendered":"<p>Regie: <a href=\"https:\/\/ucm.one\/de\/?s=%22Fritz+Lang%22&amp;post_type=product\"><strong>Fritz Lang<\/strong><\/a><\/p>\n<p>Label:<a href=\"https:\/\/ucm.one\/de\/produkt-kategorie\/label-film-de\/artkeim-de\/edition-film-noir-de\/\">\u00a0<strong>\u00c9dition Film Noir<\/strong><\/a> <strong>\/ <a href=\"https:\/\/ucm.one\/de\/produkt-kategorie\/label-film-de\/artkeim-de\/\">Artkeim\u00b2<\/a><\/strong><\/p>\n<p>Art:\u00a0<strong><a href=\"https:\/\/ucm.one\/de\/produkt-kategorie\/art-de\/filme-de\/\">Film<\/a> (<a title=\"\" href=\"https:\/\/ucm.one\/de\/produkt-kategorie\/genre-film-de\/klassiker-de\/\">Klassiker<\/a>)<\/strong><\/p>\n<p>Genres: <strong><a title=\"\" href=\"https:\/\/ucm.one\/de\/produkt-kategorie\/genre-film-de\/film-noir\/\">Film Noir<\/a>, <a href=\"https:\/\/ucm.one\/de\/produkt-kategorie\/genre-film-de\/krimi-de\/\">Krimi,<\/a> <a title=\"\" href=\"https:\/\/ucm.one\/de\/produkt-kategorie\/genre-film-de\/drama-de\/\">Drama<\/a><\/strong><br \/>\n<b><\/b><\/p>\n<p>Jahr: <strong>2024<\/strong><\/p>\n<p>FSK: <strong>12<\/strong><\/p>\n<p>Format: <strong>Diverse<\/strong><\/p>\n","protected":false},"featured_media":100867,"comment_status":"open","ping_status":"closed","template":"","meta":{"_acf_changed":false},"product_brand":[],"product_cat":[12093,10331,10332,10333,10334,10335,10336,10338,9708,10345],"product_tag":[14100,14085,14101,14091,14102,14092,14093,14094,14095,14096,14097,14098,12080,14099],"class_list":{"0":"post-100866","1":"product","2":"type-product","3":"status-publish","4":"has-post-thumbnail","6":"product_cat-klassiker-de","7":"product_cat-dvd-de","8":"product_cat-blu-ray-de","9":"product_cat-mediabooks-de","10":"product_cat-drama-de","11":"product_cat-krimi-de","12":"product_cat-film-noir","13":"product_cat-artkeim-de","14":"product_cat-filme-de","15":"product_cat-edition-film-noir-de","16":"product_tag-peter-brocco","17":"product_tag-film-noir-edition","18":"product_tag-schweigegeld-fuer-liebesbriefe","19":"product_tag-das-todeshaus-am-fluss","20":"product_tag-geheimnis-hinter-der-tuer","21":"product_tag-house-by-the-river","22":"product_tag-fritz-lang","23":"product_tag-louis-hayward","24":"product_tag-lee-bowman","25":"product_tag-jane-wyatt","26":"product_tag-dorothy-patrick","27":"product_tag-ann-shoemaker","28":"product_tag-artkeim","29":"product_tag-jody-gilbert","30":"product_shipping_class-bd-2","31":"pa_format-blu-ray-de","32":"pa_format-mediabook-blu-ray-dvd","33":"description-off","35":"first","36":"instock","37":"sale","38":"taxable","39":"shipping-taxable","40":"purchasable","41":"product-type-variable"},"acf":[],"yoast_head":"<!-- This site is optimized with the Yoast SEO plugin v27.2 - https:\/\/yoast.com\/product\/yoast-seo-wordpress\/ -->\n<title>Das Todeshaus am Fluss (Neue HD-Abtastung)<\/title>\n<meta name=\"description\" content=\"Shop | Das Todeshaus am Fluss | 2024 | \u00c9dition Film Noir \/ Artkeim\u00b2 | Mediabook (Blu-Ray &amp; DVD) | FSK 12\" \/>\n<meta name=\"robots\" content=\"index, follow, max-snippet:-1, max-image-preview:large, max-video-preview:-1\" \/>\n<link rel=\"canonical\" href=\"https:\/\/ucm.one\/de\/produkt\/das-todeshaus-am-fluss-neue-hd-abtastung\/\" \/>\n<meta property=\"og:locale\" content=\"de_DE\" \/>\n<meta property=\"og:type\" content=\"article\" \/>\n<meta property=\"og:title\" content=\"Das Todeshaus am Fluss\" \/>\n<meta property=\"og:description\" content=\"Shop | Das Todeshaus am Fluss | 2024 | \u00c9dition Film Noir \/ Artkeim\u00b2 | Mediabook (Blu-Ray &amp; DVD) | FSK 12\" \/>\n<meta property=\"og:url\" content=\"https:\/\/ucm.one\/de\/produkt\/das-todeshaus-am-fluss-neue-hd-abtastung\/\" \/>\n<meta property=\"og:site_name\" content=\"UCM.ONE\" \/>\n<meta property=\"article:modified_time\" content=\"2025-04-16T22:01:23+00:00\" \/>\n<meta property=\"og:image\" content=\"https:\/\/ucm.one\/wp-content\/uploads\/2024\/01\/C-Das-Todeshaus-am-Fluss-MB-2D-HD.jpg\" \/>\n<meta name=\"twitter:card\" content=\"summary_large_image\" \/>\n<meta name=\"twitter:title\" content=\"Das Todeshaus am Fluss\" \/>\n<meta name=\"twitter:description\" content=\"Shop | Das Todeshaus am Fluss | 2024 | \u00c9dition Film Noir \/ Artkeim\u00b2 | Mediabook (Blu-Ray &amp; DVD) | FSK 12\" \/>\n<meta name=\"twitter:image\" content=\"https:\/\/ucm.one\/wp-content\/uploads\/2024\/01\/C-Das-Todeshaus-am-Fluss-MB-2D-HD.jpg\" \/>\n<meta name=\"twitter:label1\" content=\"Gesch\u00e4tzte Lesezeit\" \/>\n\t<meta name=\"twitter:data1\" content=\"1\u00a0Minute\" \/>\n<!-- \/ Yoast SEO plugin. -->","yoast_head_json":{"title":"Das Todeshaus am Fluss (Neue HD-Abtastung)","description":"Shop | Das Todeshaus am Fluss | 2024 | \u00c9dition Film Noir \/ Artkeim\u00b2 | Mediabook (Blu-Ray & DVD) | FSK 12","robots":{"index":"index","follow":"follow","max-snippet":"max-snippet:-1","max-image-preview":"max-image-preview:large","max-video-preview":"max-video-preview:-1"},"canonical":"https:\/\/ucm.one\/de\/produkt\/das-todeshaus-am-fluss-neue-hd-abtastung\/","og_locale":"de_DE","og_type":"article","og_title":"Das Todeshaus am Fluss","og_description":"Shop | Das Todeshaus am Fluss | 2024 | \u00c9dition Film Noir \/ Artkeim\u00b2 | Mediabook (Blu-Ray & DVD) | FSK 12","og_url":"https:\/\/ucm.one\/de\/produkt\/das-todeshaus-am-fluss-neue-hd-abtastung\/","og_site_name":"UCM.ONE","article_modified_time":"2025-04-16T22:01:23+00:00","og_image":[{"url":"https:\/\/ucm.one\/wp-content\/uploads\/2024\/01\/C-Das-Todeshaus-am-Fluss-MB-2D-HD.jpg","type":"","width":"","height":""}],"twitter_card":"summary_large_image","twitter_title":"Das Todeshaus am Fluss","twitter_description":"Shop | Das Todeshaus am Fluss | 2024 | \u00c9dition Film Noir \/ Artkeim\u00b2 | Mediabook (Blu-Ray & DVD) | FSK 12","twitter_image":"https:\/\/ucm.one\/wp-content\/uploads\/2024\/01\/C-Das-Todeshaus-am-Fluss-MB-2D-HD.jpg","twitter_misc":{"Gesch\u00e4tzte Lesezeit":"1\u00a0Minute"},"schema":{"@context":"https:\/\/schema.org","@graph":[{"@type":"WebPage","@id":"https:\/\/ucm.one\/de\/produkt\/das-todeshaus-am-fluss-neue-hd-abtastung\/","url":"https:\/\/ucm.one\/de\/produkt\/das-todeshaus-am-fluss-neue-hd-abtastung\/","name":"Das Todeshaus am Fluss (Neue HD-Abtastung)","isPartOf":{"@id":"https:\/\/ucm.one\/de\/#website"},"primaryImageOfPage":{"@id":"https:\/\/ucm.one\/de\/produkt\/das-todeshaus-am-fluss-neue-hd-abtastung\/#primaryimage"},"image":{"@id":"https:\/\/ucm.one\/de\/produkt\/das-todeshaus-am-fluss-neue-hd-abtastung\/#primaryimage"},"thumbnailUrl":"https:\/\/ucm.one\/wp-content\/uploads\/2024\/01\/C-Das-Todeshaus-am-Fluss-MB-2D-HDFSK.jpg","datePublished":"2024-01-02T08:10:59+00:00","dateModified":"2025-04-16T22:01:23+00:00","description":"Shop | Das Todeshaus am Fluss | 2024 | \u00c9dition Film Noir \/ Artkeim\u00b2 | Mediabook (Blu-Ray & DVD) | FSK 12","breadcrumb":{"@id":"https:\/\/ucm.one\/de\/produkt\/das-todeshaus-am-fluss-neue-hd-abtastung\/#breadcrumb"},"inLanguage":"de","potentialAction":[{"@type":"ReadAction","target":["https:\/\/ucm.one\/de\/produkt\/das-todeshaus-am-fluss-neue-hd-abtastung\/"]}]},{"@type":"ImageObject","inLanguage":"de","@id":"https:\/\/ucm.one\/de\/produkt\/das-todeshaus-am-fluss-neue-hd-abtastung\/#primaryimage","url":"https:\/\/ucm.one\/wp-content\/uploads\/2024\/01\/C-Das-Todeshaus-am-Fluss-MB-2D-HDFSK.jpg","contentUrl":"https:\/\/ucm.one\/wp-content\/uploads\/2024\/01\/C-Das-Todeshaus-am-Fluss-MB-2D-HDFSK.jpg","width":699,"height":998},{"@type":"BreadcrumbList","@id":"https:\/\/ucm.one\/de\/produkt\/das-todeshaus-am-fluss-neue-hd-abtastung\/#breadcrumb","itemListElement":[{"@type":"ListItem","position":1,"name":"Home","item":"https:\/\/ucm.one\/de\/"},{"@type":"ListItem","position":2,"name":"Shop","item":"https:\/\/ucm.one\/de\/shop\/"},{"@type":"ListItem","position":3,"name":"Das Todeshaus am Fluss (Neue HD-Abtastung)"}]},{"@type":"WebSite","@id":"https:\/\/ucm.one\/de\/#website","url":"https:\/\/ucm.one\/de\/","name":"UCM.ONE","description":"","publisher":{"@id":"https:\/\/ucm.one\/de\/#organization"},"potentialAction":[{"@type":"SearchAction","target":{"@type":"EntryPoint","urlTemplate":"https:\/\/ucm.one\/de\/?s={search_term_string}"},"query-input":{"@type":"PropertyValueSpecification","valueRequired":true,"valueName":"search_term_string"}}],"inLanguage":"de"},{"@type":"Organization","@id":"https:\/\/ucm.one\/de\/#organization","name":"UCM.ONE","url":"https:\/\/ucm.one\/de\/","logo":{"@type":"ImageObject","inLanguage":"de","@id":"https:\/\/ucm.one\/de\/#\/schema\/logo\/image\/","url":"https:\/\/ucm.one\/wp-content\/uploads\/2019\/10\/UCM.ONE-Logo-RGB.svg","contentUrl":"https:\/\/ucm.one\/wp-content\/uploads\/2019\/10\/UCM.ONE-Logo-RGB.svg","width":1,"height":1,"caption":"UCM.ONE"},"image":{"@id":"https:\/\/ucm.one\/de\/#\/schema\/logo\/image\/"}}]}},"_links":{"self":[{"href":"https:\/\/ucm.one\/de\/wp-json\/wp\/v2\/product\/100866","targetHints":{"allow":["GET"]}}],"collection":[{"href":"https:\/\/ucm.one\/de\/wp-json\/wp\/v2\/product"}],"about":[{"href":"https:\/\/ucm.one\/de\/wp-json\/wp\/v2\/types\/product"}],"replies":[{"embeddable":true,"href":"https:\/\/ucm.one\/de\/wp-json\/wp\/v2\/comments?post=100866"}],"wp:featuredmedia":[{"embeddable":true,"href":"https:\/\/ucm.one\/de\/wp-json\/wp\/v2\/media\/100867"}],"wp:attachment":[{"href":"https:\/\/ucm.one\/de\/wp-json\/wp\/v2\/media?parent=100866"}],"wp:term":[{"taxonomy":"product_brand","embeddable":true,"href":"https:\/\/ucm.one\/de\/wp-json\/wp\/v2\/product_brand?post=100866"},{"taxonomy":"product_cat","embeddable":true,"href":"https:\/\/ucm.one\/de\/wp-json\/wp\/v2\/product_cat?post=100866"},{"taxonomy":"product_tag","embeddable":true,"href":"https:\/\/ucm.one\/de\/wp-json\/wp\/v2\/product_tag?post=100866"}],"curies":[{"name":"wp","href":"https:\/\/api.w.org\/{rel}","templated":true}]}}