{"id":42,"date":"2018-02-07T09:28:03","date_gmt":"2018-02-07T09:28:03","guid":{"rendered":"https:\/\/ucm.one\/?page_id=42"},"modified":"2023-04-02T17:04:53","modified_gmt":"2023-04-02T17:04:53","slug":"special-marketing","status":"publish","type":"page","link":"https:\/\/ucm.one\/de\/rechtemanagement\/special-marketing\/","title":{"rendered":"Special Marketing"},"content":{"rendered":"<div class=\"wpb-content-wrapper\"><p>[vc_row][vc_column][vc_column_text]<\/p>\n<h1>Special Marketing<\/h1>\n<p>[\/vc_column_text][vc_column_text]Die Kombination eines Produkts mit emotionalen audiovisuellen Elementen ist das perfekte Marketinginstrument, das dazu beitr\u00e4gt, einen Kaufanreiz und eine bessere Produkt- oder Corporate-Design-Identit\u00e4t zu schaffen. Zum Beispiel die Verbindung eines Getr\u00e4nks mit einer Dance-Musik-CD oder einem Restaurant mit einer Entspannungs-CD. Wir k\u00f6nnen Ihnen helfen, bestimmte Emotionen in Form von Musik und \/ oder Filmproduktionen zu \u00fcbertragen. Spezielle Marketing-Produkte k\u00f6nnen auch Giveaways auf Messen oder anderen Veranstaltungen sein, ein Buch mit einer thematisch passenden CD oder nur eine spezielle Verpackung oder Sonder-Editionen mit Bonusmaterialien bestehender Produkte. Wir k\u00f6nnen Ihnen auch ein spezielles &#8222;Sounddesign&#8220; oder ein &#8222;Audio-Logo&#8220; f\u00fcr eine Marke oder ein Produkt anbieten.<\/p>\n<p>Mit langj\u00e4hriger Erfahrung in den Bereichen Marketing, Produktplatzierung und Ver\u00f6ffentlichung sowie von Vertrieb kann das Team von <span style=\"font-family: 'arial black', sans-serif;\"><strong>UCM.ONE<\/strong><\/span> Ihnen helfen, das perfekte Produkt f\u00fcr Ihre Marke oder Ihr Unternehmen zu finden. Unser Service ist einzigartig, weil es alles in einem ist und Sie keine anderen Leute oder Firmen einstellen m\u00fcssen. Wir k\u00f6nnen mit einem einfachen Vorgespr\u00e4ch Ihre W\u00fcnsche und Vorstellungen feststellen. Im n\u00e4chsten Schritt wird unser Team Ihnen einige Konzepte vorschlagen. Sobald ein Konzept verabschiedet wurde, beginnt unser internes Produktmanagement mit der Produktion, k\u00fcmmert sich um die Lizenzierung (Musik und Bilder), Verlagsrechte (GEMA, PPL, SENA etc.), Grafikdesign und der Herstellung und liefert das fertige Produkt Produkt am vereinbarten Datum an.<\/p>\n<h4><\/h4>\n<p>[\/vc_column_text][vc_column_text]<\/p>\n<h4 class=\"p1\">Einige Beispiele von Produkten, die wir realisiert haben:<\/h4>\n<p>[\/vc_column_text][vc_column_text]<\/p>\n<h2>MTV presents Beck\u2019s Gold Tour<\/h2>\n<p>Sowohl der Musiksender MTV als auch die Beck&#8217;s-Brauerei stehen bei mehreren deutschen Festivals immer vorne, wenn es um TV-Berichterstattung oder die Versorgung der &#8222;k\u00fchle Blondine&#8220; geht. Seit Jahren arbeiten die beiden Unternehmen zusammen, so zum Beispiel bei der j\u00e4hrlichen MTV Campus Invasion. Im Fr\u00fchjahr 2008 tourte Beck&#8217;s Gold Tour durch die Clubs von Nordrhein-Westfalen mit den DJs Fedde le Grand, Westbam, Lexy &amp; K-Paul und DJ J\u00e9rome Noak auf den Decks. Zum Auftakt der &#8222;MTV pr\u00e4sentiert Becks Gold Tour&#8220; luden die Veranstalter nach Krefeld ein. Aber nicht nur die DJs standen am Abend im Mittelpunkt des Geschehens. Auch die Video- und Performancekunst auf der &#8222;Beck&#8217;s Gold Tour&#8220; spielte eine wichtige Rolle: Vier Visual Jockeys (VJs) k\u00e4mpften in einem VJ-Kampf gegeneinander. Das Label Luxury House (<span style=\"font-family: 'arial black', sans-serif;\">UCM.ONE<\/span>) produzierte die CD &#8222;MTV pr\u00e4sentiert Beck Gold Tour&#8220;, gemischt von den bekannten K\u00fcnstlern Jerome Noak und Marcus Schmahl inkl. Titel von Soda Inc., Freddy Le Grand, J\u00e9r\u00f4me &amp; Marcus Schmahl, Public Enemy, Lexy &amp; K-Paul feat. das Bo, Axwell, Moguai, Tocadisco feat. Chelonis R. Jones und Jay Frog. Als Bonustrack wurde der Beck&#8217;s Song &#8222;Sail Away&#8220; in der neuen &#8222;Mix March17 Congas Version&#8220; hinzugef\u00fcgt. Die CDs wurden an allen Orten von der &#8222;MTV pr\u00e4sentiert Beck&#8217;s Gold Tour&#8220; an die &#8222;Party Crowds&#8220; verschenkt.[\/vc_column_text][vc_column_text]<img decoding=\"async\" class=\"alignnone size-full wp-image-42214\" src=\"https:\/\/ucm.one\/wp-content\/uploads\/2020\/06\/ucm-becks-gold-tour-2.jpg\" alt=\"\" width=\"1920\" height=\"682\" srcset=\"https:\/\/ucm.one\/wp-content\/uploads\/2020\/06\/ucm-becks-gold-tour-2.jpg 1920w, https:\/\/ucm.one\/wp-content\/uploads\/2020\/06\/ucm-becks-gold-tour-2-300x107.jpg 300w, https:\/\/ucm.one\/wp-content\/uploads\/2020\/06\/ucm-becks-gold-tour-2-600x213.jpg 600w, https:\/\/ucm.one\/wp-content\/uploads\/2020\/06\/ucm-becks-gold-tour-2-1024x364.jpg 1024w, https:\/\/ucm.one\/wp-content\/uploads\/2020\/06\/ucm-becks-gold-tour-2-768x273.jpg 768w, https:\/\/ucm.one\/wp-content\/uploads\/2020\/06\/ucm-becks-gold-tour-2-1536x546.jpg 1536w\" sizes=\"(max-width: 1920px) 100vw, 1920px\" \/><br \/>\nWeitere Informationen \u00fcber \u00a0\u201cBeck\u2019s\u201d und das Bier \u201cBeck\u2019s Gold\u201d: <a title=\"www.becks.de\" href=\"http:\/\/www.becks.de\/\" target=\"_blank\" rel=\"noopener noreferrer\">www.becks.de<\/a>[\/vc_column_text][vc_column_text]<\/p>\n<h2>Luxury [Lounge] Dinner France<\/h2>\n<p>Luxury [Lounge] Dinner France war ein Projekt des bekannten Restaurants &#8222;das Alte Haus&#8220; in Braunschweig (Deutschland) in Zusammenarbeit mit unserem Label &#8222;Luxury House&#8220;. Das Luxury [Lounge] Dinner France CD serviert exotische Finesse und pure Sinnlichkeit: In einer praktischen Box vereint es ein schmackhaftes Drei-G\u00e4nge-Men\u00fc mit Sounds, die Appetit auf mehr machen &#8211; im Nonstop-Mix von Berkstr\u00f8m und Acoustique Parfum inkl. Tracks von K\u00fcnstlern wie Lemongrass, Robert Manos, Naomi,. Beim Luxury Lounge Dinner France konzentrieren sich die K\u00fcnstler auf zeitlose und elegante St\u00fccke. Es verwandelt Ihr Candle-Light-Dinner in eine Symphonie, die ein sanftes Vorspiel zelebriert, gleitet &#8211; begleitet von reichen Kl\u00e4ngen und Leckereien &#8211; in das s\u00fc\u00dfeste Finale. Das Rezept wird nat\u00fcrlich von &#8222;les ma\u00eetres de cuisine&#8220; an ihren Plattentellern arrangiert: Auf Deutsch, Franz\u00f6sisch und Englisch hat der beliebte Meisterkoch des DJ-Teams, Enrico Dunkel, seine Komposition hinzugef\u00fcgt, um es selbst zu kochen. Mit den komfortablen Rezeptkarten der Box gelingt das \u00dcberraschungsmen\u00fc im Handumdrehen und verhilft auch Amateuren zu einer magischen Arbeit. Deshalb geh\u00f6rt die Lunchbox optisch, geschmacklich und musikalisch zum Repertoire echter Bonvivants. Au\u00dferdem siehst du die Leidenschaft, die die K\u00fcnstler f\u00fcr dieses Album haben: Chillout-Sounds und franz\u00f6sische Masterk\u00fcche verschmelzen zu der wohl sch\u00f6nsten Komposition des neuen Jahres.[\/vc_column_text][vc_column_text]<img decoding=\"async\" class=\"alignnone size-full wp-image-14217\" src=\"https:\/\/ucm.one\/wp-content\/uploads\/2018\/05\/ucm-luxury-dinner3.jpg\" alt=\"\" width=\"1920\" height=\"682\" srcset=\"https:\/\/ucm.one\/wp-content\/uploads\/2018\/05\/ucm-luxury-dinner3.jpg 1920w, https:\/\/ucm.one\/wp-content\/uploads\/2018\/05\/ucm-luxury-dinner3-300x107.jpg 300w, https:\/\/ucm.one\/wp-content\/uploads\/2018\/05\/ucm-luxury-dinner3-600x213.jpg 600w, https:\/\/ucm.one\/wp-content\/uploads\/2018\/05\/ucm-luxury-dinner3-768x273.jpg 768w, https:\/\/ucm.one\/wp-content\/uploads\/2018\/05\/ucm-luxury-dinner3-1024x364.jpg 1024w\" sizes=\"(max-width: 1920px) 100vw, 1920px\" \/><br \/>\nWeitere Informationen \u00fcber \u201cdas Alte Haus\u201d: <a title=\"www.altehaus.de\" href=\"http:\/\/www.altehaus.de\/\" target=\"_blank\" rel=\"noopener noreferrer\">www.altehaus.de<\/a>[\/vc_column_text][\/vc_column][\/vc_row][vc_row][vc_column][vc_column_text]<\/p>\n<h4><\/h4>\n<h2>\u00a0Atzar\u00f3 Soundscapes<\/h2>\n<p>Inmitten eines eigenen Orangenhains gelegen, finden Sie das Atzar\u00f3 auf der magischen Insel Ibiza (Spanien), eine jahrhundertealte Familienfinca, die restauriert und in luxuri\u00f6se Unterk\u00fcnfte umgewandelt wurde. Eine Chill-out-Zone mit Live-DJs, Sushi und Cocktailbars, Kunstlounges, die neue Fashion Lounge und ein privater Partyraum mit Champagner Bar sowie ein gl\u00fcckseliger Spa mit einzigartigem 43-Meter-Sportbecken und Behandlungsr\u00e4umen sind nur einige davon K\u00f6stlichkeiten, die Atzar\u00f3 zu bieten hat. Entdecken Sie eine Oase der Ruhe &#8230; wo sich die D\u00fcfte von Orangenbl\u00fcten, Rosmarin und Lavendel vermischen und Ihre Sinne verw\u00f6hnen. Entspannen Sie sich in einer Oase der Ruhe &#8230; mit einer wundervollen Mischung aus ibizenkischen, asiatischen und afrikanischen Einfl\u00fcssen. In seinen eigenen Landschaftsg\u00e4rten mit einer F\u00fclle von Wasserfont\u00e4nen und Blumen. Private Chill-Out-Ecken zum Entspannen und Verj\u00fcngen bieten den idealen Ort, um die atemberaubende Umgebung zu genie\u00dfen. Der Ibiza-basierte DJ, Produzent und Resident im Atz\u00e1ro Club Ibiza, Ohm-G, hat auch die Doppel-Compilation von Atzar\u00f3 &#8211; Soundscapes Vol. 3. Ohm-G, auch unter seinem Pseudonym Gutbrod bekannt, ver\u00f6ffentlichte viele Alben wie &#8222;Future Ballads&#8220;, &#8222;Pop Art&#8220;, &#8222;Moments&#8220; und zwischen all den anderen gro\u00dfartigen Musikern, die auf diesem Doppelalbum zusammengefasst sind wie Chris Zippel, Alphawezen , Jean F. Cochois, Moorama, Nima Gorji, Terry Lee Brown Junior, Gorge oder Roberto Rodriguez. Sie k\u00f6nnen auch einige der neuesten Werke von Ohm-G unter dieser absolut hochwertigen K\u00fcnstlerliste finden. Lehnen Sie sich also zur\u00fcck und h\u00f6ren Sie sich diese sehr warme Sammlung von Lounge-Tracks im Sommer an. Dieses Projekt wurde in Zusammenarbeit mit Eivissabeat (<span style=\"font-family: 'arial black', sans-serif;\">UCM.ONE<\/span>) und dem Atzar\u00f3 Management realisiert.[\/vc_column_text][vc_column_text]<\/p>\n<h4><\/h4>\n<p><img decoding=\"async\" class=\"alignnone size-full wp-image-14216\" src=\"https:\/\/ucm.one\/wp-content\/uploads\/2018\/05\/ucm-atzaro-ibiza2.jpg\" alt=\"\" width=\"1920\" height=\"681\" srcset=\"https:\/\/ucm.one\/wp-content\/uploads\/2018\/05\/ucm-atzaro-ibiza2.jpg 1920w, https:\/\/ucm.one\/wp-content\/uploads\/2018\/05\/ucm-atzaro-ibiza2-300x106.jpg 300w, https:\/\/ucm.one\/wp-content\/uploads\/2018\/05\/ucm-atzaro-ibiza2-600x213.jpg 600w, https:\/\/ucm.one\/wp-content\/uploads\/2018\/05\/ucm-atzaro-ibiza2-768x272.jpg 768w, https:\/\/ucm.one\/wp-content\/uploads\/2018\/05\/ucm-atzaro-ibiza2-1024x363.jpg 1024w\" sizes=\"(max-width: 1920px) 100vw, 1920px\" \/><br \/>\nWeitere Bilder und Informationen \u00fcber \u201cAtzar\u00f3\u201d: <a title=\"www.atzaro.com\" href=\"http:\/\/www.atzaro.com\/\" target=\"_blank\" rel=\"noopener noreferrer\">www.atzaro.com<\/a>[\/vc_column_text][vc_column_text]<\/p>\n<p>Bei Interesse, mit uns ein spannendes Projekt zu realisieren, bitte einfach kontaktieren.[\/vc_column_text][vc_separator color=&#8220;blue&#8220;][\/vc_column][\/vc_row][vc_row css=&#8220;.vc_custom_1518458873891{margin-top: 65px !important;}&#8220;][vc_column width=&#8220;1\/4&#8243;][vc_btn title=&#8220;\u00dcbersicht&#8220; style=&#8220;flat&#8220; size=&#8220;lg&#8220; align=&#8220;center&#8220; i_icon_fontawesome=&#8220;fas fa-home&#8220; button_block=&#8220;true&#8220; add_icon=&#8220;true&#8220; link=&#8220;url:https%3A%2F%2Fucm.one%2Fde|title:%C3%9Cbersicht&#8220;][\/vc_column][vc_column width=&#8220;1\/4&#8243;][vc_btn title=&#8220;Musik&#8220; style=&#8220;flat&#8220; size=&#8220;lg&#8220; align=&#8220;center&#8220; i_icon_fontawesome=&#8220;fas fa-music&#8220; button_block=&#8220;true&#8220; add_icon=&#8220;true&#8220; link=&#8220;url:https%3A%2F%2Fucm.one%2Fde%2Fmusik-labels%2F|title:Musik&#8220;][\/vc_column][vc_column width=&#8220;1\/4&#8243;][vc_btn title=&#8220;Xing&#8220; style=&#8220;flat&#8220; color=&#8220;blue&#8220; size=&#8220;lg&#8220; align=&#8220;center&#8220; i_type=&#8220;monosocial&#8220; i_icon_monosocial=&#8220;vc-mono vc-mono-xing&#8220; button_block=&#8220;true&#8220; add_icon=&#8220;true&#8220; link=&#8220;url:https%3A%2F%2Fwww.xing.com%2Fcompanies%2Fucm.onegmbh|title:Xing|target:%20_blank|&#8220;][\/vc_column][vc_column width=&#8220;1\/4&#8243;][vc_btn title=&#8220;LinkedIn&#8220; style=&#8220;flat&#8220; color=&#8220;blue&#8220; size=&#8220;lg&#8220; align=&#8220;center&#8220; i_type=&#8220;monosocial&#8220; i_icon_monosocial=&#8220;vc-mono vc-mono-linkedin&#8220; button_block=&#8220;true&#8220; add_icon=&#8220;true&#8220; link=&#8220;url:https%3A%2F%2Fwww.linkedin.com%2Fcompany%2Fucm-one%2F|title:LinkedIn|target:%20_blank|&#8220;][\/vc_column][\/vc_row][vc_row content_placement=&#8220;middle&#8220; bg_type=&#8220;grad&#8220; ult_hide_row=&#8220;ult_hide_row_value&#8220; ult_hide_row_large_screen=&#8220;large_screen&#8220; ult_hide_row_desktop=&#8220;desktop&#8220; css=&#8220;.vc_custom_1518701755537{margin-top: 0px !important;padding-top: -50px !important;}&#8220; bg_grad=&#8220;background: -webkit-gradient(linear, left top, left bottom, color-stop(0%, #E3E3E3), color-stop(0%, #FFFFFF), color-stop(6%, #FFFFFF), color-stop(7%, #FFFFFF), color-stop(50%, #FFFFFF));background: -moz-linear-gradient(top,#E3E3E3 0%,#FFFFFF 0%,#FFFFFF 6%,#FFFFFF 7%,#FFFFFF 50%);background: -webkit-linear-gradient(top,#E3E3E3 0%,#FFFFFF 0%,#FFFFFF 6%,#FFFFFF 7%,#FFFFFF 50%);background: -o-linear-gradient(top,#E3E3E3 0%,#FFFFFF 0%,#FFFFFF 6%,#FFFFFF 7%,#FFFFFF 50%);background: -ms-linear-gradient(top,#E3E3E3 0%,#FFFFFF 0%,#FFFFFF 6%,#FFFFFF 7%,#FFFFFF 50%);background: linear-gradient(top,#E3E3E3 0%,#FFFFFF 0%,#FFFFFF 6%,#FFFFFF 7%,#FFFFFF 50%);&#8220;][vc_column][vc_btn title=&#8220;Kontakt&#8220; style=&#8220;flat&#8220; color=&#8220;juicy-pink&#8220; size=&#8220;lg&#8220; align=&#8220;center&#8220; i_icon_fontawesome=&#8220;far fa-envelope&#8220; button_block=&#8220;true&#8220; add_icon=&#8220;true&#8220; link=&#8220;url:https%3A%2F%2Fucm.one%2Fde%2Ffirma%2Fkontakt%2F|title:Kontakt&#8220;][\/vc_column][\/vc_row]<\/p>\n<\/div>","protected":false},"excerpt":{"rendered":"<p>[vc_row][vc_column][vc_column_text] Special Marketing [\/vc_column_text][vc_column_text]Die Kombination eines Produkts mit emotionalen audiovisuellen Elementen ist das perfekte Marketinginstrument, das dazu beitr\u00e4gt, einen Kaufanreiz und eine bessere Produkt- oder Corporate-Design-Identit\u00e4t zu schaffen. Zum Beispiel die Verbindung eines Getr\u00e4nks mit einer Dance-Musik-CD oder einem Restaurant mit einer Entspannungs-CD. Wir k\u00f6nnen Ihnen helfen, bestimmte Emotionen in Form von Musik und \/&hellip;<\/p>\n","protected":false},"author":1,"featured_media":0,"parent":32,"menu_order":4,"comment_status":"closed","ping_status":"closed","template":"","meta":{"_acf_changed":false,"footnotes":""},"class_list":["post-42","page","type-page","status-publish","hentry","description-off"],"acf":[],"yoast_head":"<!-- This site is optimized with the Yoast SEO plugin v27.2 - https:\/\/yoast.com\/product\/yoast-seo-wordpress\/ -->\n<title>Special Marketing - UCM.ONE<\/title>\n<meta name=\"description\" content=\"Die Kombination eines Produkts mit emotionalen audiovisuellen Elementen ist das perfekte Marketinginstrument, das dazu beitr\u00e4gt, einen Kaufanreiz und eine bessere Produkt- oder Corporate-Design-Identit\u00e4t zu schaffen. Zum Beispiel die Verbindung eines Getr\u00e4nks oder einem Restaurant mit einer passenden Musik-CD.\" \/>\n<meta name=\"robots\" content=\"index, follow, max-snippet:-1, max-image-preview:large, max-video-preview:-1\" \/>\n<link rel=\"canonical\" href=\"https:\/\/ucm.one\/de\/rechtemanagement\/special-marketing\/\" \/>\n<meta property=\"og:locale\" content=\"de_DE\" \/>\n<meta property=\"og:type\" content=\"article\" \/>\n<meta property=\"og:title\" content=\"Special Marketing - UCM.ONE\" \/>\n<meta property=\"og:description\" content=\"Die Kombination eines Produkts mit emotionalen audiovisuellen Elementen ist das perfekte Marketinginstrument, das dazu beitr\u00e4gt, einen Kaufanreiz und eine bessere Produkt- oder Corporate-Design-Identit\u00e4t zu schaffen. Zum Beispiel die Verbindung eines Getr\u00e4nks oder einem Restaurant mit einer passenden Musik-CD.\" \/>\n<meta property=\"og:url\" content=\"https:\/\/ucm.one\/de\/rechtemanagement\/special-marketing\/\" \/>\n<meta property=\"og:site_name\" content=\"UCM.ONE\" \/>\n<meta property=\"article:modified_time\" content=\"2023-04-02T17:04:53+00:00\" \/>\n<meta property=\"og:image\" content=\"https:\/\/ucm.one\/wp-content\/uploads\/2020\/06\/ucm-becks-gold-tour-2.jpg\" \/>\n<meta name=\"twitter:card\" content=\"summary_large_image\" \/>\n<meta name=\"twitter:label1\" content=\"Gesch\u00e4tzte Lesezeit\" \/>\n\t<meta name=\"twitter:data1\" content=\"7\u00a0Minuten\" \/>\n<!-- \/ Yoast SEO plugin. -->","yoast_head_json":{"title":"Special Marketing - UCM.ONE","description":"Die Kombination eines Produkts mit emotionalen audiovisuellen Elementen ist das perfekte Marketinginstrument, das dazu beitr\u00e4gt, einen Kaufanreiz und eine bessere Produkt- oder Corporate-Design-Identit\u00e4t zu schaffen. Zum Beispiel die Verbindung eines Getr\u00e4nks oder einem Restaurant mit einer passenden Musik-CD.","robots":{"index":"index","follow":"follow","max-snippet":"max-snippet:-1","max-image-preview":"max-image-preview:large","max-video-preview":"max-video-preview:-1"},"canonical":"https:\/\/ucm.one\/de\/rechtemanagement\/special-marketing\/","og_locale":"de_DE","og_type":"article","og_title":"Special Marketing - UCM.ONE","og_description":"Die Kombination eines Produkts mit emotionalen audiovisuellen Elementen ist das perfekte Marketinginstrument, das dazu beitr\u00e4gt, einen Kaufanreiz und eine bessere Produkt- oder Corporate-Design-Identit\u00e4t zu schaffen. Zum Beispiel die Verbindung eines Getr\u00e4nks oder einem Restaurant mit einer passenden Musik-CD.","og_url":"https:\/\/ucm.one\/de\/rechtemanagement\/special-marketing\/","og_site_name":"UCM.ONE","article_modified_time":"2023-04-02T17:04:53+00:00","og_image":[{"url":"https:\/\/ucm.one\/wp-content\/uploads\/2020\/06\/ucm-becks-gold-tour-2.jpg","type":"","width":"","height":""}],"twitter_card":"summary_large_image","twitter_misc":{"Gesch\u00e4tzte Lesezeit":"7\u00a0Minuten"},"schema":{"@context":"https:\/\/schema.org","@graph":[{"@type":"WebPage","@id":"https:\/\/ucm.one\/de\/rechtemanagement\/special-marketing\/","url":"https:\/\/ucm.one\/de\/rechtemanagement\/special-marketing\/","name":"Special Marketing - UCM.ONE","isPartOf":{"@id":"https:\/\/ucm.one\/de\/#website"},"primaryImageOfPage":{"@id":"https:\/\/ucm.one\/de\/rechtemanagement\/special-marketing\/#primaryimage"},"image":{"@id":"https:\/\/ucm.one\/de\/rechtemanagement\/special-marketing\/#primaryimage"},"thumbnailUrl":"https:\/\/ucm.one\/wp-content\/uploads\/2020\/06\/ucm-becks-gold-tour-2.jpg","datePublished":"2018-02-07T09:28:03+00:00","dateModified":"2023-04-02T17:04:53+00:00","description":"Die Kombination eines Produkts mit emotionalen audiovisuellen Elementen ist das perfekte Marketinginstrument, das dazu beitr\u00e4gt, einen Kaufanreiz und eine bessere Produkt- oder Corporate-Design-Identit\u00e4t zu schaffen. Zum Beispiel die Verbindung eines Getr\u00e4nks oder einem Restaurant mit einer passenden Musik-CD.","breadcrumb":{"@id":"https:\/\/ucm.one\/de\/rechtemanagement\/special-marketing\/#breadcrumb"},"inLanguage":"de","potentialAction":[{"@type":"ReadAction","target":["https:\/\/ucm.one\/de\/rechtemanagement\/special-marketing\/"]}]},{"@type":"ImageObject","inLanguage":"de","@id":"https:\/\/ucm.one\/de\/rechtemanagement\/special-marketing\/#primaryimage","url":"https:\/\/ucm.one\/wp-content\/uploads\/2020\/06\/ucm-becks-gold-tour-2.jpg","contentUrl":"https:\/\/ucm.one\/wp-content\/uploads\/2020\/06\/ucm-becks-gold-tour-2.jpg"},{"@type":"BreadcrumbList","@id":"https:\/\/ucm.one\/de\/rechtemanagement\/special-marketing\/#breadcrumb","itemListElement":[{"@type":"ListItem","position":1,"name":"Home","item":"https:\/\/ucm.one\/de\/"},{"@type":"ListItem","position":2,"name":"Rechtemanagement","item":"https:\/\/ucm.one\/de\/rechtemanagement\/"},{"@type":"ListItem","position":3,"name":"Special Marketing"}]},{"@type":"WebSite","@id":"https:\/\/ucm.one\/de\/#website","url":"https:\/\/ucm.one\/de\/","name":"UCM.ONE","description":"","publisher":{"@id":"https:\/\/ucm.one\/de\/#organization"},"potentialAction":[{"@type":"SearchAction","target":{"@type":"EntryPoint","urlTemplate":"https:\/\/ucm.one\/de\/?s={search_term_string}"},"query-input":{"@type":"PropertyValueSpecification","valueRequired":true,"valueName":"search_term_string"}}],"inLanguage":"de"},{"@type":"Organization","@id":"https:\/\/ucm.one\/de\/#organization","name":"UCM.ONE","url":"https:\/\/ucm.one\/de\/","logo":{"@type":"ImageObject","inLanguage":"de","@id":"https:\/\/ucm.one\/de\/#\/schema\/logo\/image\/","url":"https:\/\/ucm.one\/wp-content\/uploads\/2019\/10\/UCM.ONE-Logo-RGB.svg","contentUrl":"https:\/\/ucm.one\/wp-content\/uploads\/2019\/10\/UCM.ONE-Logo-RGB.svg","width":1,"height":1,"caption":"UCM.ONE"},"image":{"@id":"https:\/\/ucm.one\/de\/#\/schema\/logo\/image\/"}}]}},"_links":{"self":[{"href":"https:\/\/ucm.one\/de\/wp-json\/wp\/v2\/pages\/42","targetHints":{"allow":["GET"]}}],"collection":[{"href":"https:\/\/ucm.one\/de\/wp-json\/wp\/v2\/pages"}],"about":[{"href":"https:\/\/ucm.one\/de\/wp-json\/wp\/v2\/types\/page"}],"author":[{"embeddable":true,"href":"https:\/\/ucm.one\/de\/wp-json\/wp\/v2\/users\/1"}],"replies":[{"embeddable":true,"href":"https:\/\/ucm.one\/de\/wp-json\/wp\/v2\/comments?post=42"}],"version-history":[{"count":0,"href":"https:\/\/ucm.one\/de\/wp-json\/wp\/v2\/pages\/42\/revisions"}],"up":[{"embeddable":true,"href":"https:\/\/ucm.one\/de\/wp-json\/wp\/v2\/pages\/32"}],"wp:attachment":[{"href":"https:\/\/ucm.one\/de\/wp-json\/wp\/v2\/media?parent=42"}],"curies":[{"name":"wp","href":"https:\/\/api.w.org\/{rel}","templated":true}]}}