{"id":40,"date":"2018-02-07T09:27:41","date_gmt":"2018-02-07T09:27:41","guid":{"rendered":"https:\/\/ucm.one\/?page_id=40"},"modified":"2023-08-10T23:28:18","modified_gmt":"2023-08-10T23:28:18","slug":"verlagsrechte","status":"publish","type":"page","link":"https:\/\/ucm.one\/de\/rechtemanagement\/verlagsrechte\/","title":{"rendered":"Verlagsrechte"},"content":{"rendered":"<div class=\"wpb-content-wrapper\"><p>[vc_row][vc_column][vc_column_text]<\/p>\n<h1>Verlagsrechte<\/h1>\n<p>[\/vc_column_text][\/vc_column][\/vc_row][vc_row][vc_column][vc_column_text]In unserem Netzwerk ist die Schwesterfirma <strong><span style=\"font-family: 'arial black', sans-serif; color: #800000;\">UCP.ONE<\/span><\/strong> f\u00fcr die Verlagsrechte (Urheberrechte) verantwortlich. <strong><span style=\"font-family: 'arial black', sans-serif; color: #800000;\">UCP.ONE<\/span><\/strong> repr\u00e4sentiert ein internationales Repertoire mit mehr als 6.000 Titel von Autoren, S\u00e4ngern und Songwritern. Die Dienstleistungen von <strong><span style=\"font-family: 'arial black', sans-serif; color: #800000;\">UCP.ONE<\/span><\/strong> und seinen Partnern f\u00fcr K\u00fcnstler:innen und Autor:innen sind vielf\u00e4ltig und k\u00f6nnten umfassen: Kreatives Marketing \/ A&amp;R (Platzierung von Songs in Film, Fernsehen, Werbung, Videospiele, digitale Distribution, Marketing f\u00fcr Texter:innen, Autor:innen und Komponist:innen), Songwriter-Entwicklung (Talententwicklung; Vermittlung von Co-Writer:innen und anderen Werbeaktivit\u00e4ten), Copyright Administration (weltweite Registrierung von Songs, Tracking und Sammlung von Lizenzgeb\u00fchren, Zahlungen von Songwriter:innen und dem Audit von Lizenznehmern), Lizenzierung (Aushandeln von Lizenzgeb\u00fchren und -bedingungen, Ausf\u00fchrung von Papierkram und Unterst\u00fctzung bei der Erlangung anderer erforderlicher Freigaben) und Vorsch\u00fcsse \/ Akquise (Bereitstellung von Vorsch\u00fcssen f\u00fcr Songwriter:innen, Unterzeichnung von Songwriter:innen zu Exklusivvereinbarungen und Erwerb von Backkatalogen f\u00fcr zuk\u00fcnftiges Vermarkten).[\/vc_column_text][\/vc_column][\/vc_row][vc_row][vc_column][vc_column_text]<\/p>\n<h4>Einige Ver\u00f6ffentlichungen mit Kompositionen, die von <strong><span style=\"font-family: 'arial black', sans-serif; color: #800000;\">UCP.ONE<\/span><\/strong> vertreten werden:<\/h4>\n<p><img decoding=\"async\" class=\"alignnone wp-image-10490 size-full\" src=\"https:\/\/ucm.one\/wp-content\/uploads\/2018\/02\/ucp-20151.jpg\" alt=\"\" width=\"1200\" height=\"191\" srcset=\"https:\/\/ucm.one\/wp-content\/uploads\/2018\/02\/ucp-20151.jpg 1200w, https:\/\/ucm.one\/wp-content\/uploads\/2018\/02\/ucp-20151-300x48.jpg 300w, https:\/\/ucm.one\/wp-content\/uploads\/2018\/02\/ucp-20151-600x96.jpg 600w, https:\/\/ucm.one\/wp-content\/uploads\/2018\/02\/ucp-20151-768x122.jpg 768w, https:\/\/ucm.one\/wp-content\/uploads\/2018\/02\/ucp-20151-1024x163.jpg 1024w\" sizes=\"(max-width: 1200px) 100vw, 1200px\" \/>[\/vc_column_text][\/vc_column][\/vc_row][vc_row][vc_column][vc_column_text]Heutzutage ist die Nachfrage nach Musik aufgrund der wachsenden Zahl von Fernseh- und Radiosendungen, Werbespots, Live-Auftritten, Videospielen und Online- \/ Mobilplattformen gr\u00f6\u00dfer denn je. K\u00fcnstler:innen, Songwriter:innen und Inhaber:innen von Rechten k\u00f6nnen zus\u00e4tzliches Engagement und h\u00f6here Einnahmen generieren, wenn sie sich auf kompetente Unterst\u00fctzung bei der Verwaltung ihrer Musikrechte verlassen. Zusammen mit Partnern wie <strong>EMI Music Publishing <\/strong>(<strong>Sony Music Publishing<\/strong>), <strong>BMG Rights Management<\/strong> und <strong>Schubert Music Publishing<\/strong>\u00a0sowie einem internationalen Netzwerk kann die <strong><span style=\"font-family: 'arial black', sans-serif; color: #800000;\">UCP.ONE<\/span><\/strong> mit unserem individuellen Service die L\u00fccke zwischen unseren Kund:innen, den K\u00fcnstler:innen und professionellen Musiknutzer:innen in Medien und Werbung schlie\u00dfen.[\/vc_column_text][vc_separator color=&#8220;custom&#8220; accent_color=&#8220;#1756b5&#8243;][\/vc_column][\/vc_row][vc_row css=&#8220;.vc_custom_1518458873891{margin-top: 65px !important;}&#8220;][vc_column width=&#8220;1\/4&#8243;][vc_btn title=&#8220;\u00dcbersicht&#8220; style=&#8220;flat&#8220; size=&#8220;lg&#8220; align=&#8220;center&#8220; i_icon_fontawesome=&#8220;fas fa-home&#8220; button_block=&#8220;true&#8220; add_icon=&#8220;true&#8220; link=&#8220;url:%2Fde%2F|title:%C3%9Cbersicht||&#8220;][\/vc_column][vc_column width=&#8220;1\/4&#8243;][vc_btn title=&#8220;Musik&#8220; style=&#8220;flat&#8220; size=&#8220;lg&#8220; align=&#8220;center&#8220; i_icon_fontawesome=&#8220;fas fa-music&#8220; button_block=&#8220;true&#8220; add_icon=&#8220;true&#8220; link=&#8220;url:https%3A%2F%2Fucm.one%2Fde%2Fmusik-labels%2F|title:Musik%20Labels&#8220;][\/vc_column][vc_column width=&#8220;1\/4&#8243;][vc_btn title=&#8220;Filme&#8220; style=&#8220;flat&#8220; size=&#8220;lg&#8220; align=&#8220;center&#8220; i_icon_fontawesome=&#8220;fas fa-film&#8220; button_block=&#8220;true&#8220; add_icon=&#8220;true&#8220; link=&#8220;url:https%3A%2F%2Fucm.one%2Fde%2Ffilm-labels%2F|title:Filme&#8220;][\/vc_column][vc_column width=&#8220;1\/4&#8243;][vc_btn title=&#8220;UCP.ONE&#8220; style=&#8220;flat&#8220; color=&#8220;danger&#8220; size=&#8220;lg&#8220; align=&#8220;center&#8220; i_icon_fontawesome=&#8220;fas fa-external-link-alt&#8220; button_block=&#8220;true&#8220; add_icon=&#8220;true&#8220; link=&#8220;url:http%3A%2F%2Fwww.ucp.one%2Fde%2F|title:UCP.ONE|target:%20_blank|&#8220;][\/vc_column][\/vc_row][vc_row content_placement=&#8220;middle&#8220; bg_type=&#8220;grad&#8220; ult_hide_row=&#8220;ult_hide_row_value&#8220; ult_hide_row_large_screen=&#8220;large_screen&#8220; ult_hide_row_desktop=&#8220;desktop&#8220; css=&#8220;.vc_custom_1518701755537{margin-top: 0px !important;padding-top: -50px !important;}&#8220; bg_grad=&#8220;background: -webkit-gradient(linear, left top, left bottom, color-stop(0%, #E3E3E3), color-stop(0%, #FFFFFF), color-stop(6%, #FFFFFF), color-stop(7%, #FFFFFF), color-stop(50%, #FFFFFF));background: -moz-linear-gradient(top,#E3E3E3 0%,#FFFFFF 0%,#FFFFFF 6%,#FFFFFF 7%,#FFFFFF 50%);background: -webkit-linear-gradient(top,#E3E3E3 0%,#FFFFFF 0%,#FFFFFF 6%,#FFFFFF 7%,#FFFFFF 50%);background: -o-linear-gradient(top,#E3E3E3 0%,#FFFFFF 0%,#FFFFFF 6%,#FFFFFF 7%,#FFFFFF 50%);background: -ms-linear-gradient(top,#E3E3E3 0%,#FFFFFF 0%,#FFFFFF 6%,#FFFFFF 7%,#FFFFFF 50%);background: linear-gradient(top,#E3E3E3 0%,#FFFFFF 0%,#FFFFFF 6%,#FFFFFF 7%,#FFFFFF 50%);&#8220;][vc_column][vc_btn title=&#8220;Kontakt&#8220; style=&#8220;flat&#8220; color=&#8220;juicy-pink&#8220; size=&#8220;lg&#8220; align=&#8220;center&#8220; i_icon_fontawesome=&#8220;far fa-envelope&#8220; button_block=&#8220;true&#8220; add_icon=&#8220;true&#8220; link=&#8220;url:https%3A%2F%2Fucm.one%2Fde%2Ffirma%2Fkontakt%2F|title:Kontakt&#8220;][\/vc_column][\/vc_row]<\/p>\n<\/div>","protected":false},"excerpt":{"rendered":"<p>[vc_row][vc_column][vc_column_text] Verlagsrechte [\/vc_column_text][\/vc_column][\/vc_row][vc_row][vc_column][vc_column_text]In unserem Netzwerk ist die Schwesterfirma UCP.ONE f\u00fcr die Verlagsrechte (Urheberrechte) verantwortlich. UCP.ONE repr\u00e4sentiert ein internationales Repertoire mit mehr als 6.000 Titel von Autoren, S\u00e4ngern und Songwritern. Die Dienstleistungen von UCP.ONE und seinen Partnern f\u00fcr K\u00fcnstler:innen und Autor:innen sind vielf\u00e4ltig und k\u00f6nnten umfassen: Kreatives Marketing \/ A&amp;R (Platzierung von Songs in Film, Fernsehen,&hellip;<\/p>\n","protected":false},"author":1,"featured_media":14072,"parent":32,"menu_order":3,"comment_status":"closed","ping_status":"closed","template":"","meta":{"_acf_changed":false,"footnotes":""},"class_list":["post-40","page","type-page","status-publish","has-post-thumbnail","hentry","description-off"],"acf":[],"yoast_head":"<!-- This site is optimized with the Yoast SEO plugin v27.5 - https:\/\/yoast.com\/product\/yoast-seo-wordpress\/ -->\n<title>Verlagsrechte - UCP.ONE<\/title>\n<meta name=\"description\" content=\"Die UCP.ONE GmbH repr\u00e4sentiert ein internationales Repertoire mit mehr als 6.000 Titel von Autoren, S\u00e4ngern und Songwritern. Neben eigenen Signings beinhaltet der Katalog auch die Titel der fr\u00fcheren Verlage UCM Publishing GmbH und daredo publishing GmbH.\" \/>\n<meta name=\"robots\" content=\"index, follow, max-snippet:-1, max-image-preview:large, max-video-preview:-1\" \/>\n<link rel=\"canonical\" href=\"https:\/\/ucm.one\/de\/rechtemanagement\/verlagsrechte\/\" \/>\n<meta property=\"og:locale\" content=\"de_DE\" \/>\n<meta property=\"og:type\" content=\"article\" \/>\n<meta property=\"og:title\" content=\"Verlagsrechte - UCP.ONE\" \/>\n<meta property=\"og:description\" content=\"Die UCP.ONE GmbH repr\u00e4sentiert ein internationales Repertoire mit mehr als 6.000 Titel von Autoren, S\u00e4ngern und Songwritern. Neben eigenen Signings beinhaltet der Katalog auch die Titel der fr\u00fcheren Verlage UCM Publishing GmbH und daredo publishing GmbH.\" \/>\n<meta property=\"og:url\" content=\"https:\/\/ucm.one\/de\/rechtemanagement\/verlagsrechte\/\" \/>\n<meta property=\"og:site_name\" content=\"UCM.ONE\" \/>\n<meta property=\"article:modified_time\" content=\"2023-08-10T23:28:18+00:00\" \/>\n<meta property=\"og:image\" content=\"https:\/\/ucm.one\/wp-content\/uploads\/2018\/05\/B-Verlag.jpg\" \/>\n\t<meta property=\"og:image:width\" content=\"1920\" \/>\n\t<meta property=\"og:image:height\" content=\"600\" \/>\n\t<meta property=\"og:image:type\" content=\"image\/jpeg\" \/>\n<meta name=\"twitter:card\" content=\"summary_large_image\" \/>\n<meta name=\"twitter:label1\" content=\"Gesch\u00e4tzte Lesezeit\" \/>\n\t<meta name=\"twitter:data1\" content=\"3\u00a0Minuten\" \/>\n<!-- \/ Yoast SEO plugin. -->","yoast_head_json":{"title":"Verlagsrechte - UCP.ONE","description":"Die UCP.ONE GmbH repr\u00e4sentiert ein internationales Repertoire mit mehr als 6.000 Titel von Autoren, S\u00e4ngern und Songwritern. Neben eigenen Signings beinhaltet der Katalog auch die Titel der fr\u00fcheren Verlage UCM Publishing GmbH und daredo publishing GmbH.","robots":{"index":"index","follow":"follow","max-snippet":"max-snippet:-1","max-image-preview":"max-image-preview:large","max-video-preview":"max-video-preview:-1"},"canonical":"https:\/\/ucm.one\/de\/rechtemanagement\/verlagsrechte\/","og_locale":"de_DE","og_type":"article","og_title":"Verlagsrechte - UCP.ONE","og_description":"Die UCP.ONE GmbH repr\u00e4sentiert ein internationales Repertoire mit mehr als 6.000 Titel von Autoren, S\u00e4ngern und Songwritern. Neben eigenen Signings beinhaltet der Katalog auch die Titel der fr\u00fcheren Verlage UCM Publishing GmbH und daredo publishing GmbH.","og_url":"https:\/\/ucm.one\/de\/rechtemanagement\/verlagsrechte\/","og_site_name":"UCM.ONE","article_modified_time":"2023-08-10T23:28:18+00:00","og_image":[{"width":1920,"height":600,"url":"https:\/\/ucm.one\/wp-content\/uploads\/2018\/05\/B-Verlag.jpg","type":"image\/jpeg"}],"twitter_card":"summary_large_image","twitter_misc":{"Gesch\u00e4tzte Lesezeit":"3\u00a0Minuten"},"schema":{"@context":"https:\/\/schema.org","@graph":[{"@type":"WebPage","@id":"https:\/\/ucm.one\/de\/rechtemanagement\/verlagsrechte\/","url":"https:\/\/ucm.one\/de\/rechtemanagement\/verlagsrechte\/","name":"Verlagsrechte - UCP.ONE","isPartOf":{"@id":"https:\/\/ucm.one\/de\/#website"},"primaryImageOfPage":{"@id":"https:\/\/ucm.one\/de\/rechtemanagement\/verlagsrechte\/#primaryimage"},"image":{"@id":"https:\/\/ucm.one\/de\/rechtemanagement\/verlagsrechte\/#primaryimage"},"thumbnailUrl":"https:\/\/ucm.one\/wp-content\/uploads\/2018\/05\/B-Verlag.jpg","datePublished":"2018-02-07T09:27:41+00:00","dateModified":"2023-08-10T23:28:18+00:00","description":"Die UCP.ONE GmbH repr\u00e4sentiert ein internationales Repertoire mit mehr als 6.000 Titel von Autoren, S\u00e4ngern und Songwritern. Neben eigenen Signings beinhaltet der Katalog auch die Titel der fr\u00fcheren Verlage UCM Publishing GmbH und daredo publishing GmbH.","breadcrumb":{"@id":"https:\/\/ucm.one\/de\/rechtemanagement\/verlagsrechte\/#breadcrumb"},"inLanguage":"de","potentialAction":[{"@type":"ReadAction","target":["https:\/\/ucm.one\/de\/rechtemanagement\/verlagsrechte\/"]}]},{"@type":"ImageObject","inLanguage":"de","@id":"https:\/\/ucm.one\/de\/rechtemanagement\/verlagsrechte\/#primaryimage","url":"https:\/\/ucm.one\/wp-content\/uploads\/2018\/05\/B-Verlag.jpg","contentUrl":"https:\/\/ucm.one\/wp-content\/uploads\/2018\/05\/B-Verlag.jpg","width":1920,"height":600},{"@type":"BreadcrumbList","@id":"https:\/\/ucm.one\/de\/rechtemanagement\/verlagsrechte\/#breadcrumb","itemListElement":[{"@type":"ListItem","position":1,"name":"Home","item":"https:\/\/ucm.one\/de\/"},{"@type":"ListItem","position":2,"name":"Rechtemanagement","item":"https:\/\/ucm.one\/de\/rechtemanagement\/"},{"@type":"ListItem","position":3,"name":"Verlagsrechte"}]},{"@type":"WebSite","@id":"https:\/\/ucm.one\/de\/#website","url":"https:\/\/ucm.one\/de\/","name":"UCM.ONE","description":"","publisher":{"@id":"https:\/\/ucm.one\/de\/#organization"},"potentialAction":[{"@type":"SearchAction","target":{"@type":"EntryPoint","urlTemplate":"https:\/\/ucm.one\/de\/?s={search_term_string}"},"query-input":{"@type":"PropertyValueSpecification","valueRequired":true,"valueName":"search_term_string"}}],"inLanguage":"de"},{"@type":"Organization","@id":"https:\/\/ucm.one\/de\/#organization","name":"UCM.ONE","url":"https:\/\/ucm.one\/de\/","logo":{"@type":"ImageObject","inLanguage":"de","@id":"https:\/\/ucm.one\/de\/#\/schema\/logo\/image\/","url":"https:\/\/ucm.one\/wp-content\/uploads\/2019\/10\/UCM.ONE-Logo-RGB.svg","contentUrl":"https:\/\/ucm.one\/wp-content\/uploads\/2019\/10\/UCM.ONE-Logo-RGB.svg","width":1,"height":1,"caption":"UCM.ONE"},"image":{"@id":"https:\/\/ucm.one\/de\/#\/schema\/logo\/image\/"}}]}},"_links":{"self":[{"href":"https:\/\/ucm.one\/de\/wp-json\/wp\/v2\/pages\/40","targetHints":{"allow":["GET"]}}],"collection":[{"href":"https:\/\/ucm.one\/de\/wp-json\/wp\/v2\/pages"}],"about":[{"href":"https:\/\/ucm.one\/de\/wp-json\/wp\/v2\/types\/page"}],"author":[{"embeddable":true,"href":"https:\/\/ucm.one\/de\/wp-json\/wp\/v2\/users\/1"}],"replies":[{"embeddable":true,"href":"https:\/\/ucm.one\/de\/wp-json\/wp\/v2\/comments?post=40"}],"version-history":[{"count":0,"href":"https:\/\/ucm.one\/de\/wp-json\/wp\/v2\/pages\/40\/revisions"}],"up":[{"embeddable":true,"href":"https:\/\/ucm.one\/de\/wp-json\/wp\/v2\/pages\/32"}],"wp:featuredmedia":[{"embeddable":true,"href":"https:\/\/ucm.one\/de\/wp-json\/wp\/v2\/media\/14072"}],"wp:attachment":[{"href":"https:\/\/ucm.one\/de\/wp-json\/wp\/v2\/media?parent=40"}],"curies":[{"name":"wp","href":"https:\/\/api.w.org\/{rel}","templated":true}]}}