{"id":32,"date":"2018-02-07T09:25:30","date_gmt":"2018-02-07T09:25:30","guid":{"rendered":"https:\/\/ucm.one\/?page_id=32"},"modified":"2026-02-16T00:24:36","modified_gmt":"2026-02-16T00:24:36","slug":"rechtemanagement","status":"publish","type":"page","link":"https:\/\/ucm.one\/de\/rechtemanagement\/","title":{"rendered":"Rechtemanagement"},"content":{"rendered":"<div class=\"wpb-content-wrapper\"><p>[vc_row][vc_column][vc_column_text]<\/p>\n<h1>Rechtemanagement<\/h1>\n<p>[\/vc_column_text][vc_column_text]<span style=\"color: #000080;\"><strong><span style=\"font-family: 'arial black', sans-serif;\">UCM.ONE<\/span><\/strong><\/span> vermarktet intermedial Musik-, Film- und Bildrechte. Dabei werden diese nicht nur nebeneinander (multimedial), sondern verzahnt miteinander vermarktet. So k\u00f6nnen Soundtracks zu Filmen, Musikvideos von Filmemacher:innen der von uns vermarkteten Filme und Bilder aus Filmen parallel und untereinander verweisend (z.B. durch gleiches Artwork) kombiniert und platziert und so zus\u00e4tzliche Reichweiten und Sichtbarkeiten erreicht werden. Zudem wird eng mit der Filmproduktionsfirma <strong><span style=\"font-family: 'arial black', sans-serif; color: #008000;\">UCMP\u00a0<\/span><\/strong>mit Sitz in Berlin zusammengearbeitet. Daneben k\u00fcmmern wir uns auch um Verlagsrechte und gezielt um Synchrechte. So k\u00f6nnen Musiktitel, an denen wir bzw. unsere Partnerfirma <span style=\"color: #800000; font-family: 'arial black', sans-serif;\"><strong>UCP.ONE\u00a0<\/strong><\/span>die Rechte vertreten, gezielt in Filme platziert und somit auch von dieser Seite eine verzahnte intermediale Vermarktung erzielt werden.[\/vc_column_text][vc_separator][\/vc_column][\/vc_row][vc_row][vc_column][vc_column_text]<\/p>\n<h2>Musikrechte<\/h2>\n<p>[\/vc_column_text][vc_column_text css=&#8220;&#8220;]Unser Musikkatalog beinhaltet \u00fcber 20.000 Titel (Bandrechte). <span style=\"color: #000080;\"><strong><span style=\"font-family: 'arial black', sans-serif;\">UCM.ONE<\/span><\/strong><\/span> vertritt dadurch auch mehr als 1.000 K\u00fcnstler:innen, Bands und Produzent:innen. Mehrere A&amp;Rs und Produktmanager:innen sind dabei verantwortlich f\u00fcr die Bands und K\u00fcnstler:innen sowie ihren Releases auf den jeweils passenden Labels wie z.B. <strong>Plastic City<\/strong>, <strong>Mole Listening Pearls, Noble Demon, Noom Records<\/strong>\u00a0oder <strong>Harthouse<\/strong>, abh\u00e4ngig vom Stil der Musik. Ob Vinyl, CD, digitaler Download oder Stream \u2013 <span style=\"color: #000080;\"><strong><span style=\"font-family: 'arial black', sans-serif;\">UCM.ONE<\/span><\/strong><\/span> bietet eine Vielzahl sorgf\u00e4ltig ausgew\u00e4hlter K\u00fcnstler:innen und Ver\u00f6ffentlichungen in allen g\u00e4ngigen Medienformaten. Das Team der UCM.ONE bleibt durch den st\u00e4ndigen Dialog mit Musikfans und den K\u00fcnstler:innen auf dem Laufenden. Dieses Feedback ist wiederum von entscheidender Bedeutung f\u00fcr unser Team und die Basis unseres zuk\u00fcnftigen Handels.[\/vc_column_text][vc_column_text]<\/p>\n<h4>Einige Musik-Ver\u00f6ffentlichungen aus den letzten Jahren:<\/h4>\n<p><img decoding=\"async\" class=\"alignnone size-full wp-image-12569\" src=\"https:\/\/ucm.one\/wp-content\/uploads\/2018\/03\/ucm-alben-2018.jpg\" alt=\"\" width=\"2400\" height=\"1190\" srcset=\"https:\/\/ucm.one\/wp-content\/uploads\/2018\/03\/ucm-alben-2018.jpg 2400w, https:\/\/ucm.one\/wp-content\/uploads\/2018\/03\/ucm-alben-2018-300x149.jpg 300w, https:\/\/ucm.one\/wp-content\/uploads\/2018\/03\/ucm-alben-2018-600x298.jpg 600w, https:\/\/ucm.one\/wp-content\/uploads\/2018\/03\/ucm-alben-2018-768x381.jpg 768w, https:\/\/ucm.one\/wp-content\/uploads\/2018\/03\/ucm-alben-2018-1024x508.jpg 1024w\" sizes=\"(max-width: 2400px) 100vw, 2400px\" \/>[\/vc_column_text][vc_separator][\/vc_column][\/vc_row][vc_row][vc_column][vc_column_text]<\/p>\n<h2>Filmrechte<\/h2>\n<p>[\/vc_column_text][vc_column_text]<span style=\"color: #000080;\"><strong><span style=\"font-family: 'arial black', sans-serif;\">UCM.ONE<\/span><\/strong><\/span> ver\u00f6ffentlicht auf den eigenen Filmlabels wie <strong>Darling Berlin<\/strong>, <strong>M-Square Picture<\/strong>,\u00a0<strong>Artkeim\u00b2<\/strong>,\u00a0<strong>B-Spree Pictures<\/strong>,<strong> U1 Films Berlin<\/strong>, <strong>Zeitlose Filmkunst <\/strong>und\u00a0<strong>NONFY Documentaries<\/strong>\u00a0und betreibt einen eigenen Kinoverleih inkl. Buchungen und Abrechnungen. Bislang wurden bei der Vermarktung eines Independent-Films in voller L\u00e4nge meist mehrere Partner f\u00fcr die einzelnen Verwertungsm\u00f6glichkeiten eingebunden, die sich auf ihre jeweiligen Gesch\u00e4ftsfelder konzentrierten (Fernseh\u00fcbertragung, DVD \/ Blu-Ray-Ver\u00f6ffentlichung usw.) die wiederum versuchten, unabh\u00e4ngig voneinander Ergebnisse zu erzielen. Im Gegensatz dazu beh\u00e4lt die <span style=\"color: #000080;\"><strong><span style=\"font-family: 'arial black', sans-serif;\">UCM.ONE<\/span><\/strong><\/span>\u00a0mit festen und eingespielten Strukturen und Partnern m\u00f6glichst die gesamte Wertsch\u00f6pfungskette in ihren H\u00e4nden und kann so alle mit einem Film verbundenen Rechte koordiniert und aufeinander abgestimmt auswerten: Kino, TV-Verk\u00e4ufe, DVD \/ Blu-Ray-Ver\u00f6ffentlichungen, digitale Auswertungen (Streaming und Download), Weltvertrieb, Werbe- und Merchandise-Rechte sowie die M\u00f6glichkeiten, zus\u00e4tzliche Produkte wie Soundtracks, eBooks und H\u00f6rb\u00fccher zu produzieren. Die Kette ist vollst\u00e4ndig und garantiert somit die bestm\u00f6gliche Verwertung mit dem besten Interesse der \u00a0Filmschaffenden. Wir nennen diese Strategie &#8222;<strong>intermediale Vermarktung<\/strong>&#8222;.[\/vc_column_text][vc_column_text]<\/p>\n<h4>Einige bisherige Film-Ver\u00f6ffentlichungen:<\/h4>\n<p><img decoding=\"async\" class=\"alignnone wp-image-12484 size-full\" src=\"https:\/\/ucm.one\/wp-content\/uploads\/2018\/03\/Filme-UCM-18.jpg\" alt=\"\" width=\"2404\" height=\"1686\" srcset=\"https:\/\/ucm.one\/wp-content\/uploads\/2018\/03\/Filme-UCM-18.jpg 2404w, https:\/\/ucm.one\/wp-content\/uploads\/2018\/03\/Filme-UCM-18-300x210.jpg 300w, https:\/\/ucm.one\/wp-content\/uploads\/2018\/03\/Filme-UCM-18-600x421.jpg 600w, https:\/\/ucm.one\/wp-content\/uploads\/2018\/03\/Filme-UCM-18-768x539.jpg 768w, https:\/\/ucm.one\/wp-content\/uploads\/2018\/03\/Filme-UCM-18-1024x718.jpg 1024w\" sizes=\"(max-width: 2404px) 100vw, 2404px\" \/>[\/vc_column_text][vc_column_text]<span style=\"color: #000080;\"><strong><span style=\"font-family: 'arial black', sans-serif;\">UCM.ONE<\/span><\/strong><\/span> \u00a0betreibt neben den Auftritten der eigenen Labels auch weitere Filmkan\u00e4le auf Portalen wie YouTube und Dailymotion, auf denen Filme in voller L\u00e4nge (AVoD-Vermarktung) angesehen werden k\u00f6nnen. Mehr Informationen dar\u00fcber gibt es hier zu lesen: <strong><span style=\"font-family: helvetica, arial, sans-serif;\"><a title=\"CiNENET\" href=\"\/de\/cinenet\/\">CiNENET<\/a><\/span><\/strong>.[\/vc_column_text][vc_separator][\/vc_column][\/vc_row][vc_row][vc_column][vc_column_text]<\/p>\n<h2>Bildrechte<\/h2>\n<p>[\/vc_column_text][vc_column_text]<span style=\"color: #000080;\"><strong><span style=\"font-family: 'arial black', sans-serif;\">UCM.ONE<\/span><\/strong><\/span> verf\u00fcgt in Kooperation mit <span style=\"font-family: arial, helvetica, sans-serif;\"><strong><em>u-connect<\/em><\/strong>\u00a0<\/span>\u00fcber viele\u00a0Rechte an Bildern mit dem Schwerpunkt naturwissenschaftlicher Aufnahmen. In vielen \u00e4lteren und aktuellen Lexika und Schulb\u00fcchern von Verlagen wie\u00a0Klett, Westermann, Duden\u00a0und Cornelsen finden sich Bilder, deren Rechte bei <em><strong>u-connect<\/strong><\/em> liegen und die f\u00fcr die jeweilige Nutzung lizenziert wurden. Seit Anfang 2018 k\u00f6nnen diese Bildrechte f\u00fcr Druck- und Onlinenutzungen auch bei <span style=\"font-family: 'arial black', sans-serif; color: #000080;\"><strong>UCM.ONE<\/strong><\/span> eingeholt werden.[\/vc_column_text][vc_column_text]<\/p>\n<h4>Einige kleine Auswahl der Bilder:<\/h4>\n<p><img decoding=\"async\" class=\"alignnone wp-image-12497 size-full\" src=\"https:\/\/ucm.one\/wp-content\/uploads\/2018\/03\/UC-Bilder-18.jpg\" alt=\"\" width=\"1880\" height=\"374\" srcset=\"https:\/\/ucm.one\/wp-content\/uploads\/2018\/03\/UC-Bilder-18.jpg 1880w, https:\/\/ucm.one\/wp-content\/uploads\/2018\/03\/UC-Bilder-18-300x60.jpg 300w, https:\/\/ucm.one\/wp-content\/uploads\/2018\/03\/UC-Bilder-18-600x119.jpg 600w, https:\/\/ucm.one\/wp-content\/uploads\/2018\/03\/UC-Bilder-18-768x153.jpg 768w, https:\/\/ucm.one\/wp-content\/uploads\/2018\/03\/UC-Bilder-18-1024x204.jpg 1024w\" sizes=\"(max-width: 1880px) 100vw, 1880px\" \/>[\/vc_column_text][vc_separator][\/vc_column][\/vc_row][vc_row][vc_column][vc_column_text]<\/p>\n<h2>Verlagsrechte<\/h2>\n<p>[\/vc_column_text][vc_column_text]In unserem Netzwerk ist die Schwesterfirma <strong><span style=\"font-family: 'arial black', sans-serif; color: #800000;\">UCP.ONE<\/span><\/strong> f\u00fcr die Verlagsrechte (Urheberrechte) verantwortlich. <strong><span style=\"font-family: 'arial black', sans-serif; color: #800000;\">UCP.ONE<\/span><\/strong> repr\u00e4sentiert ein internationales Repertoire mit mehr als 6.000 Titel von Autor:innen, S\u00e4nger:innen und Songwriter:innen. Unsere Dienstleistungen von <strong><span style=\"font-family: 'arial black', sans-serif; color: #800000;\">UCP.ONE<\/span><\/strong> und seinen Partnern f\u00fcr K\u00fcnstler:innen und Autor:innen sind vielf\u00e4ltig und k\u00f6nnten umfassen: Kreatives Marketing \/ A&amp;R (Platzierung von Songs in Film, Fernsehen) Werbung, Videospiele, digitale Distribution; Marketing-Songs f\u00fcr K\u00fcnstler:innen, Produzent:innen und Labels), Songwriter-Entwicklung (Talententwicklung; Vermittlung von Co-Writers und anderen Werbeaktivit\u00e4ten), Copyright Administration (weltweite Registrierung von Songs, Tracking und Sammlung von Lizenzgeb\u00fchren, Zahlungen von Songwriter:innen und dem Audit von Lizenznehmern), Lizenzierung (Aushandeln von Lizenzgeb\u00fchren und -bedingungen, Ausf\u00fchrung von Papierkram und Unterst\u00fctzung bei der Erlangung anderer erforderlicher Freigaben) und Vorsch\u00fcsse \/ Akquise (Bereitstellung von Vorsch\u00fcssen f\u00fcr Songwriter:innen, Unterzeichnung von Songwriter:innen zu Exklusivvereinbarungen und Erwerb von Backkatalogen f\u00fcr zuk\u00fcnftiges Marketing).[\/vc_column_text][vc_column_text]<\/p>\n<h4>Einige Ver\u00f6ffentlichungen mit Autoren, die von <strong><span style=\"font-family: 'arial black', sans-serif; color: #800000;\">UCP.ONE<\/span><\/strong> vertreten werden:<\/h4>\n<p><img decoding=\"async\" class=\"alignnone wp-image-10490\" src=\"https:\/\/ucm.one\/wp-content\/uploads\/2018\/02\/ucp-20151.jpg\" alt=\"\" width=\"1920\" height=\"306\" srcset=\"https:\/\/ucm.one\/wp-content\/uploads\/2018\/02\/ucp-20151.jpg 1200w, https:\/\/ucm.one\/wp-content\/uploads\/2018\/02\/ucp-20151-300x48.jpg 300w, https:\/\/ucm.one\/wp-content\/uploads\/2018\/02\/ucp-20151-600x96.jpg 600w, https:\/\/ucm.one\/wp-content\/uploads\/2018\/02\/ucp-20151-768x122.jpg 768w, https:\/\/ucm.one\/wp-content\/uploads\/2018\/02\/ucp-20151-1024x163.jpg 1024w\" sizes=\"(max-width: 1920px) 100vw, 1920px\" \/>[\/vc_column_text][vc_separator][\/vc_column][\/vc_row][vc_row][vc_column][vc_column_text]<\/p>\n<h2>Special Marketing<\/h2>\n<p>[\/vc_column_text][vc_column_text]Die Kombination eines Produkts mit emotionalen audiovisuellen Elementen ist das perfekte Marketinginstrument, das dazu beitr\u00e4gt, einen Kaufanreiz und eine bessere Produkt- oder Corporate-Design-Identit\u00e4t zu schaffen. Zum Beispiel die Verbindung eines Getr\u00e4nks mit einer Dance-Musik-CD oder einem Restaurant mit einer Entspannungs-CD.\u00a0Mit langj\u00e4hriger Erfahrung in den Bereichen Marketing, Produktplatzierung und Ver\u00f6ffentlichung sowie von Vertrieb kann das Team von <span style=\"font-family: 'arial black', sans-serif; color: #000080;\"><strong>UCM.ONE<\/strong><\/span>\u00a0helfen, das perfekte Produkt f\u00fcr eine Marke oder Unternehmen zu finden. Wir k\u00f6nnen mit einem einfachen Vorgespr\u00e4ch Ihre W\u00fcnsche und Vorstellungen feststellen. Im n\u00e4chsten Schritt wird unser Team Ihnen einige Konzepte vorschlagen. Sobald ein Konzept verabschiedet wurde, beginnt unser internes Produktmanagement mit der Produktion, k\u00fcmmert sich um die Lizenzierung (Musik und Bilder), Verlagsrechte (GEMA, PPL, SENA etc.), Grafikdesign und der Herstellung und liefert das fertige Produkt Produkt am vereinbarten Datum an.[\/vc_column_text][vc_column_text]<\/p>\n<h4>Beispiel eines Special Marketing Produktes:<\/h4>\n<p><img decoding=\"async\" class=\"alignnone size-full wp-image-10506\" src=\"https:\/\/ucm.one\/wp-content\/uploads\/2018\/02\/ucm-atzaro-ibiza1.jpg\" alt=\"\" width=\"1280\" height=\"454\" srcset=\"https:\/\/ucm.one\/wp-content\/uploads\/2018\/02\/ucm-atzaro-ibiza1.jpg 1280w, https:\/\/ucm.one\/wp-content\/uploads\/2018\/02\/ucm-atzaro-ibiza1-300x106.jpg 300w, https:\/\/ucm.one\/wp-content\/uploads\/2018\/02\/ucm-atzaro-ibiza1-600x213.jpg 600w, https:\/\/ucm.one\/wp-content\/uploads\/2018\/02\/ucm-atzaro-ibiza1-768x272.jpg 768w, https:\/\/ucm.one\/wp-content\/uploads\/2018\/02\/ucm-atzaro-ibiza1-1024x363.jpg 1024w\" sizes=\"(max-width: 1280px) 100vw, 1280px\" \/>[\/vc_column_text][vc_separator color=&#8220;blue&#8220;][\/vc_column][\/vc_row][vc_row css=&#8220;.vc_custom_1518458873891{margin-top: 65px !important;}&#8220;][vc_column width=&#8220;1\/4&#8243;][vc_btn title=&#8220;\u00dcbersicht&#8220; style=&#8220;flat&#8220; size=&#8220;lg&#8220; align=&#8220;center&#8220; i_icon_fontawesome=&#8220;fas fa-home&#8220; button_block=&#8220;true&#8220; add_icon=&#8220;true&#8220; link=&#8220;url:https%3A%2F%2Fucm.one%2Fde|title:Film%20Labels&#8220;][\/vc_column][vc_column width=&#8220;1\/4&#8243;][vc_btn title=&#8220;Filme&#8220; style=&#8220;flat&#8220; size=&#8220;lg&#8220; align=&#8220;center&#8220; i_icon_fontawesome=&#8220;fas fa-film&#8220; button_block=&#8220;true&#8220; add_icon=&#8220;true&#8220; link=&#8220;url:https%3A%2F%2Fucm.one%2Fde%2Ffilm-labels%2F|title:Film%20Labels&#8220;][\/vc_column][vc_column width=&#8220;1\/4&#8243;][vc_btn title=&#8220;Musik&#8220; style=&#8220;flat&#8220; size=&#8220;lg&#8220; align=&#8220;center&#8220; i_icon_fontawesome=&#8220;fas fa-music&#8220; button_block=&#8220;true&#8220; add_icon=&#8220;true&#8220; link=&#8220;url:https%3A%2F%2Fucm.one%2Fmusik-labels%2F|title:Musik||&#8220;][\/vc_column][vc_column width=&#8220;1\/4&#8243;][vc_btn title=&#8220;Bilder&#8220; style=&#8220;flat&#8220; size=&#8220;lg&#8220; align=&#8220;center&#8220; i_icon_fontawesome=&#8220;fas fa-image&#8220; button_block=&#8220;true&#8220; add_icon=&#8220;true&#8220; link=&#8220;url:https%3A%2F%2Fucm.one%2Fde%2Frechtemanagement%2Fbildrechte%2F|title:Bilder&#8220;][\/vc_column][\/vc_row][vc_row content_placement=&#8220;middle&#8220; bg_type=&#8220;grad&#8220; ult_hide_row=&#8220;ult_hide_row_value&#8220; ult_hide_row_large_screen=&#8220;large_screen&#8220; ult_hide_row_desktop=&#8220;desktop&#8220; css=&#8220;.vc_custom_1518701755537{margin-top: 0px !important;padding-top: -50px !important;}&#8220; bg_grad=&#8220;background: -webkit-gradient(linear, left top, left bottom, color-stop(0%, #E3E3E3), color-stop(0%, #FFFFFF), color-stop(6%, #FFFFFF), color-stop(7%, #FFFFFF), color-stop(50%, #FFFFFF));background: -moz-linear-gradient(top,#E3E3E3 0%,#FFFFFF 0%,#FFFFFF 6%,#FFFFFF 7%,#FFFFFF 50%);background: -webkit-linear-gradient(top,#E3E3E3 0%,#FFFFFF 0%,#FFFFFF 6%,#FFFFFF 7%,#FFFFFF 50%);background: -o-linear-gradient(top,#E3E3E3 0%,#FFFFFF 0%,#FFFFFF 6%,#FFFFFF 7%,#FFFFFF 50%);background: -ms-linear-gradient(top,#E3E3E3 0%,#FFFFFF 0%,#FFFFFF 6%,#FFFFFF 7%,#FFFFFF 50%);background: linear-gradient(top,#E3E3E3 0%,#FFFFFF 0%,#FFFFFF 6%,#FFFFFF 7%,#FFFFFF 50%);&#8220;][vc_column][vc_btn title=&#8220;Kontakt&#8220; style=&#8220;flat&#8220; color=&#8220;juicy-pink&#8220; size=&#8220;lg&#8220; align=&#8220;center&#8220; i_icon_fontawesome=&#8220;far fa-envelope&#8220; button_block=&#8220;true&#8220; add_icon=&#8220;true&#8220; link=&#8220;url:https%3A%2F%2Fucm.one%2Fde%2Ffirma%2Fkontakt%2F|title:Kontakt&#8220;][\/vc_column][\/vc_row]<\/p>\n<\/div>","protected":false},"excerpt":{"rendered":"<p>[vc_row][vc_column][vc_column_text] Rechtemanagement [\/vc_column_text][vc_column_text]UCM.ONE vermarktet intermedial Musik-, Film- und Bildrechte. Dabei werden diese nicht nur nebeneinander (multimedial), sondern verzahnt miteinander vermarktet. So k\u00f6nnen Soundtracks zu Filmen, Musikvideos von Filmemacher:innen der von uns vermarkteten Filme und Bilder aus Filmen parallel und untereinander verweisend (z.B. durch gleiches Artwork) kombiniert und platziert und so zus\u00e4tzliche Reichweiten und Sichtbarkeiten erreicht&hellip;<\/p>\n","protected":false},"author":1,"featured_media":14080,"parent":0,"menu_order":0,"comment_status":"closed","ping_status":"closed","template":"","meta":{"_acf_changed":false,"footnotes":""},"class_list":["post-32","page","type-page","status-publish","has-post-thumbnail","hentry","description-off"],"acf":[],"yoast_head":"<!-- This site is optimized with the Yoast SEO plugin v27.5 - https:\/\/yoast.com\/product\/yoast-seo-wordpress\/ -->\n<title>Rechtemanagement - UCM.ONE<\/title>\n<meta name=\"description\" content=\"UCM.ONE vermarktet intermedial Musik-, Film- und Bildrechte. Dabei werden diese verzahnt miteinander vermarktet. So k\u00f6nnen Soundtracks zu Filmen, Musikvideos von Filmemachern der von uns vermarkteten Filme und Bilder aus Filmen parallel und untereinander verweisend kombiniert und platziert werden.\" \/>\n<meta name=\"robots\" content=\"index, follow, max-snippet:-1, max-image-preview:large, max-video-preview:-1\" \/>\n<link rel=\"canonical\" href=\"https:\/\/ucm.one\/de\/rechtemanagement\/\" \/>\n<meta property=\"og:locale\" content=\"de_DE\" \/>\n<meta property=\"og:type\" content=\"article\" \/>\n<meta property=\"og:title\" content=\"Rechtemanagement - UCM.ONE\" \/>\n<meta property=\"og:description\" content=\"UCM.ONE vermarktet intermedial Musik-, Film- und Bildrechte. Dabei werden diese verzahnt miteinander vermarktet. So k\u00f6nnen Soundtracks zu Filmen, Musikvideos von Filmemachern der von uns vermarkteten Filme und Bilder aus Filmen parallel und untereinander verweisend kombiniert und platziert werden.\" \/>\n<meta property=\"og:url\" content=\"https:\/\/ucm.one\/de\/rechtemanagement\/\" \/>\n<meta property=\"og:site_name\" content=\"UCM.ONE\" \/>\n<meta property=\"article:modified_time\" content=\"2026-02-16T00:24:36+00:00\" \/>\n<meta property=\"og:image\" content=\"https:\/\/ucm.one\/wp-content\/uploads\/2018\/05\/B-Rechtemanagement.jpg\" \/>\n\t<meta property=\"og:image:width\" content=\"1920\" \/>\n\t<meta property=\"og:image:height\" content=\"600\" \/>\n\t<meta property=\"og:image:type\" content=\"image\/jpeg\" \/>\n<meta name=\"twitter:card\" content=\"summary_large_image\" \/>\n<meta name=\"twitter:label1\" content=\"Gesch\u00e4tzte Lesezeit\" \/>\n\t<meta name=\"twitter:data1\" content=\"7\u00a0Minuten\" \/>\n<!-- \/ Yoast SEO plugin. -->","yoast_head_json":{"title":"Rechtemanagement - UCM.ONE","description":"UCM.ONE vermarktet intermedial Musik-, Film- und Bildrechte. Dabei werden diese verzahnt miteinander vermarktet. So k\u00f6nnen Soundtracks zu Filmen, Musikvideos von Filmemachern der von uns vermarkteten Filme und Bilder aus Filmen parallel und untereinander verweisend kombiniert und platziert werden.","robots":{"index":"index","follow":"follow","max-snippet":"max-snippet:-1","max-image-preview":"max-image-preview:large","max-video-preview":"max-video-preview:-1"},"canonical":"https:\/\/ucm.one\/de\/rechtemanagement\/","og_locale":"de_DE","og_type":"article","og_title":"Rechtemanagement - UCM.ONE","og_description":"UCM.ONE vermarktet intermedial Musik-, Film- und Bildrechte. Dabei werden diese verzahnt miteinander vermarktet. So k\u00f6nnen Soundtracks zu Filmen, Musikvideos von Filmemachern der von uns vermarkteten Filme und Bilder aus Filmen parallel und untereinander verweisend kombiniert und platziert werden.","og_url":"https:\/\/ucm.one\/de\/rechtemanagement\/","og_site_name":"UCM.ONE","article_modified_time":"2026-02-16T00:24:36+00:00","og_image":[{"width":1920,"height":600,"url":"https:\/\/ucm.one\/wp-content\/uploads\/2018\/05\/B-Rechtemanagement.jpg","type":"image\/jpeg"}],"twitter_card":"summary_large_image","twitter_misc":{"Gesch\u00e4tzte Lesezeit":"7\u00a0Minuten"},"schema":{"@context":"https:\/\/schema.org","@graph":[{"@type":"WebPage","@id":"https:\/\/ucm.one\/de\/rechtemanagement\/","url":"https:\/\/ucm.one\/de\/rechtemanagement\/","name":"Rechtemanagement - UCM.ONE","isPartOf":{"@id":"https:\/\/ucm.one\/de\/#website"},"primaryImageOfPage":{"@id":"https:\/\/ucm.one\/de\/rechtemanagement\/#primaryimage"},"image":{"@id":"https:\/\/ucm.one\/de\/rechtemanagement\/#primaryimage"},"thumbnailUrl":"https:\/\/ucm.one\/wp-content\/uploads\/2018\/05\/B-Rechtemanagement.jpg","datePublished":"2018-02-07T09:25:30+00:00","dateModified":"2026-02-16T00:24:36+00:00","description":"UCM.ONE vermarktet intermedial Musik-, Film- und Bildrechte. Dabei werden diese verzahnt miteinander vermarktet. So k\u00f6nnen Soundtracks zu Filmen, Musikvideos von Filmemachern der von uns vermarkteten Filme und Bilder aus Filmen parallel und untereinander verweisend kombiniert und platziert werden.","breadcrumb":{"@id":"https:\/\/ucm.one\/de\/rechtemanagement\/#breadcrumb"},"inLanguage":"de","potentialAction":[{"@type":"ReadAction","target":["https:\/\/ucm.one\/de\/rechtemanagement\/"]}]},{"@type":"ImageObject","inLanguage":"de","@id":"https:\/\/ucm.one\/de\/rechtemanagement\/#primaryimage","url":"https:\/\/ucm.one\/wp-content\/uploads\/2018\/05\/B-Rechtemanagement.jpg","contentUrl":"https:\/\/ucm.one\/wp-content\/uploads\/2018\/05\/B-Rechtemanagement.jpg","width":1920,"height":600},{"@type":"BreadcrumbList","@id":"https:\/\/ucm.one\/de\/rechtemanagement\/#breadcrumb","itemListElement":[{"@type":"ListItem","position":1,"name":"Home","item":"https:\/\/ucm.one\/de\/"},{"@type":"ListItem","position":2,"name":"Rechtemanagement"}]},{"@type":"WebSite","@id":"https:\/\/ucm.one\/de\/#website","url":"https:\/\/ucm.one\/de\/","name":"UCM.ONE","description":"","publisher":{"@id":"https:\/\/ucm.one\/de\/#organization"},"potentialAction":[{"@type":"SearchAction","target":{"@type":"EntryPoint","urlTemplate":"https:\/\/ucm.one\/de\/?s={search_term_string}"},"query-input":{"@type":"PropertyValueSpecification","valueRequired":true,"valueName":"search_term_string"}}],"inLanguage":"de"},{"@type":"Organization","@id":"https:\/\/ucm.one\/de\/#organization","name":"UCM.ONE","url":"https:\/\/ucm.one\/de\/","logo":{"@type":"ImageObject","inLanguage":"de","@id":"https:\/\/ucm.one\/de\/#\/schema\/logo\/image\/","url":"https:\/\/ucm.one\/wp-content\/uploads\/2019\/10\/UCM.ONE-Logo-RGB.svg","contentUrl":"https:\/\/ucm.one\/wp-content\/uploads\/2019\/10\/UCM.ONE-Logo-RGB.svg","width":1,"height":1,"caption":"UCM.ONE"},"image":{"@id":"https:\/\/ucm.one\/de\/#\/schema\/logo\/image\/"}}]}},"_links":{"self":[{"href":"https:\/\/ucm.one\/de\/wp-json\/wp\/v2\/pages\/32","targetHints":{"allow":["GET"]}}],"collection":[{"href":"https:\/\/ucm.one\/de\/wp-json\/wp\/v2\/pages"}],"about":[{"href":"https:\/\/ucm.one\/de\/wp-json\/wp\/v2\/types\/page"}],"author":[{"embeddable":true,"href":"https:\/\/ucm.one\/de\/wp-json\/wp\/v2\/users\/1"}],"replies":[{"embeddable":true,"href":"https:\/\/ucm.one\/de\/wp-json\/wp\/v2\/comments?post=32"}],"version-history":[{"count":1,"href":"https:\/\/ucm.one\/de\/wp-json\/wp\/v2\/pages\/32\/revisions"}],"predecessor-version":[{"id":415133,"href":"https:\/\/ucm.one\/de\/wp-json\/wp\/v2\/pages\/32\/revisions\/415133"}],"wp:featuredmedia":[{"embeddable":true,"href":"https:\/\/ucm.one\/de\/wp-json\/wp\/v2\/media\/14080"}],"wp:attachment":[{"href":"https:\/\/ucm.one\/de\/wp-json\/wp\/v2\/media?parent=32"}],"curies":[{"name":"wp","href":"https:\/\/api.w.org\/{rel}","templated":true}]}}