{"id":188159,"date":"2025-02-14T02:02:37","date_gmt":"2025-02-14T02:02:37","guid":{"rendered":"https:\/\/ucm.one\/?page_id=188159"},"modified":"2026-03-18T17:16:57","modified_gmt":"2026-03-18T17:16:57","slug":"vertrieb-de","status":"publish","type":"page","link":"https:\/\/ucm.one\/de\/vertrieb-de\/","title":{"rendered":"Vertrieb"},"content":{"rendered":"<div class=\"wpb-content-wrapper\"><p>[vc_row content_placement=&#8220;middle&#8220;][vc_column width=&#8220;1\/4&#8243;][vc_btn title=&#8220;Digitaler Filmvertrieb<br \/>\n(B2B)&#8220; style=&#8220;flat&#8220; color=&#8220;inverse&#8220; size=&#8220;lg&#8220; align=&#8220;center&#8220; i_icon_fontawesome=&#8220;fas fa-film&#8220; css=&#8220;&#8220; button_block=&#8220;true&#8220; add_icon=&#8220;true&#8220; link=&#8220;url:https%3A%2F%2Fucm.one%2Fde%2Ffilmvertrieb|title:Digitaler%20Filmvertrieb&#8220;][\/vc_column][vc_column width=&#8220;1\/4&#8243;][vc_btn title=&#8220;Weltvertrieb f\u00fcr Filme<br \/>\n(B2B)&#8220; style=&#8220;flat&#8220; color=&#8220;inverse&#8220; size=&#8220;lg&#8220; align=&#8220;center&#8220; i_icon_fontawesome=&#8220;fas fa-globe-americas&#8220; css=&#8220;&#8220; button_block=&#8220;true&#8220; add_icon=&#8220;true&#8220; link=&#8220;url:https%3A%2F%2Fucm.one%2Fde%2Fweltvertrieb%2F|title:Weltvertrieb&#8220;][\/vc_column][vc_column width=&#8220;1\/4&#8243;][vc_btn title=&#8220;CiNENET Filmkan\u00e4le<br \/>\n(B2C)&#8220; style=&#8220;flat&#8220; color=&#8220;inverse&#8220; size=&#8220;lg&#8220; align=&#8220;center&#8220; i_icon_fontawesome=&#8220;fas fa-play-circle&#8220; css=&#8220;&#8220; button_block=&#8220;true&#8220; add_icon=&#8220;true&#8220; link=&#8220;url:https%3A%2F%2Fucm.one%2Fde%2Fcinenet%2F|title:CiNENET&#8220;][\/vc_column][vc_column width=&#8220;1\/4&#8243;][vc_btn title=&#8220;DIGITALER MUSIKVERTRIEB<br \/>\n(B2B)<small><i> &#8211; in Vorbereitung<\/i><\/small>&#8220; style=&#8220;flat&#8220; color=&#8220;inverse&#8220; size=&#8220;lg&#8220; align=&#8220;center&#8220; i_icon_fontawesome=&#8220;fas fa-music&#8220; css=&#8220;&#8220; button_block=&#8220;true&#8220; add_icon=&#8220;true&#8220; link=&#8220;url:https%3A%2F%2Fucm.one%2Fde%2Fmusik-labels%2F|title:Musik%20Labels&#8220;][\/vc_column][\/vc_row][vc_row css=&#8220;.vc_custom_1519642005477{margin-top: 50px !important;margin-bottom: 50px !important;}&#8220;][vc_column][vc_column_text css=&#8220;&#8220;]<\/p>\n<h1>Vertrieb<\/h1>\n<p>[\/vc_column_text][vc_column_text css=&#8220;&#8220;]F\u00fcr die Vermarktung von Medieninhalten sind die bestehenden Vertriebsstrukturen entscheidend. W\u00e4hrend <span style=\"font-family: 'arial black', sans-serif;\"><strong>UCM.ONE<\/strong><\/span> im physischen Bereich mit mehreren Partnerfirmen zusammenarbeitet, platziert <strong><span style=\"font-family: 'arial black', sans-serif;\">UCM.ONE<\/span><\/strong> seine Film- und Serienrechte digital schon l\u00e4nger eigenst\u00e4ndig \u00fcber direkte Vertr\u00e4ge. Seit 2024 bietet <span style=\"font-family: 'arial black', sans-serif;\"><strong>UCM.ON<\/strong><strong>E<\/strong> <span style=\"font-family: arial, helvetica, sans-serif;\">d<\/span><\/span>en Digitalen Vertrieb (bzw. die digitale Aggregation) auch f\u00fcr befreundete Firmen und Mitbewerber an.[\/vc_column_text][vc_column_text css=&#8220;&#8220;]Im Musikbereich finden aktuell die Vorbereitungen f\u00fcr eine eigene Vertriebsstruktur statt, wobei schon einige Vertr\u00e4ge mit den wichtigsten Portalen abgeschlossen wurden oder sich gerade in der Verhandlung befinden.[\/vc_column_text][vc_row_inner][vc_column_inner][\/vc_column_inner][\/vc_row_inner][vc_row_inner][vc_column_inner][vc_column_text css=&#8220;.vc_custom_1740040327031{margin-bottom: 15px !important;}&#8220;]<\/p>\n<h6><span style=\"color: #808080; font-size: 8pt;\"><em>Beispiele von Filmen, die \u00fcber <strong><span style=\"font-family: 'arial black', sans-serif;\">UCM.ONE<\/span><\/strong> vertrieben werden:<\/em><\/span><\/h6>\n<p>[\/vc_column_text][vc_media_grid style=&#8220;pagination&#8220; items_per_page=&#8220;4&#8243; element_width=&#8220;3&#8243; gap=&#8220;10&#8243; paging_design=&#8220;none&#8220; autoplay=&#8220;4&#8243; item=&#8220;masonryMedia_Default&#8220; css=&#8220;&#8220; grid_id=&#8220;vc_gid:1773854183954-8b1d1265-9e43-0&#8243; include=&#8220;101697,196963,196947,196959,196945,104731,196955,196941,196961,63943,31955,196937,196943,39935,196967,196939,13263,196971,58205,62993,13259,196965,196949,16808,196953,196969,57186,196957&#8243; paging_animation_in=&#8220;fadeIn&#8220; paging_animation_out=&#8220;fadeOut&#8220;][vc_separator][\/vc_column_inner][\/vc_row_inner][vc_column_text css=&#8220;&#8220;]Sowohl im Film- aus auch im Musikbereich ist es dem Team von <span style=\"font-family: 'arial black', sans-serif;\"><strong>UCM.ONE<\/strong><\/span> vor allem wichtig, die internationalen M\u00e4rkte im Blick zu haben.[\/vc_column_text][vc_separator color=&#8220;blue&#8220;][\/vc_column][\/vc_row][vc_row content_placement=&#8220;middle&#8220;][vc_column width=&#8220;1\/4&#8243;][vc_btn title=&#8220;\u00dcbersicht&#8220; style=&#8220;flat&#8220; size=&#8220;lg&#8220; align=&#8220;center&#8220; i_icon_fontawesome=&#8220;fas fa-home&#8220; button_block=&#8220;true&#8220; add_icon=&#8220;true&#8220; link=&#8220;url:https%3A%2F%2Fucm.one%2Fde|title:%C3%9Cbersicht&#8220;][\/vc_column][vc_column width=&#8220;1\/4&#8243;][vc_btn title=&#8220;Digitaler Filmvertrieb&#8220; style=&#8220;flat&#8220; size=&#8220;lg&#8220; align=&#8220;center&#8220; i_icon_fontawesome=&#8220;fas fa-film&#8220; css=&#8220;&#8220; button_block=&#8220;true&#8220; add_icon=&#8220;true&#8220; link=&#8220;url:%2Fde%2Ffilmvertrieb|title:Digitaler%20Filmvertrieb&#8220;][\/vc_column][vc_column width=&#8220;1\/4&#8243;][vc_btn title=&#8220;Weltvertrieb f\u00fcr Filme&#8220; style=&#8220;flat&#8220; size=&#8220;lg&#8220; align=&#8220;center&#8220; i_icon_fontawesome=&#8220;fas fa-globe-americas&#8220; css=&#8220;&#8220; button_block=&#8220;true&#8220; add_icon=&#8220;true&#8220; link=&#8220;url:https%3A%2F%2Fucm.one%2Fde%2Fweltvertrieb%2F|title:Weltvertrieb&#8220;][\/vc_column][vc_column width=&#8220;1\/4&#8243;][vc_btn title=&#8220;CiNENET Filmkan\u00e4le&#8220; style=&#8220;flat&#8220; size=&#8220;lg&#8220; align=&#8220;center&#8220; i_icon_fontawesome=&#8220;fas fa-play-circle&#8220; css=&#8220;&#8220; button_block=&#8220;true&#8220; add_icon=&#8220;true&#8220; link=&#8220;url:https%3A%2F%2Fucm.one%2Fde%2Fcinenet%2F|title:CiNENET&#8220;][\/vc_column][\/vc_row][vc_row content_placement=&#8220;middle&#8220; bg_type=&#8220;grad&#8220; ult_hide_row=&#8220;ult_hide_row_value&#8220; ult_hide_row_large_screen=&#8220;large_screen&#8220; ult_hide_row_desktop=&#8220;desktop&#8220; css=&#8220;.vc_custom_1518701755537{margin-top: 0px !important;padding-top: -50px !important;}&#8220; bg_grad=&#8220;background: -webkit-gradient(linear, left top, left bottom, color-stop(0%, #E3E3E3), color-stop(0%, #FFFFFF), color-stop(6%, #FFFFFF), color-stop(7%, #FFFFFF), color-stop(50%, #FFFFFF));background: -moz-linear-gradient(top,#E3E3E3 0%,#FFFFFF 0%,#FFFFFF 6%,#FFFFFF 7%,#FFFFFF 50%);background: -webkit-linear-gradient(top,#E3E3E3 0%,#FFFFFF 0%,#FFFFFF 6%,#FFFFFF 7%,#FFFFFF 50%);background: -o-linear-gradient(top,#E3E3E3 0%,#FFFFFF 0%,#FFFFFF 6%,#FFFFFF 7%,#FFFFFF 50%);background: -ms-linear-gradient(top,#E3E3E3 0%,#FFFFFF 0%,#FFFFFF 6%,#FFFFFF 7%,#FFFFFF 50%);background: linear-gradient(top,#E3E3E3 0%,#FFFFFF 0%,#FFFFFF 6%,#FFFFFF 7%,#FFFFFF 50%);&#8220;][vc_column][vc_btn title=&#8220;Kontakt&#8220; style=&#8220;flat&#8220; color=&#8220;juicy-pink&#8220; size=&#8220;lg&#8220; align=&#8220;center&#8220; i_icon_fontawesome=&#8220;far fa-envelope&#8220; button_block=&#8220;true&#8220; add_icon=&#8220;true&#8220; link=&#8220;url:https%3A%2F%2Fucm.one%2Fde%2Ffirma%2Fkontakt%2F|title:Kontakt&#8220;][\/vc_column][\/vc_row]<\/p>\n<\/div>","protected":false},"excerpt":{"rendered":"<p>[vc_row content_placement=&#8220;middle&#8220;][vc_column width=&#8220;1\/4&#8243;][vc_btn title=&#8220;Digitaler Filmvertrieb (B2B)&#8220; style=&#8220;flat&#8220; color=&#8220;inverse&#8220; size=&#8220;lg&#8220; align=&#8220;center&#8220; i_icon_fontawesome=&#8220;fas fa-film&#8220; css=&#8220;&#8220; button_block=&#8220;true&#8220; add_icon=&#8220;true&#8220; link=&#8220;url:https%3A%2F%2Fucm.one%2Fde%2Ffilmvertrieb|title:Digitaler%20Filmvertrieb&#8220;][\/vc_column][vc_column width=&#8220;1\/4&#8243;][vc_btn title=&#8220;Weltvertrieb f\u00fcr Filme (B2B)&#8220; style=&#8220;flat&#8220; color=&#8220;inverse&#8220; size=&#8220;lg&#8220; align=&#8220;center&#8220; i_icon_fontawesome=&#8220;fas fa-globe-americas&#8220; css=&#8220;&#8220; button_block=&#8220;true&#8220; add_icon=&#8220;true&#8220; link=&#8220;url:https%3A%2F%2Fucm.one%2Fde%2Fweltvertrieb%2F|title:Weltvertrieb&#8220;][\/vc_column][vc_column width=&#8220;1\/4&#8243;][vc_btn title=&#8220;CiNENET Filmkan\u00e4le (B2C)&#8220; style=&#8220;flat&#8220; color=&#8220;inverse&#8220; size=&#8220;lg&#8220; align=&#8220;center&#8220; i_icon_fontawesome=&#8220;fas fa-play-circle&#8220; css=&#8220;&#8220; button_block=&#8220;true&#8220; add_icon=&#8220;true&#8220; link=&#8220;url:https%3A%2F%2Fucm.one%2Fde%2Fcinenet%2F|title:CiNENET&#8220;][\/vc_column][vc_column width=&#8220;1\/4&#8243;][vc_btn title=&#8220;DIGITALER MUSIKVERTRIEB (B2B) &#8211; in Vorbereitung&#8220; style=&#8220;flat&#8220; color=&#8220;inverse&#8220; size=&#8220;lg&#8220;&hellip;<\/p>\n","protected":false},"author":2,"featured_media":59834,"parent":0,"menu_order":0,"comment_status":"closed","ping_status":"closed","template":"","meta":{"_acf_changed":false,"footnotes":""},"class_list":["post-188159","page","type-page","status-publish","has-post-thumbnail","hentry","description-off"],"acf":[],"yoast_head":"<!-- This site is optimized with the Yoast SEO plugin v27.5 - https:\/\/yoast.com\/product\/yoast-seo-wordpress\/ -->\n<title>Digitaler Vertrieb - Aggregator<\/title>\n<meta name=\"description\" content=\"Seit 2024 bietet UCM.ONE den Digitalen Vertrieb (bzw. die digitale Aggregation) auch f\u00fcr befreundete Firmen und Mitbewerber an.\" \/>\n<meta name=\"robots\" content=\"index, follow, max-snippet:-1, max-image-preview:large, max-video-preview:-1\" \/>\n<link rel=\"canonical\" href=\"https:\/\/ucm.one\/de\/vertrieb-de\/\" \/>\n<meta property=\"og:locale\" content=\"de_DE\" \/>\n<meta property=\"og:type\" content=\"article\" \/>\n<meta property=\"og:title\" content=\"Digitaler Vertrieb - Aggregator\" \/>\n<meta property=\"og:description\" content=\"Seit 2024 bietet UCM.ONE den Digitalen Vertrieb (bzw. die digitale Aggregation) auch f\u00fcr befreundete Firmen und Mitbewerber an.\" \/>\n<meta property=\"og:url\" content=\"https:\/\/ucm.one\/de\/vertrieb-de\/\" \/>\n<meta property=\"og:site_name\" content=\"UCM.ONE\" \/>\n<meta property=\"article:modified_time\" content=\"2026-03-18T17:16:57+00:00\" \/>\n<meta property=\"og:image\" content=\"https:\/\/ucm.one\/wp-content\/uploads\/2021\/12\/Django_EinSargEinVollBlut_Banner19.jpg\" \/>\n\t<meta property=\"og:image:width\" content=\"1920\" \/>\n\t<meta property=\"og:image:height\" content=\"600\" \/>\n\t<meta property=\"og:image:type\" content=\"image\/jpeg\" \/>\n<meta name=\"twitter:card\" content=\"summary_large_image\" \/>\n<meta name=\"twitter:title\" content=\"Digitaler Vertrieb - Aggregator\" \/>\n<meta name=\"twitter:description\" content=\"Seit 2024 bietet UCM.ONE den Digitalen Vertrieb (bzw. die digitale Aggregation) auch f\u00fcr befreundete Firmen und Mitbewerber an.\" \/>\n<meta name=\"twitter:label1\" content=\"Gesch\u00e4tzte Lesezeit\" \/>\n\t<meta name=\"twitter:data1\" content=\"2\u00a0Minuten\" \/>\n<!-- \/ Yoast SEO plugin. -->","yoast_head_json":{"title":"Digitaler Vertrieb - Aggregator","description":"Seit 2024 bietet UCM.ONE den Digitalen Vertrieb (bzw. die digitale Aggregation) auch f\u00fcr befreundete Firmen und Mitbewerber an.","robots":{"index":"index","follow":"follow","max-snippet":"max-snippet:-1","max-image-preview":"max-image-preview:large","max-video-preview":"max-video-preview:-1"},"canonical":"https:\/\/ucm.one\/de\/vertrieb-de\/","og_locale":"de_DE","og_type":"article","og_title":"Digitaler Vertrieb - Aggregator","og_description":"Seit 2024 bietet UCM.ONE den Digitalen Vertrieb (bzw. die digitale Aggregation) auch f\u00fcr befreundete Firmen und Mitbewerber an.","og_url":"https:\/\/ucm.one\/de\/vertrieb-de\/","og_site_name":"UCM.ONE","article_modified_time":"2026-03-18T17:16:57+00:00","og_image":[{"width":1920,"height":600,"url":"https:\/\/ucm.one\/wp-content\/uploads\/2021\/12\/Django_EinSargEinVollBlut_Banner19.jpg","type":"image\/jpeg"}],"twitter_card":"summary_large_image","twitter_title":"Digitaler Vertrieb - Aggregator","twitter_description":"Seit 2024 bietet UCM.ONE den Digitalen Vertrieb (bzw. die digitale Aggregation) auch f\u00fcr befreundete Firmen und Mitbewerber an.","twitter_misc":{"Gesch\u00e4tzte Lesezeit":"2\u00a0Minuten"},"schema":{"@context":"https:\/\/schema.org","@graph":[{"@type":"WebPage","@id":"https:\/\/ucm.one\/de\/vertrieb-de\/","url":"https:\/\/ucm.one\/de\/vertrieb-de\/","name":"Digitaler Vertrieb - Aggregator","isPartOf":{"@id":"https:\/\/ucm.one\/de\/#website"},"primaryImageOfPage":{"@id":"https:\/\/ucm.one\/de\/vertrieb-de\/#primaryimage"},"image":{"@id":"https:\/\/ucm.one\/de\/vertrieb-de\/#primaryimage"},"thumbnailUrl":"https:\/\/ucm.one\/wp-content\/uploads\/2021\/12\/Django_EinSargEinVollBlut_Banner19.jpg","datePublished":"2025-02-14T02:02:37+00:00","dateModified":"2026-03-18T17:16:57+00:00","description":"Seit 2024 bietet UCM.ONE den Digitalen Vertrieb (bzw. die digitale Aggregation) auch f\u00fcr befreundete Firmen und Mitbewerber an.","breadcrumb":{"@id":"https:\/\/ucm.one\/de\/vertrieb-de\/#breadcrumb"},"inLanguage":"de","potentialAction":[{"@type":"ReadAction","target":["https:\/\/ucm.one\/de\/vertrieb-de\/"]}]},{"@type":"ImageObject","inLanguage":"de","@id":"https:\/\/ucm.one\/de\/vertrieb-de\/#primaryimage","url":"https:\/\/ucm.one\/wp-content\/uploads\/2021\/12\/Django_EinSargEinVollBlut_Banner19.jpg","contentUrl":"https:\/\/ucm.one\/wp-content\/uploads\/2021\/12\/Django_EinSargEinVollBlut_Banner19.jpg","width":1920,"height":600},{"@type":"BreadcrumbList","@id":"https:\/\/ucm.one\/de\/vertrieb-de\/#breadcrumb","itemListElement":[{"@type":"ListItem","position":1,"name":"Home","item":"https:\/\/ucm.one\/de\/"},{"@type":"ListItem","position":2,"name":"Vertrieb"}]},{"@type":"WebSite","@id":"https:\/\/ucm.one\/de\/#website","url":"https:\/\/ucm.one\/de\/","name":"UCM.ONE","description":"","publisher":{"@id":"https:\/\/ucm.one\/de\/#organization"},"potentialAction":[{"@type":"SearchAction","target":{"@type":"EntryPoint","urlTemplate":"https:\/\/ucm.one\/de\/?s={search_term_string}"},"query-input":{"@type":"PropertyValueSpecification","valueRequired":true,"valueName":"search_term_string"}}],"inLanguage":"de"},{"@type":"Organization","@id":"https:\/\/ucm.one\/de\/#organization","name":"UCM.ONE","url":"https:\/\/ucm.one\/de\/","logo":{"@type":"ImageObject","inLanguage":"de","@id":"https:\/\/ucm.one\/de\/#\/schema\/logo\/image\/","url":"https:\/\/ucm.one\/wp-content\/uploads\/2019\/10\/UCM.ONE-Logo-RGB.svg","contentUrl":"https:\/\/ucm.one\/wp-content\/uploads\/2019\/10\/UCM.ONE-Logo-RGB.svg","width":1,"height":1,"caption":"UCM.ONE"},"image":{"@id":"https:\/\/ucm.one\/de\/#\/schema\/logo\/image\/"}}]}},"_links":{"self":[{"href":"https:\/\/ucm.one\/de\/wp-json\/wp\/v2\/pages\/188159","targetHints":{"allow":["GET"]}}],"collection":[{"href":"https:\/\/ucm.one\/de\/wp-json\/wp\/v2\/pages"}],"about":[{"href":"https:\/\/ucm.one\/de\/wp-json\/wp\/v2\/types\/page"}],"author":[{"embeddable":true,"href":"https:\/\/ucm.one\/de\/wp-json\/wp\/v2\/users\/2"}],"replies":[{"embeddable":true,"href":"https:\/\/ucm.one\/de\/wp-json\/wp\/v2\/comments?post=188159"}],"version-history":[{"count":27,"href":"https:\/\/ucm.one\/de\/wp-json\/wp\/v2\/pages\/188159\/revisions"}],"predecessor-version":[{"id":415657,"href":"https:\/\/ucm.one\/de\/wp-json\/wp\/v2\/pages\/188159\/revisions\/415657"}],"wp:featuredmedia":[{"embeddable":true,"href":"https:\/\/ucm.one\/de\/wp-json\/wp\/v2\/media\/59834"}],"wp:attachment":[{"href":"https:\/\/ucm.one\/de\/wp-json\/wp\/v2\/media?parent=188159"}],"curies":[{"name":"wp","href":"https:\/\/api.w.org\/{rel}","templated":true}]}}