{"id":16,"date":"2018-02-07T09:19:56","date_gmt":"2018-02-07T09:19:56","guid":{"rendered":"https:\/\/ucm.one\/?page_id=16"},"modified":"2025-11-11T08:39:28","modified_gmt":"2025-11-11T08:39:28","slug":"weitere-labels","status":"publish","type":"page","link":"https:\/\/ucm.one\/de\/musik-labels\/weitere-labels\/","title":{"rendered":"weitere Labels"},"content":{"rendered":"<div class=\"wpb-content-wrapper\"><p>[vc_row][vc_column][vc_column_text]<\/p>\n<h1>Weitere Labels<\/h1>\n<p>[\/vc_column_text][vc_column_text]<span style=\"font-family: arial, helvetica, sans-serif;\"><span style=\"font-family: 'arial black', sans-serif;\">UCM.ONE<\/span> <\/span>betreibt diverse Labels, die sich musikalisch und stilistisch unterscheiden und dadurch mit dem Namen f\u00fcr einen speziellen Sound stehen. In der heutigen Vielzahl von Ver\u00f6ffentlichungen kann so sichergestellt werden, dass die Endverbraucher und Musikliebhaber die richtige Orientierung erhalten und &#8222;ihre&#8220; eigenen Musikvorlieben mit dem Namen eines Labels verbinden k\u00f6nnen.<\/p>\n<p>Mehrere A&amp;Rs und Produktmanager sind verantwortlich f\u00fcr die Bands und K\u00fcnstler und ihren Releases auf den jeweils passenden Labels, abh\u00e4ngig vom Stil der Musik. Ob Vinyl, CD, digitaler Download oder Stream \u2013 <span style=\"font-family: 'arial black', sans-serif;\">UCM.ONE<\/span> bietet eine Vielzahl sorgf\u00e4ltig ausgew\u00e4hlter K\u00fcnstler und Ver\u00f6ffentlichungen in allen g\u00e4ngigen Medienformaten. Das Team der UCM.ONE bleibt durch den st\u00e4ndigen Dialog mit Musikfans und den K\u00fcnstlern auf dem Laufenden. Dieses Feedback ist wiederum von entscheidender Bedeutung f\u00fcr unser Team und die Basis unseres zuk\u00fcnftigen Handels.[\/vc_column_text][\/vc_column][\/vc_row][vc_row][vc_column][vc_column_text]<\/p>\n<h3>Folgende Labels werden u.a. von uns betrieben:<\/h3>\n<p>[\/vc_column_text][vc_media_grid element_width=&#8220;2&#8243; gap=&#8220;10&#8243; grid_id=&#8220;vc_gid:1645178896915-aa19d45c-ee1d-8&#8243; include=&#8220;36666,36668,36684,36686,36670,36688,36692,36694,36672,36696,36700,36702,36706,36708,36710,36712,36714,36716,36718,36720,36722,36724,36726,36728,36730,36732,36734,36736,36740,36744,36674,38251,38253,36746,36748,36750,36752,36754,36756,36758,36760,36676,36762,36764,36766,36768,36770,36772&#8243;][vc_separator color=&#8220;blue&#8220;][\/vc_column][\/vc_row][vc_row css=&#8220;.vc_custom_1518458873891{margin-top: 65px !important;}&#8220;][vc_column width=&#8220;1\/4&#8243;][vc_btn title=&#8220;Noble Demon&#8220; style=&#8220;flat&#8220; size=&#8220;lg&#8220; align=&#8220;center&#8220; i_icon_fontawesome=&#8220;fas fa-compact-disc&#8220; button_block=&#8220;true&#8220; add_icon=&#8220;true&#8220; link=&#8220;url:%2Fde%2Fmusik-labels%2Fnoble-demon%2F|title:Noble%20Demon||&#8220;][\/vc_column][vc_column width=&#8220;1\/4&#8243;][vc_btn title=&#8220;Harthouse&#8220; style=&#8220;flat&#8220; size=&#8220;lg&#8220; align=&#8220;center&#8220; i_icon_fontawesome=&#8220;fas fa-compact-disc&#8220; button_block=&#8220;true&#8220; add_icon=&#8220;true&#8220; link=&#8220;url:%2Fde%2Fmusik-labels%2Fharthouse%2F|title:Harthouse||&#8220;][\/vc_column][vc_column width=&#8220;1\/4&#8243;][vc_btn title=&#8220;Plastic City&#8220; style=&#8220;flat&#8220; size=&#8220;lg&#8220; align=&#8220;center&#8220; i_icon_fontawesome=&#8220;fas fa-compact-disc&#8220; button_block=&#8220;true&#8220; add_icon=&#8220;true&#8220; link=&#8220;url:%2Fde%2Fmusik-labels%2Fplastic-city%2F|title:Plastic%20City||&#8220;][\/vc_column][vc_column width=&#8220;1\/4&#8243;][vc_btn title=&#8220;Noom Records&#8220; style=&#8220;flat&#8220; size=&#8220;lg&#8220; align=&#8220;center&#8220; i_icon_fontawesome=&#8220;fas fa-compact-disc&#8220; button_block=&#8220;true&#8220; add_icon=&#8220;true&#8220; link=&#8220;url:%2Fde%2Fmusik-labels%2Fnoom-records|title:Noom%20Records||&#8220;][\/vc_column][\/vc_row][vc_row][vc_column width=&#8220;1\/6&#8243;][\/vc_column][vc_column width=&#8220;1\/3&#8243;][vc_btn title=&#8220;Mole Listening Peatls&#8220; style=&#8220;flat&#8220; size=&#8220;lg&#8220; align=&#8220;center&#8220; i_icon_fontawesome=&#8220;fas fa-compact-disc&#8220; button_block=&#8220;true&#8220; add_icon=&#8220;true&#8220; link=&#8220;url:%2Fde%2Fmusik-labels%2Fmole-listning-pearls|title:Mole%20Listening%20Peatls||&#8220;][\/vc_column][vc_column width=&#8220;1\/3&#8243;][vc_btn title=&#8220;New Normal Recordings&#8220; style=&#8220;flat&#8220; size=&#8220;lg&#8220; align=&#8220;center&#8220; i_icon_fontawesome=&#8220;fas fa-compact-disc&#8220; button_block=&#8220;true&#8220; add_icon=&#8220;true&#8220; link=&#8220;url:%2Fde%2Fmusik-labels%2Fnew-normal-recordings%2F|title:New%20Normal%20Recordings||&#8220;][\/vc_column][vc_column width=&#8220;1\/6&#8243;][\/vc_column][\/vc_row][vc_row content_placement=&#8220;middle&#8220; bg_type=&#8220;grad&#8220; ult_hide_row=&#8220;ult_hide_row_value&#8220; ult_hide_row_large_screen=&#8220;large_screen&#8220; ult_hide_row_desktop=&#8220;desktop&#8220; css=&#8220;.vc_custom_1518701755537{margin-top: 0px !important;padding-top: -50px !important;}&#8220; bg_grad=&#8220;background: -webkit-gradient(linear, left top, left bottom, color-stop(0%, #E3E3E3), color-stop(0%, #FFFFFF), color-stop(6%, #FFFFFF), color-stop(7%, #FFFFFF), color-stop(50%, #FFFFFF));background: -moz-linear-gradient(top,#E3E3E3 0%,#FFFFFF 0%,#FFFFFF 6%,#FFFFFF 7%,#FFFFFF 50%);background: -webkit-linear-gradient(top,#E3E3E3 0%,#FFFFFF 0%,#FFFFFF 6%,#FFFFFF 7%,#FFFFFF 50%);background: -o-linear-gradient(top,#E3E3E3 0%,#FFFFFF 0%,#FFFFFF 6%,#FFFFFF 7%,#FFFFFF 50%);background: -ms-linear-gradient(top,#E3E3E3 0%,#FFFFFF 0%,#FFFFFF 6%,#FFFFFF 7%,#FFFFFF 50%);background: linear-gradient(top,#E3E3E3 0%,#FFFFFF 0%,#FFFFFF 6%,#FFFFFF 7%,#FFFFFF 50%);&#8220;][vc_column][vc_btn title=&#8220;Kontakt&#8220; style=&#8220;flat&#8220; color=&#8220;juicy-pink&#8220; size=&#8220;lg&#8220; align=&#8220;center&#8220; i_icon_fontawesome=&#8220;far fa-envelope&#8220; button_block=&#8220;true&#8220; add_icon=&#8220;true&#8220; link=&#8220;url:https%3A%2F%2Fucm.one%2Ffirma%2Fkontakt%2F|title:Kontakt||&#8220;][\/vc_column][\/vc_row]<\/p>\n<\/div>","protected":false},"excerpt":{"rendered":"<p>[vc_row][vc_column][vc_column_text] Weitere Labels [\/vc_column_text][vc_column_text]UCM.ONE betreibt diverse Labels, die sich musikalisch und stilistisch unterscheiden und dadurch mit dem Namen f\u00fcr einen speziellen Sound stehen. In der heutigen Vielzahl von Ver\u00f6ffentlichungen kann so sichergestellt werden, dass die Endverbraucher und Musikliebhaber die richtige Orientierung erhalten und &#8222;ihre&#8220; eigenen Musikvorlieben mit dem Namen eines Labels verbinden k\u00f6nnen. Mehrere A&amp;Rs&hellip;<\/p>\n","protected":false},"author":1,"featured_media":14073,"parent":6,"menu_order":3,"comment_status":"closed","ping_status":"closed","template":"","meta":{"_acf_changed":false,"footnotes":""},"class_list":["post-16","page","type-page","status-publish","has-post-thumbnail","hentry","description-off"],"acf":[],"yoast_head":"<!-- This site is optimized with the Yoast SEO plugin v27.2 - https:\/\/yoast.com\/product\/yoast-seo-wordpress\/ -->\n<title>weitere Labels - UCM.ONE<\/title>\n<meta name=\"description\" content=\"UCM.ONE betreibt diverse Labels, die sich musikalisch und stilistisch unterscheiden und dadurch mit dem Namen f\u00fcr einen speziellen Sound stehen. Mehrere A&amp;Rs und Produktmanager sind verantwortlich f\u00fcr die Bands und K\u00fcnstler und ihren Releases auf den jeweils passenden Labels, abh\u00e4ngig vom Stil der Musik.\" \/>\n<meta name=\"robots\" content=\"index, follow, max-snippet:-1, max-image-preview:large, max-video-preview:-1\" \/>\n<link rel=\"canonical\" href=\"https:\/\/ucm.one\/de\/musik-labels\/weitere-labels\/\" \/>\n<meta property=\"og:locale\" content=\"de_DE\" \/>\n<meta property=\"og:type\" content=\"article\" \/>\n<meta property=\"og:title\" content=\"weitere Labels - UCM.ONE\" \/>\n<meta property=\"og:description\" content=\"UCM.ONE betreibt diverse Labels, die sich musikalisch und stilistisch unterscheiden und dadurch mit dem Namen f\u00fcr einen speziellen Sound stehen. Mehrere A&amp;Rs und Produktmanager sind verantwortlich f\u00fcr die Bands und K\u00fcnstler und ihren Releases auf den jeweils passenden Labels, abh\u00e4ngig vom Stil der Musik.\" \/>\n<meta property=\"og:url\" content=\"https:\/\/ucm.one\/de\/musik-labels\/weitere-labels\/\" \/>\n<meta property=\"og:site_name\" content=\"UCM.ONE\" \/>\n<meta property=\"article:modified_time\" content=\"2025-11-11T08:39:28+00:00\" \/>\n<meta property=\"og:image\" content=\"https:\/\/ucm.one\/wp-content\/uploads\/2018\/05\/B-Music-2.jpg\" \/>\n\t<meta property=\"og:image:width\" content=\"1920\" \/>\n\t<meta property=\"og:image:height\" content=\"600\" \/>\n\t<meta property=\"og:image:type\" content=\"image\/jpeg\" \/>\n<meta name=\"twitter:card\" content=\"summary_large_image\" \/>\n<meta name=\"twitter:label1\" content=\"Gesch\u00e4tzte Lesezeit\" \/>\n\t<meta name=\"twitter:data1\" content=\"2\u00a0Minuten\" \/>\n<!-- \/ Yoast SEO plugin. -->","yoast_head_json":{"title":"weitere Labels - UCM.ONE","description":"UCM.ONE betreibt diverse Labels, die sich musikalisch und stilistisch unterscheiden und dadurch mit dem Namen f\u00fcr einen speziellen Sound stehen. Mehrere A&Rs und Produktmanager sind verantwortlich f\u00fcr die Bands und K\u00fcnstler und ihren Releases auf den jeweils passenden Labels, abh\u00e4ngig vom Stil der Musik.","robots":{"index":"index","follow":"follow","max-snippet":"max-snippet:-1","max-image-preview":"max-image-preview:large","max-video-preview":"max-video-preview:-1"},"canonical":"https:\/\/ucm.one\/de\/musik-labels\/weitere-labels\/","og_locale":"de_DE","og_type":"article","og_title":"weitere Labels - UCM.ONE","og_description":"UCM.ONE betreibt diverse Labels, die sich musikalisch und stilistisch unterscheiden und dadurch mit dem Namen f\u00fcr einen speziellen Sound stehen. Mehrere A&Rs und Produktmanager sind verantwortlich f\u00fcr die Bands und K\u00fcnstler und ihren Releases auf den jeweils passenden Labels, abh\u00e4ngig vom Stil der Musik.","og_url":"https:\/\/ucm.one\/de\/musik-labels\/weitere-labels\/","og_site_name":"UCM.ONE","article_modified_time":"2025-11-11T08:39:28+00:00","og_image":[{"width":1920,"height":600,"url":"https:\/\/ucm.one\/wp-content\/uploads\/2018\/05\/B-Music-2.jpg","type":"image\/jpeg"}],"twitter_card":"summary_large_image","twitter_misc":{"Gesch\u00e4tzte Lesezeit":"2\u00a0Minuten"},"schema":{"@context":"https:\/\/schema.org","@graph":[{"@type":"WebPage","@id":"https:\/\/ucm.one\/de\/musik-labels\/weitere-labels\/","url":"https:\/\/ucm.one\/de\/musik-labels\/weitere-labels\/","name":"weitere Labels - UCM.ONE","isPartOf":{"@id":"https:\/\/ucm.one\/de\/#website"},"primaryImageOfPage":{"@id":"https:\/\/ucm.one\/de\/musik-labels\/weitere-labels\/#primaryimage"},"image":{"@id":"https:\/\/ucm.one\/de\/musik-labels\/weitere-labels\/#primaryimage"},"thumbnailUrl":"https:\/\/ucm.one\/wp-content\/uploads\/2018\/05\/B-Music-2.jpg","datePublished":"2018-02-07T09:19:56+00:00","dateModified":"2025-11-11T08:39:28+00:00","description":"UCM.ONE betreibt diverse Labels, die sich musikalisch und stilistisch unterscheiden und dadurch mit dem Namen f\u00fcr einen speziellen Sound stehen. Mehrere A&Rs und Produktmanager sind verantwortlich f\u00fcr die Bands und K\u00fcnstler und ihren Releases auf den jeweils passenden Labels, abh\u00e4ngig vom Stil der Musik.","breadcrumb":{"@id":"https:\/\/ucm.one\/de\/musik-labels\/weitere-labels\/#breadcrumb"},"inLanguage":"de","potentialAction":[{"@type":"ReadAction","target":["https:\/\/ucm.one\/de\/musik-labels\/weitere-labels\/"]}]},{"@type":"ImageObject","inLanguage":"de","@id":"https:\/\/ucm.one\/de\/musik-labels\/weitere-labels\/#primaryimage","url":"https:\/\/ucm.one\/wp-content\/uploads\/2018\/05\/B-Music-2.jpg","contentUrl":"https:\/\/ucm.one\/wp-content\/uploads\/2018\/05\/B-Music-2.jpg","width":1920,"height":600},{"@type":"BreadcrumbList","@id":"https:\/\/ucm.one\/de\/musik-labels\/weitere-labels\/#breadcrumb","itemListElement":[{"@type":"ListItem","position":1,"name":"Home","item":"https:\/\/ucm.one\/de\/"},{"@type":"ListItem","position":2,"name":"Musik Labels","item":"https:\/\/ucm.one\/de\/musik-labels\/"},{"@type":"ListItem","position":3,"name":"weitere Labels"}]},{"@type":"WebSite","@id":"https:\/\/ucm.one\/de\/#website","url":"https:\/\/ucm.one\/de\/","name":"UCM.ONE","description":"","publisher":{"@id":"https:\/\/ucm.one\/de\/#organization"},"potentialAction":[{"@type":"SearchAction","target":{"@type":"EntryPoint","urlTemplate":"https:\/\/ucm.one\/de\/?s={search_term_string}"},"query-input":{"@type":"PropertyValueSpecification","valueRequired":true,"valueName":"search_term_string"}}],"inLanguage":"de"},{"@type":"Organization","@id":"https:\/\/ucm.one\/de\/#organization","name":"UCM.ONE","url":"https:\/\/ucm.one\/de\/","logo":{"@type":"ImageObject","inLanguage":"de","@id":"https:\/\/ucm.one\/de\/#\/schema\/logo\/image\/","url":"https:\/\/ucm.one\/wp-content\/uploads\/2019\/10\/UCM.ONE-Logo-RGB.svg","contentUrl":"https:\/\/ucm.one\/wp-content\/uploads\/2019\/10\/UCM.ONE-Logo-RGB.svg","width":1,"height":1,"caption":"UCM.ONE"},"image":{"@id":"https:\/\/ucm.one\/de\/#\/schema\/logo\/image\/"}}]}},"_links":{"self":[{"href":"https:\/\/ucm.one\/de\/wp-json\/wp\/v2\/pages\/16","targetHints":{"allow":["GET"]}}],"collection":[{"href":"https:\/\/ucm.one\/de\/wp-json\/wp\/v2\/pages"}],"about":[{"href":"https:\/\/ucm.one\/de\/wp-json\/wp\/v2\/types\/page"}],"author":[{"embeddable":true,"href":"https:\/\/ucm.one\/de\/wp-json\/wp\/v2\/users\/1"}],"replies":[{"embeddable":true,"href":"https:\/\/ucm.one\/de\/wp-json\/wp\/v2\/comments?post=16"}],"version-history":[{"count":1,"href":"https:\/\/ucm.one\/de\/wp-json\/wp\/v2\/pages\/16\/revisions"}],"predecessor-version":[{"id":412164,"href":"https:\/\/ucm.one\/de\/wp-json\/wp\/v2\/pages\/16\/revisions\/412164"}],"up":[{"embeddable":true,"href":"https:\/\/ucm.one\/de\/wp-json\/wp\/v2\/pages\/6"}],"wp:featuredmedia":[{"embeddable":true,"href":"https:\/\/ucm.one\/de\/wp-json\/wp\/v2\/media\/14073"}],"wp:attachment":[{"href":"https:\/\/ucm.one\/de\/wp-json\/wp\/v2\/media?parent=16"}],"curies":[{"name":"wp","href":"https:\/\/api.w.org\/{rel}","templated":true}]}}