{"id":140,"date":"2018-02-09T08:35:30","date_gmt":"2018-02-09T08:35:30","guid":{"rendered":"https:\/\/ucm.one\/?page_id=140"},"modified":"2023-11-27T12:45:33","modified_gmt":"2023-11-27T12:45:33","slug":"impressum","status":"publish","type":"page","link":"https:\/\/ucm.one\/de\/impressum\/","title":{"rendered":"Impressum"},"content":{"rendered":"<div class=\"wpb-content-wrapper\"><p>[vc_row][vc_column][vc_column_text]<\/p>\n<h2>Impressum<\/h2>\n<p>[\/vc_column_text][vc_column_text]<b><span style=\"font-family: 'arial black', sans-serif;\">UCM.ONE<\/span>\u00a0<\/b>GmbH<\/p>\n<p>Wrangelstra\u00dfe 79<br \/>\n10997 Berlin<\/p>\n<p>Tel: +49 30 286 506 00<br \/>\nFax: +49 30 286 506 01<br \/>\nE-Mail: <a href=\"mailto:berlin@ucm.one\">kontakt@ucm.one<\/a><\/p>\n<p>Gesch\u00e4ftsf\u00fchrer: Joachim Keil<br \/>\nHandelsregister: HRB 193322 B, Amtsgericht Charlottenburg<br \/>\nUmsatzsteuer-Identifikationsnummer: DE 302525515<br \/>\nInhaltlich Verantwortlicher gem\u00e4\u00df \u00a7 55 Abs. 2 RStV: Joachim Keil[\/vc_column_text][\/vc_column][vc_column][\/vc_column][\/vc_row][vc_row][vc_column][vc_column_text]<\/p>\n<h3>Haftungshinweis<\/h3>\n<p>Wir \u00fcbernehmen keine Haftung f\u00fcr die Inhalte externer Links sowie der verlinkten Seiten.<br \/>\nF\u00fcr den Inhalt der verlinkten Seiten sind ausschlie\u00dflich deren Betreiber verantwortlich.[\/vc_column_text][\/vc_column][\/vc_row][vc_row content_placement=&#8220;middle&#8220; bg_type=&#8220;grad&#8220; ult_hide_row=&#8220;ult_hide_row_value&#8220; ult_hide_row_large_screen=&#8220;large_screen&#8220; ult_hide_row_desktop=&#8220;desktop&#8220; css=&#8220;.vc_custom_1518701755537{margin-top: 0px !important;padding-top: -50px !important;}&#8220; bg_grad=&#8220;background: -webkit-gradient(linear, left top, left bottom, color-stop(0%, #E3E3E3), color-stop(0%, #FFFFFF), color-stop(6%, #FFFFFF), color-stop(7%, #FFFFFF), color-stop(50%, #FFFFFF));background: -moz-linear-gradient(top,#E3E3E3 0%,#FFFFFF 0%,#FFFFFF 6%,#FFFFFF 7%,#FFFFFF 50%);background: -webkit-linear-gradient(top,#E3E3E3 0%,#FFFFFF 0%,#FFFFFF 6%,#FFFFFF 7%,#FFFFFF 50%);background: -o-linear-gradient(top,#E3E3E3 0%,#FFFFFF 0%,#FFFFFF 6%,#FFFFFF 7%,#FFFFFF 50%);background: -ms-linear-gradient(top,#E3E3E3 0%,#FFFFFF 0%,#FFFFFF 6%,#FFFFFF 7%,#FFFFFF 50%);background: linear-gradient(top,#E3E3E3 0%,#FFFFFF 0%,#FFFFFF 6%,#FFFFFF 7%,#FFFFFF 50%);&#8220;][vc_column][vc_btn title=&#8220;Kontakt&#8220; style=&#8220;flat&#8220; color=&#8220;primary&#8220; size=&#8220;lg&#8220; align=&#8220;center&#8220; i_icon_fontawesome=&#8220;fa fa-envelope-square&#8220; button_block=&#8220;true&#8220; add_icon=&#8220;true&#8220; link=&#8220;url:https%3A%2F%2Fucm.one%2Ffirma%2Fkontakt%2F|title:Kontakt||&#8220;][\/vc_column][\/vc_row]<\/p>\n<\/div>","protected":false},"excerpt":{"rendered":"<p>[vc_row][vc_column][vc_column_text] Impressum [\/vc_column_text][vc_column_text]UCM.ONE\u00a0GmbH Wrangelstra\u00dfe 79 10997 Berlin Tel: +49 30 286 506 00 Fax: +49 30 286 506 01 E-Mail: kontakt@ucm.one Gesch\u00e4ftsf\u00fchrer: Joachim Keil Handelsregister: HRB 193322 B, Amtsgericht Charlottenburg Umsatzsteuer-Identifikationsnummer: DE 302525515 Inhaltlich Verantwortlicher gem\u00e4\u00df \u00a7 55 Abs. 2 RStV: Joachim Keil[\/vc_column_text][\/vc_column][vc_column][\/vc_column][\/vc_row][vc_row][vc_column][vc_column_text] Haftungshinweis Wir \u00fcbernehmen keine Haftung f\u00fcr die Inhalte externer Links sowie der&hellip;<\/p>\n","protected":false},"author":1,"featured_media":0,"parent":0,"menu_order":0,"comment_status":"closed","ping_status":"closed","template":"","meta":{"_acf_changed":false,"footnotes":""},"class_list":["post-140","page","type-page","status-publish","hentry","description-off"],"acf":[],"yoast_head":"<!-- This site is optimized with the Yoast SEO plugin v27.5 - https:\/\/yoast.com\/product\/yoast-seo-wordpress\/ -->\n<title>Impressum - UCM.ONE<\/title>\n<meta name=\"robots\" content=\"index, follow, max-snippet:-1, max-image-preview:large, max-video-preview:-1\" \/>\n<link rel=\"canonical\" href=\"https:\/\/ucm.one\/de\/impressum\/\" \/>\n<meta property=\"og:locale\" content=\"de_DE\" \/>\n<meta property=\"og:type\" content=\"article\" \/>\n<meta property=\"og:title\" content=\"Impressum - UCM.ONE\" \/>\n<meta property=\"og:description\" content=\"[vc_row][vc_column][vc_column_text] Impressum [\/vc_column_text][vc_column_text]UCM.ONE\u00a0GmbH Wrangelstra\u00dfe 79 10997 Berlin Tel: +49 30 286 506 00 Fax: +49 30 286 506 01 E-Mail: kontakt@ucm.one Gesch\u00e4ftsf\u00fchrer: Joachim Keil Handelsregister: HRB 193322 B, Amtsgericht Charlottenburg Umsatzsteuer-Identifikationsnummer: DE 302525515 Inhaltlich Verantwortlicher gem\u00e4\u00df \u00a7 55 Abs. 2 RStV: Joachim Keil[\/vc_column_text][\/vc_column][vc_column][\/vc_column][\/vc_row][vc_row][vc_column][vc_column_text] Haftungshinweis Wir \u00fcbernehmen keine Haftung f\u00fcr die Inhalte externer Links sowie der&hellip;\" \/>\n<meta property=\"og:url\" content=\"https:\/\/ucm.one\/de\/impressum\/\" \/>\n<meta property=\"og:site_name\" content=\"UCM.ONE\" \/>\n<meta property=\"article:modified_time\" content=\"2023-11-27T12:45:33+00:00\" \/>\n<meta name=\"twitter:card\" content=\"summary_large_image\" \/>\n<meta name=\"twitter:label1\" content=\"Gesch\u00e4tzte Lesezeit\" \/>\n\t<meta name=\"twitter:data1\" content=\"1\u00a0Minute\" \/>\n<!-- \/ Yoast SEO plugin. -->","yoast_head_json":{"title":"Impressum - UCM.ONE","robots":{"index":"index","follow":"follow","max-snippet":"max-snippet:-1","max-image-preview":"max-image-preview:large","max-video-preview":"max-video-preview:-1"},"canonical":"https:\/\/ucm.one\/de\/impressum\/","og_locale":"de_DE","og_type":"article","og_title":"Impressum - UCM.ONE","og_description":"[vc_row][vc_column][vc_column_text] Impressum [\/vc_column_text][vc_column_text]UCM.ONE\u00a0GmbH Wrangelstra\u00dfe 79 10997 Berlin Tel: +49 30 286 506 00 Fax: +49 30 286 506 01 E-Mail: kontakt@ucm.one Gesch\u00e4ftsf\u00fchrer: Joachim Keil Handelsregister: HRB 193322 B, Amtsgericht Charlottenburg Umsatzsteuer-Identifikationsnummer: DE 302525515 Inhaltlich Verantwortlicher gem\u00e4\u00df \u00a7 55 Abs. 2 RStV: Joachim Keil[\/vc_column_text][\/vc_column][vc_column][\/vc_column][\/vc_row][vc_row][vc_column][vc_column_text] Haftungshinweis Wir \u00fcbernehmen keine Haftung f\u00fcr die Inhalte externer Links sowie der&hellip;","og_url":"https:\/\/ucm.one\/de\/impressum\/","og_site_name":"UCM.ONE","article_modified_time":"2023-11-27T12:45:33+00:00","twitter_card":"summary_large_image","twitter_misc":{"Gesch\u00e4tzte Lesezeit":"1\u00a0Minute"},"schema":{"@context":"https:\/\/schema.org","@graph":[{"@type":"WebPage","@id":"https:\/\/ucm.one\/de\/impressum\/","url":"https:\/\/ucm.one\/de\/impressum\/","name":"Impressum - UCM.ONE","isPartOf":{"@id":"https:\/\/ucm.one\/de\/#website"},"datePublished":"2018-02-09T08:35:30+00:00","dateModified":"2023-11-27T12:45:33+00:00","breadcrumb":{"@id":"https:\/\/ucm.one\/de\/impressum\/#breadcrumb"},"inLanguage":"de","potentialAction":[{"@type":"ReadAction","target":["https:\/\/ucm.one\/de\/impressum\/"]}]},{"@type":"BreadcrumbList","@id":"https:\/\/ucm.one\/de\/impressum\/#breadcrumb","itemListElement":[{"@type":"ListItem","position":1,"name":"Home","item":"https:\/\/ucm.one\/de\/"},{"@type":"ListItem","position":2,"name":"Impressum"}]},{"@type":"WebSite","@id":"https:\/\/ucm.one\/de\/#website","url":"https:\/\/ucm.one\/de\/","name":"UCM.ONE","description":"","publisher":{"@id":"https:\/\/ucm.one\/de\/#organization"},"potentialAction":[{"@type":"SearchAction","target":{"@type":"EntryPoint","urlTemplate":"https:\/\/ucm.one\/de\/?s={search_term_string}"},"query-input":{"@type":"PropertyValueSpecification","valueRequired":true,"valueName":"search_term_string"}}],"inLanguage":"de"},{"@type":"Organization","@id":"https:\/\/ucm.one\/de\/#organization","name":"UCM.ONE","url":"https:\/\/ucm.one\/de\/","logo":{"@type":"ImageObject","inLanguage":"de","@id":"https:\/\/ucm.one\/de\/#\/schema\/logo\/image\/","url":"https:\/\/ucm.one\/wp-content\/uploads\/2019\/10\/UCM.ONE-Logo-RGB.svg","contentUrl":"https:\/\/ucm.one\/wp-content\/uploads\/2019\/10\/UCM.ONE-Logo-RGB.svg","width":1,"height":1,"caption":"UCM.ONE"},"image":{"@id":"https:\/\/ucm.one\/de\/#\/schema\/logo\/image\/"}}]}},"_links":{"self":[{"href":"https:\/\/ucm.one\/de\/wp-json\/wp\/v2\/pages\/140","targetHints":{"allow":["GET"]}}],"collection":[{"href":"https:\/\/ucm.one\/de\/wp-json\/wp\/v2\/pages"}],"about":[{"href":"https:\/\/ucm.one\/de\/wp-json\/wp\/v2\/types\/page"}],"author":[{"embeddable":true,"href":"https:\/\/ucm.one\/de\/wp-json\/wp\/v2\/users\/1"}],"replies":[{"embeddable":true,"href":"https:\/\/ucm.one\/de\/wp-json\/wp\/v2\/comments?post=140"}],"version-history":[{"count":0,"href":"https:\/\/ucm.one\/de\/wp-json\/wp\/v2\/pages\/140\/revisions"}],"wp:attachment":[{"href":"https:\/\/ucm.one\/de\/wp-json\/wp\/v2\/media?parent=140"}],"curies":[{"name":"wp","href":"https:\/\/api.w.org\/{rel}","templated":true}]}}